{"id":92293,"date":"2024-07-16T08:35:13","date_gmt":"2024-07-16T08:35:13","guid":{"rendered":"https:\/\/store.evolve-fitness.eu\/?post_type=product&#038;p=92293"},"modified":"2025-09-25T12:46:55","modified_gmt":"2025-09-25T12:46:55","slug":"evolve-olimpinis-sveicariskas-strypas-220-cm","status":"publish","type":"product","link":"https:\/\/store.evolve-fitness.eu\/lt\/produktas\/evolve-olimpinis-sveicariskas-strypas-220-cm\/","title":{"rendered":"&#8222;Evolve&#8221; olimpinis \u0161veicari\u0161kas strypas &#8211; 220 cm"},"content":{"rendered":"","protected":false},"excerpt":{"rendered":"<p>\u012esp\u016bdingo 220 cm ilgio &#8222;Evolve&#8221; olimpinis \u0161veicari\u0161kas strypas yra auk\u0161\u010diausio lygio pasirinkimas tiek fitneso entuziastams, tiek profesionaliems sportininkams. \u0160i tvirta \u0161tanga sveria 26 kg ir atlaiko did\u017eiausi\u0105 454 kg apkrov\u0105, tod\u0117l idealiai tinka sunkiems svoriams kelti ir j\u0117gos treniruot\u0117ms. \u00d830 mm skersmens rankena u\u017etikrina patog\u0173 ir saug\u0173 laikym\u0105, o \u00d851 mm skersmens svorio plok\u0161t\u0117s \u012fvor\u0117 tinka standartin\u0117ms olimpin\u0117ms plok\u0161t\u0117ms. Su 1 met\u0173 garantija \u0161is strypas yra ne tik ilgaam\u017e\u0117 investicija \u012f j\u016bs\u0173 sveikatingumo kelion\u0119, bet ir patikima priemon\u0117 treniruo\u010di\u0173 universalumui ir efektyvumui didinti. &#8222;Evolve&#8221; olimpinis \u0161veicari\u0161kas strypas puikiai tinka \u012fvairiems pratimams atlikti, tod\u0117l j\u012f b\u016btina tur\u0117ti tiems, kurie nori patobulinti savo j\u0117gos treniruo\u010di\u0173 re\u017eim\u0105.<\/p>\n","protected":false},"featured_media":92330,"template":"","meta":{"_acf_changed":false,"inline_featured_image":false},"product_cat":[2405,127,158],"product_tag":[],"class_list":{"0":"post-92293","1":"product","2":"type-product","3":"status-publish","4":"has-post-thumbnail","6":"product_cat-hyrox-gear","7":"product_cat-laisvieji-svarmenys","8":"product_cat-barai-ir-priedai","10":"first","11":"instock","12":"shipping-taxable","13":"purchasable","14":"product-type-simple"},"acf":[],"_links":{"self":[{"href":"https:\/\/store.evolve-fitness.eu\/lt\/wp-json\/wp\/v2\/product\/92293","targetHints":{"allow":["GET"]}}],"collection":[{"href":"https:\/\/store.evolve-fitness.eu\/lt\/wp-json\/wp\/v2\/product"}],"about":[{"href":"https:\/\/store.evolve-fitness.eu\/lt\/wp-json\/wp\/v2\/types\/product"}],"wp:featuredmedia":[{"embeddable":true,"href":"https:\/\/store.evolve-fitness.eu\/lt\/wp-json\/wp\/v2\/media\/92330"}],"wp:attachment":[{"href":"https:\/\/store.evolve-fitness.eu\/lt\/wp-json\/wp\/v2\/media?parent=92293"}],"wp:term":[{"taxonomy":"product_cat","embeddable":true,"href":"https:\/\/store.evolve-fitness.eu\/lt\/wp-json\/wp\/v2\/product_cat?post=92293"},{"taxonomy":"product_tag","embeddable":true,"href":"https:\/\/store.evolve-fitness.eu\/lt\/wp-json\/wp\/v2\/product_tag?post=92293"}],"curies":[{"name":"wp","href":"https:\/\/api.w.org\/{rel}","templated":true}]}}