{"id":92243,"date":"2024-07-16T08:30:35","date_gmt":"2024-07-16T08:30:35","guid":{"rendered":"https:\/\/store.evolve-fitness.eu\/?post_type=product&#038;p=92243"},"modified":"2025-09-25T12:46:47","modified_gmt":"2025-09-25T12:46:47","slug":"evolve-atviras-sesiabriaunis-baras","status":"publish","type":"product","link":"https:\/\/store.evolve-fitness.eu\/lt\/produktas\/evolve-atviras-sesiabriaunis-baras\/","title":{"rendered":"&#8222;Evolve&#8221; atviras \u0161e\u0161iabriaunis baras"},"content":{"rendered":"","protected":false},"excerpt":{"rendered":"<p>I\u0161bandykite pa\u017eangiausi\u0105 &#8222;Evolve Olympic Open Hex Fingerboard&#8221; &#8211; 19 kg ir 50 mm svorio j\u0117gos treniruoklio naujov\u0119 &#8211; dizain\u0105 ir i\u0161skirtin\u012f funkcionalum\u0105. \u0160i unikali \u0161tanga, kurios gaminio kodas EV-OB-HB-215, d\u0117l savo atviros \u0161e\u0161iakamp\u0117s formos, skatinan\u010dios optimal\u0173 svorio paskirstym\u0105 ir naudotojo saugum\u0105, i\u0161 esm\u0117s kei\u010dia tradicin\u012f negyvosios j\u0117gos k\u0117limo pratim\u0105. Idealiai tinka tiek pradedantiesiems, tiek profesionalams, nes EVOLVE olimpin\u0117 atvira \u0161e\u0161iakamp\u0117 \u0161tanga pagerina treniruot\u0119 suma\u017eindama stuburo apkrov\u0105, taip suma\u017eindama traum\u0173 rizik\u0105 ir leisdama intensyviau treniruotis. D\u0117l atviros konstrukcijos lengva \u012feiti ir i\u0161eiti, tod\u0117l naudotojams, ypa\u010d tiems, kurie nori suma\u017einti atgalin\u012f spaudim\u0105, u\u017etikrinama tinkama pad\u0117tis. \u0160i ilgaam\u017e\u0117 \u0161tanga pagaminta i\u0161 auk\u0161tos kokyb\u0117s plieno, tod\u0117l puikiai tinka tiek nam\u0173 sporto sal\u0117ms, tiek profesionaliems sporto centrams. Su 2 met\u0173 garantija ir grie\u017etais kokyb\u0117s standartais, EVOLVE olimpin\u0117 atvira \u0161e\u0161iakamp\u0117 \u0161tanga yra privaloma kiekvienam fitneso entuziastui, siekian\u010diam pagerinti savo treniruo\u010di\u0173 rutin\u0105.<\/p>\n","protected":false},"featured_media":92280,"template":"","meta":{"_acf_changed":false,"inline_featured_image":false},"product_cat":[2405,127,158],"product_tag":[],"class_list":{"0":"post-92243","1":"product","2":"type-product","3":"status-publish","4":"has-post-thumbnail","6":"product_cat-hyrox-gear","7":"product_cat-laisvieji-svarmenys","8":"product_cat-barai-ir-priedai","10":"first","11":"instock","12":"shipping-taxable","13":"purchasable","14":"product-type-simple"},"acf":[],"_links":{"self":[{"href":"https:\/\/store.evolve-fitness.eu\/lt\/wp-json\/wp\/v2\/product\/92243","targetHints":{"allow":["GET"]}}],"collection":[{"href":"https:\/\/store.evolve-fitness.eu\/lt\/wp-json\/wp\/v2\/product"}],"about":[{"href":"https:\/\/store.evolve-fitness.eu\/lt\/wp-json\/wp\/v2\/types\/product"}],"wp:featuredmedia":[{"embeddable":true,"href":"https:\/\/store.evolve-fitness.eu\/lt\/wp-json\/wp\/v2\/media\/92280"}],"wp:attachment":[{"href":"https:\/\/store.evolve-fitness.eu\/lt\/wp-json\/wp\/v2\/media?parent=92243"}],"wp:term":[{"taxonomy":"product_cat","embeddable":true,"href":"https:\/\/store.evolve-fitness.eu\/lt\/wp-json\/wp\/v2\/product_cat?post=92243"},{"taxonomy":"product_tag","embeddable":true,"href":"https:\/\/store.evolve-fitness.eu\/lt\/wp-json\/wp\/v2\/product_tag?post=92243"}],"curies":[{"name":"wp","href":"https:\/\/api.w.org\/{rel}","templated":true}]}}