{"id":92089,"date":"2024-07-15T14:52:30","date_gmt":"2024-07-15T14:52:30","guid":{"rendered":"https:\/\/store.evolve-fitness.eu\/?post_type=product&#038;p=92089"},"modified":"2025-03-27T07:38:24","modified_gmt":"2025-03-27T07:38:24","slug":"evolve-gym-ball-rack-3","status":"publish","type":"product","link":"https:\/\/store.evolve-fitness.eu\/lt\/produktas\/evolve-gym-ball-rack-3\/","title":{"rendered":"&#8222;Evolve Gym Ball Rack"},"content":{"rendered":"\n<p> <mark style=\"background-color:rgba(0, 0, 0, 0);color:#ffffff\" class=\"has-inline-color\">ASD<\/mark><\/p>\n\n<p><\/p>\n","protected":false},"excerpt":{"rendered":"<p>Neprilygstamai efektyviai organizuokite savo treniruokli\u0173 erdv\u0119 naudodami &#8222;Evolve Gym Ball Rack&#8221;, GB-030. \u0160is eleganti\u0161kas ir tvirtas kamuoli\u0173 stovas yra b\u016btinas bet kurios sporto sal\u0117s, treniruokli\u0173 centro ar nam\u0173 treniruo\u010di\u0173 erdv\u0117s priedas, nes tai prakti\u0161kas ir eleganti\u0161kas sprendimas stabilumo kamuoliams laikyti. Tvirta konstrukcija u\u017etikrina ilgaam\u017ei\u0161kum\u0105 ir patikimum\u0105, o erdv\u0119 taupantis dizainas maksimaliai padidina grind\u0173 plot\u0105, tod\u0117l treniruo\u010di\u0173 zona i\u0161lieka tvarkinga ir prieinama. &#8222;Evolve Gym&#8221; kamuoli\u0173 stovas idealiai tinka \u012fvairaus dyd\u017eio sporto sal\u0117ms, jame telpa daug kamuoli\u0173, tod\u0117l jis puikiai tinka ten, kur svarbiausia funkcionalumas ir organizuotumas. Su \u0161iuo auk\u0161\u010diausios kokyb\u0117s treniruokli\u0173 stovu pagerinsite savo sporto sal\u0117s atmosfer\u0105 ir efektyvum\u0105 bei supaprastinsite savo treniruokli\u0173 laikymo ir prieigos prie j\u0173 b\u016bd\u0105.  <\/p>\n<p>\n","protected":false},"featured_media":92126,"template":"","meta":{"_acf_changed":false,"inline_featured_image":false},"product_cat":[192],"product_tag":[],"class_list":{"0":"post-92089","1":"product","2":"type-product","3":"status-publish","4":"has-post-thumbnail","6":"product_cat-studija","8":"first","9":"instock","10":"shipping-taxable","11":"purchasable","12":"product-type-simple"},"acf":[],"_links":{"self":[{"href":"https:\/\/store.evolve-fitness.eu\/lt\/wp-json\/wp\/v2\/product\/92089","targetHints":{"allow":["GET"]}}],"collection":[{"href":"https:\/\/store.evolve-fitness.eu\/lt\/wp-json\/wp\/v2\/product"}],"about":[{"href":"https:\/\/store.evolve-fitness.eu\/lt\/wp-json\/wp\/v2\/types\/product"}],"wp:featuredmedia":[{"embeddable":true,"href":"https:\/\/store.evolve-fitness.eu\/lt\/wp-json\/wp\/v2\/media\/92126"}],"wp:attachment":[{"href":"https:\/\/store.evolve-fitness.eu\/lt\/wp-json\/wp\/v2\/media?parent=92089"}],"wp:term":[{"taxonomy":"product_cat","embeddable":true,"href":"https:\/\/store.evolve-fitness.eu\/lt\/wp-json\/wp\/v2\/product_cat?post=92089"},{"taxonomy":"product_tag","embeddable":true,"href":"https:\/\/store.evolve-fitness.eu\/lt\/wp-json\/wp\/v2\/product_tag?post=92089"}],"curies":[{"name":"wp","href":"https:\/\/api.w.org\/{rel}","templated":true}]}}