{"id":9136,"date":"2024-01-09T13:04:28","date_gmt":"2024-01-09T13:04:28","guid":{"rendered":"https:\/\/store.evolve-fitness.eu\/produktas\/evolve-prime-series-plokstes-pakrautas-galios-stovas\/"},"modified":"2024-05-27T12:20:40","modified_gmt":"2024-05-27T12:20:40","slug":"evolve-prime-series-plokstes-pakrautas-galios-stovas","status":"publish","type":"product","link":"https:\/\/store.evolve-fitness.eu\/lt\/produktas\/evolve-prime-series-plokstes-pakrautas-galios-stovas\/","title":{"rendered":"&#8222;Evolve Prime Series&#8221; plok\u0161t\u0117s pakrautas galios stovas"},"content":{"rendered":"\n<p> <\/p>\n","protected":false},"excerpt":{"rendered":"<p>&#8222;Evolve Prime&#8221; serijos &#8222;Plate Loaded Power Rack&#8221; PR-202 yra tvirtas ir universalus sporto sal\u0117s priedas. \u0160is j\u0117gos stovas, skirtas maksimaliai j\u0117gos treniruotei, u\u017etikrina saugi\u0105 ir pritaikom\u0105 treniruo\u010di\u0173 aplink\u0105. D\u0117l plok\u0161teli\u0173 funkcijos galima lanks\u010diai reguliuoti pasiprie\u0161inimo lygius pagal individualius pageidavimus. Tvirta konstrukcija u\u017etikrina ilgalaik\u012f veikim\u0105, o treniruoklyje PR-202 yra \u012fvair\u016bs priedai, kad gal\u0117tum\u0117te visapusi\u0161kai treniruoti j\u0117g\u0105. Pagerinkite savo treniruotes ir pasiekite fitneso tikslus su &#8222;Evolve Prime Series&#8221; plok\u0161\u010di\u0173 pakrautu j\u0117gos stovu PR-202.<\/p>\n","protected":false},"featured_media":4364,"template":"","meta":{"_acf_changed":false,"inline_featured_image":false},"product_cat":[],"product_tag":[],"class_list":{"0":"post-9136","1":"product","2":"type-product","3":"status-publish","4":"has-post-thumbnail","7":"first","8":"instock","9":"shipping-taxable","10":"purchasable","11":"product-type-simple"},"acf":[],"_links":{"self":[{"href":"https:\/\/store.evolve-fitness.eu\/lt\/wp-json\/wp\/v2\/product\/9136","targetHints":{"allow":["GET"]}}],"collection":[{"href":"https:\/\/store.evolve-fitness.eu\/lt\/wp-json\/wp\/v2\/product"}],"about":[{"href":"https:\/\/store.evolve-fitness.eu\/lt\/wp-json\/wp\/v2\/types\/product"}],"wp:featuredmedia":[{"embeddable":true,"href":"https:\/\/store.evolve-fitness.eu\/lt\/wp-json\/wp\/v2\/media\/4364"}],"wp:attachment":[{"href":"https:\/\/store.evolve-fitness.eu\/lt\/wp-json\/wp\/v2\/media?parent=9136"}],"wp:term":[{"taxonomy":"product_cat","embeddable":true,"href":"https:\/\/store.evolve-fitness.eu\/lt\/wp-json\/wp\/v2\/product_cat?post=9136"},{"taxonomy":"product_tag","embeddable":true,"href":"https:\/\/store.evolve-fitness.eu\/lt\/wp-json\/wp\/v2\/product_tag?post=9136"}],"curies":[{"name":"wp","href":"https:\/\/api.w.org\/{rel}","templated":true}]}}