{"id":9125,"date":"2024-01-09T13:41:44","date_gmt":"2024-01-09T13:41:44","guid":{"rendered":"https:\/\/store.evolve-fitness.eu\/produktas\/evolve-prime-series-ploksteliu-pakrautas-pritupimu-stovas\/"},"modified":"2025-11-06T09:36:54","modified_gmt":"2025-11-06T09:36:54","slug":"evolve-prime-series-ploksteliu-pakrautas-pritupimu-stovas","status":"publish","type":"product","link":"https:\/\/store.evolve-fitness.eu\/lt\/produktas\/evolve-prime-series-ploksteliu-pakrautas-pritupimu-stovas\/","title":{"rendered":"&#8222;Evolve Prime Series&#8221; plok\u0161teli\u0173 pakrautas prit\u016bpim\u0173 stovas (EC-031)"},"content":{"rendered":"\n<p><\/p>\n\n<section class=\"wp-block-group alignfull black-content has-white-color has-darkgray-background-color has-text-color has-background is-layout-constrained wp-block-group-is-layout-constrained\" style=\"padding-top:var(--wp--preset--spacing--section-bottom);padding-bottom:var(--wp--preset--spacing--section-bottom)\">\n<h3 class=\"wp-block-heading has-text-align-center\" style=\"padding-top:var(--wp--preset--spacing--section-title-bottom);padding-bottom:var(--wp--preset--spacing--section-title-bottom)\"><strong>EVOLIUCIONUOJA PLOK\u0160TEL\u0116 SU PAGRINDINE \u012eKROVA<\/strong><\/h3>\n\n\n\n<p>&#8222;Evolve Plate Loaded Prime Series&#8221; gaminiuose meistri\u0161kumas yra standartas. Pagerinkite savo j\u0117gos treniruotes su treniruokliais, sukurtais patogiai, patvariai ir na\u0161iai. I\u0161nagrin\u0117kite vis\u0105 linij\u0105 \u0161iandien ir i\u0161 naujo apibr\u0117\u017ekite savo fitneso kelion\u0119.  <\/p>\n\n\n\n<section class=\"wp-block-group alignfull black-content has-white-color has-darkgray-background-color has-text-color has-background is-layout-constrained wp-block-group-is-layout-constrained\" style=\"margin-bottom:0;padding-top:var(--wp--preset--spacing--tb-padding);padding-bottom:var(--wp--preset--spacing--tb-padding)\">\n<div class=\"wp-block-columns alignwide mobile-reverse is-layout-flex wp-container-core-columns-is-layout-7a02faa9 wp-block-columns-is-layout-flex\" style=\"margin-bottom:var(--wp--preset--spacing--tb-section-padding)\">\n<div class=\"wp-block-column is-vertically-aligned-center is-layout-flow wp-block-column-is-layout-flow\">\n<h3 class=\"wp-block-heading\" style=\"margin-bottom:var(--wp--preset--spacing--h-3-bottom)\"><strong>Maksimaliai padidinkite j\u0117g\u0105 ir gali\u0105<\/strong><\/h3>\n\n\n\n<p><strong><em><strong>Sunkieji keltuvai<\/strong><\/em><\/strong><\/p>\n\n\n\n<p style=\"margin-bottom:var(--wp--preset--spacing--tb-section-padding)\">&#8221; <strong>Evolve Prime Series&#8221; prit\u016bpim\u0173 stela\u017eas su plok\u0161t\u0117mis<\/strong> yra b\u016btinas \u012frankis rimtoms j\u0117gos treniruot\u0117ms. Sukurtas plok\u0161\u010di\u0173 pasiprie\u0161inimui, jis suteikia tvirt\u0105 ir stabili\u0105 platform\u0105 prit\u016bpimams, atsilenkimams ir \u012fvairiems apatin\u0117s k\u016bno dalies pratimams atlikti. D\u0117l patvarios konstrukcijos ir ergonomi\u0161ko dizaino \u0161is prit\u016bpim\u0173 stovas padeda naudotojams ugdyti sprogstam\u0105j\u0105 j\u0117g\u0105, didinti raumen\u0173 mas\u0119 ir gerinti bendrus sportinius rezultatus.  <\/p>\n\n\n\n<h3 class=\"wp-block-heading\" style=\"margin-bottom:var(--wp--preset--spacing--h-3-bottom)\"><strong>Tikslin\u0117s pagrindin\u0117s raumen\u0173 grup\u0117s<\/strong><\/h3>\n\n\n\n<p><strong><em><strong>Visi\u0161kam apatin\u0117s k\u016bno dalies vystymuisi<\/strong><\/em><\/strong><\/p>\n\n\n\n<p>Prit\u016bpimai ir kiti pratimai, atliekami ant \u0161io stovo, vis\u0173 pirma skirti <strong>keturgalviams \u0161launies raumenims, str\u0117noms, s\u0117dmenims ir blauzdoms<\/strong>, tod\u0117l tai yra pagrindin\u0117 priemon\u0117 apatin\u0117s k\u016bno dalies j\u0117gai ugdyti. Be to, prit\u016bpimai \u012fdarbina <g id=\"gid_1\">pagrindinius raumenis,<\/g> \u012fskaitant pilvo raumenis ir apatin\u0119 nugaros dal\u012f, kad padid\u0117t\u0173 stabilumas ir pusiausvyra. Keisdami savo pozicij\u0105 arba taikydami \u012fvairius variantus, pavyzd\u017eiui, priekinius prit\u016bpimus ar i\u0161st\u016bmimus, galite sutelkti d\u0117mes\u012f \u012f konkre\u010dias raumen\u0173 grupes ir i\u0161vystyti visapusi\u0161k\u0105 k\u016bno sud\u0117jim\u0105.  <\/p>\n<\/div>\n\n\n\n<div class=\"wp-block-column is-vertically-aligned-center is-layout-flow wp-block-column-is-layout-flow\">\n<figure class=\"wp-block-image size-full is-resized is-style-rounded\"><img loading=\"lazy\" decoding=\"async\" width=\"608\" height=\"603\" src=\"https:\/\/store.evolve-fitness.eu\/wp-content\/uploads\/2024\/01\/EV-PL-EC-031.png\" alt=\"\" class=\"wp-image-127854\" style=\"aspect-ratio:1.1333333333333333;object-fit:cover;width:661px;height:auto\" srcset=\"https:\/\/store.evolve-fitness.eu\/wp-content\/uploads\/2024\/01\/EV-PL-EC-031.png 608w, https:\/\/store.evolve-fitness.eu\/wp-content\/uploads\/2024\/01\/EV-PL-EC-031-300x298.png 300w, https:\/\/store.evolve-fitness.eu\/wp-content\/uploads\/2024\/01\/EV-PL-EC-031-150x150.png 150w, https:\/\/store.evolve-fitness.eu\/wp-content\/uploads\/2024\/01\/EV-PL-EC-031-600x595.png 600w, https:\/\/store.evolve-fitness.eu\/wp-content\/uploads\/2024\/01\/EV-PL-EC-031-100x100.png 100w\" sizes=\"auto, (max-width: 608px) 100vw, 608px\" \/><\/figure>\n<\/div>\n<\/div>\n\n\n\n<div class=\"wp-block-columns alignwide mobile-reverse is-layout-flex wp-container-core-columns-is-layout-7a02faa9 wp-block-columns-is-layout-flex\" style=\"margin-bottom:var(--wp--preset--spacing--tb-section-padding)\"><\/div>\n<\/section>\n<\/section>\n","protected":false},"excerpt":{"rendered":"<p>Pagerinkite savo sporto sal\u0119 naudodami &#8222;Evolve Prime Series&#8221; plok\u0161\u010di\u0173 pakraunam\u0105 prit\u016bpim\u0173 stov\u0105 EV-PL-EC-031. \u0160is komercin\u0117ms patalpoms skirtas prit\u016bpim\u0173 stovas pasi\u017eymi ilgaam\u017ei\u0161kumu ir saugumu. Tvirtas plieninis r\u0117mas ir saugos priemon\u0117s, \u012fskaitant integruotus saugos ribotuvus ir mink\u0161tomis PVC dengtas kojeles, u\u017etikrina saugias individualias treniruotes. Penkiose reguliuojamose pad\u0117tyse jis yra universalus \u012fvairiems pratimams atlikti, be to, suderinamas su reguliuojamais suolais. Galite net pritaikyti spalv\u0105, kad ji atitikt\u0173 j\u016bs\u0173 sporto sal\u0117s prek\u0117s \u017eenkl\u0105. \u0160is stovas suteikia patogumo d\u0117l \u0161e\u0161i\u0173 svori\u0173 plok\u0161\u010di\u0173 laikymo kai\u0161\u010di\u0173 ir 20 \u0161tangos tvirtinimo ta\u0161k\u0173. Atnaujinkite savo j\u0117gos treniruotes su &#8222;Evolve Prime Series Squat Rack&#8221; stovu.      <\/p>\n","protected":false},"featured_media":140449,"template":"","meta":{"_acf_changed":false,"inline_featured_image":false},"product_cat":[129,224],"product_tag":[],"class_list":{"0":"post-9125","1":"product","2":"type-product","3":"status-publish","4":"has-post-thumbnail","6":"product_cat-laisvu-svoriu-treniruokliai","7":"product_cat-econ-serijos-laisvu-svoriu-treniruokliai","9":"first","10":"instock","11":"shipping-taxable","12":"purchasable","13":"product-type-simple"},"acf":[],"_links":{"self":[{"href":"https:\/\/store.evolve-fitness.eu\/lt\/wp-json\/wp\/v2\/product\/9125","targetHints":{"allow":["GET"]}}],"collection":[{"href":"https:\/\/store.evolve-fitness.eu\/lt\/wp-json\/wp\/v2\/product"}],"about":[{"href":"https:\/\/store.evolve-fitness.eu\/lt\/wp-json\/wp\/v2\/types\/product"}],"wp:featuredmedia":[{"embeddable":true,"href":"https:\/\/store.evolve-fitness.eu\/lt\/wp-json\/wp\/v2\/media\/140449"}],"wp:attachment":[{"href":"https:\/\/store.evolve-fitness.eu\/lt\/wp-json\/wp\/v2\/media?parent=9125"}],"wp:term":[{"taxonomy":"product_cat","embeddable":true,"href":"https:\/\/store.evolve-fitness.eu\/lt\/wp-json\/wp\/v2\/product_cat?post=9125"},{"taxonomy":"product_tag","embeddable":true,"href":"https:\/\/store.evolve-fitness.eu\/lt\/wp-json\/wp\/v2\/product_tag?post=9125"}],"curies":[{"name":"wp","href":"https:\/\/api.w.org\/{rel}","templated":true}]}}