{"id":9121,"date":"2024-01-09T12:25:26","date_gmt":"2024-01-09T12:25:26","guid":{"rendered":"https:\/\/store.evolve-fitness.eu\/produktas\/evolve-prime-serijos-ploksteliu-pakrautas-dirzo-pritupimu-aparatas\/"},"modified":"2025-10-07T14:05:28","modified_gmt":"2025-10-07T14:05:28","slug":"evolve-prime-serijos-ploksteliu-pakrautas-dirzo-pritupimu-aparatas","status":"publish","type":"product","link":"https:\/\/store.evolve-fitness.eu\/lt\/produktas\/evolve-prime-serijos-ploksteliu-pakrautas-dirzo-pritupimu-aparatas\/","title":{"rendered":"Evolve Prime Series laisv\u0173 svori\u0173 prit\u016bpim\u0173 su dir\u017eais treniruoklis (PR-005)"},"content":{"rendered":"\n<section class=\"wp-block-group alignfull black-content has-white-color has-darkgray-background-color has-text-color has-background is-layout-constrained wp-block-group-is-layout-constrained\" style=\"padding-top:var(--wp--preset--spacing--section-bottom);padding-bottom:var(--wp--preset--spacing--section-bottom)\">\n<h3 class=\"wp-block-heading has-text-align-center\"><strong><strong>EVOLIUCIONUOJA LAISV\u0172 SVORI\u0172 \u012eRANGA<\/strong><\/strong><\/h3>\n\n\n\n<p>Evolve Prime Series gaminiuose meistri\u0161kumas yra standartas. Pagerinkite savo j\u0117gos treniruotes su treniruokliais, sukurtais patogiai, patvariai ir na\u0161iai. I\u0161nagrin\u0117kite vis\u0105 linij\u0105 \u0161iandien ir i\u0161 naujo apibr\u0117\u017ekite savo fitneso kelion\u0119.<\/p>\n\n\n\n<section class=\"wp-block-group alignfull black-content has-white-color has-darkgray-background-color has-text-color has-background is-layout-constrained wp-block-group-is-layout-constrained\" style=\"padding-top:var(--wp--preset--spacing--section-bottom);padding-bottom:var(--wp--preset--spacing--section-bottom)\">\n<div class=\"wp-block-columns alignwide mobile-reverse is-layout-flex wp-container-core-columns-is-layout-ca64bf2d wp-block-columns-is-layout-flex\" style=\"margin-bottom:var(--wp--preset--spacing--side-padding)\">\n<div class=\"wp-block-column is-vertically-aligned-center is-layout-flow wp-block-column-is-layout-flow\">\n<h3 class=\"wp-block-heading\" style=\"margin-bottom:var(--wp--preset--spacing--h-3-bottom)\"><strong><strong><strong>I\u0161 naujo apibr\u0117\u017eta kompetencija<\/strong><\/strong><\/strong><\/h3>\n\n\n\n<p><strong><em><strong>Pristatome Evolve Prime serij\u0105<\/strong><\/em><\/strong><\/p>\n\n\n\n<p style=\"margin-bottom:var(--wp--preset--spacing--tb-section-padding)\">Patirkite j\u0117gos treniruo\u010di\u0173 vir\u0161\u016bn\u0119 su Evolve  Prime Series. Kiekvienas \u0161ios linijos treniruoklis yra kruop\u0161\u010diai sukurtas taip, kad u\u017etikrint\u0173 puiki\u0105 treniruo\u010di\u0173 patirt\u012f, ir \u0161tai kod\u0117l.<\/p>\n\n\n\n<h3 class=\"wp-block-heading\" style=\"margin-bottom:var(--wp--preset--spacing--h-3-bottom)\">saugojimo sprendimas  <\/h3>\n\n\n\n<p><strong><em><strong><strong><strong>Didelis patogumas ir patvarumas<\/strong><\/strong><\/strong><\/em><\/strong><\/p>\n\n\n\n<p>I\u0161laikykite tvark\u0105 ir maksimaliai padidinkite erdv\u0117s efektyvum\u0105, naudodami <strong>svori\u0173 plok\u0161teli\u0173 laikymo kabliukus<\/strong>. Laikykite l\u0117k\u0161tes pasiekiamas, kad treniruo\u010di\u0173 aplinkoje neb\u016bt\u0173 netvarkos.<\/p>\n<\/div>\n\n\n\n<div class=\"wp-block-column is-vertically-aligned-center is-layout-flow wp-block-column-is-layout-flow\">\n<figure class=\"wp-block-video\"><video height=\"1373\" style=\"aspect-ratio: 2060 \/ 1373;\" width=\"2060\" autoplay controls loop muted src=\"https:\/\/evolve-fitness.eu\/wp-content\/uploads\/2024\/07\/EV-PL-PR-005.mp4\"><\/video><\/figure>\n<\/div>\n<\/div>\n\n\n\n<div class=\"wp-block-columns alignwide mobile-reverse is-layout-flex wp-container-core-columns-is-layout-ca64bf2d wp-block-columns-is-layout-flex\" style=\"margin-bottom:var(--wp--preset--spacing--side-padding)\">\n<div class=\"wp-block-column is-vertically-aligned-center is-layout-flow wp-block-column-is-layout-flow\">\n<figure class=\"wp-block-image size-large\"><img decoding=\"async\" src=\"https:\/\/evolve-fitness.eu\/wp-content\/uploads\/2023\/09\/A7_06502-1024x683.jpg\" alt=\"\" class=\"wp-image-8316\"\/><\/figure>\n<\/div>\n\n\n\n<div class=\"wp-block-column is-vertically-aligned-center is-layout-flow wp-block-column-is-layout-flow\">\n<h3 class=\"wp-block-heading\" style=\"margin-bottom:var(--wp--preset--spacing--h-3-bottom)\"><strong><strong>Tikslinis raumen\u0173 \u012ftraukimas<\/strong><\/strong><\/h3>\n\n\n\n<p><strong>Lengvai naudojamos ry\u0161kios geltonos spalvos reguliavimo ranken\u0117l\u0117s<\/strong><\/p>\n\n\n\n<p style=\"margin-bottom:var(--wp--preset--spacing--tb-section-padding)\">Tiems, kurie ie\u0161ko universalumo, kai kurie Prime serijos treniruokliai si\u016blo vienpus\u012f rank\u0173 judes\u012f. \u0160i funkcija leid\u017eia efektyviai nukreipti d\u0117mes\u012f \u012f konkre\u010dias raumen\u0173 grupes ir pritaikyti treniruo\u010di\u0173 re\u017eim\u0105.<\/p>\n<\/div>\n<\/div>\n\n\n\n<div class=\"wp-block-columns alignwide mobile-reverse is-layout-flex wp-container-core-columns-is-layout-ca64bf2d wp-block-columns-is-layout-flex\" style=\"margin-bottom:var(--wp--preset--spacing--side-padding)\">\n<div class=\"wp-block-column is-vertically-aligned-center is-layout-flow wp-block-column-is-layout-flow\">\n<h3 class=\"wp-block-heading\" style=\"margin-bottom:var(--wp--preset--spacing--h-3-bottom)\"><strong><strong>Treniruot\u0117s be r\u016bpes\u010di\u0173<\/strong><\/strong><\/h3>\n\n\n\n<p><strong><em><strong><strong><strong><strong><strong>Atviras r\u0117mas, kad b\u016bt\u0173 lengva pasiekti<\/strong><\/strong><\/strong><\/strong><\/strong><\/em><\/strong><\/p>\n\n\n\n<p style=\"margin-bottom:var(--wp--preset--spacing--tb-section-padding)\">M\u016bs\u0173 treniruokli\u0173 atviro r\u0117mo konstrukcija u\u017etikrina lengv\u0105 prieig\u0105, tod\u0117l galite skland\u017eiai pereiti nuo vieno pratimo prie kito. Atsisveikinkite su nereikalingais r\u016bpes\u010diais ir sutelkite d\u0117mes\u012f \u012f treniruotes.<\/p>\n<\/div>\n\n\n\n<div class=\"wp-block-column is-vertically-aligned-center is-layout-flow wp-block-column-is-layout-flow\">\n<figure class=\"wp-block-image size-large\"><img decoding=\"async\" src=\"https:\/\/evolve-fitness.eu\/wp-content\/uploads\/2023\/09\/A7_06513-683x1024.jpg\" alt=\"\" class=\"wp-image-8318\"\/><\/figure>\n<\/div>\n<\/div>\n\n\n\n<div class=\"wp-block-columns alignwide mobile-reverse is-layout-flex wp-container-core-columns-is-layout-ca64bf2d wp-block-columns-is-layout-flex\" style=\"margin-bottom:var(--wp--preset--spacing--side-padding)\">\n<div class=\"wp-block-column is-vertically-aligned-center is-layout-flow wp-block-column-is-layout-flow\">\n<figure class=\"wp-block-image size-large\"><img decoding=\"async\" src=\"https:\/\/evolve-fitness.eu\/wp-content\/uploads\/2023\/12\/A7_06500-1024x683.jpg\" alt=\"\" class=\"wp-image-8320\"\/><\/figure>\n<\/div>\n\n\n\n<div class=\"wp-block-column is-vertically-aligned-center is-layout-flow wp-block-column-is-layout-flow\">\n<h3 class=\"wp-block-heading\" style=\"margin-bottom:var(--wp--preset--spacing--h-3-bottom)\"><strong><strong><strong><strong><strong><strong><strong>Sukurta, kad tarnaut\u0173 ilgai<\/strong><\/strong><\/strong><\/strong><\/strong><\/strong><\/strong><\/h3>\n\n\n\n<p><strong><em><strong><strong><strong><em><strong><strong><strong>Ner\u016bdijan\u010dio plieno var\u017etai ir ver\u017el\u0117s<\/strong><\/strong><\/strong><\/em><\/strong><\/strong><\/strong><\/em><\/strong><\/p>\n\n\n\n<p style=\"margin-bottom:var(--wp--preset--spacing--tb-section-padding)\">Prime serija yra ilgaam\u017e\u0117, nes visi var\u017etai ir ver\u017el\u0117s pagaminti i\u0161 ner\u016bdijan\u010dio plieno. Tokia kokybi\u0161ka konstrukcija u\u017etikrina j\u016bs\u0173 \u012frangos ilgaam\u017ei\u0161kum\u0105.<\/p>\n\n\n\n<h3 class=\"wp-block-heading\" style=\"margin-bottom:var(--wp--preset--spacing--h-3-bottom)\"><strong><strong><strong><strong><strong><strong><strong>Patvari apdaila<\/strong><\/strong><\/strong><\/strong><\/strong><\/strong><\/strong><\/h3>\n\n\n\n<p><strong><em><strong><strong><strong><strong><strong>Termoreaktyvi\u0173j\u0173 milteli\u0173 elektrostatinio pur\u0161kimo technologija<\/strong><\/strong><\/strong><\/strong><\/strong><\/em><\/strong><\/p>\n\n\n\n<p>Patirkite patvari\u0105 apdail\u0105 naudodami m\u016bs\u0173 termoreaktyvi\u0173j\u0173 milteli\u0173 elektrostatinio pur\u0161kimo technologij\u0105. \u0160i pa\u017eangi danga u\u017etikrina, kad j\u016bs\u0173 \u012franga laikui b\u0117gant i\u0161likt\u0173 patraukli.<\/p>\n<\/div>\n<\/div>\n<\/section>\n<\/section>\n","protected":false},"excerpt":{"rendered":"<p>Evolve Prime Series laisv\u0173 svori\u0173 prit\u016bpim\u0173 su dir\u017eais treniruoklis (PR-005) i\u0161 esm\u0117s pakei\u010dia koj\u0173 treniruotes, nes suteikia saug\u0173 ir veiksming\u0105 b\u016bd\u0105 treniruoti apatin\u0119 k\u016bno dal\u012f neapsunkinant stuburo. \u0160is treniruoklis su reguliuojamu dir\u017eo tvirtinimu ir skland\u017eiu jud\u0117jimu u\u017etikrina patog\u0173 ir saug\u0173 mank\u0161tinim\u0105si. Evolve Prime Series laisv\u0173 svori\u0173 prit\u016bpim\u0173 su dir\u017eais treniruoklis (PR-005) yra universalus ir tvirtas bet kurios sporto sal\u0117s papildymas, tod\u0117l jo naujovi\u0161kas dizainas ir na\u0161umas pagerina \u012f kojas orientuotas treniruotes.<\/p>\n","protected":false},"featured_media":4352,"template":"","meta":{"_acf_changed":true,"inline_featured_image":false},"product_cat":[117,129,226],"product_tag":[],"class_list":{"0":"post-9121","1":"product","2":"type-product","3":"status-publish","4":"has-post-thumbnail","6":"product_cat-pagrindinis-puslapis","7":"product_cat-laisvu-svoriu-treniruokliai","8":"product_cat-prime-series-laisvu-svoriu-treniruokliai","10":"first","11":"instock","12":"sale","13":"shipping-taxable","14":"purchasable","15":"product-type-simple"},"acf":[],"_links":{"self":[{"href":"https:\/\/store.evolve-fitness.eu\/lt\/wp-json\/wp\/v2\/product\/9121","targetHints":{"allow":["GET"]}}],"collection":[{"href":"https:\/\/store.evolve-fitness.eu\/lt\/wp-json\/wp\/v2\/product"}],"about":[{"href":"https:\/\/store.evolve-fitness.eu\/lt\/wp-json\/wp\/v2\/types\/product"}],"wp:featuredmedia":[{"embeddable":true,"href":"https:\/\/store.evolve-fitness.eu\/lt\/wp-json\/wp\/v2\/media\/4352"}],"wp:attachment":[{"href":"https:\/\/store.evolve-fitness.eu\/lt\/wp-json\/wp\/v2\/media?parent=9121"}],"wp:term":[{"taxonomy":"product_cat","embeddable":true,"href":"https:\/\/store.evolve-fitness.eu\/lt\/wp-json\/wp\/v2\/product_cat?post=9121"},{"taxonomy":"product_tag","embeddable":true,"href":"https:\/\/store.evolve-fitness.eu\/lt\/wp-json\/wp\/v2\/product_tag?post=9121"}],"curies":[{"name":"wp","href":"https:\/\/api.w.org\/{rel}","templated":true}]}}