{"id":9114,"date":"2024-01-09T14:07:18","date_gmt":"2024-01-09T14:07:18","guid":{"rendered":"https:\/\/store.evolve-fitness.eu\/produktas\/evolve-prime-serijos-plokstelemis-pakraunama-kalvio-masina\/"},"modified":"2024-12-02T14:52:25","modified_gmt":"2024-12-02T14:52:25","slug":"evolve-prime-serijos-plokstelemis-pakraunama-kalvio-masina","status":"publish","type":"product","link":"https:\/\/store.evolve-fitness.eu\/lt\/produktas\/evolve-prime-serijos-plokstelemis-pakraunama-kalvio-masina\/","title":{"rendered":"&#8222;Evolve Prime Series&#8221; plok\u0161t\u0117s pakrautas Smitho aparatas, PR-222"},"content":{"rendered":"\n<p><\/p>\n\n<section class=\"wp-block-group alignfull black-content has-white-color has-darkgray-background-color has-text-color has-background is-layout-constrained wp-block-group-is-layout-constrained\" style=\"padding-top:var(--wp--preset--spacing--section-bottom);padding-bottom:var(--wp--preset--spacing--section-bottom)\">\n<h3 class=\"wp-block-heading has-text-align-center\" style=\"padding-top:var(--wp--preset--spacing--section-title-bottom);padding-bottom:var(--wp--preset--spacing--section-title-bottom)\"><strong>EVOLIUCIONUOJA PLOK\u0160TEL\u0116 SU PAGRINDINE \u012eKROVA<\/strong><\/h3>\n\n\n\n<p>&#8222;Evolve Plate Loaded Prime Series&#8221; gaminiuose meistri\u0161kumas yra standartas.\nPagerinkite savo j\u0117gos treniruotes su treniruokliais, sukurtais patogumui, ilgaam\u017ei\u0161kumui ir na\u0161umui u\u017etikrinti.\nI\u0161nagrin\u0117kite vis\u0105 linij\u0105 \u0161iandien ir i\u0161 naujo apibr\u0117\u017ekite savo sveikatingumo kelion\u0119.  <\/p>\n\n\n\n<section class=\"wp-block-group alignfull black-content has-white-color has-darkgray-background-color has-text-color has-background is-layout-constrained wp-block-group-is-layout-constrained\" style=\"margin-bottom:0;padding-top:var(--wp--preset--spacing--tb-padding);padding-bottom:var(--wp--preset--spacing--tb-padding)\">\n<div class=\"wp-block-columns alignwide mobile-reverse is-layout-flex wp-container-core-columns-is-layout-7a02faa9 wp-block-columns-is-layout-flex\" style=\"margin-bottom:var(--wp--preset--spacing--tb-section-padding)\">\n<div class=\"wp-block-column is-vertically-aligned-center is-layout-flow wp-block-column-is-layout-flow\">\n<h3 class=\"wp-block-heading\" style=\"margin-bottom:var(--wp--preset--spacing--h-3-bottom)\"><strong><strong><strong><strong>I\u0160 NAUJO APIBR\u0116\u017dTA KOMPETENCIJA<\/strong><\/strong><\/strong><\/strong><\/h3>\n\n\n\n<p><strong><em><strong>Pristatome &#8222;Evolve Plate Loaded Prime&#8221; serij\u0105<\/strong><\/em><\/strong><\/p>\n\n\n\n<p>Patirkite j\u0117gos treniruo\u010di\u0173 vir\u0161\u016bn\u0119 su &#8222;Evolve Plate Loaded Prime Series&#8221;. Kiekvienas \u0161ios linijos treniruoklis yra kruop\u0161\u010diai sukurtas taip, kad u\u017etikrint\u0173 puiki\u0105 treniruo\u010di\u0173 patirt\u012f, ir \u0161tai kod\u0117l.<\/p>\n\n\n\n<h3 class=\"wp-block-heading\" style=\"margin-bottom:var(--wp--preset--spacing--h-3-bottom)\"><strong><strong>SAUGOJIMO SPRENDIMAI<\/strong><\/strong><\/h3>\n\n\n\n<p><strong><em><strong>Did\u017eiausias erdv\u0117s efektyvumas<\/strong><\/em><\/strong><\/p>\n\n\n\n<p>I\u0161laikykite tvark\u0105 ir maksimaliai padidinkite erdv\u0117s efektyvum\u0105, naudodami <strong>svori\u0173 plok\u0161teli\u0173 laikymo kabliukus<\/strong>. Laikykite l\u0117k\u0161tes pasiekiamas, kad treniruo\u010di\u0173 aplinkoje neb\u016bt\u0173 netvarkos.<\/p>\n<\/div>\n\n\n\n<div class=\"wp-block-column is-vertically-aligned-center is-layout-flow wp-block-column-is-layout-flow\">\n<figure class=\"wp-block-image size-full is-resized is-style-rounded\"><img loading=\"lazy\" decoding=\"async\" width=\"1315\" height=\"1980\" src=\"https:\/\/store.evolve-fitness.eu\/wp-content\/uploads\/2024\/05\/EV-PL-PR-222-Evolve-Prime-Series-Plate-Loaded-Smith-Machine-5.jpg\" alt=\"\" class=\"wp-image-64264\" style=\"aspect-ratio:1.1333333333333333;object-fit:cover;width:943px;height:auto\" srcset=\"https:\/\/store.evolve-fitness.eu\/wp-content\/uploads\/2024\/05\/EV-PL-PR-222-Evolve-Prime-Series-Plate-Loaded-Smith-Machine-5.jpg 1315w, https:\/\/store.evolve-fitness.eu\/wp-content\/uploads\/2024\/05\/EV-PL-PR-222-Evolve-Prime-Series-Plate-Loaded-Smith-Machine-5-199x300.jpg 199w, https:\/\/store.evolve-fitness.eu\/wp-content\/uploads\/2024\/05\/EV-PL-PR-222-Evolve-Prime-Series-Plate-Loaded-Smith-Machine-5-680x1024.jpg 680w, https:\/\/store.evolve-fitness.eu\/wp-content\/uploads\/2024\/05\/EV-PL-PR-222-Evolve-Prime-Series-Plate-Loaded-Smith-Machine-5-768x1156.jpg 768w, https:\/\/store.evolve-fitness.eu\/wp-content\/uploads\/2024\/05\/EV-PL-PR-222-Evolve-Prime-Series-Plate-Loaded-Smith-Machine-5-1020x1536.jpg 1020w, https:\/\/store.evolve-fitness.eu\/wp-content\/uploads\/2024\/05\/EV-PL-PR-222-Evolve-Prime-Series-Plate-Loaded-Smith-Machine-5-600x903.jpg 600w\" sizes=\"auto, (max-width: 1315px) 100vw, 1315px\" \/><\/figure>\n<\/div>\n<\/div>\n\n\n\n<div class=\"wp-block-columns alignwide mobile-reverse is-layout-flex wp-container-core-columns-is-layout-7a02faa9 wp-block-columns-is-layout-flex\" style=\"margin-bottom:var(--wp--preset--spacing--tb-section-padding)\">\n<div class=\"wp-block-column is-vertically-aligned-center is-layout-flow wp-block-column-is-layout-flow\">\n<figure class=\"wp-block-image alignleft size-full is-resized is-style-rounded\"><img loading=\"lazy\" decoding=\"async\" width=\"1980\" height=\"1320\" src=\"https:\/\/store.evolve-fitness.eu\/wp-content\/uploads\/2024\/05\/EV-PL-PR-222-Evolve-Prime-Series-Plate-Loaded-Smith-Machine-8.jpg\" alt=\"\" class=\"wp-image-64289\" style=\"aspect-ratio:1.1333333333333333;object-fit:cover;width:872px;height:auto\" srcset=\"https:\/\/store.evolve-fitness.eu\/wp-content\/uploads\/2024\/05\/EV-PL-PR-222-Evolve-Prime-Series-Plate-Loaded-Smith-Machine-8.jpg 1980w, https:\/\/store.evolve-fitness.eu\/wp-content\/uploads\/2024\/05\/EV-PL-PR-222-Evolve-Prime-Series-Plate-Loaded-Smith-Machine-8-300x200.jpg 300w, https:\/\/store.evolve-fitness.eu\/wp-content\/uploads\/2024\/05\/EV-PL-PR-222-Evolve-Prime-Series-Plate-Loaded-Smith-Machine-8-1024x683.jpg 1024w, https:\/\/store.evolve-fitness.eu\/wp-content\/uploads\/2024\/05\/EV-PL-PR-222-Evolve-Prime-Series-Plate-Loaded-Smith-Machine-8-768x512.jpg 768w, https:\/\/store.evolve-fitness.eu\/wp-content\/uploads\/2024\/05\/EV-PL-PR-222-Evolve-Prime-Series-Plate-Loaded-Smith-Machine-8-1536x1024.jpg 1536w, https:\/\/store.evolve-fitness.eu\/wp-content\/uploads\/2024\/05\/EV-PL-PR-222-Evolve-Prime-Series-Plate-Loaded-Smith-Machine-8-600x400.jpg 600w\" sizes=\"auto, (max-width: 1980px) 100vw, 1980px\" \/><\/figure>\n<\/div>\n\n\n\n<div class=\"wp-block-column is-vertically-aligned-center is-layout-flow wp-block-column-is-layout-flow\">\n<h3 class=\"wp-block-heading\" style=\"margin-bottom:var(--wp--preset--spacing--h-3-bottom)\"><strong><strong><br\/><strong><strong>TIKSLINGAS RAUMEN\u0172 \u012eTRAUKIMAS<\/strong><\/strong><\/strong><\/strong><\/h3>\n\n\n\n<p><strong>Lengvai naudojamos ry\u0161kios geltonos spalvos reguliavimo ranken\u0117l\u0117s<\/strong><\/p>\n\n\n\n<p>Tiems, kurie ie\u0161ko universalumo, kai kurie &#8222;Prime&#8221; serijos treniruokliai si\u016blo <strong>vienpus\u012f rank\u0173 judes\u012f<\/strong>. \u0160i funkcija leid\u017eia efektyviai nukreipti d\u0117mes\u012f \u012f konkre\u010dias raumen\u0173 grupes ir pritaikyti treniruo\u010di\u0173 re\u017eim\u0105.<\/p>\n<\/div>\n<\/div>\n\n\n\n<div class=\"wp-block-columns alignwide mobile-reverse is-layout-flex wp-container-core-columns-is-layout-035fa626 wp-block-columns-is-layout-flex\" style=\"margin-bottom:var(--wp--preset--spacing--side-padding);padding-top:var(--wp--preset--spacing--tb-padding);padding-bottom:var(--wp--preset--spacing--tb-padding)\">\n<div class=\"wp-block-column is-vertically-aligned-center is-layout-flow wp-block-column-is-layout-flow\">\n<h3 class=\"wp-block-heading\" style=\"margin-bottom:var(--wp--preset--spacing--h-3-bottom)\"><strong><strong><strong><strong><strong><strong><strong><strong>NESUD\u0116TINGOS TRENIRUOT\u0116S<\/strong><\/strong><\/strong><\/strong><\/strong><\/strong><\/strong><\/strong><\/h3>\n\n\n\n<p><strong><em><strong>Atviras r\u0117mas, kad b\u016bt\u0173 lengva pasiekti<\/strong><\/em><\/strong><\/p>\n\n\n\n<p style=\"margin-bottom:var(--wp--preset--spacing--tb-section-padding)\">M\u016bs\u0173 treniruokli\u0173 atviro r\u0117mo konstrukcija u\u017etikrina lengv\u0105 prieig\u0105, tod\u0117l galite skland\u017eiai pereiti nuo vieno pratimo prie kito. Atsisveikinkite su nereikalingais r\u016bpes\u010diais ir sutelkite d\u0117mes\u012f \u012f treniruotes.<\/p>\n\n\n\n<h3 class=\"wp-block-heading\" style=\"margin-bottom:var(--wp--preset--spacing--h-3-bottom)\"><strong><strong><strong><strong><strong><strong><strong><strong><strong><strong><br\/><strong><strong>ILGALAIKIS VEIKIMAS<\/strong><\/strong><\/strong><\/strong><\/strong><\/strong><\/strong><\/strong><\/strong><\/strong><\/strong><\/strong><\/h3>\n\n\n\n<p><strong><em><strong>Auk\u0161\u010diausios kokyb\u0117s, tvirta PU oda<\/strong><\/em><\/strong><\/p>\n\n\n\n<p>M\u016bs\u0173 \u012franga pagaminta i\u0161 <strong>auk\u0161\u010diausios kokyb\u0117s, didelio atsparumo PU odos<\/strong>, kuri sukurta taip, kad atlaikyt\u0173 net sunkiausias treniruotes. Jis ne tik puikiai atrodo, bet ir pasi\u017eymi ilgaam\u017ei\u0161kumu.<\/p>\n<\/div>\n\n\n\n<div class=\"wp-block-column is-vertically-aligned-center is-layout-flow wp-block-column-is-layout-flow\">\n<figure class=\"wp-block-image size-full is-resized is-style-rounded\"><img loading=\"lazy\" decoding=\"async\" width=\"1980\" height=\"1320\" src=\"https:\/\/store.evolve-fitness.eu\/wp-content\/uploads\/2024\/05\/EV-PL-PR-222-Evolve-Prime-Series-Plate-Loaded-Smith-Machine-1.jpg\" alt=\"\" class=\"wp-image-64314\" style=\"aspect-ratio:1.1333333333333333;object-fit:cover;width:859px;height:auto\" srcset=\"https:\/\/store.evolve-fitness.eu\/wp-content\/uploads\/2024\/05\/EV-PL-PR-222-Evolve-Prime-Series-Plate-Loaded-Smith-Machine-1.jpg 1980w, https:\/\/store.evolve-fitness.eu\/wp-content\/uploads\/2024\/05\/EV-PL-PR-222-Evolve-Prime-Series-Plate-Loaded-Smith-Machine-1-300x200.jpg 300w, https:\/\/store.evolve-fitness.eu\/wp-content\/uploads\/2024\/05\/EV-PL-PR-222-Evolve-Prime-Series-Plate-Loaded-Smith-Machine-1-1024x683.jpg 1024w, https:\/\/store.evolve-fitness.eu\/wp-content\/uploads\/2024\/05\/EV-PL-PR-222-Evolve-Prime-Series-Plate-Loaded-Smith-Machine-1-768x512.jpg 768w, https:\/\/store.evolve-fitness.eu\/wp-content\/uploads\/2024\/05\/EV-PL-PR-222-Evolve-Prime-Series-Plate-Loaded-Smith-Machine-1-1536x1024.jpg 1536w, https:\/\/store.evolve-fitness.eu\/wp-content\/uploads\/2024\/05\/EV-PL-PR-222-Evolve-Prime-Series-Plate-Loaded-Smith-Machine-1-600x400.jpg 600w\" sizes=\"auto, (max-width: 1980px) 100vw, 1980px\" \/><\/figure>\n<\/div>\n<\/div>\n\n\n\n<div class=\"wp-block-columns alignwide mobile-reverse is-layout-flex wp-container-core-columns-is-layout-7a02faa9 wp-block-columns-is-layout-flex\" style=\"margin-bottom:var(--wp--preset--spacing--tb-section-padding)\">\n<div class=\"wp-block-column is-vertically-aligned-center is-layout-flow wp-block-column-is-layout-flow\">\n<figure class=\"wp-block-image alignleft size-full is-resized is-style-rounded\"><img loading=\"lazy\" decoding=\"async\" width=\"1980\" height=\"1320\" src=\"https:\/\/store.evolve-fitness.eu\/wp-content\/uploads\/2024\/05\/EV-PL-PR-222-Evolve-Prime-Series-Plate-Loaded-Smith-Machine-3.jpg\" alt=\"\" class=\"wp-image-64339\" style=\"aspect-ratio:1.1333333333333333;object-fit:cover;width:872px;height:auto\" srcset=\"https:\/\/store.evolve-fitness.eu\/wp-content\/uploads\/2024\/05\/EV-PL-PR-222-Evolve-Prime-Series-Plate-Loaded-Smith-Machine-3.jpg 1980w, https:\/\/store.evolve-fitness.eu\/wp-content\/uploads\/2024\/05\/EV-PL-PR-222-Evolve-Prime-Series-Plate-Loaded-Smith-Machine-3-300x200.jpg 300w, https:\/\/store.evolve-fitness.eu\/wp-content\/uploads\/2024\/05\/EV-PL-PR-222-Evolve-Prime-Series-Plate-Loaded-Smith-Machine-3-1024x683.jpg 1024w, https:\/\/store.evolve-fitness.eu\/wp-content\/uploads\/2024\/05\/EV-PL-PR-222-Evolve-Prime-Series-Plate-Loaded-Smith-Machine-3-768x512.jpg 768w, https:\/\/store.evolve-fitness.eu\/wp-content\/uploads\/2024\/05\/EV-PL-PR-222-Evolve-Prime-Series-Plate-Loaded-Smith-Machine-3-1536x1024.jpg 1536w, https:\/\/store.evolve-fitness.eu\/wp-content\/uploads\/2024\/05\/EV-PL-PR-222-Evolve-Prime-Series-Plate-Loaded-Smith-Machine-3-600x400.jpg 600w\" sizes=\"auto, (max-width: 1980px) 100vw, 1980px\" \/><\/figure>\n<\/div>\n\n\n\n<div class=\"wp-block-column is-vertically-aligned-center is-layout-flow wp-block-column-is-layout-flow\">\n<h3 class=\"wp-block-heading\" style=\"margin-bottom:var(--wp--preset--spacing--h-3-bottom)\"><strong><strong><br\/><strong><strong><br\/><strong>TVIRTA APDAILA<\/strong><\/strong><\/strong><\/strong><\/strong><\/h3>\n\n\n\n<p><strong><em><strong>Termoreaktyvi\u0173j\u0173 milteli\u0173 elektrostatinio pur\u0161kimo technologija<\/strong><\/em><\/strong><\/p>\n\n\n\n<p>Patirkite patvari\u0105 apdail\u0105 naudodami m\u016bs\u0173 <strong>termoreaktyvi\u0173j\u0173 milteli\u0173 elektrostatinio pur\u0161kimo technologij\u0105<\/strong>. \u0160i pa\u017eangi danga u\u017etikrina, kad j\u016bs\u0173 \u012franga laikui b\u0117gant i\u0161likt\u0173 patraukli.<\/p>\n\n\n\n<h3 class=\"wp-block-heading\" style=\"margin-bottom:var(--wp--preset--spacing--h-3-bottom)\"><strong><strong><strong><strong><br\/><strong><strong><strong>SUKURTA TAIP, KAD TARNAUT\u0172 ILGAI<\/strong><\/strong><\/strong><\/strong><\/strong><\/strong><\/strong><\/h3>\n\n\n\n<p><strong><em><strong>Ner\u016bdijan\u010dio plieno var\u017etai ir ver\u017el\u0117s<\/strong><\/em><\/strong><\/p>\n\n\n\n<p>&#8222;Prime&#8221; serija yra ilgaam\u017e\u0117, nes visi var\u017etai ir ver\u017el\u0117s pagaminti i\u0161 <strong>ner\u016bdijan\u010dio plieno<\/strong>. Tokia kokybi\u0161ka konstrukcija u\u017etikrina j\u016bs\u0173 \u012frangos ilgaam\u017ei\u0161kum\u0105.<\/p>\n<\/div>\n<\/div>\n<\/section>\n<\/section>\n","protected":false},"excerpt":{"rendered":"<p>&#8222;Evolve Prime&#8221; serijos Smitho treniruoklyje su plok\u0161t\u0117mis suderinta tiksli in\u017einerija ir pa\u017eangus dizainas, kad treniruot\u0117s b\u016bt\u0173 universalios ir veiksmingos. \u0160i &#8222;Smith&#8221; ma\u0161ina pagaminta atsi\u017evelgiant \u012f ilgaam\u017ei\u0161kum\u0105, turi tvirt\u0105 konstrukcij\u0105 ir milteliniu b\u016bdu dengt\u0105 apdail\u0105, u\u017etikrinan\u010di\u0105 ilgalaik\u012f veikim\u0105. Sklandus ir kontroliuojamas \u0161tangos jud\u0117jimas, kur\u012f lemia linijiniai guoliai, leid\u017eia atlikti saugius ir efektyvius pratimus, pavyzd\u017eiui, prit\u016bpimus, atsispaudimus ir kt. D\u0117l patogaus naudotojui dizaino ir auk\u0161\u010diausios kokyb\u0117s konstrukcijos \u0161is &#8222;Smith&#8221; treniruoklis yra privalomas bet kurioje sporto sal\u0117je ar treniruokli\u0173 sal\u0117je, kurioje ie\u0161koma auk\u0161\u010diausios klas\u0117s \u012frangos, skirtos visapusi\u0161kam j\u0117gos treniruo\u010di\u0173 re\u017eimui.<\/p>\n","protected":false},"featured_media":100262,"template":"","meta":{"_acf_changed":false,"inline_featured_image":false},"product_cat":[117,129,226],"product_tag":[],"class_list":{"0":"post-9114","1":"product","2":"type-product","3":"status-publish","4":"has-post-thumbnail","6":"product_cat-pagrindinis-puslapis","7":"product_cat-laisvu-svoriu-treniruokliai","8":"product_cat-prime-series-laisvu-svoriu-treniruokliai","10":"first","11":"outofstock","12":"shipping-taxable","13":"purchasable","14":"product-type-simple"},"acf":[],"_links":{"self":[{"href":"https:\/\/store.evolve-fitness.eu\/lt\/wp-json\/wp\/v2\/product\/9114","targetHints":{"allow":["GET"]}}],"collection":[{"href":"https:\/\/store.evolve-fitness.eu\/lt\/wp-json\/wp\/v2\/product"}],"about":[{"href":"https:\/\/store.evolve-fitness.eu\/lt\/wp-json\/wp\/v2\/types\/product"}],"wp:featuredmedia":[{"embeddable":true,"href":"https:\/\/store.evolve-fitness.eu\/lt\/wp-json\/wp\/v2\/media\/100262"}],"wp:attachment":[{"href":"https:\/\/store.evolve-fitness.eu\/lt\/wp-json\/wp\/v2\/media?parent=9114"}],"wp:term":[{"taxonomy":"product_cat","embeddable":true,"href":"https:\/\/store.evolve-fitness.eu\/lt\/wp-json\/wp\/v2\/product_cat?post=9114"},{"taxonomy":"product_tag","embeddable":true,"href":"https:\/\/store.evolve-fitness.eu\/lt\/wp-json\/wp\/v2\/product_tag?post=9114"}],"curies":[{"name":"wp","href":"https:\/\/api.w.org\/{rel}","templated":true}]}}