{"id":9099,"date":"2024-01-09T11:18:39","date_gmt":"2024-01-09T11:18:39","guid":{"rendered":"https:\/\/store.evolve-fitness.eu\/produktas\/evolve-prime-series-selektorinis-koju-presas\/"},"modified":"2024-06-05T11:15:51","modified_gmt":"2024-06-05T11:15:51","slug":"evolve-prime-series-selektorinis-koju-presas","status":"publish","type":"product","link":"https:\/\/store.evolve-fitness.eu\/lt\/produktas\/evolve-prime-series-selektorinis-koju-presas\/","title":{"rendered":"&#8222;Evolve Prime Series&#8221; selektorinis koj\u0173 presas"},"content":{"rendered":"\n<section class=\"wp-block-group alignfull black-content has-white-color has-darkgray-background-color has-text-color has-background is-layout-constrained wp-block-group-is-layout-constrained\" style=\"padding-top:var(--wp--preset--spacing--section-bottom);padding-bottom:var(--wp--preset--spacing--section-bottom)\">\n<section class=\"wp-block-group alignfull black-content has-white-color has-darkgray-background-color has-text-color has-background is-layout-constrained wp-block-group-is-layout-constrained\" style=\"padding-top:var(--wp--preset--spacing--section-bottom);padding-bottom:var(--wp--preset--spacing--section-bottom)\">\n<div class=\"wp-block-columns alignwide mobile-reverse is-layout-flex wp-container-core-columns-is-layout-ca64bf2d wp-block-columns-is-layout-flex\" style=\"margin-bottom:var(--wp--preset--spacing--side-padding)\">\n<div class=\"wp-block-column is-vertically-aligned-center is-layout-flow wp-block-column-is-layout-flow\">\n<h3 class=\"wp-block-heading\" style=\"margin-bottom:var(--wp--preset--spacing--h-3-bottom)\">Pakeiskite savo treniruotes<\/h3>\n\n\n\n<p><em><strong>&#8222;Evolve Prime&#8221; serijos selektorin\u0117s ma\u0161inos<\/strong><\/em><\/p>\n\n\n\n<p style=\"margin-bottom:var(--wp--preset--spacing--tb-section-padding)\">Pagerinkite savo sveikatingumo kelion\u0119 su &#8222;Evolve Prime&#8221; serijos selektoriniais treniruokliais. \u0160iuose treniruokliuose, skirtuose efektyvioms treniruot\u0117ms, si\u016bloma daugyb\u0117 funkcij\u0173, kurios pagerins j\u016bs\u0173 treniruo\u010di\u0173 rutin\u0105. Reguliuojamos s\u0117dyn\u0117s ir atlo\u0161ai, tod\u0117l naudotojai gali pritaikyti treniruo\u010di\u0173 pad\u0117t\u012f, kad b\u016bt\u0173 kuo patogiau. Ma\u0161inos pasi\u017eymi itin patvariu ovalo formos r\u0117mu, kuris u\u017etikrina stiling\u0105 dizain\u0105 ir ilgaam\u017ei\u0161kum\u0105, tinkam\u0105 naudoti komercin\u0117se patalpose. Patogus mink\u0161tas pagrindas u\u017etikrina stabilum\u0105 treniruo\u010di\u0173 metu, o neslystan\u010dios rankenos, \u017eemo profilio bok\u0161to dizainas, kompakti\u0161kas dydis ir pritaikomos r\u0117mo bei apmu\u0161al\u0173 spalvos suteikia j\u016bs\u0173 sporto salei stiliaus. Atraskite vienpus\u012f judes\u012f ir suart\u0117jan\u010dias a\u0161is, kurie suteikia nat\u016brali\u0105 ir subalansuot\u0105 treniruo\u010di\u0173 patirt\u012f.<\/p>\n\n\n\n<h3 class=\"wp-block-heading\" style=\"margin-bottom:var(--wp--preset--spacing--h-3-bottom)\">Ergonomin\u0117 kompetencija<\/h3>\n\n\n\n<p><strong><em>Pritaikyta j\u016bs\u0173 k\u016bnui<\/em><\/strong><\/p>\n\n\n\n<p>M\u016bs\u0173 selektoriniai j\u0117gos treniruokliai pasi\u017eymi ergonomi\u0161ka konstrukcija, atitinkan\u010dia \u017emogaus k\u016bno anatomij\u0105. Taip u\u017etikrinama taisyklinga k\u016bno pad\u0117tis ir treniruo\u010di\u0173 metu stabilizuojami s\u0105nariai. Rankenos padengtos neslystan\u010dia med\u017eiaga, u\u017etikrinan\u010dia maksimal\u0173 stabilum\u0105 ir treniruo\u010di\u0173 saugum\u0105. Reguliuojamos s\u0117dyn\u0117s ir atlo\u0161ai leid\u017eia naudotojams rasti tobul\u0105 treniruo\u010di\u0173 pad\u0117t\u012f, atitinkan\u010di\u0105 j\u0173 individualius poreikius. Ry\u0161kia raudona spalva nuda\u017eytas reguliavimo rankenas lengva atpa\u017einti ir patogu naudoti.<\/p>\n<\/div>\n\n\n\n<div class=\"wp-block-column is-vertically-aligned-center is-layout-flow wp-block-column-is-layout-flow\">\n<figure class=\"wp-block-image size-large is-resized is-style-rounded\"><img loading=\"lazy\" decoding=\"async\" width=\"617\" height=\"617\" src=\"https:\/\/store.evolve-fitness.eu\/wp-content\/uploads\/2024\/06\/Dizainas-be-pavadinimo-19-edited.png\" alt=\"\" class=\"wp-image-74874\" style=\"width:910px;height:auto\" srcset=\"https:\/\/store.evolve-fitness.eu\/wp-content\/uploads\/2024\/06\/Dizainas-be-pavadinimo-19-edited.png 617w, https:\/\/store.evolve-fitness.eu\/wp-content\/uploads\/2024\/06\/Dizainas-be-pavadinimo-19-edited-300x300.png 300w, https:\/\/store.evolve-fitness.eu\/wp-content\/uploads\/2024\/06\/Dizainas-be-pavadinimo-19-edited-150x150.png 150w, https:\/\/store.evolve-fitness.eu\/wp-content\/uploads\/2024\/06\/Dizainas-be-pavadinimo-19-edited-600x600.png 600w, https:\/\/store.evolve-fitness.eu\/wp-content\/uploads\/2024\/06\/Dizainas-be-pavadinimo-19-edited-100x100.png 100w\" sizes=\"auto, (max-width: 617px) 100vw, 617px\" \/><\/figure>\n<\/div>\n<\/div>\n<\/section>\n\n\n\n<section class=\"wp-block-group alignfull black-content has-white-color has-darkgray-background-color has-text-color has-background is-layout-constrained wp-block-group-is-layout-constrained\" style=\"padding-top:var(--wp--preset--spacing--section-bottom);padding-bottom:var(--wp--preset--spacing--section-bottom)\">\n<div class=\"wp-block-columns alignwide mobile-reverse is-layout-flex wp-container-core-columns-is-layout-ca64bf2d wp-block-columns-is-layout-flex\" style=\"margin-bottom:var(--wp--preset--spacing--side-padding)\">\n<div class=\"wp-block-column is-vertically-aligned-center is-layout-flow wp-block-column-is-layout-flow\">\n<figure class=\"wp-block-image size-large is-resized\"><img loading=\"lazy\" decoding=\"async\" width=\"617\" height=\"617\" src=\"https:\/\/store.evolve-fitness.eu\/wp-content\/uploads\/2024\/06\/Dizainas-be-pavadinimo-19-3-edited.png\" alt=\"\" class=\"wp-image-74849\" style=\"width:835px;height:auto\" srcset=\"https:\/\/store.evolve-fitness.eu\/wp-content\/uploads\/2024\/06\/Dizainas-be-pavadinimo-19-3-edited.png 617w, https:\/\/store.evolve-fitness.eu\/wp-content\/uploads\/2024\/06\/Dizainas-be-pavadinimo-19-3-edited-300x300.png 300w, https:\/\/store.evolve-fitness.eu\/wp-content\/uploads\/2024\/06\/Dizainas-be-pavadinimo-19-3-edited-150x150.png 150w, https:\/\/store.evolve-fitness.eu\/wp-content\/uploads\/2024\/06\/Dizainas-be-pavadinimo-19-3-edited-600x600.png 600w, https:\/\/store.evolve-fitness.eu\/wp-content\/uploads\/2024\/06\/Dizainas-be-pavadinimo-19-3-edited-100x100.png 100w\" sizes=\"auto, (max-width: 617px) 100vw, 617px\" \/><\/figure>\n<\/div>\n\n\n\n<div class=\"wp-block-column is-vertically-aligned-center is-layout-flow wp-block-column-is-layout-flow\">\n<h3 class=\"wp-block-heading\" style=\"margin-bottom:var(--wp--preset--spacing--h-3-bottom)\">Saugumas ir paprastumas<\/h3>\n\n\n\n<p><strong><em>Lengvas reguliavimas<\/em><\/strong><\/p>\n\n\n\n<p style=\"margin-bottom:var(--wp--preset--spacing--tb-section-padding)\">Svarbiausia &#8211; saugumas, tod\u0117l vis\u0173 selektorini\u0173 j\u0117gos ma\u0161in\u0173 svori\u0173 kr\u016bvos yra visi\u0161kai u\u017edengtos nepermatomais plastikiniais dang\u010diais. Tai ne tik padidina treniruo\u010di\u0173 saugum\u0105, bet ir suteikia patraukli\u0105 i\u0161vaizd\u0105. Pasiprie\u0161inim\u0105 pakeisti paprasta &#8211; tiesiog \u012fstumkite kai\u0161t\u012f \u012f norim\u0105 svor\u012f. Kiekviena svorio plok\u0161tel\u0117 apsaugota papildomu korozijai atspariu sluoksniu.<\/p>\n\n\n\n<h3 class=\"wp-block-heading\" style=\"margin-bottom:var(--wp--preset--spacing--h-3-bottom)\">Daugiafunkcinis<\/h3>\n\n\n\n<p><strong><em>Patogumas ranka pasiekiamas<\/em><\/strong><\/p>\n\n\n\n<p>\u012emontuotuose laikymo skyriuose galima laikyti b\u016btiniausius daiktus, pavyzd\u017eiui, vandens buteliukus, muzikos grotuvus ar mobiliuosius telefonus, kad jie b\u016bt\u0173 pasiekiami ranka. Informacin\u0117se lentel\u0117se pavaizduota, kokioms raumen\u0173 grup\u0117ms skirtas kiekvienas treniruoklis, pateikta tinkama k\u016bno pad\u0117tis ir judesi\u0173 gair\u0117s, kad pratimai b\u016bt\u0173 atliekami teisingai. Susilie\u010dian\u010dios a\u0161ys imituoja nat\u016bralius judesius, o vienpusis rankenos judesys leid\u017eia tikslingai \u012fjungti raumenis tiek viena, tiek abiem rankomis, skatinant j\u0117g\u0105, simetrij\u0105 ir pusiausvyr\u0105.<\/p>\n<\/div>\n<\/div>\n<\/section>\n\n\n\n<section class=\"wp-block-group alignfull black-content has-white-color has-darkgray-background-color has-text-color has-background is-layout-constrained wp-block-group-is-layout-constrained\" style=\"padding-top:var(--wp--preset--spacing--section-bottom);padding-bottom:var(--wp--preset--spacing--section-bottom)\">\n<div class=\"wp-block-columns alignwide mobile-reverse is-layout-flex wp-container-core-columns-is-layout-ca64bf2d wp-block-columns-is-layout-flex\" style=\"margin-bottom:var(--wp--preset--spacing--side-padding)\">\n<div class=\"wp-block-column is-vertically-aligned-center is-layout-flow wp-block-column-is-layout-flow\">\n<h3 class=\"wp-block-heading\" style=\"margin-bottom:var(--wp--preset--spacing--h-3-bottom)\">Puikus komfortas<\/h3>\n\n\n\n<p><strong><em>Palaikomasis apmu\u0161alas<\/em><\/strong><\/p>\n\n\n\n<p style=\"margin-bottom:var(--wp--preset--spacing--tb-section-padding)\">Svarbiausia &#8211; saugumas, tod\u0117l vis\u0173 selektorini\u0173 j\u0117gos ma\u0161in\u0173 svori\u0173 kr\u016bvos yra visi\u0161kai u\u017edengtos nepermatomais plastikiniais dang\u010diais. Tai ne tik padidina treniruo\u010di\u0173 saugum\u0105, bet ir suteikia patraukli\u0105 i\u0161vaizd\u0105. Pasiprie\u0161inim\u0105 pakeisti paprasta &#8211; tiesiog \u012fstumkite kai\u0161t\u012f \u012f norim\u0105 svor\u012f. Kiekviena svorio plok\u0161tel\u0117 apsaugota papildomu korozijai atspariu sluoksniu.<\/p>\n\n\n\n<h3 class=\"wp-block-heading\" style=\"margin-bottom:var(--wp--preset--spacing--h-3-bottom)\">Sukurta, kad tarnaut\u0173 ilgai<\/h3>\n\n\n\n<p><strong><em>Patikima sistema<\/em><\/strong><\/p>\n\n\n\n<p>R\u0117mas pagamintas i\u0161 suvirint\u0173, milteliniu b\u016bdu da\u017eyt\u0173 ovalini\u0173 vamzd\u017ei\u0173, tod\u0117l yra ne tik itin patvarus, bet ir atsparus r\u016bdims. Nesvarbu, ar esate nam\u0173 vartotojas, ie\u0161kantis kokyb\u0117s, ar profesionali sporto sal\u0117, ar komercin\u0117 sporto \u012fstaiga, \u012fskaitant karines bazes, vie\u0161bu\u010dius, nakvyn\u0117s namus ir reabilitacijos centrus, \u0161ie treniruokliai sukurti taip, kad atitikt\u0173 j\u016bs\u0173 l\u016bkes\u010dius.<\/p>\n\n\n\n<p><\/p>\n\n\n\n<div class=\"wp-block-columns is-layout-flex wp-container-core-columns-is-layout-9d6595d7 wp-block-columns-is-layout-flex\">\n<div class=\"wp-block-column is-layout-flow wp-block-column-is-layout-flow\">\n<div class=\"wp-block-columns is-layout-flex wp-container-core-columns-is-layout-9d6595d7 wp-block-columns-is-layout-flex\">\n<div class=\"wp-block-column is-layout-flow wp-block-column-is-layout-flow\"><\/div>\n<\/div>\n<\/div>\n<\/div>\n\n\n\n<h3 class=\"wp-block-heading\" style=\"margin-bottom:var(--wp--preset--spacing--h-3-bottom)\">Idealiai tinka profesionalams<\/h3>\n\n\n\n<p><strong><em>Pritaikykite savo sporto sal\u0119<\/em><\/strong><\/p>\n\n\n\n<p>Pagerinkite savo sporto sal\u0117s prek\u0117s \u017eenklo \u012fvaizd\u012f naudodami j\u016bs\u0173 stili\u0173 atitinkan\u010di\u0105 \u012frang\u0105. U\u017esisakydami &#8222;Evolve&#8221; \u012frang\u0105, suderinsime j\u0105 su j\u016bs\u0173 interjero spalvine gama ir pritaikysime r\u0117mo bei apmu\u0161al\u0173 spalvas, kad jos tikt\u0173 j\u016bs\u0173 erdvei. I\u0161bandykite sprendim\u0105, kurio lauk\u0117te, &#8211; treniruokli\u0173 \u012frang\u0105, pritaikyt\u0105 j\u016bs\u0173 poreikiams. Rinkit\u0117s auk\u0161tos kokyb\u0117s treniruokli\u0173 \u012frang\u0105, kuri puikiai tinka komercin\u0117je aplinkoje ir papildo j\u016bs\u0173 interjero spalvin\u0119 gam\u0105.<\/p>\n<\/div>\n\n\n\n<div class=\"wp-block-column is-vertically-aligned-center is-layout-flow wp-block-column-is-layout-flow\">\n<figure class=\"wp-block-image size-large is-resized\"><img loading=\"lazy\" decoding=\"async\" width=\"617\" height=\"617\" src=\"https:\/\/store.evolve-fitness.eu\/wp-content\/uploads\/2024\/06\/Dizainas-be-pavadinimo-19-4-edited.png\" alt=\"\" class=\"wp-image-74824\" style=\"width:956px;height:auto\" srcset=\"https:\/\/store.evolve-fitness.eu\/wp-content\/uploads\/2024\/06\/Dizainas-be-pavadinimo-19-4-edited.png 617w, https:\/\/store.evolve-fitness.eu\/wp-content\/uploads\/2024\/06\/Dizainas-be-pavadinimo-19-4-edited-300x300.png 300w, https:\/\/store.evolve-fitness.eu\/wp-content\/uploads\/2024\/06\/Dizainas-be-pavadinimo-19-4-edited-150x150.png 150w, https:\/\/store.evolve-fitness.eu\/wp-content\/uploads\/2024\/06\/Dizainas-be-pavadinimo-19-4-edited-600x600.png 600w, https:\/\/store.evolve-fitness.eu\/wp-content\/uploads\/2024\/06\/Dizainas-be-pavadinimo-19-4-edited-100x100.png 100w\" sizes=\"auto, (max-width: 617px) 100vw, 617px\" \/><\/figure>\n<\/div>\n<\/div>\n<\/section>\n<\/section>\n","protected":false},"excerpt":{"rendered":"<p>Pagerinkite savo treniruotes su &#8222;Evolution Prime Series&#8221; selektoriniu koj\u0173 presu. \u0160iame eleganti\u0161kame ir ergonomi\u0161kame treniruoklyje galima reguliuoti svor\u012f, jis turi saugias neslystan\u010dias funkcijas ir 150 kg svor\u012f. Sukurtas taip, kad b\u016bt\u0173 na\u0161us ir patvarus, jis puikiai tinka bet kuriai sporto salei.<\/p>\n","protected":false},"featured_media":4320,"template":"","meta":{"_acf_changed":false,"inline_featured_image":false},"product_cat":[117,166,185],"product_tag":[],"class_list":{"0":"post-9099","1":"product","2":"type-product","3":"status-publish","4":"has-post-thumbnail","6":"product_cat-pagrindinis-puslapis","7":"product_cat-pasirinktines-masinos","8":"product_cat-prime-serijos-selektoriai","10":"first","11":"instock","12":"shipping-taxable","13":"purchasable","14":"product-type-simple"},"acf":[],"_links":{"self":[{"href":"https:\/\/store.evolve-fitness.eu\/lt\/wp-json\/wp\/v2\/product\/9099","targetHints":{"allow":["GET"]}}],"collection":[{"href":"https:\/\/store.evolve-fitness.eu\/lt\/wp-json\/wp\/v2\/product"}],"about":[{"href":"https:\/\/store.evolve-fitness.eu\/lt\/wp-json\/wp\/v2\/types\/product"}],"wp:featuredmedia":[{"embeddable":true,"href":"https:\/\/store.evolve-fitness.eu\/lt\/wp-json\/wp\/v2\/media\/4320"}],"wp:attachment":[{"href":"https:\/\/store.evolve-fitness.eu\/lt\/wp-json\/wp\/v2\/media?parent=9099"}],"wp:term":[{"taxonomy":"product_cat","embeddable":true,"href":"https:\/\/store.evolve-fitness.eu\/lt\/wp-json\/wp\/v2\/product_cat?post=9099"},{"taxonomy":"product_tag","embeddable":true,"href":"https:\/\/store.evolve-fitness.eu\/lt\/wp-json\/wp\/v2\/product_tag?post=9099"}],"curies":[{"name":"wp","href":"https:\/\/api.w.org\/{rel}","templated":true}]}}