{"id":9044,"date":"2024-01-05T06:43:42","date_gmt":"2024-01-05T06:43:42","guid":{"rendered":"https:\/\/store.evolve-fitness.eu\/produktas\/evolve-selectorized-econ-series-3-stociu-daugiafunkcine-treniruokliu-sale-koju-presas\/"},"modified":"2024-12-06T12:49:06","modified_gmt":"2024-12-06T12:49:06","slug":"evolve-selectorized-econ-series-3-stociu-daugiafunkcine-treniruokliu-sale-koju-presas","status":"publish","type":"product","link":"https:\/\/store.evolve-fitness.eu\/lt\/produktas\/evolve-selectorized-econ-series-3-stociu-daugiafunkcine-treniruokliu-sale-koju-presas\/","title":{"rendered":"&#8222;Evolve Selectorized Econ Series&#8221; &#8211; 3 sto\u010di\u0173 daugiafunkcin\u0117 treniruokli\u0173 sal\u0117 + koj\u0173 presas"},"content":{"rendered":"\n<section class=\"wp-block-group alignfull black-content has-white-color has-darkgray-background-color has-text-color has-background is-layout-constrained wp-block-group-is-layout-constrained\" style=\"padding-top:var(--wp--preset--spacing--section-bottom);padding-bottom:var(--wp--preset--spacing--section-bottom)\">\n<div class=\"wp-block-columns alignwide mobile-reverse is-layout-flex wp-container-core-columns-is-layout-ca64bf2d wp-block-columns-is-layout-flex\" style=\"margin-bottom:var(--wp--preset--spacing--side-padding)\">\n<div class=\"wp-block-column is-vertically-aligned-center is-layout-flow wp-block-column-is-layout-flow\">\n<h3 class=\"wp-block-heading\" style=\"margin-bottom:var(--wp--preset--spacing--h-3-bottom)\">&#8222;Evolve Econ&#8221; serija<\/h3>\n\n\n\n<p><em><strong><em><strong>\u012eperkama kompetencija<\/strong><\/em><\/strong><\/em><\/p>\n\n\n\n<p style=\"margin-bottom:var(--wp--preset--spacing--tb-section-padding)\">Sveiki atvyk\u0119 \u012f &#8222;Evolve Econ&#8221; serij\u0105, kurioje i\u0161 naujo apibr\u0117\u017eiame meistri\u0161kum\u0105, nesugadindami banko. M\u016bs\u0173 &#8222;Econ&#8221; serijos treniruokliai skirti vis\u0173 dyd\u017ei\u0173 sporto sali\u0173 savininkams, b\u016bsimiems sporto sali\u0173 savininkams ir treniruokli\u0173 centrams, tod\u0117l si\u016blome ekonomi\u0161kus rinktinius treniruoklius, kuriuose pirmenyb\u0117 teikiama kokybei ir na\u0161umui. Panagrin\u0117kime unikalias savybes, d\u0117l kuri\u0173 &#8222;Econ&#8221; serijos treniruokliai yra i\u0161skirtinis pasirinkimas tiems, kurie ie\u0161ko nebrangios, ta\u010diau auk\u0161tos kokyb\u0117s treniruokli\u0173.<\/p>\n\n\n\n<h3 class=\"wp-block-heading\" style=\"margin-bottom:var(--wp--preset--spacing--h-3-bottom)\">Patvarumas ir apsauga<\/h3>\n\n\n\n<p><strong><em><strong><em>Milteliais dengt\u0173 r\u0117m\u0173 privalumas<\/em><\/strong><\/em><\/strong><\/p>\n\n\n\n<p>Atraskite m\u016bs\u0173 \u012frangos ilgaam\u017ei\u0161kum\u0105 su milteliniu b\u016bdu dengt\u0173 r\u0117m\u0173 privalumais. \u0160ie r\u0117mai yra atspar\u016bs dro\u017el\u0117ms ir r\u016bdims, tod\u0117l yra pritaikyti ilgaam\u017ei\u0161kumui ir u\u017etikrina, kad j\u016bs\u0173 investicija atlaikys laiko i\u0161bandym\u0105. Sporto sali\u0173 savininkams ir biud\u017eet\u0105 taupan\u010dioms sporto \u012fstaigoms \u0161i savyb\u0117 yra labai svarbi, nes ji u\u017etikrina ilgalaik\u0119 \u012frang\u0105, kuri nesuma\u017eina biud\u017eeto.<\/p>\n<\/div>\n\n\n\n<div class=\"wp-block-column is-vertically-aligned-center is-layout-flow wp-block-column-is-layout-flow\">\n<figure class=\"wp-block-image alignright size-full is-resized is-style-rounded\"><img loading=\"lazy\" decoding=\"async\" width=\"680\" height=\"600\" src=\"https:\/\/store.evolve-fitness.eu\/wp-content\/uploads\/2024\/05\/Evolve-Selectorized-EC-350.png\" alt=\"\" class=\"wp-image-69197\" style=\"object-fit:cover;width:820px;height:auto\" srcset=\"https:\/\/store.evolve-fitness.eu\/wp-content\/uploads\/2024\/05\/Evolve-Selectorized-EC-350.png 680w, https:\/\/store.evolve-fitness.eu\/wp-content\/uploads\/2024\/05\/Evolve-Selectorized-EC-350-300x265.png 300w, https:\/\/store.evolve-fitness.eu\/wp-content\/uploads\/2024\/05\/Evolve-Selectorized-EC-350-600x529.png 600w\" sizes=\"auto, (max-width: 680px) 100vw, 680px\" \/><\/figure>\n<\/div>\n<\/div>\n\n\n\n<div class=\"wp-block-columns alignwide is-layout-flex wp-container-core-columns-is-layout-c45ee707 wp-block-columns-is-layout-flex\" style=\"margin-bottom:var(--wp--preset--spacing--side-padding);padding-top:var(--wp--preset--spacing--side-padding)\">\n<div class=\"wp-block-column is-vertically-aligned-center is-layout-flow wp-block-column-is-layout-flow\">\n<figure class=\"wp-block-image size-full is-resized is-style-rounded\"><img loading=\"lazy\" decoding=\"async\" width=\"680\" height=\"600\" src=\"https:\/\/store.evolve-fitness.eu\/wp-content\/uploads\/2024\/05\/Evolve-Selectorized-EC-350-1.png\" alt=\"\" class=\"wp-image-69222\" style=\"aspect-ratio:1;object-fit:cover;width:800px;height:auto\" srcset=\"https:\/\/store.evolve-fitness.eu\/wp-content\/uploads\/2024\/05\/Evolve-Selectorized-EC-350-1.png 680w, https:\/\/store.evolve-fitness.eu\/wp-content\/uploads\/2024\/05\/Evolve-Selectorized-EC-350-1-300x265.png 300w, https:\/\/store.evolve-fitness.eu\/wp-content\/uploads\/2024\/05\/Evolve-Selectorized-EC-350-1-600x529.png 600w\" sizes=\"auto, (max-width: 680px) 100vw, 680px\" \/><\/figure>\n<\/div>\n\n\n\n<div class=\"wp-block-column is-vertically-aligned-center is-layout-flow wp-block-column-is-layout-flow\">\n<h3 class=\"wp-block-heading\" style=\"margin-bottom:var(--wp--preset--spacing--h-3-bottom)\">Sauga atitinka stili\u0173<\/h3>\n\n\n\n<p><strong><em><strong><em>Apgaubti svori\u0173 kaminai<\/em><\/strong><\/em><\/strong><\/p>\n\n\n\n<p style=\"margin-bottom:var(--wp--preset--spacing--tb-section-padding)\">&#8222;Econ&#8221; serijoje saugumas ir stilius derinami su &#8222;Shrouded Weight Stacks&#8221;. Nepermatomi plastikiniai dang\u010diai u\u017etikrina treniruo\u010di\u0173 saugum\u0105 ir kartu suteikia elegancijos j\u016bs\u0173 treniruo\u010di\u0173 erdvei. Nesvarbu, ar esate sporto sal\u0117s savininkas, ar fitneso entuziastas, \u012fvertinsite vizualin\u012f patrauklum\u0105 ir saugum\u0105, kur\u012f \u0161ie gaubtai suteikia j\u016bs\u0173 sporto salei.<\/p>\n\n\n\n<h3 class=\"wp-block-heading\" style=\"margin-bottom:var(--wp--preset--spacing--h-3-bottom)\">Saugokite savo erdv\u0119<\/h3>\n\n\n\n<p><strong><em><strong><em>Gumin\u0117s trinkel\u0117s grindims apsaugoti<\/em><\/strong><\/em><\/strong><\/p>\n\n\n\n<p>Naudodami gumines pagalv\u0117les palaikykite \u0161vari\u0105 ir nepa\u017eeist\u0105 treniruo\u010di\u0173 aplink\u0105. Sporto sali\u0173 savininkai supranta, kaip svarbu saugoti sporto sal\u0117s grindis. M\u016bs\u0173 guma padengtos kojos apsaugo grindis nuo \u012fbr\u0117\u017eim\u0173 ir galimos \u017ealos, tod\u0117l &#8222;Econ&#8221; serija yra ekonomi\u0161kas pasirinkimas sporto sali\u0173 savininkams, norintiems apsaugoti savo erdv\u0119.<\/p>\n<\/div>\n<\/div>\n\n\n\n<div class=\"wp-block-columns alignwide are-vertically-aligned-center mobile-reverse is-layout-flex wp-container-core-columns-is-layout-e8158c2f wp-block-columns-is-layout-flex\" style=\"padding-top:var(--wp--preset--spacing--side-padding)\">\n<div class=\"wp-block-column is-vertically-aligned-center is-layout-flow wp-block-column-is-layout-flow\">\n<h3 class=\"wp-block-heading\" style=\"margin-bottom:var(--wp--preset--spacing--h-3-bottom)\">I\u0161manusis patogumas<\/h3>\n\n\n\n<p><strong><em>\u012emontuota saugykla \u0161iuolaikin\u0117ms treniruot\u0117ms<\/em><\/strong><\/p>\n\n\n\n<p style=\"margin-bottom:var(--wp--preset--spacing--tb-section-padding)\">\u0160iandienin\u0117je fitneso aplinkoje labai svarbu, kad b\u016bt\u0173 patogu. M\u016bs\u0173 \u012fmontuota saugykla u\u017etikrina, kad sporto klub\u0173 savininkai ir fitneso entuziastai gal\u0117t\u0173 laikyti vandens buteliukus, mobiliuosius telefonus ir kitus priedus lengvai pasiekiamoje vietoje. Tai nedidel\u0117, bet paveiki funkcija, sukurta siekiant patenkinti \u0161iuolaikinius klient\u0173 fitneso poreikius.<\/p>\n\n\n\n<h3 class=\"wp-block-heading\" style=\"margin-bottom:var(--wp--preset--spacing--h-3-bottom)\">Pasitik\u0117jimas ir stabilumas<\/h3>\n\n\n\n<p><strong><em>Neslystan\u010dios rankenos saugioms treniruot\u0117ms<\/em><\/strong><\/p>\n\n\n\n<p>Teikite pirmenyb\u0119 treniruo\u010di\u0173 saugumui ir stabilumui su neslystan\u010diomis rankenomis. Sporto sali\u0173 savininkai ir treniruokli\u0173 centr\u0173 vadovai supranta, kokia svarbi yra pasitik\u0117jim\u0105 kelianti \u012franga. M\u016bs\u0173 rankenos padengtos neslystan\u010dia med\u017eiaga, tod\u0117l treniruo\u010di\u0173 metu naudotojams suteikiama reikiama garantija.<\/p>\n<\/div>\n\n\n\n<div class=\"wp-block-column is-vertically-aligned-center is-layout-flow wp-block-column-is-layout-flow\">\n<figure class=\"wp-block-image alignright size-full is-resized is-style-rounded\"><img loading=\"lazy\" decoding=\"async\" width=\"680\" height=\"600\" src=\"https:\/\/store.evolve-fitness.eu\/wp-content\/uploads\/2024\/05\/Evolve-Selectorized-EC-350-2.png\" alt=\"\" class=\"wp-image-69247\" style=\"aspect-ratio:1;width:748px;height:auto\" srcset=\"https:\/\/store.evolve-fitness.eu\/wp-content\/uploads\/2024\/05\/Evolve-Selectorized-EC-350-2.png 680w, https:\/\/store.evolve-fitness.eu\/wp-content\/uploads\/2024\/05\/Evolve-Selectorized-EC-350-2-300x265.png 300w, https:\/\/store.evolve-fitness.eu\/wp-content\/uploads\/2024\/05\/Evolve-Selectorized-EC-350-2-600x529.png 600w\" sizes=\"auto, (max-width: 680px) 100vw, 680px\" \/><\/figure>\n<\/div>\n<\/div>\n\n\n\n<div class=\"wp-block-columns alignwide are-vertically-aligned-center mobile-reverse is-layout-flex wp-container-core-columns-is-layout-e8158c2f wp-block-columns-is-layout-flex\" style=\"padding-top:var(--wp--preset--spacing--side-padding)\">\n<div class=\"wp-block-column is-vertically-aligned-center is-layout-flow wp-block-column-is-layout-flow\">\n<figure class=\"wp-block-image alignright size-full is-resized is-style-rounded\"><img loading=\"lazy\" decoding=\"async\" width=\"680\" height=\"600\" src=\"https:\/\/store.evolve-fitness.eu\/wp-content\/uploads\/2024\/05\/Evolve-Selectorized-EC-350-3.png\" alt=\"\" class=\"wp-image-69272\" style=\"aspect-ratio:1;width:783px;height:auto\" srcset=\"https:\/\/store.evolve-fitness.eu\/wp-content\/uploads\/2024\/05\/Evolve-Selectorized-EC-350-3.png 680w, https:\/\/store.evolve-fitness.eu\/wp-content\/uploads\/2024\/05\/Evolve-Selectorized-EC-350-3-300x265.png 300w, https:\/\/store.evolve-fitness.eu\/wp-content\/uploads\/2024\/05\/Evolve-Selectorized-EC-350-3-600x529.png 600w\" sizes=\"auto, (max-width: 680px) 100vw, 680px\" \/><\/figure>\n<\/div>\n\n\n\n<div class=\"wp-block-column is-vertically-aligned-center is-layout-flow wp-block-column-is-layout-flow\">\n<h3 class=\"wp-block-heading\" style=\"margin-bottom:var(--wp--preset--spacing--h-3-bottom)\">Ilgalaikis komfortas<\/h3>\n\n\n\n<p><strong><em><strong><em>Sunkiasvoris apmu\u0161alas fitneso entuziastams<\/em><\/strong><\/em><\/strong><\/p>\n\n\n\n<p style=\"margin-bottom:var(--wp--preset--spacing--tb-section-padding)\">Patirkite ilgalaik\u012f komfort\u0105 su m\u016bs\u0173 didelio atsparumo apmu\u0161alais. Patogus ir elastingas, jis prisitaiko prie naudotojo k\u016bno form\u0173 ir u\u017etikrina, kad kiekviena treniruot\u0117 b\u016bt\u0173 ne tik ekonomi\u0161ka, bet ir patogi. Sporto sali\u0173 savininkai gali suteikti savo klientams patogi\u0105 treniruo\u010di\u0173 patirt\u012f, d\u0117l kurios jie vis sugr\u012f\u017eta.<\/p>\n\n\n\n<h3 class=\"wp-block-heading\" style=\"margin-bottom:var(--wp--preset--spacing--h-3-bottom)\">Universalios parinktys<\/h3>\n\n\n\n<p><strong><em><strong><em>Suart\u0117jan\u010dios a\u0161ies ginklai ir viena\u0161ali\u0161kas jud\u0117jimas <\/em><\/strong><em>(galima naudoti kai kuriose ma\u0161inose)<\/em><\/em><\/strong><\/p>\n\n\n\n<p>Patirkite ilgalaik\u012f komfort\u0105 su m\u016bs\u0173 didelio atsparumo apmu\u0161alais. Patogus ir elastingas, jis prisitaiko prie naudotojo k\u016bno form\u0173 ir u\u017etikrina, kad kiekviena treniruot\u0117 b\u016bt\u0173 ne tik ekonomi\u0161ka, bet ir patogi. Sporto sali\u0173 savininkai gali suteikti savo klientams patogi\u0105 treniruo\u010di\u0173 patirt\u012f, d\u0117l kurios jie vis sugr\u012f\u017eta.<\/p>\n<\/div>\n<\/div>\n<\/section>\n","protected":false},"excerpt":{"rendered":"<p>&gt;Evoliucionuokite efektyvias ir saugias treniruotes su &#8222;Evolve Econ&#8221; serijos selektoriniu 3 sto\u010di\u0173 daugiafunkciniu treniruokliu + koj\u0173 presu, EC-350. D\u0117l patogaus dizaino, patvaraus r\u0117mo ir tikslini\u0173 raumen\u0173 grupi\u0173 nurodym\u0173 jis puikiai tinka naudoti namuose ar komercin\u0117se patalpose. Vienu metu treniruokite iki trij\u0173 \u017emoni\u0173, taupydami viet\u0105 ir atlikdami \u012fvairius vir\u0161utin\u0117s k\u016bno dalies pratimus.<\/p>\n","protected":false},"featured_media":4181,"template":"","meta":{"_acf_changed":false,"inline_featured_image":false},"product_cat":[117,166,220],"product_tag":[],"class_list":{"0":"post-9044","1":"product","2":"type-product","3":"status-publish","4":"has-post-thumbnail","6":"product_cat-pagrindinis-puslapis","7":"product_cat-pasirinktines-masinos","8":"product_cat-econ-series-selektorizuoti-treniruokliai","10":"first","11":"outofstock","12":"shipping-taxable","13":"purchasable","14":"product-type-simple"},"acf":[],"_links":{"self":[{"href":"https:\/\/store.evolve-fitness.eu\/lt\/wp-json\/wp\/v2\/product\/9044","targetHints":{"allow":["GET"]}}],"collection":[{"href":"https:\/\/store.evolve-fitness.eu\/lt\/wp-json\/wp\/v2\/product"}],"about":[{"href":"https:\/\/store.evolve-fitness.eu\/lt\/wp-json\/wp\/v2\/types\/product"}],"wp:featuredmedia":[{"embeddable":true,"href":"https:\/\/store.evolve-fitness.eu\/lt\/wp-json\/wp\/v2\/media\/4181"}],"wp:attachment":[{"href":"https:\/\/store.evolve-fitness.eu\/lt\/wp-json\/wp\/v2\/media?parent=9044"}],"wp:term":[{"taxonomy":"product_cat","embeddable":true,"href":"https:\/\/store.evolve-fitness.eu\/lt\/wp-json\/wp\/v2\/product_cat?post=9044"},{"taxonomy":"product_tag","embeddable":true,"href":"https:\/\/store.evolve-fitness.eu\/lt\/wp-json\/wp\/v2\/product_tag?post=9044"}],"curies":[{"name":"wp","href":"https:\/\/api.w.org\/{rel}","templated":true}]}}