{"id":90255,"date":"2024-07-10T13:58:50","date_gmt":"2024-07-10T13:58:50","guid":{"rendered":"https:\/\/store.evolve-fitness.eu\/?post_type=product&#038;p=90255"},"modified":"2026-02-17T11:59:20","modified_gmt":"2026-02-17T11:59:20","slug":"evolve-vinyl-dumbbell-1","status":"publish","type":"product","link":"https:\/\/store.evolve-fitness.eu\/lt\/produktas\/evolve-vinyl-dumbbell-1\/","title":{"rendered":"&#8222;Evolve Vinyl Dumbbell"},"content":{"rendered":"\n<p> <mark style=\"background-color:rgba(0, 0, 0, 0);color:#ffffff\" class=\"has-inline-color\">ASD<\/mark><\/p>\n\n<p><\/p>\n\n<section class=\"wp-block-group alignfull black-content has-white-color has-darkgray-background-color has-text-color has-background is-layout-constrained wp-block-group-is-layout-constrained\" style=\"padding-top:var(--wp--preset--spacing--section-bottom);padding-bottom:var(--wp--preset--spacing--section-bottom)\">\n<section class=\"wp-block-group alignfull black-content has-white-color has-darkgray-background-color has-text-color has-background is-layout-constrained wp-block-group-is-layout-constrained\" style=\"padding-top:var(--wp--preset--spacing--section-bottom);padding-bottom:var(--wp--preset--spacing--section-bottom)\">\n<div class=\"wp-block-columns alignwide mobile-reverse is-layout-flex wp-container-core-columns-is-layout-ca64bf2d wp-block-columns-is-layout-flex\" style=\"margin-bottom:var(--wp--preset--spacing--side-padding)\">\n<div class=\"wp-block-column is-vertically-aligned-center is-layout-flow wp-block-column-is-layout-flow\">\n<h3 class=\"wp-block-heading\" style=\"margin-bottom:var(--wp--preset--spacing--h-3-bottom)\"><strong>Komercin\u0117s klas\u0117s kokyb\u0117  <\/strong><\/h3>\n\n\n\n<p><em><strong><strong><strong>Kasdieniam naudojimui<\/strong><\/strong><\/strong><\/em><\/p>\n\n\n\n<p>&#8222;Evolve&#8221; viniliniai hanteliai sukurti taip, kad b\u016bt\u0173 atspar\u016bs ir da\u017enai naudojami. Tvirta vinilo danga ne tik u\u017etikrina patog\u0173 sukibim\u0105, bet ir palengvina valym\u0105. \u0160is apsauginis sluoksnis apsaugo treniruokli\u0173 \u012frang\u0105 nuo nusid\u0117v\u0117jimo, tod\u0117l jie yra ilgaam\u017eis bet kurios sporto sal\u0117s priedas.<\/p>\n<\/div>\n\n\n\n<div class=\"wp-block-column is-vertically-aligned-center is-layout-flow wp-block-column-is-layout-flow\">\n<figure class=\"wp-block-video\"><video autoplay=\"\" controls=\"\" loop=\"\" muted=\"\" src=\"https:\/\/evolve-fitness.eu\/wp-content\/uploads\/2023\/12\/1-1.mp4\"><\/video><\/figure>\n<\/div>\n<\/div>\n\n\n\n<div class=\"wp-block-columns alignwide is-layout-flex wp-container-core-columns-is-layout-c45ee707 wp-block-columns-is-layout-flex\" style=\"margin-bottom:var(--wp--preset--spacing--side-padding);padding-top:var(--wp--preset--spacing--side-padding)\">\n<div class=\"wp-block-column is-vertically-aligned-center is-layout-flow wp-block-column-is-layout-flow\">\n<figure class=\"wp-block-image size-large\"><img decoding=\"async\" src=\"https:\/\/evolve-fitness.eu\/wp-content\/uploads\/2023\/12\/A7_05379-1024x683.jpg\" alt=\"\" class=\"wp-image-7849\"\/><\/figure>\n<\/div>\n\n\n\n<div class=\"wp-block-column is-vertically-aligned-center is-layout-constrained wp-block-column-is-layout-constrained\">\n<h3 class=\"wp-block-heading\" style=\"margin-bottom:var(--wp--preset--spacing--h-3-bottom)\">Naujovi\u0161kas \u0161e\u0161iakampio dizainas su apsauga nuo ried\u0117jimo<\/h3>\n\n\n\n<p><strong><em><strong><em>Saugumas ir patogumas<\/em><\/strong><\/em><\/strong><\/p>\n\n\n\n<p>D\u0117l unikali\u0173 \u0161e\u0161iakampi\u0173 galvu\u010di\u0173 svarbiausia yra saugumas ir patogumas. \u0160i naujovi\u0161ka konstrukcija neleid\u017eia hanteliams ried\u0117ti, tod\u0117l treniruot\u0117s aplinka yra stabili ir saugi. Nesvarbu, ar esate intensyvios treniruot\u0117s viduryje, ar sand\u0117liuojate svarmenis, apsaugos nuo sukimo funkcija suteikia papildom\u0105 saugumo lyg\u012f.<\/p>\n<\/div>\n<\/div>\n\n\n\n<div class=\"wp-block-columns alignwide is-layout-flex wp-container-core-columns-is-layout-c45ee707 wp-block-columns-is-layout-flex\" style=\"margin-bottom:var(--wp--preset--spacing--side-padding);padding-top:var(--wp--preset--spacing--side-padding)\">\n<div class=\"wp-block-column is-vertically-aligned-center is-layout-flow wp-block-column-is-layout-flow\">\n<h3 class=\"wp-block-heading\" style=\"margin-bottom:var(--wp--preset--spacing--h-3-bottom)\">Universalios svorio parinktys  <\/h3>\n\n\n\n<p><strong><em><strong><em>Kiekvienam fitneso lygiui<\/em><\/strong><\/em><\/strong><\/p>\n\n\n\n<p>&#8222;Evolve&#8221; viniliniai hanteliai, kuri\u0173 svoris svyruoja nuo 1 kg iki 5 kg, tinka visiems fizinio pasirengimo lygiams. Pradedantieji gali prad\u0117ti nuo lengvesni\u0173 svori\u0173, o labiau pa\u017eeng\u0119 naudotojai gali i\u0161bandyti sunkesnes galimybes. \u012evairov\u0117 leid\u017eia visi\u0161kai pritaikyti treniruot\u0119 prie j\u016bs\u0173 tobul\u0117jan\u010dios fitneso kelion\u0117s.<\/p>\n<\/div>\n\n\n\n<div class=\"wp-block-column is-vertically-aligned-center is-layout-flow wp-block-column-is-layout-flow\">\n<div class=\"wp-block-columns is-layout-flex wp-container-core-columns-is-layout-9d6595d7 wp-block-columns-is-layout-flex\">\n<div class=\"wp-block-column is-layout-flow wp-block-column-is-layout-flow\">\n<figure class=\"wp-block-video\"><video autoplay=\"\" controls=\"\" loop=\"\" muted=\"\" src=\"https:\/\/evolve-fitness.eu\/wp-content\/uploads\/2023\/12\/2-1.mp4\"><\/video><\/figure>\n<\/div>\n<\/div>\n<\/div>\n<\/div>\n\n\n\n<div class=\"wp-block-columns alignwide is-layout-flex wp-container-core-columns-is-layout-c45ee707 wp-block-columns-is-layout-flex\" style=\"margin-bottom:var(--wp--preset--spacing--side-padding);padding-top:var(--wp--preset--spacing--side-padding)\">\n<div class=\"wp-block-column is-vertically-aligned-center is-layout-flow wp-block-column-is-layout-flow\">\n<div class=\"wp-block-columns is-layout-flex wp-container-core-columns-is-layout-9d6595d7 wp-block-columns-is-layout-flex\">\n<div class=\"wp-block-column is-layout-flow wp-block-column-is-layout-flow\">\n<figure class=\"wp-block-image size-full is-resized is-style-rounded\"><img decoding=\"async\" src=\"https:\/\/evolve-fitness.eu\/wp-content\/uploads\/2023\/11\/Vinyl-Dumbbells.webp\" alt=\"\" class=\"wp-image-7856\" style=\"object-fit:cover;width:680px;height:600px\"\/><\/figure>\n<\/div>\n<\/div>\n<\/div>\n\n\n\n<div class=\"wp-block-column is-vertically-aligned-center is-layout-flow wp-block-column-is-layout-flow\">\n<h3 class=\"wp-block-heading\" style=\"margin-bottom:var(--wp--preset--spacing--h-3-bottom)\">Kod\u0117l verta rinktis &#8222;Evolve Vinyl Dumbbells&#8221;?<\/h3>\n\n\n\n<ul class=\"wp-block-list\">\n<li><strong>Patvari vinilo danga<\/strong>: U\u017etikrina ilgaam\u017ei\u0161kum\u0105 ir patog\u0173 sukibim\u0105.<\/li>\n\n\n\n<li><strong>Anti-Roll dizainas<\/strong>: Padidina saugum\u0105 ir patogum\u0105 treniruo\u010di\u0173 metu.<\/li>\n\n\n\n<li><strong>Komercin\u0117s klas\u0117s<\/strong>: tinka tiek nam\u0173, tiek profesionalioms sporto sal\u0117ms.<\/li>\n\n\n\n<li><strong>Kelios svorio parinktys<\/strong>: pritaikyta vis\u0173 lygi\u0173 fitneso entuziastams.<\/li>\n\n\n\n<li><strong>Lengva valyti<\/strong>: Nereikalaujantis daug prie\u017ei\u016bros ir higieni\u0161kas.<\/li>\n<\/ul>\n<\/div>\n<\/div>\n\n\n\n<h5 class=\"wp-block-heading has-text-align-center\">Per\u017ei\u016br\u0117kite m\u016bs\u0173 pasirinkim\u0105 ir raskite puiki\u0105 &#8222;Evolve Vinyl Dumbbells&#8221; por\u0105 \u0161iandien!<\/h5>\n<\/section>\n<\/section>\n","protected":false},"excerpt":{"rendered":"<p>&#8222;Evolve&#8221; viniliniai hanteliai 2 x 1-5 kg yra puikus pasirinkimas visiems, norintiems pagerinti savo treniruo\u010di\u0173 rutin\u0105 naudojant patikim\u0105, saugi\u0105 ir universali\u0105 \u012frang\u0105. Pajuskite treniruo\u010di\u0173 skirtum\u0105 su \u0161iais auk\u0161\u010diausios klas\u0117s hanteliais. Pirkite dabar ir \u017eenkite pirm\u0105 \u017eingsn\u012f link efektyvesnio ir malonesnio mank\u0161tinimosi re\u017eimo.  <\/p>\n<p>\n","protected":false},"featured_media":92076,"template":"","meta":{"_acf_changed":false,"inline_featured_image":false},"product_cat":[131,192],"product_tag":[],"class_list":{"0":"post-90255","1":"product","2":"type-product","3":"status-publish","4":"has-post-thumbnail","6":"product_cat-hanteliai","7":"product_cat-studija","9":"first","10":"outofstock","11":"shipping-taxable","12":"purchasable","13":"product-type-variable"},"acf":[],"_links":{"self":[{"href":"https:\/\/store.evolve-fitness.eu\/lt\/wp-json\/wp\/v2\/product\/90255","targetHints":{"allow":["GET"]}}],"collection":[{"href":"https:\/\/store.evolve-fitness.eu\/lt\/wp-json\/wp\/v2\/product"}],"about":[{"href":"https:\/\/store.evolve-fitness.eu\/lt\/wp-json\/wp\/v2\/types\/product"}],"wp:featuredmedia":[{"embeddable":true,"href":"https:\/\/store.evolve-fitness.eu\/lt\/wp-json\/wp\/v2\/media\/92076"}],"wp:attachment":[{"href":"https:\/\/store.evolve-fitness.eu\/lt\/wp-json\/wp\/v2\/media?parent=90255"}],"wp:term":[{"taxonomy":"product_cat","embeddable":true,"href":"https:\/\/store.evolve-fitness.eu\/lt\/wp-json\/wp\/v2\/product_cat?post=90255"},{"taxonomy":"product_tag","embeddable":true,"href":"https:\/\/store.evolve-fitness.eu\/lt\/wp-json\/wp\/v2\/product_tag?post=90255"}],"curies":[{"name":"wp","href":"https:\/\/api.w.org\/{rel}","templated":true}]}}