{"id":9008,"date":"2024-01-03T14:50:41","date_gmt":"2024-01-03T14:50:41","guid":{"rendered":"https:\/\/store.evolve-fitness.eu\/produktas\/evolve-ultra-series-komercinis-gulintis-dviratis\/"},"modified":"2025-09-25T18:12:10","modified_gmt":"2025-09-25T18:12:10","slug":"evolve-ultra-series-komercinis-gulintis-dviratis","status":"publish","type":"product","link":"https:\/\/store.evolve-fitness.eu\/lt\/produktas\/evolve-ultra-series-komercinis-gulintis-dviratis\/","title":{"rendered":"&#8222;Evolve Ultra Series&#8221; komercinis gulintis dviratis"},"content":{"rendered":"\n<section class=\"wp-block-group alignfull black-content has-white-color has-darkgray-background-color has-text-color has-background is-layout-constrained wp-block-group-is-layout-constrained\" style=\"padding-top:var(--wp--preset--spacing--section-bottom);padding-bottom:var(--wp--preset--spacing--section-bottom)\">\n<section class=\"wp-block-group alignfull black-content has-white-color has-darkgray-background-color has-text-color has-background is-layout-constrained wp-block-group-is-layout-constrained\" style=\"padding-top:var(--wp--preset--spacing--section-bottom);padding-bottom:var(--wp--preset--spacing--section-bottom)\">\n<div class=\"wp-block-columns alignwide is-layout-flex wp-container-core-columns-is-layout-c45ee707 wp-block-columns-is-layout-flex\" style=\"margin-bottom:var(--wp--preset--spacing--side-padding);padding-top:var(--wp--preset--spacing--side-padding)\">\n<div class=\"wp-block-column is-vertically-aligned-center is-layout-flow wp-block-column-is-layout-flow\">\n<h3 class=\"wp-block-heading\" style=\"margin-bottom:var(--wp--preset--spacing--h-3-bottom)\"><strong>&#8222;Family Look Aesthetic  <\/strong><\/h3>\n\n\n\n<p><strong><em><strong><strong><strong>Komercin\u0117s kardio \u012frangos na\u0161umas<\/strong><\/strong><\/strong><\/em><\/strong><\/p>\n\n\n\n<p>&#8222;Evolve&#8221; sukurta &#8222;Ultra&#8221; serija \u012fk\u016bnija i\u0161skirtin\u012f \u0161eimynin\u012f stili\u0173, pritaikyt\u0105 dinami\u0161kai sud\u0117ting\u0173 komercini\u0173 sporto sali\u0173 aplinkai. D\u0117l aptaki\u0173 linij\u0173, modernaus dizaino ir auk\u0161\u010diausios kokyb\u0117s apdailos kiekvienas &#8222;Ultra&#8221; serijos elementas skland\u017eiai integruojamas, kad sukurt\u0173 vientis\u0105 estetik\u0105 visoje treniruokli\u0173 sal\u0117je. Nesvarbu, ar tai b\u016bt\u0173 b\u0117gimo takeliai, elipsiniai treniruokliai, ar stacionar\u016bs dvira\u010diai, kiekvienas \u012frenginys dvelkia rafinuotumu ir funkcionalumu, pagerindamas sporto sal\u0117s atmosfer\u0105. Nuo ry\u0161ki\u0173 LED ekran\u0173 iki ergonomi\u0161k\u0173 ranken\u0173 ir reguliuojam\u0173 funkcij\u0173 kiekvienam sporto entuziastui.<\/p>\n<\/div>\n\n\n\n<div class=\"wp-block-column is-vertically-aligned-center is-layout-flow wp-block-column-is-layout-flow\">\n<figure class=\"wp-block-video\"><video autoplay=\"\" controls=\"\" loop=\"\" muted=\"\" src=\"https:\/\/evolve-fitness.eu\/wp-content\/uploads\/2024\/04\/Evolve-Ultra-Series-Family-Look.mp4\"><\/video><\/figure>\n<\/div>\n<\/div>\n\n\n\n<div class=\"wp-block-columns alignwide mobile-reverse is-layout-flex wp-container-core-columns-is-layout-ca64bf2d wp-block-columns-is-layout-flex\" style=\"margin-bottom:var(--wp--preset--spacing--side-padding)\">\n<div class=\"wp-block-column is-vertically-aligned-center is-layout-flow wp-block-column-is-layout-flow\">\n<figure class=\"wp-block-video\"><video height=\"2160\" style=\"aspect-ratio: 2160 \/ 2160;\" width=\"2160\" autoplay=\"\" controls=\"\" loop=\"\" muted=\"\" src=\"https:\/\/evolve-fitness.eu\/wp-content\/uploads\/2024\/04\/Final-Recumbent-bike-Web-HD.mp4\"><\/video><\/figure>\n<\/div>\n\n\n\n<div class=\"wp-block-column is-vertically-aligned-center is-layout-flow wp-block-column-is-layout-flow\">\n<h3 class=\"wp-block-heading\" style=\"margin-bottom:var(--wp--preset--spacing--h-3-bottom)\"><strong><strong><strong>Pristatome &#8222;Evolve Ultra&#8221; serij\u0105 <\/strong><\/strong><\/strong>kardio<\/h3>\n\n\n\n<p><strong><em>Stilius ir stabilumas  <\/em><\/strong><\/p>\n\n\n\n<p>Pristatome &#8222;Evolve Ultra Series UL-156&#8221; komercin\u012f gulint\u012f dvirat\u012f &#8211; tai j\u016bs\u0173 bilietas \u012f nepakartojam\u0105 kardio treniruo\u010di\u0173 patirt\u012f. \u0160i treniruokli\u0173 \u012franga, sukurta precizi\u0161kai ir rafinuotai, i\u0161 naujo apibr\u0117\u017eia j\u016bs\u0173 treniruo\u010di\u0173 rutin\u0105. \u012esp\u016bdingas &#8222;Sandy Black&#8221; juodos spalvos r\u0117mas ne tik suteiks elegancijos j\u016bs\u0173 sporto salei, bet ir reik\u0161 auk\u0161\u010diausi\u0105 kokyb\u0119 bei meistri\u0161kum\u0105.<\/p>\n\n\n\n<p><em>Kad gal\u0117tum\u0117te m\u0117gautis visaver\u010diu \u017eaid\u0117jo valdymu, \u012fjunkite gars\u0105 \u017eaid\u0117jo valdikliuose.<\/em><\/p>\n<\/div>\n<\/div>\n\n\n\n<div class=\"wp-block-columns alignwide mobile-reverse is-layout-flex wp-container-core-columns-is-layout-ca64bf2d wp-block-columns-is-layout-flex\" style=\"margin-bottom:var(--wp--preset--spacing--side-padding)\">\n<div class=\"wp-block-column is-vertically-aligned-center is-layout-flow wp-block-column-is-layout-flow\">\n<h3 class=\"wp-block-heading\" style=\"margin-bottom:var(--wp--preset--spacing--h-3-bottom)\"><strong>&#8222;Evolve Ultra Series Recumbent Bike<\/strong><\/h3>\n\n\n\n<p><strong><em><strong><strong><strong><strong><strong>Galutin\u0117 treniruo\u010di\u0173 patirtis<\/strong><\/strong><\/strong><\/strong><\/strong><\/em><\/strong><\/p>\n\n\n\n<p>&#8222;Evolve Ultra Series UL-156 Commercial Recumbent Bike&#8221; si\u016blo komfort\u0105 ir na\u0161um\u0105, tod\u0117l pakeisite savo treniruo\u010di\u0173 rutin\u0105. Kai \u012fsitaisote ant ergonomi\u0161kos s\u0117dyn\u0117s, kiekvienas pedal\u0173 spustel\u0117jimas yra lengvas ir sklandus. Reguliuojama s\u0117dyn\u0117 ir vairas leid\u017eia individualiai prisitaikyti, tod\u0117l tinka \u012fvairaus dyd\u017eio ir k\u016bno sud\u0117jimo naudotojams. Naudojant intuityv\u0173 valdym\u0105 ir patogi\u0105 s\u0105saj\u0105, lengva nar\u0161yti po \u012fvairias treniruo\u010di\u0173 programas ir pasiprie\u0161inimo lygius.<\/p>\n<\/div>\n\n\n\n<div class=\"wp-block-column is-vertically-aligned-center is-layout-flow wp-block-column-is-layout-flow\">\n<figure class=\"wp-block-video\"><video autoplay=\"\" controls=\"\" loop=\"\" muted=\"\" src=\"https:\/\/evolve-fitness.eu\/wp-content\/uploads\/2024\/04\/Evolve-Ultra-Series-Commercial-Recumbent-bike.mp4\"><\/video><\/figure>\n<\/div>\n<\/div>\n\n\n\n<div class=\"wp-block-columns alignwide mobile-reverse is-layout-flex wp-container-core-columns-is-layout-ca64bf2d wp-block-columns-is-layout-flex\" style=\"margin-bottom:var(--wp--preset--spacing--side-padding)\">\n<div class=\"wp-block-column is-vertically-aligned-center is-layout-flow wp-block-column-is-layout-flow\">\n<figure class=\"wp-block-image size-full is-resized\"><img decoding=\"async\" src=\"https:\/\/evolve-fitness.eu\/wp-content\/uploads\/2023\/11\/7.png\" alt=\"\" class=\"wp-image-7102\" style=\"object-fit:cover;width:680px;height:600px\"\/><\/figure>\n<\/div>\n\n\n\n<div class=\"wp-block-column is-vertically-aligned-center is-layout-flow wp-block-column-is-layout-flow\">\n<h3 class=\"wp-block-heading\" style=\"margin-bottom:var(--wp--preset--spacing--h-3-bottom)\"><strong>Veikimas ir patvarumas<\/strong><\/h3>\n\n\n\n<p><strong><em><strong><strong><strong><strong><strong>Optimaliam veikimui u\u017etikrinti<\/strong><\/strong><\/strong><\/strong><\/strong><\/em><\/strong><\/p>\n\n\n\n<p>UL-156 yra pagamintas taip, kad b\u016bt\u0173 ilgaam\u017eis, nes turi aliuminio s\u0117dyn\u0117s tur\u0117kl\u0105, u\u017etikrinant\u012f ilgaam\u017ei\u0161kum\u0105 ir stabilum\u0105, kurio reikia treniruo\u010di\u0173 metu. Pa\u017eangi EMS sistemos stabd\u017ei\u0173 sistema u\u017etikrina tiksli\u0105 pasiprie\u0161inimo kontrol\u0119, o 10 kg*265 mm smagratis u\u017etikrina skland\u0173 ir efektyv\u0173 pedal\u0173 mynim\u0105. Prie r\u0117mo priderinti juodos spalvos priedai sukuria vientis\u0105 ir stiling\u0105 i\u0161vaizd\u0105. Su saugiais 9\/16&#8243; pedalais ir 400 mm PJ8 dir\u017eu \u0161is dviratis gali i\u0161laikyti did\u017eiausi\u0105 200 kg naudotojo svor\u012f, tod\u0117l tinka \u012fvairiems fizinio pasirengimo lygiams.<\/p>\n<\/div>\n<\/div>\n\n\n\n<div class=\"wp-block-columns alignwide is-layout-flex wp-container-core-columns-is-layout-c45ee707 wp-block-columns-is-layout-flex\" style=\"margin-bottom:var(--wp--preset--spacing--side-padding);padding-top:var(--wp--preset--spacing--side-padding)\">\n<div class=\"wp-block-column is-vertically-aligned-center is-layout-flow wp-block-column-is-layout-flow\">\n<h3 class=\"wp-block-heading\" style=\"margin-bottom:var(--wp--preset--spacing--h-3-bottom)\"><strong>Pa\u017eangiausios technologijos  <\/strong><\/h3>\n\n\n\n<p><strong><em><strong><strong><strong>TFT konsol\u0117<\/strong><\/strong><\/strong><\/em><\/strong><\/p>\n\n\n\n<p>Svarbiausias UL-156 akcentas &#8211; modernus 15,6 coli\u0173 TFT pultas. \u0160iame didel\u0117s rai\u0161kos ekrane ne tik rodomi svarbiausi treniruo\u010di\u0173 duomenys, bet ir si\u016blomos pramog\u0173 ir ry\u0161io funkcijos. Per &#8222;Bluetooth&#8221; skland\u017eiai prisijunkite prie populiari\u0173 fitneso program\u0117li\u0173, toki\u0173 kaip &#8222;Kinomap&#8221; ir &#8222;Zwift&#8221;, kad treniruot\u0117s b\u016bt\u0173 \u012ftraukian\u010dios. Be to, integruotos programos, \u012fskaitant &#8222;Google Chrome&#8221;, &#8222;Facebook&#8221;, &#8222;Netflix&#8221;, &#8222;Amazon Video&#8221;, &#8222;Amazon&#8221; apsipirkim\u0105, &#8222;Spotify&#8221;, &#8222;YouTube&#8221;, &#8222;Twitter&#8221; ir &#8222;Instagram&#8221;, u\u017etikrina, kad treniruot\u0117s metu b\u016btum\u0117te u\u017eimti ir linksmi.<\/p>\n<\/div>\n\n\n\n<div class=\"wp-block-column is-vertically-aligned-center is-layout-flow wp-block-column-is-layout-flow\">\n<figure class=\"wp-block-video\"><video height=\"600\" style=\"aspect-ratio: 680 \/ 600;\" width=\"680\" autoplay=\"\" controls=\"\" loop=\"\" muted=\"\" src=\"https:\/\/evolve-fitness.eu\/wp-content\/uploads\/2023\/11\/Evolve-Ultra-cardio-console-full.mp4\"><\/video><\/figure>\n<\/div>\n<\/div>\n\n\n\n<div class=\"wp-block-columns alignwide is-layout-flex wp-container-core-columns-is-layout-c45ee707 wp-block-columns-is-layout-flex\" style=\"margin-bottom:var(--wp--preset--spacing--side-padding);padding-top:var(--wp--preset--spacing--side-padding)\">\n<div class=\"wp-block-column is-vertically-aligned-center is-layout-flow wp-block-column-is-layout-flow\">\n<figure class=\"wp-block-video\"><video height=\"1536\" style=\"aspect-ratio: 2048 \/ 1536;\" width=\"2048\" autoplay=\"\" controls=\"\" loop=\"\" muted=\"\" src=\"https:\/\/evolve-fitness.eu\/wp-content\/uploads\/2023\/11\/EV-RB-UL-156-Evolve-Ultra-Series-Recumbent-Bike-With-3D.mp4\"><\/video><\/figure>\n<\/div>\n\n\n\n<div class=\"wp-block-column is-vertically-aligned-center is-layout-flow wp-block-column-is-layout-flow\">\n<h3 class=\"wp-block-heading\" style=\"margin-bottom:var(--wp--preset--spacing--h-3-bottom)\"><strong><strong><strong>Naudotojui patogus dizainas  <\/strong><\/strong><\/strong><\/h3>\n\n\n\n<p><strong><em>Ir efektyviai i\u0161naudojanti erdv\u0119<\/em><\/strong><\/p>\n\n\n\n<p>UL-156 yra 1725 x 75 x 122 mm dyd\u017eio ir 75\/83 kg grynojo ir bruto svorio, tod\u0117l treniruoklis UL-156 u\u017etikrina stabili\u0105 platform\u0105 treniruot\u0117ms ir neu\u017eima daug vietos. Jame net yra patogus vandens buteliuko laikiklis, kad per vis\u0105 treniruot\u0119 b\u016btum\u0117te apsir\u016bpin\u0119 vandeniu.<\/p>\n<\/div>\n<\/div>\n\n\n\n<div class=\"wp-block-columns alignwide are-vertically-aligned-center mobile-reverse is-layout-flex wp-container-core-columns-is-layout-e8158c2f wp-block-columns-is-layout-flex\" style=\"padding-top:var(--wp--preset--spacing--side-padding)\">\n<div class=\"wp-block-column is-vertically-aligned-center is-layout-flow wp-block-column-is-layout-flow\">\n<h3 class=\"wp-block-heading\" style=\"margin-bottom:var(--wp--preset--spacing--h-3-bottom)\"><strong><strong><strong>Pramogos ir ry\u0161iai<\/strong><\/strong><\/strong><\/h3>\n\n\n\n<p><strong><em><strong><strong>Ypatingas na\u0161umas<\/strong><\/strong><\/em><\/strong><\/p>\n\n\n\n<p>UL-156 taip pat turi rankenos pulso jutikl\u012f. Jame \u012fmontuoti garsiakalbiai ir USB \u012fkrovimo prievadas, tod\u0117l treniruo\u010di\u0173 metu galite klausytis m\u0117gstamos muzikos ir \u012fkrauti \u012frenginius. Naudodami &#8222;Evolve Ultra Series UL-156 Commercial Recumbent Bike&#8221; investuojate ne tik \u012f treniruokl\u012f, bet ir \u012f visapusi\u0161k\u0105 treniruokl\u012f ir pramog\u0105, kuri pakeis j\u016bs\u0173 kardio treniruo\u010di\u0173 rutin\u0105. Pagerinkite savo treniruotes su UL-156 ir \u017eenkite dar vien\u0105 \u017eingsn\u012f link savo fitneso tiksl\u0173.<\/p>\n<\/div>\n\n\n\n<div class=\"wp-block-column is-vertically-aligned-center is-layout-flow wp-block-column-is-layout-flow\">\n<figure class=\"wp-block-image size-full\"><img decoding=\"async\" src=\"https:\/\/evolve-fitness.eu\/wp-content\/uploads\/2023\/11\/Dizainas-be-pavadinimo-9.png\" alt=\"\" class=\"wp-image-7106\"\/><\/figure>\n<\/div>\n<\/div>\n\n\n\n<figure class=\"wp-block-video\"><video height=\"1000\" style=\"aspect-ratio: 1000 \/ 1000;\" width=\"1000\" autoplay=\"\" loop=\"\" muted=\"\" src=\"https:\/\/evolve-fitness.eu\/wp-content\/uploads\/2023\/11\/Ultra-site-apps.mp4\"><\/video><\/figure>\n<\/section>\n<\/section>\n","protected":false},"excerpt":{"rendered":"<p>Patirkite geriausi\u0105 kardio treniruot\u0119 su &#8222;Evolve Ultra Series UL-156 Commercial Recumbent Bike&#8221;. Eleganti\u0161kas &#8222;Sandy Black&#8221; r\u0117mas, patvarus aliuminio s\u0117dyn\u0117s b\u0117gis ir pa\u017eang\u016bs EMS sistemos stabd\u017eiai u\u017etikrina stili\u0173 ir na\u0161um\u0105. Su 10 kg*265 mm smagra\u010diu, 200 kg maksimaliu naudotojo svoriu ir tokiomis pat patogiomis funkcijomis kaip vandens buteliuko laikiklis, treniruoklis pritaikytas kiekvienam fizinio pasirengimo lygiui. 15,6 coli\u0173 TFT pultas per &#8222;Bluetooth&#8221; jungiasi su tokiomis program\u0117l\u0117mis kaip &#8222;Kinomap&#8221; ir &#8222;Zwift&#8221;, jame yra integruotos tokios program\u0117l\u0117s kaip &#8222;Google Chrome&#8221; ir &#8222;Netflix&#8221;. Su pulso jutikliu rankenoje, garsiakalbiais ir USB \u012fkrovimo prievadu treniruot\u0117s metu gal\u0117site pramogauti ir palaikyti ry\u0161\u012f. I\u0161 naujo apibr\u0117\u017ekite savo kardio treniruo\u010di\u0173 patirt\u012f su treniruokliu UL-156.<\/p>\n","protected":false},"featured_media":4096,"template":"","meta":{"_acf_changed":false,"inline_featured_image":false},"product_cat":[117,137,138,221],"product_tag":[],"class_list":{"0":"post-9008","1":"product","2":"type-product","3":"status-publish","4":"has-post-thumbnail","6":"product_cat-pagrindinis-puslapis","7":"product_cat-kardio-iranga","8":"product_cat-komercine-kardio-iranga","9":"product_cat-ultra-series-kardio","11":"first","12":"outofstock","13":"shipping-taxable","14":"purchasable","15":"product-type-simple"},"acf":[],"_links":{"self":[{"href":"https:\/\/store.evolve-fitness.eu\/lt\/wp-json\/wp\/v2\/product\/9008","targetHints":{"allow":["GET"]}}],"collection":[{"href":"https:\/\/store.evolve-fitness.eu\/lt\/wp-json\/wp\/v2\/product"}],"about":[{"href":"https:\/\/store.evolve-fitness.eu\/lt\/wp-json\/wp\/v2\/types\/product"}],"wp:featuredmedia":[{"embeddable":true,"href":"https:\/\/store.evolve-fitness.eu\/lt\/wp-json\/wp\/v2\/media\/4096"}],"wp:attachment":[{"href":"https:\/\/store.evolve-fitness.eu\/lt\/wp-json\/wp\/v2\/media?parent=9008"}],"wp:term":[{"taxonomy":"product_cat","embeddable":true,"href":"https:\/\/store.evolve-fitness.eu\/lt\/wp-json\/wp\/v2\/product_cat?post=9008"},{"taxonomy":"product_tag","embeddable":true,"href":"https:\/\/store.evolve-fitness.eu\/lt\/wp-json\/wp\/v2\/product_tag?post=9008"}],"curies":[{"name":"wp","href":"https:\/\/api.w.org\/{rel}","templated":true}]}}