{"id":90078,"date":"2024-07-10T13:39:51","date_gmt":"2024-07-10T13:39:51","guid":{"rendered":"https:\/\/store.evolve-fitness.eu\/?post_type=product&#038;p=90078"},"modified":"2025-09-25T13:42:01","modified_gmt":"2025-09-25T13:42:01","slug":"evolve-daugiafunkcinis-laikiklis","status":"publish","type":"product","link":"https:\/\/store.evolve-fitness.eu\/lt\/produktas\/evolve-daugiafunkcinis-laikiklis\/","title":{"rendered":"&#8222;Evolve&#8221; daugiafunkcinis laikiklis"},"content":{"rendered":"\n<p> <mark style=\"background-color:rgba(0, 0, 0, 0);color:#ffffff\" class=\"has-inline-color\">ASD<\/mark><\/p>\n\n<p><\/p>\n\n<section class=\"wp-block-group alignfull black-content has-white-color has-darkgray-background-color has-text-color has-background is-layout-constrained wp-block-group-is-layout-constrained\" style=\"padding-top:var(--wp--preset--spacing--section-bottom);padding-bottom:var(--wp--preset--spacing--section-bottom)\">\n<section class=\"wp-block-group alignfull black-content has-white-color has-darkgray-background-color has-text-color has-background is-layout-constrained wp-block-group-is-layout-constrained\" style=\"padding-top:var(--wp--preset--spacing--section-bottom);padding-bottom:var(--wp--preset--spacing--section-bottom)\">\n<div class=\"wp-block-columns alignwide is-layout-flex wp-container-core-columns-is-layout-c45ee707 wp-block-columns-is-layout-flex\" style=\"margin-bottom:var(--wp--preset--spacing--side-padding);padding-top:var(--wp--preset--spacing--side-padding)\">\n<div class=\"wp-block-column is-vertically-aligned-center is-layout-flow wp-block-column-is-layout-flow\">\n<figure class=\"wp-block-video\"><video autoplay=\"\" controls=\"\" loop=\"\" muted=\"\" src=\"https:\/\/evolve-fitness.eu\/wp-content\/uploads\/2023\/12\/2-17.mp4\"><\/video><\/figure>\n<\/div>\n\n\n\n<div class=\"wp-block-column is-vertically-aligned-center is-layout-constrained wp-block-column-is-layout-constrained\">\n<h3 class=\"wp-block-heading\" style=\"margin-bottom:var(--wp--preset--spacing--h-3-bottom)\"><strong>Efektyvus erdv\u0117s panaudojimas<\/strong> <\/h3>\n\n\n\n<p><strong><em>Organizuokite ir taupykite viet\u0105<\/em><\/strong><\/p>\n\n\n\n<p style=\"margin-bottom:var(--wp--preset--spacing--tb-section-padding)\">D\u0117l eleganti\u0161ko ir kompakti\u0161ko dizaino efektyviai i\u0161naudojama erdv\u0117 ir u\u017etikrinama lengva prieiga prie kilim\u0117li\u0173, taip pagerinant sporto sal\u0117s organizavim\u0105 ir patogum\u0105.<\/p>\n<\/div>\n<\/div>\n\n\n\n<div class=\"wp-block-columns alignwide is-layout-flex wp-container-core-columns-is-layout-c45ee707 wp-block-columns-is-layout-flex\" style=\"margin-bottom:var(--wp--preset--spacing--side-padding);padding-top:var(--wp--preset--spacing--side-padding)\">\n<div class=\"wp-block-column is-vertically-aligned-center is-layout-flow wp-block-column-is-layout-flow\">\n<h3 class=\"wp-block-heading\" style=\"margin-bottom:var(--wp--preset--spacing--h-3-bottom)\"><strong>Tvirta konstrukcija<\/strong><\/h3>\n\n\n\n<p><strong><em>Sukurtas intensyviam naudojimui<\/em><\/strong><\/p>\n\n\n\n<p>Ilgaam\u017eis ir stabilus stovas sukurtas taip, kad atlaikyt\u0173 profesionalios treniruokli\u0173 sal\u0117s s\u0105lygas.<\/p>\n<\/div>\n\n\n\n<div class=\"wp-block-column is-vertically-aligned-center is-layout-flow wp-block-column-is-layout-flow\">\n<div class=\"wp-block-columns is-layout-flex wp-container-core-columns-is-layout-9d6595d7 wp-block-columns-is-layout-flex\">\n<div class=\"wp-block-column is-layout-flow wp-block-column-is-layout-flow\">\n<figure class=\"wp-block-video\"><video height=\"600\" style=\"aspect-ratio: 680 \/ 600;\" width=\"680\" autoplay=\"\" controls=\"\" loop=\"\" muted=\"\" src=\"https:\/\/evolve-fitness.eu\/wp-content\/uploads\/2023\/12\/3-11.mp4\"><\/video><\/figure>\n<\/div>\n<\/div>\n<\/div>\n<\/div>\n\n\n\n<div class=\"wp-block-columns alignwide is-layout-flex wp-container-core-columns-is-layout-c45ee707 wp-block-columns-is-layout-flex\" style=\"margin-bottom:var(--wp--preset--spacing--side-padding);padding-top:var(--wp--preset--spacing--side-padding)\">\n<div class=\"wp-block-column is-vertically-aligned-center is-layout-flow wp-block-column-is-layout-flow\">\n<figure class=\"wp-block-image size-large\"><img decoding=\"async\" src=\"https:\/\/evolve-fitness.eu\/wp-content\/uploads\/2023\/12\/A7_05554-1-1024x683.jpg\" alt=\"\" class=\"wp-image-8532\"\/><\/figure>\n<\/div>\n\n\n\n<div class=\"wp-block-column is-vertically-aligned-center is-layout-flow wp-block-column-is-layout-flow\">\n<h3 class=\"wp-block-heading\" style=\"margin-bottom:var(--wp--preset--spacing--h-3-bottom)\"><strong><strong>Reguliuojamas dizainas<\/strong><\/strong><\/h3>\n\n\n\n<p><em><strong>Universalus dizainas<\/strong><\/em><\/p>\n\n\n\n<p>Reguliuojama konstrukcija leid\u017eia pritaikyti skirtingo dyd\u017eio ir tipo treniruo\u010di\u0173 kilim\u0117lius, tod\u0117l j\u012f galima pritaikyti \u012fvairiose sporto sal\u0117se.<\/p>\n<\/div>\n<\/div>\n\n\n\n<div class=\"wp-block-columns alignwide is-layout-flex wp-container-core-columns-is-layout-c45ee707 wp-block-columns-is-layout-flex\" style=\"margin-bottom:var(--wp--preset--spacing--side-padding);padding-top:var(--wp--preset--spacing--side-padding)\">\n<div class=\"wp-block-column is-vertically-aligned-center is-layout-flow wp-block-column-is-layout-flow\">\n<h3 class=\"wp-block-heading\" style=\"margin-bottom:var(--wp--preset--spacing--h-3-bottom)\"><strong>Estetinis patrauklumas<\/strong><\/h3>\n\n\n\n<p><strong><em>Galimyb\u0117 spausdinti \u012fmon\u0117s logotip\u0105 arba dizain\u0105 tiesiai ant kilim\u0117lio<\/em><\/strong><\/p>\n\n\n\n<p>Laikiklis sukurtas ne tik d\u0117l funkcionalumo, bet ir d\u0117l estetinio patrauklumo. Eleganti\u0161ka ir moderni jo i\u0161vaizda papildo bet kok\u012f sporto sal\u0117s interjer\u0105, suteikdama treniruo\u010di\u0173 aplinkai rafinuotumo.<\/p>\n<\/div>\n\n\n\n<div class=\"wp-block-column is-vertically-aligned-center is-layout-flow wp-block-column-is-layout-flow\">\n<div class=\"wp-block-columns is-layout-flex wp-container-core-columns-is-layout-9d6595d7 wp-block-columns-is-layout-flex\">\n<div class=\"wp-block-column is-layout-flow wp-block-column-is-layout-flow\">\n<figure class=\"wp-block-image size-large\"><img decoding=\"async\" src=\"https:\/\/evolve-fitness.eu\/wp-content\/uploads\/2023\/12\/A7_05547-1024x683.jpg\" alt=\"\" class=\"wp-image-8534\"\/><\/figure>\n<\/div>\n<\/div>\n<\/div>\n<\/div>\n<\/section>\n<\/section>\n","protected":false},"excerpt":{"rendered":"<p>&#8222;Evolve&#8221; daugiafunkcinis laikiklis yra auk\u0161\u010diausios kokyb\u0117s reguliuojamas kilim\u0117li\u0173 stovas, skirtas profesionaliam naudojimui. Jis pasi\u017eymi tvirta konstrukcija ir universaliomis laikymo galimyb\u0117mis, tod\u0117l puikiai tinka sporto sal\u0117ms ir fitneso centrams, norintiems sutvarkyti ir lengvai pasiekti savo treniruo\u010di\u0173 kilim\u0117lius. \u0160is gaminys yra funkcionalus ir eleganti\u0161ko dizaino, tod\u0117l efektyviai i\u0161naudojama erdv\u0117 ir j\u012f lengva tvarkyti.  <\/p>\n<p>\n","protected":false},"featured_media":90115,"template":"","meta":{"_acf_changed":false,"inline_featured_image":false},"product_cat":[192],"product_tag":[],"class_list":{"0":"post-90078","1":"product","2":"type-product","3":"status-publish","4":"has-post-thumbnail","6":"product_cat-studija","8":"first","9":"instock","10":"shipping-taxable","11":"purchasable","12":"product-type-simple"},"acf":[],"_links":{"self":[{"href":"https:\/\/store.evolve-fitness.eu\/lt\/wp-json\/wp\/v2\/product\/90078","targetHints":{"allow":["GET"]}}],"collection":[{"href":"https:\/\/store.evolve-fitness.eu\/lt\/wp-json\/wp\/v2\/product"}],"about":[{"href":"https:\/\/store.evolve-fitness.eu\/lt\/wp-json\/wp\/v2\/types\/product"}],"wp:featuredmedia":[{"embeddable":true,"href":"https:\/\/store.evolve-fitness.eu\/lt\/wp-json\/wp\/v2\/media\/90115"}],"wp:attachment":[{"href":"https:\/\/store.evolve-fitness.eu\/lt\/wp-json\/wp\/v2\/media?parent=90078"}],"wp:term":[{"taxonomy":"product_cat","embeddable":true,"href":"https:\/\/store.evolve-fitness.eu\/lt\/wp-json\/wp\/v2\/product_cat?post=90078"},{"taxonomy":"product_tag","embeddable":true,"href":"https:\/\/store.evolve-fitness.eu\/lt\/wp-json\/wp\/v2\/product_tag?post=90078"}],"curies":[{"name":"wp","href":"https:\/\/api.w.org\/{rel}","templated":true}]}}