{"id":89850,"date":"2024-07-10T13:10:43","date_gmt":"2024-07-10T13:10:43","guid":{"rendered":"https:\/\/store.evolve-fitness.eu\/?post_type=product&#038;p=89850"},"modified":"2026-02-12T12:02:57","modified_gmt":"2026-02-12T12:02:57","slug":"evolve-aerobic-step-2","status":"publish","type":"product","link":"https:\/\/store.evolve-fitness.eu\/lt\/produktas\/evolve-aerobic-step-2\/","title":{"rendered":"&#8222;Evolve Aerobic Step"},"content":{"rendered":"\n<p> <mark style=\"background-color:rgba(0, 0, 0, 0);color:#ffffff\" class=\"has-inline-color\">ASD<\/mark><\/p>\n\n<p><\/p>\n\n<section class=\"wp-block-group alignfull black-content has-white-color has-darkgray-background-color has-text-color has-background is-layout-constrained wp-block-group-is-layout-constrained\" style=\"padding-top:var(--wp--preset--spacing--section-bottom);padding-bottom:var(--wp--preset--spacing--section-bottom)\">\n<div class=\"wp-block-columns alignwide mobile-reverse is-layout-flex wp-container-core-columns-is-layout-ca64bf2d wp-block-columns-is-layout-flex\" style=\"margin-bottom:var(--wp--preset--spacing--side-padding)\">\n<div class=\"wp-block-column is-vertically-aligned-center is-layout-flow wp-block-column-is-layout-flow\">\n<h3 class=\"wp-block-heading\" style=\"margin-bottom:var(--wp--preset--spacing--h-3-bottom)\"><strong>&#8222;Evolve Aerobic Step<\/strong><\/h3>\n\n\n\n<p><strong><em>Universalus \u012frankis kardio ir j\u0117gos treniruot\u0117ms<\/em><\/strong><\/p>\n\n\n\n<p style=\"margin-bottom:var(--wp--preset--spacing--tb-section-padding)\">&#8222;Evolve Aerobic Step&#8221; yra svarbi treniruokli\u0173 priemon\u0117, skirta pagerinti j\u016bs\u0173 kardio ir j\u0117gos treniruotes. Puikiai tinka \u017eingsninei aerobikai, padeda gerinti \u0161irdies ir kraujagysli\u0173 sistemos sveikat\u0105, tonizuoti raumenis ir didinti i\u0161tverm\u0119. Jis taip pat puikiai tinka j\u0117gos pratimams, tokiems kaip pakopos ir pasvir\u0119 atsispaudimai, skirti kojoms ir vir\u0161utinei k\u016bno daliai.<\/p>\n<\/div>\n\n\n\n<div class=\"wp-block-column is-vertically-aligned-center is-layout-flow wp-block-column-is-layout-flow\">\n<figure class=\"wp-block-image size-large\"><img loading=\"lazy\" decoding=\"async\" width=\"1024\" height=\"683\" src=\"https:\/\/store.evolve-fitness.eu\/wp-content\/uploads\/2024\/07\/A7_05605-1-1024x683.png\" alt=\"\" class=\"wp-image-138710\" srcset=\"https:\/\/store.evolve-fitness.eu\/wp-content\/uploads\/2024\/07\/A7_05605-1-1024x683.png 1024w, https:\/\/store.evolve-fitness.eu\/wp-content\/uploads\/2024\/07\/A7_05605-1-300x200.png 300w, https:\/\/store.evolve-fitness.eu\/wp-content\/uploads\/2024\/07\/A7_05605-1-768x512.png 768w, https:\/\/store.evolve-fitness.eu\/wp-content\/uploads\/2024\/07\/A7_05605-1-1536x1024.png 1536w, https:\/\/store.evolve-fitness.eu\/wp-content\/uploads\/2024\/07\/A7_05605-1-2048x1365.png 2048w, https:\/\/store.evolve-fitness.eu\/wp-content\/uploads\/2024\/07\/A7_05605-1-600x400.png 600w\" sizes=\"auto, (max-width: 1024px) 100vw, 1024px\" \/><\/figure>\n<\/div>\n<\/div>\n<\/section>\n","protected":false},"excerpt":{"rendered":"<p>Pristatome &#8222;Evolve Aerobic Step&#8221; &#8211; geriausi\u0105 treniruokl\u012f. D\u0117l trij\u0173 reguliuojam\u0173 auk\u0161\u010di\u0173 (15 cm, 20 cm ir 25 cm) \u0161is laiptelis pritaikytas \u012fvairaus intensyvumo treniruot\u0117ms. Neslidus tekst\u016bruotas pavir\u0161ius u\u017etikrina stabilum\u0105 ir saugum\u0105 treniruo\u010di\u0173 metu. Nesvarbu, ar \u012frengin\u0117jate komercin\u0119 treniruokli\u0173 sal\u0119, ar namuose, jos kompakti\u0161kas dizainas u\u017eima nedaug vietos. Be to, j\u012f lengva valyti net po intensyvaus u\u017esi\u0117mimo. Su &#8222;Evolve Aerobic Step&#8221; pagerinsite savo treniruo\u010di\u0173 rutin\u0105.<\/p>\n<p>\n","protected":false},"featured_media":138965,"template":"","meta":{"_acf_changed":false,"inline_featured_image":false},"product_cat":[192],"product_tag":[],"class_list":{"0":"post-89850","1":"product","2":"type-product","3":"status-publish","4":"has-post-thumbnail","6":"product_cat-studija","8":"first","9":"instock","10":"sale","11":"shipping-taxable","12":"purchasable","13":"product-type-simple"},"acf":[],"_links":{"self":[{"href":"https:\/\/store.evolve-fitness.eu\/lt\/wp-json\/wp\/v2\/product\/89850","targetHints":{"allow":["GET"]}}],"collection":[{"href":"https:\/\/store.evolve-fitness.eu\/lt\/wp-json\/wp\/v2\/product"}],"about":[{"href":"https:\/\/store.evolve-fitness.eu\/lt\/wp-json\/wp\/v2\/types\/product"}],"wp:featuredmedia":[{"embeddable":true,"href":"https:\/\/store.evolve-fitness.eu\/lt\/wp-json\/wp\/v2\/media\/138965"}],"wp:attachment":[{"href":"https:\/\/store.evolve-fitness.eu\/lt\/wp-json\/wp\/v2\/media?parent=89850"}],"wp:term":[{"taxonomy":"product_cat","embeddable":true,"href":"https:\/\/store.evolve-fitness.eu\/lt\/wp-json\/wp\/v2\/product_cat?post=89850"},{"taxonomy":"product_tag","embeddable":true,"href":"https:\/\/store.evolve-fitness.eu\/lt\/wp-json\/wp\/v2\/product_tag?post=89850"}],"curies":[{"name":"wp","href":"https:\/\/api.w.org\/{rel}","templated":true}]}}