{"id":8952,"date":"2024-01-02T14:46:14","date_gmt":"2024-01-02T14:46:14","guid":{"rendered":"https:\/\/store.evolve-fitness.eu\/produktas\/evolve-ultra-series-komercinis-begimo-takelis\/"},"modified":"2025-09-25T18:11:28","modified_gmt":"2025-09-25T18:11:28","slug":"evolve-ultra-series-komercinis-begimo-takelis","status":"publish","type":"product","link":"https:\/\/store.evolve-fitness.eu\/lt\/produktas\/evolve-ultra-series-komercinis-begimo-takelis\/","title":{"rendered":"&#8222;Evolve Ultra Series&#8221; komercinis b\u0117gimo takelis"},"content":{"rendered":"\n<section class=\"wp-block-group alignfull black-content has-white-color has-darkgray-background-color has-text-color has-background is-layout-constrained wp-block-group-is-layout-constrained\" style=\"padding-top:var(--wp--preset--spacing--section-bottom);padding-bottom:var(--wp--preset--spacing--section-bottom)\">\n<section class=\"wp-block-group alignfull black-content has-white-color has-darkgray-background-color has-text-color has-background is-layout-constrained wp-block-group-is-layout-constrained\" style=\"padding-top:var(--wp--preset--spacing--section-bottom);padding-bottom:var(--wp--preset--spacing--section-bottom)\">\n<div class=\"wp-block-columns alignwide is-layout-flex wp-container-core-columns-is-layout-c45ee707 wp-block-columns-is-layout-flex\" style=\"margin-bottom:var(--wp--preset--spacing--side-padding);padding-top:var(--wp--preset--spacing--side-padding)\">\n<div class=\"wp-block-column is-vertically-aligned-center is-layout-flow wp-block-column-is-layout-flow\">\n<h3 class=\"wp-block-heading\" style=\"margin-bottom:var(--wp--preset--spacing--h-3-bottom)\"><strong>&#8222;Family Look Aesthetic  <\/strong><\/h3>\n\n\n\n<p><strong><em><strong><strong><strong>Komercin\u0117s kardio \u012frangos na\u0161umas<\/strong><\/strong><\/strong><\/em><\/strong><\/p>\n\n\n\n<p>&#8222;Evolve&#8221; sukurta &#8222;Ultra&#8221; serija \u012fk\u016bnija i\u0161skirtin\u012f \u0161eimynin\u012f stili\u0173, pritaikyt\u0105 dinami\u0161kai sud\u0117ting\u0173 komercini\u0173 sporto sali\u0173 aplinkai. D\u0117l aptaki\u0173 linij\u0173, modernaus dizaino ir auk\u0161\u010diausios kokyb\u0117s apdailos kiekvienas &#8222;Ultra&#8221; serijos elementas skland\u017eiai integruojamas, kad sukurt\u0173 vientis\u0105 estetik\u0105 visoje treniruokli\u0173 sal\u0117je. Nesvarbu, ar tai b\u016bt\u0173 b\u0117gimo takeliai, elipsiniai treniruokliai, ar stacionar\u016bs dvira\u010diai, kiekvienas \u012frenginys dvelkia rafinuotumu ir funkcionalumu, pagerindamas sporto sal\u0117s atmosfer\u0105. Nuo ry\u0161ki\u0173 LED ekran\u0173 iki ergonomi\u0161k\u0173 ranken\u0173 ir reguliuojam\u0173 funkcij\u0173 kiekvienam sporto entuziastui.<\/p>\n<\/div>\n\n\n\n<div class=\"wp-block-column is-vertically-aligned-center is-layout-flow wp-block-column-is-layout-flow\">\n<figure class=\"wp-block-video\"><video autoplay=\"\" controls=\"\" loop=\"\" muted=\"\" src=\"https:\/\/evolve-fitness.eu\/wp-content\/uploads\/2024\/04\/Evolve-Ultra-Series-Family-Look.mp4\"><\/video><\/figure>\n<\/div>\n<\/div>\n\n\n\n<div class=\"wp-block-columns alignwide mobile-reverse is-layout-flex wp-container-core-columns-is-layout-ca64bf2d wp-block-columns-is-layout-flex\" style=\"margin-bottom:var(--wp--preset--spacing--side-padding)\">\n<div class=\"wp-block-column is-vertically-aligned-center is-layout-flow wp-block-column-is-layout-flow\">\n<figure class=\"wp-block-video\"><video autoplay=\"\" controls=\"\" loop=\"\" muted=\"\" src=\"https:\/\/evolve-fitness.eu\/wp-content\/uploads\/2024\/04\/Final-Treadmill-Web-HD.mp4\"><\/video><\/figure>\n<\/div>\n\n\n\n<div class=\"wp-block-column is-vertically-aligned-center is-layout-flow wp-block-column-is-layout-flow\">\n<h3 class=\"wp-block-heading\" style=\"margin-bottom:var(--wp--preset--spacing--h-3-bottom)\"><strong><strong>Eleganti\u0161kas dizainas ir prakti\u0161kos funkcijos<\/strong><\/strong><\/h3>\n\n\n\n<p><strong><em><strong>Pagerinkite savo sporto sal\u0119 su &#8222;Evolve UL 215&#8221; komerciniu b\u0117gimo takeliu<\/strong><\/em><\/strong><\/p>\n\n\n\n<p>Ap\u0161vieskite savo sveikatingumo keli\u0105 stilingais LED \u017eibintais abiejuose \u0161oniniuose b\u0117geliais ir sukurkite energizuojan\u010di\u0105 atmosfer\u0105 treniruo\u010di\u0173 aplinkoje. Eleganti\u0161kas dizainas suderintas su prakti\u0161ku patogumu, nes rankena pagaminta i\u0161 juodo poliuretano putplas\u010dio, kuris u\u017etikrina saug\u0173 ir patog\u0173 sukibim\u0105 per sunkiausius va\u017eiavimus.<\/p>\n\n\n\n<p><em>Kad gal\u0117tum\u0117te m\u0117gautis visaver\u010diu \u017eaid\u0117jo valdymu, \u012fjunkite gars\u0105 \u017eaid\u0117jo valdikliuose.<\/em><\/p>\n<\/div>\n<\/div>\n\n\n\n<div class=\"wp-block-columns alignwide mobile-reverse is-layout-flex wp-container-core-columns-is-layout-ca64bf2d wp-block-columns-is-layout-flex\" style=\"margin-bottom:var(--wp--preset--spacing--side-padding)\">\n<div class=\"wp-block-column is-vertically-aligned-center is-layout-flow wp-block-column-is-layout-flow\">\n<h3 class=\"wp-block-heading\" style=\"margin-bottom:var(--wp--preset--spacing--h-3-bottom)\">&#8222;<strong>Evolve Ultra Series&#8221; komercinis b\u0117gimo takelis<\/strong><\/h3>\n\n\n\n<p><strong><em><strong><strong><strong><strong><strong>Galutin\u0117 treniruo\u010di\u0173 patirtis<\/strong><\/strong><\/strong><\/strong><\/strong><\/em><\/strong><\/p>\n\n\n\n<p>&#8222;Evolve Ultra Series UL-215&#8221; komercinis b\u0117gimo takelis pasi\u017eymi galia ir valdymu. U\u017elipus ant erdvaus ir mink\u0161to dugno jus pasitinka stabilumo ir atramos jausmas, kuris paruo\u0161ia dirv\u0105 treniruotei. Su kiekvienu \u017eingsniu b\u0117gimo takelis, kurio pavir\u0161ius yra lygus ir jautrus, stumia jus \u012f priek\u012f. Nesvarbu, ar vaik\u0161tote, b\u0117giojate, ar sprintuojate, reguliuojami grei\u010dio ir nuolyd\u017eio nustatymai leid\u017eia pritaikyti treniruot\u0119 prie norimo intensyvumo lygio. Naudotojui patogi s\u0105saja ir intuityvus valdymas leid\u017eia lengvai steb\u0117ti savo pa\u017eang\u0105 ir i\u0161laikyti motyvacij\u0105 visos treniruot\u0117s metu. Nesvarbu, ar treniruojat\u0117s lenktyn\u0117ms, deginate kalorijas, ar tiesiog m\u0117gaujat\u0117s neskubriu pasivaik\u0161\u010diojimu, &#8222;Evolve Ultra Series UL-215&#8221; komercinis b\u0117gimo takelis suteikia j\u0117g\u0173 ir pasiekim\u0173 kiekviename \u017eingsnyje.<\/p>\n<\/div>\n\n\n\n<div class=\"wp-block-column is-vertically-aligned-center is-layout-flow wp-block-column-is-layout-flow\">\n<figure class=\"wp-block-video\"><video autoplay=\"\" controls=\"\" loop=\"\" muted=\"\" src=\"https:\/\/evolve-fitness.eu\/wp-content\/uploads\/2024\/04\/Evolve-Ultra-Series-Commercial-Treadmill.mp4\"><\/video><\/figure>\n<\/div>\n<\/div>\n\n\n\n<div class=\"wp-block-columns alignwide mobile-reverse is-layout-flex wp-container-core-columns-is-layout-ca64bf2d wp-block-columns-is-layout-flex\" style=\"margin-bottom:var(--wp--preset--spacing--side-padding)\">\n<div class=\"wp-block-column is-vertically-aligned-center is-layout-flow wp-block-column-is-layout-flow\">\n<figure class=\"wp-block-video\"><video autoplay=\"\" controls=\"\" loop=\"\" muted=\"\" src=\"https:\/\/evolve-fitness.eu\/wp-content\/uploads\/2023\/11\/EV-CT-UL-215-Evolve-Ultra-Series-Commercial-Treadmill-360.mp4\"><\/video><\/figure>\n<\/div>\n\n\n\n<div class=\"wp-block-column is-vertically-aligned-center is-layout-flow wp-block-column-is-layout-flow\">\n<h3 class=\"wp-block-heading\" style=\"margin-bottom:var(--wp--preset--spacing--h-3-bottom)\"><strong>Maksimalus naudotojo svoris<\/strong><\/h3>\n\n\n\n<p><strong><em><strong><strong><strong>Puik\u016bs j\u0117gos ir stabilumo \u012fg\u016bd\u017eiai<\/strong><\/strong><\/strong><\/em><\/strong><\/p>\n\n\n\n<p>&#8222;Evolve Ultra Series UL-215&#8221; komercinis b\u0117gimo takelis nustato nauj\u0105 \u012ftraukios treniruokli\u0173 \u012frangos standart\u0105. Tvirtas r\u0117mas ir pa\u017eangus mechanizmas, skirtas i\u0161laikyti maksimal\u0173 naudotojo svor\u012f iki 200 kg, yra labai prieinamas \u012fvairi\u0173 k\u016bno form\u0173 ir fizinio pasirengimo naudotojams. Tai, kad b\u0117gimo takelis pritaikytas didesniam naudotojo svoriui, ne tik i\u0161ple\u010dia jo naudojimo galimybes, bet ir parodo, kad b\u0117gimo takelis yra ilgaam\u017eis ir patikimas. Skirtingai nuo daugelio \u012fprastini\u0173 b\u0117gimo takeli\u0173, kuriuose naudotoj\u0173 svoris ribojamas ties \u017eemesne riba, UL-215 auk\u0161\u010diausios kokyb\u0117s konstrukcija atveria duris sunkesniems \u017emon\u0117ms, kad jie gal\u0117t\u0173 dr\u0105siai u\u017esiimti grie\u017etomis treniruot\u0117mis. Galimyb\u0117 saugiai ir efektyviai pritaikyti didesnio svorio treniruoklius yra \u0161ios srities lyderis, per\u017eengiantis tradicin\u0117s treniruokli\u0173 \u012frangos ribas ir pradedantis nauj\u0105 naujovi\u0161k\u0173, \u012ftraukian\u010di\u0173 fitneso sprendim\u0173 er\u0105.<\/p>\n<\/div>\n<\/div>\n\n\n\n<div class=\"wp-block-columns alignwide is-layout-flex wp-container-core-columns-is-layout-c45ee707 wp-block-columns-is-layout-flex\" style=\"margin-bottom:var(--wp--preset--spacing--side-padding);padding-top:var(--wp--preset--spacing--side-padding)\">\n<div class=\"wp-block-column is-vertically-aligned-center is-layout-flow wp-block-column-is-layout-flow\">\n<h3 class=\"wp-block-heading\" style=\"margin-bottom:var(--wp--preset--spacing--h-3-bottom)\">Revoliucionizuojantis fitnesas<\/h3>\n\n\n\n<p><strong><em><strong>&#8222;Evolve Ultra Series UL-215&#8221; b\u0117gimo takelis su pa\u017eangia pramog\u0173 konsole<\/strong><\/em><\/strong><\/p>\n\n\n\n<p style=\"margin-bottom:var(--wp--preset--spacing--tb-section-padding)\">&#8222;Evolve Ultra Series UL-215&#8221; komercinis b\u0117gimo takelis i\u0161 naujo apibr\u0117\u017eia treniruo\u010di\u0173 patirt\u012f, sujungdamas pa\u017eangiausias fitneso programas su daugybe pramogini\u0173 funkcij\u0173 pa\u017eangioje konsol\u0117je. Naudotojai gali m\u0117gautis \u012fvairiomis b\u0117gimo programomis, \u012fskaitant imitacinius b\u0117gimus \u012f kaln\u0105, \u012f tiksl\u0105 orientuotus pratimus ir intervalines treniruotes, kurios atitinka \u012fvairius fizinio pasirengimo tikslus, o virtualius mar\u0161rutus ir vaizdingus i\u0161\u0161\u016bkius i\u0161bandyti naudodamiesi tokiomis programomis kaip &#8222;YouTube&#8221;, &#8222;Netflix&#8221;, &#8222;Spotify&#8221;, &#8222;Zwift&#8221; ir &#8222;Kinomap&#8221;. \u0160i integracija ne tik skatina labai \u012fdomias ir \u012ftraukian\u010dias treniruotes, bet ir u\u017etikrina, kad naudotojai, siekdami savo fitneso tiksl\u0173, b\u016bt\u0173 linksmi ir motyvuoti. D\u0117l sklandaus ry\u0161io, kur\u012f u\u017etikrina integruotas imtuvas, &#8222;Bluetooth&#8221; palaikymas, auk\u0161tos kokyb\u0117s garsiakalbi\u0173 sistema ir USB \u012fkrovimo prievadas, UL-215 u\u017etikrina, kad j\u016bs\u0173 prietaisai b\u016bt\u0173 sinchronizuoti, o j\u016bs pramogautum\u0117te su m\u0117gstama medija kiekviename \u012fveiktame kilometre. Tai darnus patikim\u0173 treniruokli\u0173 program\u0173 ir puiki\u0173 pramog\u0173 galimybi\u0173 derinys, sud\u0117tas \u012f vien\u0105 supaprastint\u0105, \u012f vartotoj\u0105 orientuot\u0105 konsol\u0119, tod\u0117l UL-215 i\u0161siskiria kaip novatori\u0161kas lyderis komercini\u0173 treniruokli\u0173 pasaulyje.<\/p>\n<\/div>\n\n\n\n<div class=\"wp-block-column is-vertically-aligned-center is-layout-flow wp-block-column-is-layout-flow\">\n<figure class=\"wp-block-video\"><video height=\"600\" style=\"aspect-ratio: 680 \/ 600;\" width=\"680\" autoplay=\"\" controls=\"\" loop=\"\" muted=\"\" src=\"https:\/\/evolve-fitness.eu\/wp-content\/uploads\/2023\/11\/Evolve-Ultra-cardio-console-full.mp4\"><\/video><\/figure>\n<\/div>\n<\/div>\n\n\n\n<div class=\"wp-block-columns alignwide is-layout-flex wp-container-core-columns-is-layout-c45ee707 wp-block-columns-is-layout-flex\" style=\"margin-bottom:var(--wp--preset--spacing--side-padding);padding-top:var(--wp--preset--spacing--side-padding)\">\n<div class=\"wp-block-column is-vertically-aligned-center is-layout-flow wp-block-column-is-layout-flow\">\n<figure class=\"wp-block-image size-full\"><img decoding=\"async\" src=\"https:\/\/evolve-fitness.eu\/wp-content\/uploads\/2023\/11\/Evolve-UL-215-2-1.png\" alt=\"\" class=\"wp-image-5137\"\/><\/figure>\n<\/div>\n\n\n\n<div class=\"wp-block-column is-vertically-aligned-center is-layout-flow wp-block-column-is-layout-flow\">\n<h3 class=\"wp-block-heading\" style=\"margin-bottom:var(--wp--preset--spacing--h-3-bottom)\"><strong><strong>I\u0161pl\u0117stiniai grei\u010dio ir nuolyd\u017eio nustatymai<\/strong><\/strong><\/h3>\n\n\n\n<p><strong><em><strong><strong>\u012esitraukimo optimizavimas naudojant ekrano skelbimus<\/strong><\/strong><\/em><\/strong><\/p>\n\n\n\n<p>Tiksliai pritaikykite treniruot\u0119, nes grei\u010dio diapazonas yra nuo 0,5 iki 25 km\/val., o nuolydis &#8211; nuo 0 iki 15 %. Nesvarbu, ar norite \u0161velniai b\u0117gioti, ar b\u0117gti \u012f kaln\u0105, UL-215 lengvai prisitaiko prie norimo i\u0161\u0161\u016bkio lygio.<\/p>\n<\/div>\n<\/div>\n\n\n\n<div class=\"wp-block-columns alignwide are-vertically-aligned-center mobile-reverse is-layout-flex wp-container-core-columns-is-layout-e8158c2f wp-block-columns-is-layout-flex\" style=\"padding-top:var(--wp--preset--spacing--side-padding)\">\n<div class=\"wp-block-column is-vertically-aligned-center is-layout-flow wp-block-column-is-layout-flow\">\n<h3 class=\"wp-block-heading\" style=\"margin-bottom:var(--wp--preset--spacing--h-3-bottom)\"><strong>Interaktyvus mokymas<\/strong><\/h3>\n\n\n\n<p><strong><em><strong><strong>Prisitaikymas ir na\u0161umas  <\/strong><\/strong><\/em><\/strong><\/p>\n\n\n\n<p>Gaukite daugiau naudos i\u0161 treniruo\u010di\u0173 su integruota prieiga prie KINOMAP ir ZWIFT, leid\u017eian\u010dia dalyvauti virtualiuose i\u0161\u0161\u016bkiuose ir b\u0117gti imituojamoje aplinkoje, tikrais mar\u0161rutais i\u0161 viso pasaulio. Virtualios treniruot\u0117s suteikia tikrovi\u0161k\u0105 b\u0117gimo patirt\u012f patogiai \u012fsitaisius namuose ar sporto sal\u0117je<\/p>\n<\/div>\n\n\n\n<div class=\"wp-block-column is-vertically-aligned-center is-layout-flow wp-block-column-is-layout-flow\">\n<figure class=\"wp-block-video\"><video height=\"600\" style=\"aspect-ratio: 680 \/ 600;\" width=\"680\" autoplay=\"\" controls=\"\" loop=\"\" muted=\"\" src=\"https:\/\/evolve-fitness.eu\/wp-content\/uploads\/2023\/11\/Evolve-virtual-run-console-1-2.mp4\"><\/video><\/figure>\n<\/div>\n<\/div>\n\n\n\n<div class=\"wp-block-columns alignwide are-vertically-aligned-center mobile-reverse is-layout-flex wp-container-core-columns-is-layout-e8158c2f wp-block-columns-is-layout-flex\" style=\"padding-top:var(--wp--preset--spacing--side-padding)\">\n<div class=\"wp-block-column is-vertically-aligned-center is-layout-flow wp-block-column-is-layout-flow\">\n<figure class=\"wp-block-video\"><video height=\"600\" style=\"aspect-ratio: 680 \/ 600;\" width=\"680\" autoplay=\"\" controls=\"\" loop=\"\" muted=\"\" src=\"https:\/\/evolve-fitness.eu\/wp-content\/uploads\/2023\/11\/Evolve-UL-215-treadmill.mp4\"><\/video><\/figure>\n<\/div>\n\n\n\n<div class=\"wp-block-column is-vertically-aligned-center is-layout-flow wp-block-column-is-layout-flow\">\n<h3 class=\"wp-block-heading\" style=\"margin-bottom:var(--wp--preset--spacing--h-3-bottom)\"><strong>Puikus b\u0117gimo pavir\u0161ius<\/strong><\/h3>\n\n\n\n<p><strong><em><strong>B\u0117gimo denis, dir\u017eas ir humanizuotas dizainas<\/strong><\/em><\/strong><\/p>\n\n\n\n<p style=\"margin-bottom:var(--wp--preset--spacing--tb-section-padding)\">Erdvus 60 x 160 cm plotas u\u017etikrina jud\u0117jimo laisv\u0119, o AC3.0 variklis u\u017etikrina skland\u0173 ir tolyg\u0173 va\u017eiavim\u0105. 100 mm skersmens ritin\u0117liai u\u017etikrina stabilum\u0105 ir prisideda prie ma\u0161inos ilgaam\u017ei\u0161kumo. Patirkite puiki\u0105 b\u0117gimo platform\u0105 su 4,3 mm storio dir\u017eu, kurio nereikia pri\u017ei\u016br\u0117ti, ir 25 mm storio b\u0117gimo lenta, u\u017etikrinan\u010dia komfort\u0105 ir ilgaam\u017ei\u0161kum\u0105.<\/p>\n<\/div>\n<\/div>\n\n\n\n<figure class=\"wp-block-video\"><video height=\"1000\" style=\"aspect-ratio: 1000 \/ 1000;\" width=\"1000\" autoplay=\"\" loop=\"\" muted=\"\" src=\"https:\/\/evolve-fitness.eu\/wp-content\/uploads\/2023\/11\/Ultra-site-apps.mp4\"><\/video><\/figure>\n<\/section>\n<\/section>\n","protected":false},"excerpt":{"rendered":"<p>  &#8222;Evolve Ultra Series UL-215&#8221; komercinis b\u0117gimo takelis yra auk\u0161\u010diausios kokyb\u0117s ir technologi\u0161kai pa\u017eangi treniruo\u010di\u0173 platforma, puikiai tinkanti bet kuriai komercinei sporto salei, vie\u0161bu\u010dio treniruokli\u0173 salei ar nam\u0173 sporto salei, kurioje yra vietos profesionalios klas\u0117s \u012frangai. Su treniruokliu UL-215 susipa\u017einkite su fitneso ateitimi ir patobulinkite savo treniruotes jau \u0161iandien.<\/p>\n","protected":false},"featured_media":4074,"template":"","meta":{"_acf_changed":true,"inline_featured_image":false},"product_cat":[117,137,138,221],"product_tag":[],"class_list":{"0":"post-8952","1":"product","2":"type-product","3":"status-publish","4":"has-post-thumbnail","6":"product_cat-pagrindinis-puslapis","7":"product_cat-kardio-iranga","8":"product_cat-komercine-kardio-iranga","9":"product_cat-ultra-series-kardio","11":"first","12":"instock","13":"shipping-taxable","14":"purchasable","15":"product-type-simple"},"acf":[],"_links":{"self":[{"href":"https:\/\/store.evolve-fitness.eu\/lt\/wp-json\/wp\/v2\/product\/8952","targetHints":{"allow":["GET"]}}],"collection":[{"href":"https:\/\/store.evolve-fitness.eu\/lt\/wp-json\/wp\/v2\/product"}],"about":[{"href":"https:\/\/store.evolve-fitness.eu\/lt\/wp-json\/wp\/v2\/types\/product"}],"wp:featuredmedia":[{"embeddable":true,"href":"https:\/\/store.evolve-fitness.eu\/lt\/wp-json\/wp\/v2\/media\/4074"}],"wp:attachment":[{"href":"https:\/\/store.evolve-fitness.eu\/lt\/wp-json\/wp\/v2\/media?parent=8952"}],"wp:term":[{"taxonomy":"product_cat","embeddable":true,"href":"https:\/\/store.evolve-fitness.eu\/lt\/wp-json\/wp\/v2\/product_cat?post=8952"},{"taxonomy":"product_tag","embeddable":true,"href":"https:\/\/store.evolve-fitness.eu\/lt\/wp-json\/wp\/v2\/product_tag?post=8952"}],"curies":[{"name":"wp","href":"https:\/\/api.w.org\/{rel}","templated":true}]}}