{"id":8949,"date":"2024-01-03T09:20:35","date_gmt":"2024-01-03T09:20:35","guid":{"rendered":"https:\/\/store.evolve-fitness.eu\/produktas\/evolve-ultra-serijos-komercinis-vertikalusis-dviratis\/"},"modified":"2025-09-25T18:11:50","modified_gmt":"2025-09-25T18:11:50","slug":"evolve-ultra-serijos-komercinis-vertikalusis-dviratis","status":"publish","type":"product","link":"https:\/\/store.evolve-fitness.eu\/lt\/produktas\/evolve-ultra-serijos-komercinis-vertikalusis-dviratis\/","title":{"rendered":"&#8222;Evolve Ultra&#8221; serijos komercinis vertikalusis dviratis"},"content":{"rendered":"\n<p class=\"has-text-align-center has-medium-2-font-size\"><\/p>\n\n<section class=\"wp-block-group alignfull black-content has-white-color has-darkgray-background-color has-text-color has-background is-layout-constrained wp-block-group-is-layout-constrained\" style=\"padding-top:var(--wp--preset--spacing--section-bottom);padding-bottom:var(--wp--preset--spacing--section-bottom)\">\n<section class=\"wp-block-group alignfull black-content has-white-color has-darkgray-background-color has-text-color has-background is-layout-constrained wp-block-group-is-layout-constrained\" style=\"padding-top:var(--wp--preset--spacing--section-bottom);padding-bottom:var(--wp--preset--spacing--section-bottom)\">\n<div class=\"wp-block-columns alignwide is-layout-flex wp-container-core-columns-is-layout-c45ee707 wp-block-columns-is-layout-flex\" style=\"margin-bottom:var(--wp--preset--spacing--side-padding);padding-top:var(--wp--preset--spacing--side-padding)\">\n<div class=\"wp-block-column is-vertically-aligned-center is-layout-flow wp-block-column-is-layout-flow\">\n<h3 class=\"wp-block-heading\" style=\"margin-bottom:var(--wp--preset--spacing--h-3-bottom)\"><strong>&#8222;Family Look Aesthetic  <\/strong><\/h3>\n\n\n\n<p><strong><em><strong><strong><strong>Komercin\u0117s kardio \u012frangos na\u0161umas<\/strong><\/strong><\/strong><\/em><\/strong><\/p>\n\n\n\n<p>&#8222;Evolve&#8221; sukurta &#8222;Ultra&#8221; serija \u012fk\u016bnija i\u0161skirtin\u012f \u0161eimynin\u012f stili\u0173, pritaikyt\u0105 dinami\u0161kai sud\u0117ting\u0173 komercini\u0173 sporto sali\u0173 aplinkai. D\u0117l aptaki\u0173 linij\u0173, modernaus dizaino ir auk\u0161\u010diausios kokyb\u0117s apdailos kiekvienas &#8222;Ultra&#8221; serijos elementas skland\u017eiai integruojamas, kad sukurt\u0173 vientis\u0105 estetik\u0105 visoje treniruokli\u0173 sal\u0117je. Nesvarbu, ar tai b\u016bt\u0173 b\u0117gimo takeliai, elipsiniai treniruokliai, ar stacionar\u016bs dvira\u010diai, kiekvienas \u012frenginys dvelkia rafinuotumu ir funkcionalumu, pagerindamas sporto sal\u0117s atmosfer\u0105. Nuo ry\u0161ki\u0173 LED ekran\u0173 iki ergonomi\u0161k\u0173 ranken\u0173 ir reguliuojam\u0173 funkcij\u0173 kiekvienam sporto entuziastui.<\/p>\n<\/div>\n\n\n\n<div class=\"wp-block-column is-vertically-aligned-center is-layout-flow wp-block-column-is-layout-flow\">\n<figure class=\"wp-block-video\"><video autoplay=\"\" controls=\"\" loop=\"\" muted=\"\" src=\"https:\/\/evolve-fitness.eu\/wp-content\/uploads\/2024\/04\/Evolve-Ultra-Series-Family-Look.mp4\"><\/video><\/figure>\n<\/div>\n<\/div>\n\n\n\n<div class=\"wp-block-columns alignwide mobile-reverse is-layout-flex wp-container-core-columns-is-layout-ca64bf2d wp-block-columns-is-layout-flex\" style=\"margin-bottom:var(--wp--preset--spacing--side-padding)\">\n<div class=\"wp-block-column is-vertically-aligned-center is-layout-flow wp-block-column-is-layout-flow\">\n<figure class=\"wp-block-video\"><video autoplay=\"\" controls=\"\" loop=\"\" muted=\"\" src=\"https:\/\/evolve-fitness.eu\/wp-content\/uploads\/2024\/04\/Final-Upright-bike-Web-HD.mp4\"><\/video><\/figure>\n<\/div>\n\n\n\n<div class=\"wp-block-column is-vertically-aligned-center is-layout-flow wp-block-column-is-layout-flow\">\n<h3 class=\"wp-block-heading\" style=\"margin-bottom:var(--wp--preset--spacing--h-3-bottom)\"><strong><strong><strong>Pristatome &#8222;Evolve Ultra&#8221; serij\u0105 <\/strong><\/strong><\/strong>kardio<\/h3>\n\n\n\n<p><strong><em>Stilius ir stabilumas  <\/em><\/strong><\/p>\n\n\n\n<p>Pristatome &#8222;Evolve Ultra Series UL-156&#8221; komercin\u012f vertikal\u0173j\u012f dvirat\u012f &#8211; moderniausi\u0105 treniruokl\u012f, kuriame suderintos pa\u017eangiausios technologijos ir auk\u0161\u010diausios kokyb\u0117s dizainas. \u0160is kardio treniruoklis yra kruop\u0161\u010diai pagamintas, turi eleganti\u0161k\u0105 &#8222;Sandy Black&#8221; r\u0117m\u0105, kuris dvelkia rafinuotumu ir ilgaam\u017ei\u0161kumu. R\u0117mas papildytas juodai da\u017eytais priedais, tod\u0117l sukuriama vientisa ir vizualiai patraukli estetika.<\/p>\n\n\n\n<p><em>Kad gal\u0117tum\u0117te m\u0117gautis visaver\u010diu \u017eaid\u0117jo valdymu, \u012fjunkite gars\u0105 \u017eaid\u0117jo valdikliuose.<\/em><\/p>\n<\/div>\n<\/div>\n\n\n\n<div class=\"wp-block-columns alignwide mobile-reverse is-layout-flex wp-container-core-columns-is-layout-ca64bf2d wp-block-columns-is-layout-flex\" style=\"margin-bottom:var(--wp--preset--spacing--side-padding)\">\n<div class=\"wp-block-column is-vertically-aligned-center is-layout-flow wp-block-column-is-layout-flow\">\n<h3 class=\"wp-block-heading\" style=\"margin-bottom:var(--wp--preset--spacing--h-3-bottom)\"><strong>&#8222;Evolve Ultra&#8221; serijos komercinis vertikalusis dviratis<\/strong><\/h3>\n\n\n\n<p><strong><em><strong><strong><strong><strong><strong>Galutin\u0117 treniruo\u010di\u0173 patirtis<\/strong><\/strong><\/strong><\/strong><\/strong><\/em><\/strong><\/p>\n\n\n\n<p>&#8222;Evolve Ultra Series UL-156&#8221; komercinis vertikalusis dviratis &#8222;Evolve Ultra Series UL-156&#8221; si\u016blo vientis\u0105 komforto ir na\u0161umo derin\u012f, suteikiant\u012f naudotojams maloni\u0105 treniruo\u010di\u0173 patirt\u012f. Kai u\u017elipsite ant dvira\u010dio ir \u012fsitaisysite ant ergonomi\u0161kos s\u0117dyn\u0117s, i\u0161kart pasteb\u0117site, kad jos konstrukcija palaiko taisykling\u0105 laikysen\u0105 viso va\u017eiavimo metu. Sklandus, sklandus pedal\u0173 jud\u0117jimas ir pritaikomi pasiprie\u0161inimo lygiai leid\u017eia pritaikyti treniruot\u0119 prie savo fizinio pasirengimo lygio ir tiksl\u0173. Naudodami intuityv\u0173 valdym\u0105 ir patogi\u0105 s\u0105saj\u0105, be vargo reguliuosite nustatymus ir steb\u0117site pa\u017eang\u0105, tod\u0117l gal\u0117site susitelkti tik \u012f treniruot\u0119. Nesvarbu, ar norite mesti sau i\u0161\u0161\u016bk\u012f intensyviai kardio treniruotei, ar tiesiog m\u0117gautis neskubriu va\u017eiavimu, &#8222;Evolve Ultra Series UL-156&#8221; komercinis vertikalusis dviratis.<\/p>\n<\/div>\n\n\n\n<div class=\"wp-block-column is-vertically-aligned-center is-layout-flow wp-block-column-is-layout-flow\">\n<figure class=\"wp-block-video\"><video autoplay=\"\" controls=\"\" loop=\"\" muted=\"\" src=\"https:\/\/evolve-fitness.eu\/wp-content\/uploads\/2023\/11\/Evolve-Ultra-Series-Commercial-Upright-bike-1.mp4\"><\/video><\/figure>\n<\/div>\n<\/div>\n\n\n\n<div class=\"wp-block-columns alignwide mobile-reverse is-layout-flex wp-container-core-columns-is-layout-ca64bf2d wp-block-columns-is-layout-flex\" style=\"margin-bottom:var(--wp--preset--spacing--side-padding)\">\n<div class=\"wp-block-column is-vertically-aligned-center is-layout-flow wp-block-column-is-layout-flow\">\n<figure class=\"wp-block-image size-full is-resized\"><img decoding=\"async\" src=\"https:\/\/evolve-fitness.eu\/wp-content\/uploads\/2023\/11\/Evolve-UL-156-upright.png\" alt=\"\" class=\"wp-image-6203\" style=\"object-fit:cover;width:680px;height:600px\"\/><\/figure>\n<\/div>\n\n\n\n<div class=\"wp-block-column is-vertically-aligned-center is-layout-flow wp-block-column-is-layout-flow\">\n<h3 class=\"wp-block-heading\" style=\"margin-bottom:var(--wp--preset--spacing--h-3-bottom)\"><strong><strong>I\u0161pl\u0117stin\u0117 mechanika  <\/strong><\/strong><\/h3>\n\n\n\n<p><strong><em><strong><strong><strong><strong><strong>Optimaliam veikimui u\u017etikrinti<\/strong><\/strong><\/strong><\/strong><\/strong><\/em><\/strong><\/p>\n\n\n\n<p>&#8222;Evolve Ultra&#8221; serijos treniruokli\u0173 pagrind\u0105 sudaro pa\u017eangi EMS stabd\u017ei\u0173 sistema, u\u017etikrinanti skland\u0173 ir tiksl\u0173 pasiprie\u0161inimo valdym\u0105 treniruo\u010di\u0173 metu. 10 kg svorio 265 mm skersmens smagratis u\u017etikrina sud\u0117ting\u0105, bet patog\u0173 va\u017eiavim\u0105 dvira\u010diu. Trij\u0173 dali\u0173 chromuotas alk\u016bninis mechanizmas, papuo\u0161tas chromuotu apdailos dangteliu, ne tik suteikia stili\u0173, bet ir padidina dvira\u010dio ilgaam\u017ei\u0161kum\u0105.<\/p>\n<\/div>\n<\/div>\n\n\n\n<div class=\"wp-block-columns alignwide is-layout-flex wp-container-core-columns-is-layout-c45ee707 wp-block-columns-is-layout-flex\" style=\"margin-bottom:var(--wp--preset--spacing--side-padding);padding-top:var(--wp--preset--spacing--side-padding)\">\n<div class=\"wp-block-column is-vertically-aligned-center is-layout-flow wp-block-column-is-layout-flow\">\n<h3 class=\"wp-block-heading\" style=\"margin-bottom:var(--wp--preset--spacing--h-3-bottom)\"><strong>Pa\u017eangiausios technologijos  <\/strong><\/h3>\n\n\n\n<p><strong><em><strong><strong>\u012etraukian\u010diai treniruotei<\/strong><\/strong><\/em><\/strong><\/p>\n\n\n\n<p>Viena i\u0161 i\u0161skirtini\u0173 \u0161io dvira\u010dio savybi\u0173 &#8211; 15,6 coli\u0173 TFT konsol\u0117, kurioje yra rankenos pulso jutiklis, leid\u017eiantis tiksliai steb\u0117ti \u0161irdies ritm\u0105. \u0160i konsol\u0117 skirta ne tik statistiniams duomenims sekti, bet ir yra ry\u0161io centras. Per &#8222;Bluetooth&#8221; galite skland\u017eiai prisijungti prie populiari\u0173 fitneso program\u0117li\u0173, toki\u0173 kaip &#8222;Kinomap&#8221; ir &#8222;Zwift&#8221;, ir taip pagerinti savo treniruo\u010di\u0173 patirt\u012f. Be to, TFT konsol\u0117je \u012fdiegtos \u012fvairios integruotos programos, \u012fskaitant &#8222;Google Chrome&#8221;, &#8222;Facebook&#8221;, &#8222;Netflix&#8221;, &#8222;Amazon Video&#8221;, &#8222;Amazon Shopping&#8221;, &#8222;Spotify&#8221;, &#8222;YouTube&#8221;, &#8222;Twitter&#8221; ir &#8222;Instagram&#8221;. Tai j\u016bs\u0173 pramog\u0173 ir treniruo\u010di\u0173 palydovas.<\/p>\n<\/div>\n\n\n\n<div class=\"wp-block-column is-vertically-aligned-center is-layout-flow wp-block-column-is-layout-flow\">\n<figure class=\"wp-block-video\"><video height=\"600\" style=\"aspect-ratio: 680 \/ 600;\" width=\"680\" autoplay=\"\" controls=\"\" loop=\"\" muted=\"\" src=\"https:\/\/evolve-fitness.eu\/wp-content\/uploads\/2023\/11\/Evolve-Ultra-cardio-console-full.mp4\"><\/video><\/figure>\n<\/div>\n<\/div>\n\n\n\n<div class=\"wp-block-columns alignwide is-layout-flex wp-container-core-columns-is-layout-c45ee707 wp-block-columns-is-layout-flex\" style=\"margin-bottom:var(--wp--preset--spacing--side-padding);padding-top:var(--wp--preset--spacing--side-padding)\">\n<div class=\"wp-block-column is-vertically-aligned-center is-layout-flow wp-block-column-is-layout-flow\">\n<figure class=\"wp-block-video\"><video height=\"451\" style=\"aspect-ratio: 1185 \/ 451;\" width=\"1185\" autoplay=\"\" controls=\"\" loop=\"\" muted=\"\" src=\"https:\/\/evolve-fitness.eu\/wp-content\/uploads\/2024\/01\/EV-UB-UL-156-Evolve-Ultra-Series-Upright-Bike-With-3D.mp4\"><\/video><\/figure>\n<\/div>\n\n\n\n<div class=\"wp-block-column is-vertically-aligned-center is-layout-flow wp-block-column-is-layout-flow\">\n<h3 class=\"wp-block-heading\" style=\"margin-bottom:var(--wp--preset--spacing--h-3-bottom)\"><strong><strong><strong>Naudotojui patogus dizainas  <\/strong><\/strong><\/strong><\/h3>\n\n\n\n<p><strong><em><strong><strong><strong><strong><strong>Patogesniam naudojimui<\/strong><\/strong><\/strong><\/strong><\/strong><\/em><\/strong><\/p>\n\n\n\n<p>Tiems, kurie pirmenyb\u0119 teikia tradiciniam \u0161irdies ritmo matuokliui, &#8222;Evolve Ultra Series UL-156&#8221; turi integruot\u0105 \u012fprast\u0105 imtuv\u0105, tod\u0117l nereikia kr\u016btin\u0117s dir\u017eo. Be to, dviratyje \u012fmontuoti garsiakalbiai ir USB \u012fkrovimo prievadas, tod\u0117l galite klausytis m\u0117gstamos muzikos ar podcast&#8217;\u0173 ir tuo pa\u010diu metu \u012fkrauti savo \u012frenginius, tod\u0117l \u0161is dviratis yra geriausias kardio treniruoklis \u0161iuolaikiniam fitneso entuziastui.<\/p>\n<\/div>\n<\/div>\n\n\n\n<div class=\"wp-block-columns alignwide are-vertically-aligned-center mobile-reverse is-layout-flex wp-container-core-columns-is-layout-e8158c2f wp-block-columns-is-layout-flex\" style=\"padding-top:var(--wp--preset--spacing--side-padding)\">\n<div class=\"wp-block-column is-vertically-aligned-center is-layout-flow wp-block-column-is-layout-flow\">\n<h3 class=\"wp-block-heading\" style=\"margin-bottom:var(--wp--preset--spacing--h-3-bottom)\"><strong><strong>Eleganti\u0161ka ir \u0161iuolaiki\u0161ka estetika<\/strong><\/strong><\/h3>\n\n\n\n<p><strong><em><strong><strong>Ypatingas na\u0161umas<\/strong><\/strong><\/em><\/strong><\/p>\n\n\n\n<p>&#8222;Evolve Ultra Series UL-156&#8221; sukurtas patogiai ir universaliai. Jo aliuminio s\u0117dyn\u0117s b\u0117gis leid\u017eia reguliuoti s\u0117dyn\u0119, kad ji b\u016bt\u0173 pritaikyta \u012fvairaus \u016bgio naudotojams, o 440 mm PJ8 dir\u017eas u\u017etikrina skland\u0173 ir tyl\u0173 veikim\u0105. \u0160io dvira\u010dio matmenys 1220x610x1540 mm, tod\u0117l jis puikiai dera bet kurioje treniruokli\u0173 sal\u0117je. Be to, joje yra vandens buteliuko laikiklis, kad treniruo\u010di\u0173 metu b\u016bt\u0173 galima lengvai apsir\u016bpinti vandeniu.<\/p>\n<\/div>\n\n\n\n<div class=\"wp-block-column is-vertically-aligned-center is-layout-flow wp-block-column-is-layout-flow\">\n<figure class=\"wp-block-image size-large is-resized\"><img decoding=\"async\" src=\"https:\/\/evolve-fitness.eu\/wp-content\/uploads\/2023\/11\/4-1-1024x576.png\" alt=\"\" class=\"wp-image-6322\" style=\"object-fit:cover;width:680px;height:600px\"\/><\/figure>\n<\/div>\n<\/div>\n\n\n\n<p class=\"has-text-align-center has-medium-2-font-size\">Patirkite kardio treniruo\u010di\u0173 ateit\u012f su &#8222;Evolve Ultra Series UL-156&#8221; komerciniu vertikaliuoju treniruokliu, kuriame stilius, technologijos ir na\u0161umas susilieja, kad pagerint\u0173 j\u016bs\u0173 treniruo\u010di\u0173 rutin\u0105.<\/p>\n\n\n\n<figure class=\"wp-block-video\"><video height=\"1000\" style=\"aspect-ratio: 1000 \/ 1000;\" width=\"1000\" autoplay=\"\" loop=\"\" muted=\"\" src=\"https:\/\/evolve-fitness.eu\/wp-content\/uploads\/2023\/11\/Ultra-site-apps.mp4\"><\/video><\/figure>\n<\/section>\n<\/section>\n","protected":false},"excerpt":{"rendered":"<p>Pristatome &#8222;Evolve Ultra Series UL-156&#8221; komercin\u012f vertikal\u0173j\u012f dvirat\u012f &#8211; auk\u0161\u010diausios klas\u0117s treniruokl\u012f, kuriame eleganti\u0161kas dizainas dera su pa\u017eangiomis technologijomis. &#8222;Sandy Black&#8221; r\u0117mas ir juodai da\u017eyti priedai yra ir patvar\u016bs, ir esteti\u0161ki. \u0160is dviratis pasi\u017eymi tokiomis savyb\u0117mis kaip EMS stabd\u017ei\u0173 sistema, 10 kg smagratis ir trij\u0173 dali\u0173 chromuota alk\u016bn\u0117, tod\u0117l jis sukurtas skland\u017eiai ir sud\u0117tingai treniruotei. Aliumininis s\u0117dyn\u0117s b\u0117gelis u\u017etikrina reguliuojam\u0105 pad\u0117t\u012f, o 15,6 coli\u0173 TFT konsol\u0117 su rankenos pulso jutikliais ne tik fiksuoja j\u016bs\u0173 statistik\u0105, bet ir jungiasi prie populiari\u0173 fitneso program\u0117li\u0173 bei si\u016blo integruotas pramog\u0173 program\u0117les. Su integruotu \u0161irdies ritmo imtuvu, garsiakalbiais ir USB \u012fkrovimo prievadu &#8222;Evolve Ultra Series UL-156&#8221; i\u0161 naujo apibr\u0117\u017eia \u0161iuolaikinio entuziasto kardio treniruokl\u012f, tod\u0117l jis yra i\u0161skirtinis pasirinkimas j\u016bs\u0173 treniruo\u010di\u0173 poreikiams.<\/p>\n","protected":false},"featured_media":4085,"template":"","meta":{"_acf_changed":false,"inline_featured_image":false},"product_cat":[117,137,138,221],"product_tag":[],"class_list":{"0":"post-8949","1":"product","2":"type-product","3":"status-publish","4":"has-post-thumbnail","6":"product_cat-pagrindinis-puslapis","7":"product_cat-kardio-iranga","8":"product_cat-komercine-kardio-iranga","9":"product_cat-ultra-series-kardio","11":"first","12":"instock","13":"shipping-taxable","14":"purchasable","15":"product-type-simple"},"acf":[],"_links":{"self":[{"href":"https:\/\/store.evolve-fitness.eu\/lt\/wp-json\/wp\/v2\/product\/8949","targetHints":{"allow":["GET"]}}],"collection":[{"href":"https:\/\/store.evolve-fitness.eu\/lt\/wp-json\/wp\/v2\/product"}],"about":[{"href":"https:\/\/store.evolve-fitness.eu\/lt\/wp-json\/wp\/v2\/types\/product"}],"wp:featuredmedia":[{"embeddable":true,"href":"https:\/\/store.evolve-fitness.eu\/lt\/wp-json\/wp\/v2\/media\/4085"}],"wp:attachment":[{"href":"https:\/\/store.evolve-fitness.eu\/lt\/wp-json\/wp\/v2\/media?parent=8949"}],"wp:term":[{"taxonomy":"product_cat","embeddable":true,"href":"https:\/\/store.evolve-fitness.eu\/lt\/wp-json\/wp\/v2\/product_cat?post=8949"},{"taxonomy":"product_tag","embeddable":true,"href":"https:\/\/store.evolve-fitness.eu\/lt\/wp-json\/wp\/v2\/product_tag?post=8949"}],"curies":[{"name":"wp","href":"https:\/\/api.w.org\/{rel}","templated":true}]}}