{"id":8937,"date":"2023-10-18T14:28:29","date_gmt":"2023-10-18T14:28:29","guid":{"rendered":"https:\/\/store.evolve-fitness.eu\/produktas\/evolve-powerlifting-kalibruota-svorio-plokste-025-kg-25-kg\/"},"modified":"2025-11-07T11:47:19","modified_gmt":"2025-11-07T11:47:19","slug":"evolve-powerlifting-kalibruota-svorio-plokste-025-kg-25-kg","status":"publish","type":"product","link":"https:\/\/store.evolve-fitness.eu\/lt\/produktas\/evolve-powerlifting-kalibruota-svorio-plokste-025-kg-25-kg\/","title":{"rendered":"&#8222;Evolve Powerlifting&#8221; kalibruota svorio plok\u0161t\u0117 0,25 kg &#8211; 25 kg"},"content":{"rendered":"\n<section class=\"wp-block-group alignfull black-content has-white-color has-darkgray-background-color has-text-color has-background is-layout-constrained wp-block-group-is-layout-constrained\" style=\"padding-top:var(--wp--preset--spacing--section-bottom);padding-bottom:var(--wp--preset--spacing--section-bottom)\">\n<div class=\"wp-block-columns alignwide mobile-reverse is-layout-flex wp-container-core-columns-is-layout-ca64bf2d wp-block-columns-is-layout-flex\" style=\"margin-bottom:var(--wp--preset--spacing--side-padding)\">\n<div class=\"wp-block-column is-vertically-aligned-center is-layout-flow wp-block-column-is-layout-flow\">\n<h3 class=\"wp-block-heading\" style=\"margin-bottom:var(--wp--preset--spacing--h-3-bottom)\">Atitiktis IPF standartams<\/h3>\n\n\n\n<p><em><strong>Garantuotas neprilygstamas na\u0161umas<\/strong><\/em><\/p>\n\n\n\n<p style=\"margin-bottom:var(--wp--preset--spacing--tb-section-padding)\">&#8222;Evolve Powerlifting&#8221; plienin\u0117s svarmen\u0173 plok\u0161t\u0117s atitinka IPF standartus, nustatydamos naujus bekompromis\u0117s kokyb\u0117s ir na\u0161umo standartus. Grie\u017etai i\u0161bandytos, kad atitikt\u0173 grie\u017etus federacijos reikalavimus, \u0161ios plok\u0161t\u0117s u\u017etikrina auk\u0161\u010diausius k\u0117limo standartus. Su &#8222;Evolve&#8221; galite pasitik\u0117ti, kad kiekviena plok\u0161tel\u0117 atitinka profesional\u0173 visame pasaulyje reikalaujamus kriterijus ir u\u017etikrina neprilygstam\u0105 nuoseklum\u0105 bei tikslum\u0105 viso mokymo proceso metu.<\/p>\n<\/div>\n\n\n\n<div class=\"wp-block-column is-vertically-aligned-center is-layout-flow wp-block-column-is-layout-flow\">\n<figure class=\"wp-block-image alignright size-full is-resized is-style-rounded\"><img decoding=\"async\" src=\"https:\/\/evolve-fitness.eu\/wp-content\/uploads\/2023\/08\/1-2.jpg\" alt=\"\" class=\"wp-image-596\" style=\"object-fit:cover;width:680px;height:600px\"\/><\/figure>\n<\/div>\n<\/div>\n\n\n\n<div class=\"wp-block-columns alignwide is-layout-flex wp-container-core-columns-is-layout-c45ee707 wp-block-columns-is-layout-flex\" style=\"margin-bottom:var(--wp--preset--spacing--side-padding);padding-top:var(--wp--preset--spacing--side-padding)\">\n<div class=\"wp-block-column is-vertically-aligned-center is-layout-flow wp-block-column-is-layout-flow\">\n<figure class=\"wp-block-video\"><video height=\"1920\" style=\"aspect-ratio: 1920 \/ 1920;\" width=\"1920\" autoplay=\"\" controls=\"\" loop=\"\" muted=\"\" src=\"https:\/\/evolve-fitness.eu\/wp-content\/uploads\/2023\/10\/Evolve-Powerlifting-Calibrated-Weight-Plate25kg.mp4\"><\/video><\/figure>\n<\/div>\n\n\n\n<div class=\"wp-block-column is-vertically-aligned-center is-layout-constrained wp-block-column-is-layout-constrained\">\n<h3 class=\"wp-block-heading\" style=\"margin-bottom:var(--wp--preset--spacing--h-3-bottom)\">Did\u017eiausias kalibravimas, ma\u017eiausia paklaida<\/h3>\n\n\n\n<p><strong><em><strong><em>Padidinkite savo na\u0161um\u0105<\/em><\/strong><\/em><\/strong><\/p>\n\n\n\n<p style=\"margin-bottom:var(--wp--preset--spacing--tb-section-padding)\">J\u0117gos trikov\u0117je svarbiausia yra tikslumas, o &#8222;Evolve Powerlifting&#8221; plienin\u0117s svarmen\u0173 plok\u0161t\u0117s \u0161iuo po\u017ei\u016briu yra puikios. \u0160ios plok\u0161t\u0117s kalibruotos maksimaliai tiksliai ir su minimalia \u00b1 10 g svorio paklaida, tod\u0117l u\u017etikrinamas kuo tikslesnis ir patikimesnis pak\u0117limas. Atsisveikinkite su neatitikimais ir pasitik\u0117kite savimi, nes kiekvienas pak\u0117limas priartina jus prie j\u0117gos tiksl\u0173.<\/p>\n<\/div>\n<\/div>\n\n\n\n<div class=\"wp-block-columns alignwide is-layout-flex wp-container-core-columns-is-layout-c45ee707 wp-block-columns-is-layout-flex\" style=\"margin-bottom:var(--wp--preset--spacing--side-padding);padding-top:var(--wp--preset--spacing--side-padding)\">\n<div class=\"wp-block-column is-vertically-aligned-center is-layout-flow wp-block-column-is-layout-flow\">\n<h3 class=\"wp-block-heading\" style=\"margin-bottom:var(--wp--preset--spacing--h-3-bottom)\">Auk\u0161\u010diausios kokyb\u0117s ner\u016bdijantis plienas<\/h3>\n\n\n\n<p><strong><em>Apimkite nepalau\u017eiam\u0105 stipryb\u0119<\/em><\/strong><\/p>\n\n\n\n<p style=\"margin-bottom:var(--wp--preset--spacing--tb-section-padding)\">&#8222;Evolve Powerlifting&#8221; plienin\u0117s svarmen\u0173 plok\u0161t\u0117s yra pagamintos i\u0161 auk\u0161\u010diausios kokyb\u0117s ner\u016bdijan\u010dio plieno, o tai liudija apie j\u0173 nepalau\u017eiam\u0105 tvirtum\u0105 ir ilgaam\u017ei\u0161kum\u0105. \u0160ios plok\u0161t\u0117s sukurtos taip, kad atlaikyt\u0173 intensyviausius treniruo\u010di\u0173 re\u017eimus, ir yra tvirtas pagrindas j\u016bs\u0173 sunkum\u0173 kilnojimo pastangoms. &#8222;Evolve&#8221;, kaip patikimas partneris j\u016bs\u0173 fitneso kelion\u0117je, yra \u012fsipareigojusi naudoti auk\u0161\u010diausios kokyb\u0117s med\u017eiagas, kad gal\u0117tum\u0117te naudotis laiko i\u0161bandym\u0105 i\u0161laikiusia \u012franga.<\/p>\n<\/div>\n\n\n\n<div class=\"wp-block-column is-vertically-aligned-center is-layout-flow wp-block-column-is-layout-flow\">\n<div class=\"wp-block-columns is-layout-flex wp-container-core-columns-is-layout-9d6595d7 wp-block-columns-is-layout-flex\">\n<div class=\"wp-block-column is-layout-flow wp-block-column-is-layout-flow\">\n<figure class=\"wp-block-image size-full is-resized is-style-rounded\"><img decoding=\"async\" src=\"https:\/\/evolve-fitness.eu\/wp-content\/uploads\/2023\/08\/2-1.jpg\" alt=\"\" class=\"wp-image-598\" style=\"object-fit:cover;width:680px;height:600px\"\/><\/figure>\n<\/div>\n<\/div>\n<\/div>\n<\/div>\n\n\n\n<div class=\"wp-block-columns alignwide is-layout-flex wp-container-core-columns-is-layout-c45ee707 wp-block-columns-is-layout-flex\" style=\"margin-bottom:var(--wp--preset--spacing--side-padding);padding-top:var(--wp--preset--spacing--side-padding)\">\n<div class=\"wp-block-column is-vertically-aligned-center is-layout-flow wp-block-column-is-layout-flow\">\n<figure class=\"wp-block-image size-full is-resized is-style-rounded\"><img decoding=\"async\" src=\"https:\/\/evolve-fitness.eu\/wp-content\/uploads\/2023\/08\/0-3.jpg\" alt=\"\" class=\"wp-image-594\" style=\"object-fit:cover;width:680px;height:600px\"\/><\/figure>\n<\/div>\n\n\n\n<div class=\"wp-block-column is-vertically-aligned-center is-layout-flow wp-block-column-is-layout-flow\">\n<h3 class=\"wp-block-heading\" style=\"margin-bottom:var(--wp--preset--spacing--h-3-bottom)\">Olimpinis spalv\u0173 kodavimas ir svorio \u012fvairov\u0117<\/h3>\n\n\n\n<p><strong><em>Pritaikyta j\u016bs\u0173 poreikiams<\/em><\/strong><\/p>\n\n\n\n<p>&#8222;Evolve Powerlifting&#8221; plienin\u0117s svarmen\u0173 plok\u0161t\u0117s suteikia treniruot\u0117ms patogumo ir universalumo. \u0160onuose esantys olimpiniai spalviniai kodai leid\u017eia be vargo pasirinkti reikiam\u0105 svor\u012f ir optimizuoti treniruo\u010di\u0173 efektyvum\u0105. Rinkit\u0117s i\u0161 plataus svorio, pradedant nuo 0,25 kg ir baigiant 25 kg, kad atitikt\u0173 j\u016bs\u0173 unikalius j\u0117gos tikslus. Nesvarbu, ar esate pradedantysis, ar patyr\u0119s sunkum\u0173 kilnotojas, &#8222;Evolve&#8221; si\u016blo puik\u0173 asortiment\u0105, kuris pad\u0117s pagerinti j\u016bs\u0173 sunkum\u0173 kilnojimo patirt\u012f ir atskleisti vis\u0105 j\u016bs\u0173 potencial\u0105.<\/p>\n<\/div>\n<\/div>\n\n\n\n<div class=\"wp-block-columns alignwide is-layout-flex wp-container-core-columns-is-layout-c45ee707 wp-block-columns-is-layout-flex\" style=\"margin-bottom:var(--wp--preset--spacing--side-padding);padding-top:var(--wp--preset--spacing--side-padding)\">\n<div class=\"wp-block-column is-vertically-aligned-center is-layout-flow wp-block-column-is-layout-flow\">\n<h3 class=\"wp-block-heading\" style=\"margin-bottom:var(--wp--preset--spacing--h-3-bottom)\">nepaprastai plonas profilis<\/h3>\n\n\n\n<p><strong><em>Ir spalvotas kodavimas<\/em><\/strong><\/p>\n\n\n\n<p>\u0160i\u0173 disk\u0173 gamybos procesas apima tiksl\u0173 pjovim\u0105, tod\u0117l j\u0173 profilis yra itin plonas. \u0160is apgalvotas konstrukcinis sprendimas padidina disk\u0173 keliam\u0105j\u0105 gali\u0105, tod\u0117l jie gali atlaikyti dideles svorio apkrovas, siekian\u010dias \u012fsp\u016bding\u0105 daugiau kaip 900 kg svor\u012f. Be to, kiekvienas diskas kruop\u0161\u010diai pa\u017eym\u0117tas spalvomis, o tai atlieka dvejop\u0105 funkcij\u0105. Tai ne tik vizualiai papildo j\u0173 i\u0161vaizd\u0105, bet ir labai palengvina j\u0173 atpa\u017einimo u\u017eduot\u012f net i\u0161 didelio atstumo.<\/p>\n<\/div>\n\n\n\n<div class=\"wp-block-column is-vertically-aligned-center is-layout-flow wp-block-column-is-layout-flow\">\n<figure class=\"wp-block-image size-large is-resized is-style-rounded\"><img decoding=\"async\" src=\"https:\/\/evolve-fitness.eu\/wp-content\/uploads\/2023\/08\/Dimensions_Main-Camera-1024x1024.png\" alt=\"\" class=\"wp-image-4578\" style=\"object-fit:cover;width:680px;height:600px\"\/><\/figure>\n<\/div>\n<\/div>\n\n\n\n<div class=\"wp-block-columns alignwide is-layout-flex wp-container-core-columns-is-layout-c45ee707 wp-block-columns-is-layout-flex\" style=\"margin-bottom:var(--wp--preset--spacing--side-padding);padding-top:var(--wp--preset--spacing--side-padding)\">\n<div class=\"wp-block-column is-vertically-aligned-center is-layout-flow wp-block-column-is-layout-flow\">\n<div class=\"wp-block-columns is-layout-flex wp-container-core-columns-is-layout-9d6595d7 wp-block-columns-is-layout-flex\">\n<div class=\"wp-block-column is-layout-flow wp-block-column-is-layout-flow\">\n<figure class=\"wp-block-embed is-type-video is-provider-youtube wp-block-embed-youtube wp-embed-aspect-16-9 wp-has-aspect-ratio\"><div class=\"wp-block-embed__wrapper\">\n<iframe loading=\"lazy\" title=\"Evolve Free Standing Powerlifting Sound &amp; Vibration Absorption Platform\" width=\"500\" height=\"281\" src=\"https:\/\/www.youtube.com\/embed\/0ycTmQD86Mw?feature=oembed\" frameborder=\"0\" allow=\"accelerometer; autoplay; clipboard-write; encrypted-media; gyroscope; picture-in-picture; web-share\" referrerpolicy=\"strict-origin-when-cross-origin\" allowfullscreen><\/iframe>\n<\/div><\/figure>\n<\/div>\n<\/div>\n<\/div>\n<\/div>\n<\/section>\n","protected":false},"excerpt":{"rendered":"<p>Atraskite j\u0117gos ir tikslumo \u012fsik\u016bnijim\u0105 su &#8222;Evolve Powerlifting Steel Weight Plates&#8221;. Kruop\u0161\u010diai pagamintos i\u0161 auk\u0161\u010diausios kokyb\u0117s ner\u016bdijan\u010diojo plieno, \u0161ios plok\u0161t\u0117s atitinka IPF standartus, tod\u0117l u\u017etikrina neprilygstam\u0105 na\u0161um\u0105 ir ilgaam\u017ei\u0161kum\u0105. D\u0117l tikslaus kalibravimo ir minimalios \u00b1 10 g svorio paklaidos galite pasitik\u0117ti nuosekliais ir patikimais keltuvais. Olimpin\u0117 spalvota juostel\u0117 palengvina svori\u0173 atpa\u017einim\u0105, o didel\u0117 svori\u0173 \u012fvairov\u0117 &#8211; nuo 0,25 kg iki 25 kg &#8211; tinka vis\u0173 lygi\u0173 atletams. Pagerinkite savo keliam\u0105j\u0105 gali\u0105 su neprilygstama &#8222;Evolve&#8221; kokybe ir meistri\u0161kumu, sukurtu atlaikyti grie\u017e\u010diausius treniruo\u010di\u0173 re\u017eimus. Patirkite pasitik\u0117jim\u0105 savimi, kur\u012f suteikia k\u0117limas su &#8222;Evolve Powerlifting&#8221; plienin\u0117mis svori\u0173 plok\u0161t\u0117mis &#8211; puikiu pasirinkimu profesionaliam darbui ir tobul\u0117jimui.<\/p>\n","protected":false},"featured_media":148603,"template":"","meta":{"_acf_changed":false,"inline_featured_image":false},"product_cat":[117,127,188],"product_tag":[],"class_list":{"0":"post-8937","1":"product","2":"type-product","3":"status-publish","4":"has-post-thumbnail","6":"product_cat-pagrindinis-puslapis","7":"product_cat-laisvieji-svarmenys","8":"product_cat-svorio-plokstes","10":"first","11":"instock","12":"sale","13":"shipping-taxable","14":"purchasable","15":"product-type-variable"},"acf":[],"_links":{"self":[{"href":"https:\/\/store.evolve-fitness.eu\/lt\/wp-json\/wp\/v2\/product\/8937","targetHints":{"allow":["GET"]}}],"collection":[{"href":"https:\/\/store.evolve-fitness.eu\/lt\/wp-json\/wp\/v2\/product"}],"about":[{"href":"https:\/\/store.evolve-fitness.eu\/lt\/wp-json\/wp\/v2\/types\/product"}],"wp:featuredmedia":[{"embeddable":true,"href":"https:\/\/store.evolve-fitness.eu\/lt\/wp-json\/wp\/v2\/media\/148603"}],"wp:attachment":[{"href":"https:\/\/store.evolve-fitness.eu\/lt\/wp-json\/wp\/v2\/media?parent=8937"}],"wp:term":[{"taxonomy":"product_cat","embeddable":true,"href":"https:\/\/store.evolve-fitness.eu\/lt\/wp-json\/wp\/v2\/product_cat?post=8937"},{"taxonomy":"product_tag","embeddable":true,"href":"https:\/\/store.evolve-fitness.eu\/lt\/wp-json\/wp\/v2\/product_tag?post=8937"}],"curies":[{"name":"wp","href":"https:\/\/api.w.org\/{rel}","templated":true}]}}