{"id":8897,"date":"2023-10-31T14:35:53","date_gmt":"2023-10-31T14:35:53","guid":{"rendered":"https:\/\/store.evolve-fitness.eu\/produktas\/evolve-guminiai-svarmenys-4-14-kg\/"},"modified":"2026-04-02T12:00:50","modified_gmt":"2026-04-02T12:00:50","slug":"evolve-guminiai-svarmenys-4-14-kg","status":"publish","type":"product","link":"https:\/\/store.evolve-fitness.eu\/lt\/produktas\/evolve-guminiai-svarmenys-4-14-kg\/","title":{"rendered":"&#8222;Evolve&#8221; guminiai svarmenys 4 &#8211; 14 kg"},"content":{"rendered":"\n<section class=\"wp-block-group alignfull black-content has-white-color has-darkgray-background-color has-text-color has-background is-layout-constrained wp-block-group-is-layout-constrained\" style=\"padding-top:var(--wp--preset--spacing--section-bottom);padding-bottom:var(--wp--preset--spacing--section-bottom)\">\n<div class=\"wp-block-columns alignwide mobile-reverse is-layout-flex wp-container-core-columns-is-layout-ca64bf2d wp-block-columns-is-layout-flex\" style=\"margin-bottom:var(--wp--preset--spacing--side-padding)\">\n<div class=\"wp-block-column is-vertically-aligned-center is-layout-flow wp-block-column-is-layout-flow\">\n<h3 class=\"wp-block-heading\" style=\"margin-bottom:var(--wp--preset--spacing--h-3-bottom)\"><strong>I\u0161skirtinis patvarumas<\/strong><\/h3>\n\n\n\n<p><strong><em><strong><em><strong><em>Ilgaam\u017ei\u0161kumas ir atsparumas<\/em><\/strong><\/em><\/strong><\/em><\/strong><\/p>\n\n\n\n<p>Kiekvienas &#8222;Evolve&#8221; kettlebell pradeda savo gyvenim\u0105 nuo tvirto metalo lydinio liejinio, kuris \u017eada ilgaam\u017ei\u0161kum\u0105 ir atsparum\u0105 nusid\u0117v\u0117jimui. Kruop\u0161\u010diai suprojektuoti \u0161ie svarmenys yra atspar\u016bs korozijai ir deformacijai, tod\u0117l treniruot\u0117 po treniruot\u0117s i\u0161lieka nepriekai\u0161tingos b\u016bkl\u0117s. Precizi\u0161kas liejimas u\u017etikrina puik\u0173 balans\u0105 ir matmen\u0173 tikslum\u0105, tod\u0117l juos renkasi profesional\u016bs sporto klubai, karin\u0117s baz\u0117s, vie\u0161bu\u010diai, reabilitacijos centrai ir nam\u0173 fitneso entuziastai, kuriems reikia geriausio.<\/p>\n<\/div>\n\n\n\n<div class=\"wp-block-column is-vertically-aligned-center is-layout-flow wp-block-column-is-layout-flow\">\n<figure class=\"wp-block-image alignright size-full is-resized is-style-rounded\"><img decoding=\"async\" src=\"https:\/\/evolve-fitness.eu\/wp-content\/uploads\/2023\/11\/Evolve-Rubber-Kettlebells.png\" alt=\"\" class=\"wp-image-5697\" style=\"object-fit:cover;width:680px;height:600px\"\/><\/figure>\n<\/div>\n<\/div>\n\n\n\n<div class=\"wp-block-columns alignwide is-layout-flex wp-container-core-columns-is-layout-c45ee707 wp-block-columns-is-layout-flex\" style=\"margin-bottom:var(--wp--preset--spacing--side-padding);padding-top:var(--wp--preset--spacing--side-padding)\">\n<div class=\"wp-block-column is-vertically-aligned-center is-layout-flow wp-block-column-is-layout-flow\">\n<figure class=\"wp-block-image size-full is-resized is-style-rounded\"><img loading=\"lazy\" decoding=\"async\" width=\"1920\" height=\"1280\" src=\"https:\/\/store.evolve-fitness.eu\/wp-content\/uploads\/2023\/10\/EV-KB-RB-Evolve-Rubber-Kettlebells-4-14-kg-5-1.jpg\" alt=\"\" class=\"wp-image-95479\" style=\"object-fit:cover;width:680px;height:600px\" srcset=\"https:\/\/store.evolve-fitness.eu\/wp-content\/uploads\/2023\/10\/EV-KB-RB-Evolve-Rubber-Kettlebells-4-14-kg-5-1.jpg 1920w, https:\/\/store.evolve-fitness.eu\/wp-content\/uploads\/2023\/10\/EV-KB-RB-Evolve-Rubber-Kettlebells-4-14-kg-5-1-300x200.jpg 300w, https:\/\/store.evolve-fitness.eu\/wp-content\/uploads\/2023\/10\/EV-KB-RB-Evolve-Rubber-Kettlebells-4-14-kg-5-1-1024x683.jpg 1024w, https:\/\/store.evolve-fitness.eu\/wp-content\/uploads\/2023\/10\/EV-KB-RB-Evolve-Rubber-Kettlebells-4-14-kg-5-1-768x512.jpg 768w, https:\/\/store.evolve-fitness.eu\/wp-content\/uploads\/2023\/10\/EV-KB-RB-Evolve-Rubber-Kettlebells-4-14-kg-5-1-1536x1024.jpg 1536w, https:\/\/store.evolve-fitness.eu\/wp-content\/uploads\/2023\/10\/EV-KB-RB-Evolve-Rubber-Kettlebells-4-14-kg-5-1-600x400.jpg 600w\" sizes=\"auto, (max-width: 1920px) 100vw, 1920px\" \/><\/figure>\n<\/div>\n\n\n\n<div class=\"wp-block-column is-vertically-aligned-center is-layout-flow wp-block-column-is-layout-flow\">\n<h3 class=\"wp-block-heading\" style=\"margin-bottom:var(--wp--preset--spacing--h-3-bottom)\"><strong><strong>I\u0161pl\u0117stinis funkcionalumas<\/strong><\/strong><\/h3>\n\n\n\n<p><strong><em><strong><em><strong><em>Patvarumas<\/em><\/strong><\/em><\/strong><\/em><\/strong> <em><strong>ir apsaugos priemon\u0117s<\/strong><\/em><\/p>\n\n\n\n<p>&#8222;Evolve&#8221; gumos apvalkalas yra ne tik estetinis pasirinkimas. Tai gerokai padidina j\u0173 ilgaam\u017ei\u0161kum\u0105, apsaugo grindis ir \u012frang\u0105 nuo pa\u017eeidim\u0173 ir gerokai suma\u017eina triuk\u0161m\u0105 treniruo\u010di\u0173 metu. Tekst\u016bruot\u0105 pavir\u0161i\u0173 ne tik lengva valyti, bet jis taip pat u\u017etikrina saug\u0173, neslystant\u012f sukibim\u0105, kuris labai svarbus saugumui intensyvi\u0173 treniruo\u010di\u0173 metu. Be to, d\u0117l \u012fspaust\u0173 ir lazeriu i\u0161pjaut\u0173 svorio \u017eenkl\u0173 lengva pasirinkti tinkam\u0105 svarmen\u012f treniruotei.<\/p>\n<\/div>\n<\/div>\n\n\n\n<div class=\"wp-block-columns alignwide are-vertically-aligned-center mobile-reverse is-layout-flex wp-container-core-columns-is-layout-e8158c2f wp-block-columns-is-layout-flex\" style=\"padding-top:var(--wp--preset--spacing--side-padding)\">\n<div class=\"wp-block-column is-vertically-aligned-center is-layout-flow wp-block-column-is-layout-flow\">\n<h3 class=\"wp-block-heading\" style=\"margin-bottom:var(--wp--preset--spacing--h-3-bottom)\"><strong><strong><strong>Universalumas kiekvienam fizinio pasirengimo lygiui<\/strong><\/strong><\/strong><\/h3>\n\n\n\n<p><strong><em><strong><em><strong>Kokyb\u0117 ir vert\u0117<\/strong><\/em><\/strong><\/em><\/strong><\/p>\n\n\n\n<p>Nesvarbu, ar tai individualios, grupin\u0117s, funkcin\u0117s, ar CrossFit treniruot\u0117s, &#8222;Evolve&#8221; kettlebells tinka visoms \u0161ioms treniruot\u0117ms. J\u0173 \u012fvairov\u0117 &#8211; skirtingo dyd\u017eio, skersmens ir rankenos storio &#8211; leid\u017eia i\u0161sirinkti tinkamiausi\u0105 treniruo\u010di\u0173 \u012frank\u012f. \u0160ie svarmenys, kuri\u0173 svoris nuo 4 kg iki 14 kg, turi plok\u0161\u010di\u0105, plat\u0173 pagrind\u0105, u\u017etikrinant\u012f neprilygstam\u0105 stabilum\u0105, pa\u0161alinant\u012f svyravimus ir pagerinant\u012f treniruo\u010di\u0173 patirt\u012f.<\/p>\n<\/div>\n\n\n\n<div class=\"wp-block-column is-vertically-aligned-center is-layout-flow wp-block-column-is-layout-flow\">\n<figure class=\"wp-block-image alignright size-full is-resized is-style-rounded\"><img decoding=\"async\" src=\"https:\/\/evolve-fitness.eu\/wp-content\/uploads\/2023\/11\/Evolve-Rubber-Kettlebells-3.png\" alt=\"\" class=\"wp-image-5701\" style=\"object-fit:cover;width:680px;height:600px\"\/><\/figure>\n<\/div>\n<\/div>\n\n\n\n<p class=\"has-text-align-center has-medium-font-size\"><strong>Atraskite &#8222;Evolve&#8221; skirtum\u0105 ir pakeiskite savo sveikatingumo kelion\u0119 su m\u016bs\u0173 guminiais kettlebell&#8217;ais. Sukurti tiems, kurie vertina kokyb\u0119 ir na\u0161um\u0105, &#8222;Evolve&#8221; kettlebells yra patikimas partneris siekiant j\u0117gos ir kondicionavimo tiksl\u0173.<\/strong><\/p>\n<\/section>\n","protected":false},"excerpt":{"rendered":"<p>&#8222;Evolve&#8221; guma dengti svarmenys, nulieti i\u0161 tvirto metalo lydinio. Plok\u0161\u010dias kettlebell pagrindas u\u017etikrina maksimal\u0173 stabilum\u0105, o neslystan\u010dios rankenos leid\u017eia tvirtai laikyti atliekant pratimus. Priklausomai nuo kettlebell svorio, rankenos skersmuo skiriasi. Gumin\u0117 danga ne tik u\u017etikrina tyl\u0173 veikim\u0105, bet ir apsaugo metal\u0105 nuo pa\u017eeidim\u0173, \u012fbr\u0117\u017eim\u0173 ir r\u016bd\u017ei\u0173.<\/p>\n","protected":false},"featured_media":95392,"template":"","meta":{"_acf_changed":false,"inline_featured_image":false},"product_cat":[2405,127,162],"product_tag":[],"class_list":{"0":"post-8897","1":"product","2":"type-product","3":"status-publish","4":"has-post-thumbnail","6":"product_cat-hyrox-gear","7":"product_cat-laisvieji-svarmenys","8":"product_cat-giros","10":"first","11":"instock","12":"shipping-taxable","13":"purchasable","14":"product-type-variable"},"acf":[],"_links":{"self":[{"href":"https:\/\/store.evolve-fitness.eu\/lt\/wp-json\/wp\/v2\/product\/8897","targetHints":{"allow":["GET"]}}],"collection":[{"href":"https:\/\/store.evolve-fitness.eu\/lt\/wp-json\/wp\/v2\/product"}],"about":[{"href":"https:\/\/store.evolve-fitness.eu\/lt\/wp-json\/wp\/v2\/types\/product"}],"wp:featuredmedia":[{"embeddable":true,"href":"https:\/\/store.evolve-fitness.eu\/lt\/wp-json\/wp\/v2\/media\/95392"}],"wp:attachment":[{"href":"https:\/\/store.evolve-fitness.eu\/lt\/wp-json\/wp\/v2\/media?parent=8897"}],"wp:term":[{"taxonomy":"product_cat","embeddable":true,"href":"https:\/\/store.evolve-fitness.eu\/lt\/wp-json\/wp\/v2\/product_cat?post=8897"},{"taxonomy":"product_tag","embeddable":true,"href":"https:\/\/store.evolve-fitness.eu\/lt\/wp-json\/wp\/v2\/product_tag?post=8897"}],"curies":[{"name":"wp","href":"https:\/\/api.w.org\/{rel}","templated":true}]}}