{"id":8878,"date":"2024-01-03T08:57:44","date_gmt":"2024-01-03T08:57:44","guid":{"rendered":"https:\/\/store.evolve-fitness.eu\/produktas\/evolve-ultra-series-komercinis-elipsinis-treniruoklis\/"},"modified":"2026-03-05T12:00:22","modified_gmt":"2026-03-05T12:00:22","slug":"evolve-ultra-series-komercinis-elipsinis-treniruoklis","status":"publish","type":"product","link":"https:\/\/store.evolve-fitness.eu\/lt\/produktas\/evolve-ultra-series-komercinis-elipsinis-treniruoklis\/","title":{"rendered":"&#8222;Evolve Ultra Series&#8221; komercinis elipsinis treniruoklis"},"content":{"rendered":"\n<section class=\"wp-block-group alignfull black-content has-white-color has-darkgray-background-color has-text-color has-background is-layout-constrained wp-block-group-is-layout-constrained\" style=\"padding-top:var(--wp--preset--spacing--section-bottom);padding-bottom:var(--wp--preset--spacing--section-bottom)\">\n<section class=\"wp-block-group alignfull black-content has-white-color has-darkgray-background-color has-text-color has-background is-layout-constrained wp-block-group-is-layout-constrained\" style=\"padding-top:var(--wp--preset--spacing--section-bottom);padding-bottom:var(--wp--preset--spacing--section-bottom)\">\n<div class=\"wp-block-columns alignwide is-layout-flex wp-container-core-columns-is-layout-c45ee707 wp-block-columns-is-layout-flex\" style=\"margin-bottom:var(--wp--preset--spacing--side-padding);padding-top:var(--wp--preset--spacing--side-padding)\">\n<div class=\"wp-block-column is-vertically-aligned-center is-layout-flow wp-block-column-is-layout-flow\">\n<h3 class=\"wp-block-heading\" style=\"margin-bottom:var(--wp--preset--spacing--h-3-bottom)\"><strong>&#8222;Family Look Aesthetic  <\/strong><\/h3>\n\n\n\n<p><strong><em><strong><strong><strong>Komercin\u0117s kardio \u012frangos na\u0161umas<\/strong><\/strong><\/strong><\/em><\/strong><\/p>\n\n\n\n<p>&#8222;Evolve&#8221; sukurta &#8222;Ultra&#8221; serija \u012fk\u016bnija i\u0161skirtin\u012f \u0161eimynin\u012f stili\u0173, pritaikyt\u0105 dinami\u0161kai sud\u0117ting\u0173 komercini\u0173 sporto sali\u0173 aplinkai. D\u0117l aptaki\u0173 linij\u0173, modernaus dizaino ir auk\u0161\u010diausios kokyb\u0117s apdailos kiekvienas &#8222;Ultra&#8221; serijos elementas skland\u017eiai integruojamas, kad sukurt\u0173 vientis\u0105 estetik\u0105 visoje treniruokli\u0173 sal\u0117je. Nesvarbu, ar tai b\u016bt\u0173 b\u0117gimo takeliai, elipsiniai treniruokliai, ar stacionar\u016bs dvira\u010diai, kiekvienas \u012frenginys dvelkia rafinuotumu ir funkcionalumu, pagerindamas sporto sal\u0117s atmosfer\u0105. Nuo ry\u0161ki\u0173 LED ekran\u0173 iki ergonomi\u0161k\u0173 ranken\u0173 ir reguliuojam\u0173 funkcij\u0173 kiekvienam sporto entuziastui.<\/p>\n<\/div>\n\n\n\n<div class=\"wp-block-column is-vertically-aligned-center is-layout-flow wp-block-column-is-layout-flow\">\n<figure class=\"wp-block-video\"><video autoplay=\"\" controls=\"\" loop=\"\" muted=\"\" src=\"https:\/\/evolve-fitness.eu\/wp-content\/uploads\/2024\/04\/Evolve-Ultra-Series-Family-Look.mp4\"><\/video><\/figure>\n<\/div>\n<\/div>\n\n\n\n<div class=\"wp-block-columns alignwide mobile-reverse is-layout-flex wp-container-core-columns-is-layout-ca64bf2d wp-block-columns-is-layout-flex\" style=\"margin-bottom:var(--wp--preset--spacing--side-padding)\">\n<div class=\"wp-block-column is-vertically-aligned-center is-layout-flow wp-block-column-is-layout-flow\">\n<figure class=\"wp-block-video\"><video autoplay=\"\" controls=\"\" loop=\"\" muted=\"\" src=\"https:\/\/evolve-fitness.eu\/wp-content\/uploads\/2024\/04\/Final-Elliptical-trainer-Web-HD.mp4\"><\/video><\/figure>\n<\/div>\n\n\n\n<div class=\"wp-block-column is-vertically-aligned-center is-layout-flow wp-block-column-is-layout-flow\">\n<h3 class=\"wp-block-heading\" style=\"margin-bottom:var(--wp--preset--spacing--h-3-bottom)\"><strong><strong><strong>Pristatome &#8222;Evolve Ultra&#8221; serij\u0105 <\/strong><\/strong><\/strong>kardio<\/h3>\n\n\n\n<p><strong><em>Stilius ir stabilumas  <\/em><\/strong><\/p>\n\n\n\n<p>Atraskite &#8222;Evolve Ultra Series UL-156&#8221; &#8211; komercin\u0117s klas\u0117s elipsin\u012f treniruokl\u012f, kuriame eleganti\u0161kas dizainas dera su dideliu patvarumu. \u0160is elipsinis treniruoklis, skirtas rimtiems fitneso entuziastams, turi &#8222;Sandy Black&#8221; juod\u0105 r\u0117m\u0105 ir gali talpinti iki 200 kg sverian\u010dius naudotojus, tod\u0117l bet kokioje sporto aplinkoje u\u017etikrina ir stili\u0173, ir stabilum\u0105.<\/p>\n\n\n\n<p><em>Kad gal\u0117tum\u0117te m\u0117gautis visaver\u010diu \u017eaid\u0117jo valdymu, \u012fjunkite gars\u0105 \u017eaid\u0117jo valdikliuose.<\/em><\/p>\n<\/div>\n<\/div>\n\n\n\n<div class=\"wp-block-columns alignwide mobile-reverse is-layout-flex wp-container-core-columns-is-layout-ca64bf2d wp-block-columns-is-layout-flex\" style=\"margin-bottom:var(--wp--preset--spacing--side-padding)\">\n<div class=\"wp-block-column is-vertically-aligned-center is-layout-flow wp-block-column-is-layout-flow\">\n<h3 class=\"wp-block-heading\" style=\"margin-bottom:var(--wp--preset--spacing--h-3-bottom)\"><strong>&#8222;Evolve Ultra Series&#8221; komercinis elipsinis treniruoklis<\/strong><\/h3>\n\n\n\n<p><strong><em><strong><strong><strong><strong><strong>Galutin\u0117 treniruo\u010di\u0173 patirtis<\/strong><\/strong><\/strong><\/strong><\/strong><\/em><\/strong><\/p>\n\n\n\n<p>Komercinis elipsinis treniruoklis &#8222;Evolve Ultra Series&#8221; suteikia sklandumo ir galios poj\u016bt\u012f su kiekvienu \u017eingsniu. Erdv\u016bs pedalai ir ergonomi\u0161kos rankenos suteikia stabilumo ir kontrol\u0117s poj\u016bt\u012f. Sklandus elips\u0117s judesys u\u017etikrina ma\u017eo poveikio, ta\u010diau labai efektyvi\u0105 treniruot\u0119, tod\u0117l lengvai \u012fdarbinsite kelias raumen\u0173 grupes. D\u0117l pritaikom\u0173 pasiprie\u0161inimo lygi\u0173 ir i\u0161 anksto suprogramuot\u0173 treniruo\u010di\u0173 parink\u010di\u0173 galite lanks\u010diai pritaikyti treniruo\u010di\u0173 rutin\u0105 prie savo konkre\u010di\u0173 tiksl\u0173 ir pageidavim\u0173. Intuityvus pultelis nuolat informuoja apie j\u016bs\u0173 pa\u017eang\u0105, motyvuoja pl\u0117sti savo galimybi\u0173 ribas ir siekti fitneso tiksl\u0173. Nesvarbu, ar siekiate padidinti \u0161irdies ir kraujagysli\u0173 i\u0161tverm\u0119, sutvirtinti raumenis, ar tiesiog m\u0117gaujat\u0117s malonia treniruote, &#8222;Evolve Ultra Series&#8221; komercinis elipsinis treniruoklis su kiekvienu \u017eingsniu suteikia malon\u0173 ir d\u017eiuginant\u012f poj\u016bt\u012f.<\/p>\n<\/div>\n\n\n\n<div class=\"wp-block-column is-vertically-aligned-center is-layout-flow wp-block-column-is-layout-flow\">\n<figure class=\"wp-block-video\"><video autoplay=\"\" controls=\"\" loop=\"\" muted=\"\" src=\"https:\/\/evolve-fitness.eu\/wp-content\/uploads\/2024\/04\/Evolve-Ultra-Series-Commercial-Elliptical-trainer.mp4\"><\/video><\/figure>\n<\/div>\n<\/div>\n\n\n\n<div class=\"wp-block-columns alignwide mobile-reverse is-layout-flex wp-container-core-columns-is-layout-ca64bf2d wp-block-columns-is-layout-flex\" style=\"margin-bottom:var(--wp--preset--spacing--side-padding)\">\n<div class=\"wp-block-column is-vertically-aligned-center is-layout-flow wp-block-column-is-layout-flow\">\n<figure class=\"wp-block-video\"><video height=\"2560\" style=\"aspect-ratio: 1920 \/ 2560;\" width=\"1920\" autoplay=\"\" controls=\"\" loop=\"\" muted=\"\" src=\"https:\/\/evolve-fitness.eu\/wp-content\/uploads\/2023\/11\/EV-ET-UL-156-Short.mp4\"><\/video><\/figure>\n<\/div>\n\n\n\n<div class=\"wp-block-column is-vertically-aligned-center is-layout-flow wp-block-column-is-layout-flow\">\n<h3 class=\"wp-block-heading\">Sveiki atvyk\u0119 \u012f &#8222;Ultra&#8221; serij\u0105<\/h3>\n\n\n\n<p><strong><em>Susipa\u017einkite su m\u016bs\u0173 &#8222;Ultra Series&#8221; \u012franga naudodamiesi moderniausia 3D 360 ekskursija<\/em><\/strong><\/p>\n\n\n\n<p>&#8222;Evolve Ultra Series&#8221; komercinis kardio treniruoklis, priklausantis &#8222;Evolve Ultra Series&#8221; serijai, sukurtas siekiant u\u017etikrinti patogum\u0105 ir na\u0161um\u0105. Dizainas yra esteti\u0161kas, o patvari, milteliniu b\u016bdu dengta apdaila ir naudojami auk\u0161tos kokyb\u0117s kabeliai u\u017etikrina skland\u0173 veikim\u0105.<\/p>\n<\/div>\n<\/div>\n\n\n\n<div class=\"wp-block-columns alignwide mobile-reverse is-layout-flex wp-container-core-columns-is-layout-ca64bf2d wp-block-columns-is-layout-flex\" style=\"margin-bottom:var(--wp--preset--spacing--side-padding)\">\n<div class=\"wp-block-column is-vertically-aligned-center is-layout-flow wp-block-column-is-layout-flow\">\n<h3 class=\"wp-block-heading\" style=\"margin-bottom:var(--wp--preset--spacing--h-3-bottom)\"><strong><strong>I\u0161pl\u0117stin\u0117 mechanika  <\/strong><\/strong><\/h3>\n\n\n\n<p><strong><em><strong><strong><strong><strong><strong>Optimaliam veikimui u\u017etikrinti<\/strong><\/strong><\/strong><\/strong><\/strong><\/em><\/strong><\/p>\n\n\n\n<p>UL-156 sukurtas taip, kad treniruot\u0117s vykt\u0173 skland\u017eiai ir efektyviai. Jame yra EMS stabdymo sistema ir 10 kg*265 mm smagratis su SFK guoliu, u\u017etikrinantis nuosekl\u0173 pedal\u0173 mynimo proces\u0105. Tyliai veikiantis 530 mm PJ8 dir\u017eas ir 1\/11,6 pavar\u0173 perdavimo santykis u\u017etikrina sud\u0117ting\u0105 ir maloni\u0105 treniruot\u0119 bet kokio fizinio pasirengimo lygio naudotojams.<\/p>\n<\/div>\n\n\n\n<div class=\"wp-block-column is-vertically-aligned-center is-layout-flow wp-block-column-is-layout-flow\">\n<figure class=\"wp-block-image size-full is-resized is-style-rounded\"><img decoding=\"async\" src=\"https:\/\/evolve-fitness.eu\/wp-content\/uploads\/2023\/11\/Evolve-UL-156-eliptical.png\" alt=\"\" class=\"wp-image-6019\" style=\"object-fit:cover;width:680px;height:600px\"\/><\/figure>\n<\/div>\n<\/div>\n\n\n\n<div class=\"wp-block-columns alignwide is-layout-flex wp-container-core-columns-is-layout-c45ee707 wp-block-columns-is-layout-flex\" style=\"margin-bottom:var(--wp--preset--spacing--side-padding);padding-top:var(--wp--preset--spacing--side-padding)\">\n<div class=\"wp-block-column is-vertically-aligned-center is-layout-flow wp-block-column-is-layout-flow\">\n<figure class=\"wp-block-video\"><video height=\"600\" style=\"aspect-ratio: 680 \/ 600;\" width=\"680\" autoplay=\"\" controls=\"\" loop=\"\" muted=\"\" src=\"https:\/\/evolve-fitness.eu\/wp-content\/uploads\/2023\/11\/Evolve-Ultra-cardio-console-full.mp4\"><\/video><\/figure>\n<\/div>\n\n\n\n<div class=\"wp-block-column is-vertically-aligned-center is-layout-flow wp-block-column-is-layout-flow\">\n<h3 class=\"wp-block-heading\" style=\"margin-bottom:var(--wp--preset--spacing--h-3-bottom)\"><strong>Pa\u017eangiausios technologijos  <\/strong><\/h3>\n\n\n\n<p><strong><em><strong><strong>\u012etraukian\u010diai treniruotei<\/strong><\/strong><\/em><\/strong><\/p>\n\n\n\n<p>Palaikykite ry\u0161\u012f ir pramogaukite naudodami pa\u017eangias UL-156 technologines funkcijas. Elipsinis treniruoklis turi 15,6 coli\u0173 TFT ekran\u0105, kuriame realiuoju laiku stebimas \u0161irdies ritmas, ir &#8222;Bluetooth&#8221; ry\u0161\u012f, tod\u0117l j\u012f galima skland\u017eiai integruoti su tokiomis populiariomis fitneso program\u0117l\u0117mis kaip &#8222;Kinomap&#8221; ir &#8222;Zwift&#8221;. Integruotos programos, tokios kaip &#8222;Google Chrome&#8221;, &#8222;Facebook&#8221;, &#8222;Netflix&#8221; ir kitos, u\u017etikrina, kad treniruot\u0117s b\u016bt\u0173 ir produktyvios, ir linksmos.<\/p>\n<\/div>\n<\/div>\n\n\n\n<div class=\"wp-block-columns alignwide is-layout-flex wp-container-core-columns-is-layout-c45ee707 wp-block-columns-is-layout-flex\" style=\"margin-bottom:var(--wp--preset--spacing--side-padding);padding-top:var(--wp--preset--spacing--side-padding)\">\n<div class=\"wp-block-column is-vertically-aligned-center is-layout-flow wp-block-column-is-layout-flow\">\n<h3 class=\"wp-block-heading\" style=\"margin-bottom:var(--wp--preset--spacing--h-3-bottom)\"><strong><strong><strong>Naudotojui patogus dizainas  <\/strong><\/strong><\/strong><\/h3>\n\n\n\n<p><strong><em><strong><strong><strong><strong><strong>Patogesniam naudojimui<\/strong><\/strong><\/strong><\/strong><\/strong><\/em><\/strong><\/p>\n\n\n\n<p>UL-156 sukurtas atsi\u017evelgiant \u012f naudotojo poreikius, tod\u0117l jame yra patogi\u0173 funkcij\u0173, pavyzd\u017eiui, integruotas imtuvas, tod\u0117l nereikia kr\u016btin\u0117s dir\u017eo, taip pat garsiakalbis ir USB \u012fkrovimo prievadas. Prid\u0117tas vandens buteliuko laikiklis u\u017etikrina, kad treniruo\u010di\u0173 metu b\u016bt\u0173 lengva ir patogu apsir\u016bpinti vandeniu.<\/p>\n<\/div>\n\n\n\n<div class=\"wp-block-column is-vertically-aligned-center is-layout-flow wp-block-column-is-layout-flow\">\n<figure class=\"wp-block-image size-full\"><img decoding=\"async\" src=\"https:\/\/evolve-fitness.eu\/wp-content\/uploads\/2023\/11\/Evolve-Ultra-Series-UL-156-Elliptical-trainer-1.png\" alt=\"\" class=\"wp-image-6023\"\/><\/figure>\n<\/div>\n<\/div>\n\n\n\n<div class=\"wp-block-columns alignwide are-vertically-aligned-center mobile-reverse is-layout-flex wp-container-core-columns-is-layout-e8158c2f wp-block-columns-is-layout-flex\" style=\"padding-top:var(--wp--preset--spacing--side-padding)\">\n<div class=\"wp-block-column is-vertically-aligned-center is-layout-flow wp-block-column-is-layout-flow\">\n<figure class=\"wp-block-image size-large\"><img decoding=\"async\" src=\"https:\/\/evolve-fitness.eu\/wp-content\/uploads\/2023\/11\/Evolve-UL-156-eliptical-1-1024x576.png\" alt=\"\" class=\"wp-image-6017\"\/><\/figure>\n<\/div>\n\n\n\n<div class=\"wp-block-column is-vertically-aligned-center is-layout-flow wp-block-column-is-layout-flow\">\n<h3 class=\"wp-block-heading\" style=\"margin-bottom:var(--wp--preset--spacing--h-3-bottom)\"><strong><strong>Eleganti\u0161ka ir \u0161iuolaiki\u0161ka estetika<\/strong><\/strong><\/h3>\n\n\n\n<p><strong><em><strong><strong>Ypatingas na\u0161umas<\/strong><\/strong><\/em><\/strong><\/p>\n\n\n\n<p>Elipsinis treniruoklis UL-156 &#8211; tai ne tik na\u0161umas, bet ir eleganti\u0161ka, \u0161iuolaiki\u0161ka estetika bet kurioje treniruokli\u0173 sal\u0117je. D\u0117l eleganti\u0161ko dizaino ir i\u0161skirtinio na\u0161umo jis yra idealus pasirinkimas tiems, kurie ie\u0161ko auk\u0161\u010diausios kokyb\u0117s treniruo\u010di\u0173 patirties.<\/p>\n<\/div>\n<\/div>\n\n\n\n<figure class=\"wp-block-video\"><video height=\"1000\" style=\"aspect-ratio: 1000 \/ 1000;\" width=\"1000\" autoplay=\"\" loop=\"\" muted=\"\" src=\"https:\/\/evolve-fitness.eu\/wp-content\/uploads\/2023\/11\/Ultra-site-apps.mp4\"><\/video><\/figure>\n<\/section>\n<\/section>\n","protected":false},"excerpt":{"rendered":"<p>Patirkite fitneso technologij\u0173 vir\u0161\u016bn\u0119 su &#8222;Evolve Ultra Series UL-156&#8221; komerciniu elipsiniu treniruokliu. \u0160is elipsinis treniruoklis, skirtas \u0161iuolaikiniams sporto entuziastams, sujungia eleganti\u0161k\u0105 &#8222;Sandy Black&#8221; dizain\u0105 ir puik\u0173 patvarum\u0105, i\u0161laiko iki 200 kg svor\u012f. M\u0117gaukit\u0117s skland\u017eia ir efektyvia treniruote su pa\u017eangia EMS stabdymo sistema ir 10 kg smagra\u010diu, pritaikytu visiems fizinio pasirengimo lygiams. 15,6 coli\u0173 TFT ekrane, integruotame su \u0161irdies ritmo steb\u0117jimo funkcija ir &#8222;Bluetooth&#8221; ry\u0161iu, kuriuo galima naudotis populiariomis fitneso program\u0117l\u0117mis, tokiomis kaip &#8222;Kinomap&#8221; ir &#8222;Zwift&#8221;, palaikykite pramogas ir ry\u0161\u012f. Su integruotomis program\u0117l\u0117mis, \u012fskaitant &#8222;Netflix&#8221; ir &#8222;Spotify&#8221;, ir patogiomis funkcijomis, tokiomis kaip USB \u012fkrovimo prievadas ir vandens buteliuko laikiklis, UL-156 si\u016blo neprilygstam\u0105 treniruo\u010di\u0173 patirt\u012f, puikiai tinkan\u010di\u0105 bet kuriai auk\u0161tos klas\u0117s treniruokli\u0173 salei.<\/p>\n","protected":false},"featured_media":4078,"template":"","meta":{"_acf_changed":false,"inline_featured_image":false},"product_cat":[117,137,138,221],"product_tag":[],"class_list":{"0":"post-8878","1":"product","2":"type-product","3":"status-publish","4":"has-post-thumbnail","6":"product_cat-pagrindinis-puslapis","7":"product_cat-kardio-iranga","8":"product_cat-komercine-kardio-iranga","9":"product_cat-ultra-series-kardio","11":"first","12":"instock","13":"shipping-taxable","14":"purchasable","15":"product-type-simple"},"acf":[],"_links":{"self":[{"href":"https:\/\/store.evolve-fitness.eu\/lt\/wp-json\/wp\/v2\/product\/8878","targetHints":{"allow":["GET"]}}],"collection":[{"href":"https:\/\/store.evolve-fitness.eu\/lt\/wp-json\/wp\/v2\/product"}],"about":[{"href":"https:\/\/store.evolve-fitness.eu\/lt\/wp-json\/wp\/v2\/types\/product"}],"wp:featuredmedia":[{"embeddable":true,"href":"https:\/\/store.evolve-fitness.eu\/lt\/wp-json\/wp\/v2\/media\/4078"}],"wp:attachment":[{"href":"https:\/\/store.evolve-fitness.eu\/lt\/wp-json\/wp\/v2\/media?parent=8878"}],"wp:term":[{"taxonomy":"product_cat","embeddable":true,"href":"https:\/\/store.evolve-fitness.eu\/lt\/wp-json\/wp\/v2\/product_cat?post=8878"},{"taxonomy":"product_tag","embeddable":true,"href":"https:\/\/store.evolve-fitness.eu\/lt\/wp-json\/wp\/v2\/product_tag?post=8878"}],"curies":[{"name":"wp","href":"https:\/\/api.w.org\/{rel}","templated":true}]}}