{"id":8872,"date":"2023-10-18T14:10:57","date_gmt":"2023-10-18T14:10:57","guid":{"rendered":"https:\/\/store.evolve-fitness.eu\/produktas\/evolve-cpu-uretano-bamperio-plokste-5-25-kg\/"},"modified":"2026-04-22T12:00:29","modified_gmt":"2026-04-22T12:00:29","slug":"evolve-cpu-uretano-bamperio-plokste-5-25-kg","status":"publish","type":"product","link":"https:\/\/store.evolve-fitness.eu\/lt\/produktas\/evolve-cpu-uretano-bamperio-plokste-5-25-kg\/","title":{"rendered":"&#8222;Evolve CPU&#8221; Uretano bamperio plok\u0161t\u0117 5 &#8211; 25 kg"},"content":{"rendered":"\n<section class=\"wp-block-group alignfull black-content has-white-color has-darkgray-background-color has-text-color has-background is-layout-constrained wp-block-group-is-layout-constrained\" style=\"padding-top:var(--wp--preset--spacing--section-bottom);padding-bottom:var(--wp--preset--spacing--section-bottom)\">\n<div class=\"wp-block-columns alignwide is-layout-flex wp-container-core-columns-is-layout-c45ee707 wp-block-columns-is-layout-flex\" style=\"margin-bottom:var(--wp--preset--spacing--side-padding);padding-top:var(--wp--preset--spacing--side-padding)\">\n<div class=\"wp-block-column is-vertically-aligned-center is-layout-flow wp-block-column-is-layout-flow\">\n<figure class=\"wp-block-image size-large is-resized is-style-rounded\"><img decoding=\"async\" src=\"https:\/\/evolve-fitness.eu\/wp-content\/uploads\/2023\/10\/Evolve-CPU-Urethane-Bumpers-2-1024x1024.png\" alt=\"\" class=\"wp-image-4285\" style=\"object-fit:cover;width:680px;height:600px\"\/><\/figure>\n<\/div>\n\n\n\n<div class=\"wp-block-column is-vertically-aligned-center is-layout-constrained wp-block-column-is-layout-constrained\">\n<h3 class=\"wp-block-heading\" style=\"margin-bottom:var(--wp--preset--spacing--h-3-bottom)\">CPU uretano danga  <\/h3>\n\n\n\n<p><strong><em><strong><em>Did\u017eiausias patvarumas<\/em><\/strong><\/em><\/strong><\/p>\n\n\n\n<p style=\"margin-bottom:var(--wp--preset--spacing--tb-section-padding)\">Atraskite i\u0161skirtin\u012f CPU uretano dangos, skirtos treniruokli\u0173 sal\u0117s \u012frangai, ilgaam\u017ei\u0161kum\u0105. Skirtingai nei guma, CPU uretanas d\u0117l savo atsparumo UV spinduliams, l\u016b\u017eiams, kar\u0161\u010diui ir dilimui i\u0161lieka nepakitusios i\u0161vaizdos net ir po daugelio met\u0173 nuolatinio naudojimo. D\u0117l bekvap\u0117s sud\u0117ties ir i\u0161skirtinio tvirtumo ji yra idealus pasirinkimas sporto sal\u0117s grindims apsaugoti, treniruo\u010di\u0173 triuk\u0161mui ma\u017einti ir ilgalaikiam, ekonomi\u0161kam sprendimui tiek nam\u0173, tiek komercin\u0117ms sporto sal\u0117ms. Investuokite \u012f ilgaam\u017e\u0119 kokyb\u0119 su CPU Urethane.<\/p>\n<\/div>\n<\/div>\n\n\n\n<div class=\"wp-block-columns alignwide is-layout-flex wp-container-core-columns-is-layout-c45ee707 wp-block-columns-is-layout-flex\" style=\"margin-bottom:var(--wp--preset--spacing--side-padding);padding-top:var(--wp--preset--spacing--side-padding)\">\n<div class=\"wp-block-column is-vertically-aligned-center is-layout-flow wp-block-column-is-layout-flow\">\n<h3 class=\"wp-block-heading\" style=\"margin-bottom:var(--wp--preset--spacing--h-3-bottom)\">Logotipas ir svorio nuoroda<\/h3>\n\n\n\n<p><em><strong>Tiksliai pagamintas<\/strong><\/em><\/p>\n\n\n\n<p>M\u016bs\u0173 svorio numeriai kruop\u0161\u010diai i\u0161pjauti lazeriu ir meistri\u0161kai i\u0161lieti, tod\u0117l jie atrodo \u0161variai, be \u012fskilim\u0173 ir dvelkia meistri\u0161kumu bei precizi\u0161kumu. Siekdami u\u017etikrinti ilgalaik\u0119 kokyb\u0119, tiek numerius, tiek logotipus padengiame auk\u0161\u010diausios kokyb\u0117s uretanu. \u0160is naujovi\u0161kas procesas ne tik sukuria ry\u0161kias ir gyvybingas spalvas, bet ir u\u017etikrina, kad jos atlaikys laiko i\u0161bandym\u0105, nes nei\u0161bluks ir nenusid\u0117v\u0117s.<\/p>\n<\/div>\n\n\n\n<div class=\"wp-block-column is-vertically-aligned-center is-layout-flow wp-block-column-is-layout-flow\">\n<div class=\"wp-block-columns is-layout-flex wp-container-core-columns-is-layout-9d6595d7 wp-block-columns-is-layout-flex\">\n<div class=\"wp-block-column is-layout-flow wp-block-column-is-layout-flow\">\n<figure class=\"wp-block-image size-large is-resized is-style-rounded\"><img decoding=\"async\" src=\"https:\/\/evolve-fitness.eu\/wp-content\/uploads\/2023\/10\/Bumper-plate-1-edited-scaled.jpg\" alt=\"\" class=\"wp-image-4289\" style=\"object-fit:cover;width:680px;height:600px\"\/><\/figure>\n<\/div>\n<\/div>\n<\/div>\n<\/div>\n\n\n\n<div class=\"wp-block-columns alignwide is-layout-flex wp-container-core-columns-is-layout-c45ee707 wp-block-columns-is-layout-flex\" style=\"margin-bottom:var(--wp--preset--spacing--side-padding);padding-top:var(--wp--preset--spacing--side-padding)\">\n<div class=\"wp-block-column is-vertically-aligned-center is-layout-flow wp-block-column-is-layout-flow\">\n<figure class=\"wp-block-image size-large is-resized is-style-rounded\"><img decoding=\"async\" src=\"https:\/\/evolve-fitness.eu\/wp-content\/uploads\/2023\/10\/Barbell-1024x863.png\" alt=\"\" class=\"wp-image-4279\" style=\"object-fit:cover;width:671px;height:592px\"\/><\/figure>\n<\/div>\n\n\n\n<div class=\"wp-block-column is-vertically-aligned-center is-layout-flow wp-block-column-is-layout-flow\">\n<h3 class=\"wp-block-heading\" style=\"margin-bottom:var(--wp--preset--spacing--h-3-bottom)\"><strong>&#8222;Precision Perfected<\/strong><\/h3>\n\n\n\n<p><strong><em><strong>CPU uretano buferiai<\/strong><\/em><\/strong><\/p>\n\n\n\n<p>Patirkite neprilygstam\u0105 tikslum\u0105 su &#8222;Evolve CPU Urethane Bumpers&#8221;. M\u016bs\u0173 buferiai yra kruop\u0161\u010diai kalibruoti, o j\u0173 svorio nuokrypis yra vos +\/- 2 gramai &#8211; tai yra beveik nepriekai\u0161tingo tikslumo standartas treniruokli\u0173 pasaulyje. D\u0117l m\u016bs\u0173 precizi\u0161kai suprojektuot\u0173 buferi\u0173 treniruotes galite treniruotis dr\u0105siau.<\/p>\n<\/div>\n<\/div>\n<\/section>\n","protected":false},"excerpt":{"rendered":"<p>&#8222;Evolve CPU Urethane Bumper Plates&#8221;. \u0160ios auk\u0161\u010diausios kokyb\u0117s plok\u0161t\u0117s pasi\u017eymi i\u0161skirtiniu patvarumu, padengtos UV spinduliams ir dilimui atsparia uretano danga. Tiksliai sukalibruoti, kad b\u016bt\u0173 galima nustatyti +\/- 2 gram\u0173 tikslum\u0105, juose yra lazeriu i\u0161pjauti svorio skai\u010diai ir logotipai, i\u0161tepti uretanu, kad i\u0161likt\u0173 ry\u0161k\u016bs. &#8222;Evolve CPU Urethane Bumper Plates&#8221; idealiai tinka tiek nam\u0173, tiek komercin\u0117ms sporto sal\u0117ms, tod\u0117l tai ekonomi\u0161ka, ilgalaik\u0117 investicija \u012f na\u0161um\u0105 ir ilgaam\u017ei\u0161kum\u0105.<\/p>\n","protected":false},"featured_media":4070,"template":"","meta":{"_acf_changed":false,"inline_featured_image":false},"product_cat":[2405,127,188],"product_tag":[],"class_list":{"0":"post-8872","1":"product","2":"type-product","3":"status-publish","4":"has-post-thumbnail","6":"product_cat-hyrox-gear","7":"product_cat-laisvieji-svarmenys","8":"product_cat-svorio-plokstes","10":"first","11":"instock","12":"shipping-taxable","13":"purchasable","14":"product-type-variable"},"acf":[],"_links":{"self":[{"href":"https:\/\/store.evolve-fitness.eu\/lt\/wp-json\/wp\/v2\/product\/8872","targetHints":{"allow":["GET"]}}],"collection":[{"href":"https:\/\/store.evolve-fitness.eu\/lt\/wp-json\/wp\/v2\/product"}],"about":[{"href":"https:\/\/store.evolve-fitness.eu\/lt\/wp-json\/wp\/v2\/types\/product"}],"wp:featuredmedia":[{"embeddable":true,"href":"https:\/\/store.evolve-fitness.eu\/lt\/wp-json\/wp\/v2\/media\/4070"}],"wp:attachment":[{"href":"https:\/\/store.evolve-fitness.eu\/lt\/wp-json\/wp\/v2\/media?parent=8872"}],"wp:term":[{"taxonomy":"product_cat","embeddable":true,"href":"https:\/\/store.evolve-fitness.eu\/lt\/wp-json\/wp\/v2\/product_cat?post=8872"},{"taxonomy":"product_tag","embeddable":true,"href":"https:\/\/store.evolve-fitness.eu\/lt\/wp-json\/wp\/v2\/product_tag?post=8872"}],"curies":[{"name":"wp","href":"https:\/\/api.w.org\/{rel}","templated":true}]}}