{"id":8806,"date":"2023-10-17T13:07:40","date_gmt":"2023-10-17T13:07:40","guid":{"rendered":"https:\/\/store.evolve-fitness.eu\/produktas\/evolve-cerakote-serijos-olimpine-stanga-220-cm-20-kg\/"},"modified":"2024-10-11T06:35:49","modified_gmt":"2024-10-11T06:35:49","slug":"evolve-cerakote-serijos-olimpine-stanga-220-cm-20-kg","status":"publish","type":"product","link":"https:\/\/store.evolve-fitness.eu\/lt\/produktas\/evolve-cerakote-serijos-olimpine-stanga-220-cm-20-kg\/","title":{"rendered":"&#8222;Evolve&#8221; cerakote serijos olimpin\u0117 \u0161tanga &#8211; 220 cm \/ 20 kg"},"content":{"rendered":"\n<section class=\"wp-block-group alignfull black-content has-white-color has-darkgray-background-color has-text-color has-background is-layout-constrained wp-block-group-is-layout-constrained\" style=\"padding-top:var(--wp--preset--spacing--section-bottom);padding-bottom:var(--wp--preset--spacing--section-bottom)\">\n<section class=\"wp-block-group alignfull black-content has-white-color has-darkgray-background-color has-text-color has-background is-layout-constrained wp-block-group-is-layout-constrained\" style=\"padding-top:var(--wp--preset--spacing--section-bottom);padding-bottom:var(--wp--preset--spacing--section-bottom)\">\n<section class=\"wp-block-group alignfull black-content has-white-color has-darkgray-background-color has-text-color has-background is-layout-constrained wp-block-group-is-layout-constrained\" style=\"padding-top:var(--wp--preset--spacing--section-bottom);padding-bottom:var(--wp--preset--spacing--section-bottom)\">\n<div class=\"wp-block-columns alignwide mobile-reverse is-layout-flex wp-container-core-columns-is-layout-ca64bf2d wp-block-columns-is-layout-flex\" style=\"margin-bottom:var(--wp--preset--spacing--side-padding)\">\n<div class=\"wp-block-column is-vertically-aligned-center is-layout-flow wp-block-column-is-layout-flow\">\n<h3 class=\"wp-block-heading\" style=\"margin-bottom:var(--wp--preset--spacing--h-3-bottom)\">&#8222;Evolve&#8221; cerakote serijos olimpin\u0117 \u0161tanga &#8211; 220 cm \/ 20 kg<\/h3>\n<\/div>\n\n\n\n<div class=\"wp-block-column is-vertically-aligned-center is-layout-flow wp-block-column-is-layout-flow\">\n<figure class=\"wp-block-image size-large\"><img loading=\"lazy\" decoding=\"async\" width=\"683\" height=\"1024\" src=\"https:\/\/store.evolve-fitness.eu\/wp-content\/uploads\/2024\/07\/A7_06078-683x1024.jpg\" alt=\"\" class=\"wp-image-92188\" srcset=\"https:\/\/store.evolve-fitness.eu\/wp-content\/uploads\/2024\/07\/A7_06078-683x1024.jpg 683w, https:\/\/store.evolve-fitness.eu\/wp-content\/uploads\/2024\/07\/A7_06078-200x300.jpg 200w, https:\/\/store.evolve-fitness.eu\/wp-content\/uploads\/2024\/07\/A7_06078-768x1152.jpg 768w, https:\/\/store.evolve-fitness.eu\/wp-content\/uploads\/2024\/07\/A7_06078-1024x1536.jpg 1024w, https:\/\/store.evolve-fitness.eu\/wp-content\/uploads\/2024\/07\/A7_06078-600x900.jpg 600w, https:\/\/store.evolve-fitness.eu\/wp-content\/uploads\/2024\/07\/A7_06078.jpg 1280w\" sizes=\"auto, (max-width: 683px) 100vw, 683px\" \/><\/figure>\n<\/div>\n<\/div>\n<\/section>\n<\/section>\n<\/section>\n","protected":false},"excerpt":{"rendered":"<p>&#8222;Evolve Cerakote Olympic Bar&#8221; &#8211; tai auk\u0161\u010diausios klas\u0117s profesionaliems treniruo\u010di\u0173 ir nam\u0173 sportininkams skirtas treniruoklis, pasi\u017eymintis did\u017eiausia j\u0117ga ir patvarumu. \u012esp\u016bdingo 220 cm ilgio ir 20 kg svorio \u0161tanga sukurta taip, kad i\u0161laikyt\u0173 did\u017eiausi\u0105 1043 kg apkrov\u0105, tod\u0117l idealiai tinka sunkiems svoriams kelti. 8 adatiniai guoliai ir 2 varin\u0117s \u012fvor\u0117s u\u017etikrina skland\u0173 sukim\u0105si ir stabilum\u0105 naudojant. Jos \u00d850 mm skersmens \u012fvor\u0117 pritaikyta standartiniams svoriams, o \u00d828 mm skersmens vidin\u0117 \u0161tangos dalis pagerina sukibim\u0105 ir valdym\u0105. Chromuota rankenos pavir\u0161iaus ir vidin\u0117s strypo dalies apdaila ne tik suteikia strypui eleganti\u0161k\u0105 i\u0161vaizd\u0105, bet ir prisideda prie jo ilgaam\u017ei\u0161kumo. 415 mm ilgio \u012fvor\u0117s svoriams ir 1,5 mm skersmens nelygum\u0173 gylis u\u017etikrina did\u017eiausi\u0105 efektyvum\u0105 ir patogum\u0105. &#8222;Evolve Cerakote&#8221; olimpinis strypas, sertifikuotas pagal TVF \u0161iurk\u0161tumo standartus ir kuriam suteikiama 2 met\u0173 garantija, yra puikus na\u0161umo ir kokyb\u0117s derinys rimtiems sportininkams.<\/p>\n","protected":false},"featured_media":92433,"template":"","meta":{"_acf_changed":false,"inline_featured_image":false},"product_cat":[2405,127,158],"product_tag":[],"class_list":{"0":"post-8806","1":"product","2":"type-product","3":"status-publish","4":"has-post-thumbnail","6":"product_cat-hyrox-gear","7":"product_cat-laisvieji-svarmenys","8":"product_cat-barai-ir-priedai","10":"first","11":"instock","12":"shipping-taxable","13":"purchasable","14":"product-type-simple"},"acf":[],"_links":{"self":[{"href":"https:\/\/store.evolve-fitness.eu\/lt\/wp-json\/wp\/v2\/product\/8806","targetHints":{"allow":["GET"]}}],"collection":[{"href":"https:\/\/store.evolve-fitness.eu\/lt\/wp-json\/wp\/v2\/product"}],"about":[{"href":"https:\/\/store.evolve-fitness.eu\/lt\/wp-json\/wp\/v2\/types\/product"}],"wp:featuredmedia":[{"embeddable":true,"href":"https:\/\/store.evolve-fitness.eu\/lt\/wp-json\/wp\/v2\/media\/92433"}],"wp:attachment":[{"href":"https:\/\/store.evolve-fitness.eu\/lt\/wp-json\/wp\/v2\/media?parent=8806"}],"wp:term":[{"taxonomy":"product_cat","embeddable":true,"href":"https:\/\/store.evolve-fitness.eu\/lt\/wp-json\/wp\/v2\/product_cat?post=8806"},{"taxonomy":"product_tag","embeddable":true,"href":"https:\/\/store.evolve-fitness.eu\/lt\/wp-json\/wp\/v2\/product_tag?post=8806"}],"curies":[{"name":"wp","href":"https:\/\/api.w.org\/{rel}","templated":true}]}}