{"id":8804,"date":"2023-10-12T06:28:37","date_gmt":"2023-10-12T06:28:37","guid":{"rendered":"https:\/\/store.evolve-fitness.eu\/produktas\/evolve-fiksuoto-svorio-stangu-stovas-10-vnt\/"},"modified":"2025-09-25T18:10:30","modified_gmt":"2025-09-25T18:10:30","slug":"evolve-fiksuoto-svorio-stangu-stovas-10-vnt","status":"publish","type":"product","link":"https:\/\/store.evolve-fitness.eu\/lt\/produktas\/evolve-fiksuoto-svorio-stangu-stovas-10-vnt\/","title":{"rendered":"&#8222;Evolve&#8221; fiksuoto svorio \u0161tang\u0173 stovas &#8211; 10 vnt."},"content":{"rendered":"\n<section class=\"wp-block-group alignfull black-content has-white-color has-darkgray-background-color has-text-color has-background is-layout-constrained wp-block-group-is-layout-constrained\" style=\"padding-top:var(--wp--preset--spacing--section-bottom);padding-bottom:var(--wp--preset--spacing--section-bottom)\">\n<div class=\"wp-block-columns alignwide mobile-reverse is-layout-flex wp-container-core-columns-is-layout-ca64bf2d wp-block-columns-is-layout-flex\" style=\"margin-bottom:var(--wp--preset--spacing--side-padding)\">\n<div class=\"wp-block-column is-vertically-aligned-center is-layout-flow wp-block-column-is-layout-flow\">\n<h3 class=\"wp-block-heading\" style=\"margin-bottom:var(--wp--preset--spacing--h-3-bottom)\"><strong><strong><strong><strong><strong><strong><strong>Patvari ir ilgaam\u017e\u0117 konstrukcija<\/strong><\/strong><\/strong><\/strong><\/strong><\/strong><\/strong><\/h3>\n\n\n\n<p>&#8222;Evolve&#8221; stacionarus \u0161tang\u0173 stovas, pagamintas i\u0161 didelio stiprumo, auk\u0161to da\u017enio \u230076 x 2,5 mm apskrit\u0173 ir 50 x 100 x 3 mm sta\u010diakampi\u0173 vamzdeli\u0173, yra pritaikytas atlaikyti komercin\u0117s sporto sal\u0117s s\u0105lygas. Ner\u016bdijan\u010dio plieno ver\u017el\u0117s ir var\u017etai sustiprina stabilum\u0105, o pa\u017eangi miltelinio da\u017eymo technologija u\u017etikrina ry\u0161ki\u0105, atspari\u0105 \u012fbr\u0117\u017eimams ir r\u016bdims apdail\u0105. \u0160is stela\u017eas ne tik pagamintas taip, kad tarnaut\u0173 ilgai; jis sukurtas taip, kad daryt\u0173 \u012fsp\u016bd\u012f.<\/p>\n<\/div>\n\n\n\n<div class=\"wp-block-column is-vertically-aligned-center is-layout-flow wp-block-column-is-layout-flow\">\n<figure class=\"wp-block-image alignright size-full is-resized is-style-rounded\"><img decoding=\"async\" src=\"https:\/\/evolve-fitness.eu\/wp-content\/uploads\/2023\/11\/Evolve-fixed-weight-barbell-rack1.png\" alt=\"\" class=\"wp-image-5977\" style=\"object-fit:cover;width:680px;height:600px\"\/><\/figure>\n<\/div>\n<\/div>\n\n\n\n<div class=\"wp-block-columns alignwide is-layout-flex wp-container-core-columns-is-layout-c45ee707 wp-block-columns-is-layout-flex\" style=\"margin-bottom:var(--wp--preset--spacing--side-padding);padding-top:var(--wp--preset--spacing--side-padding)\">\n<div class=\"wp-block-column is-vertically-aligned-center is-layout-flow wp-block-column-is-layout-flow\">\n<figure class=\"wp-block-video\"><video height=\"1673\" style=\"aspect-ratio: 1644 \/ 1673;\" width=\"1644\" autoplay=\"\" controls=\"\" loop=\"\" muted=\"\" src=\"https:\/\/evolve-fitness.eu\/wp-content\/uploads\/2023\/12\/1-8.mp4\"><\/video><\/figure>\n<\/div>\n\n\n\n<div class=\"wp-block-column is-vertically-aligned-center is-layout-constrained wp-block-column-is-layout-constrained\">\n<h3 class=\"wp-block-heading\" style=\"margin-bottom:var(--wp--preset--spacing--h-3-bottom)\"><strong><strong><strong><strong><strong><strong><strong>Funkcionalus ir patogus dizainas<\/strong><\/strong><\/strong><\/strong><\/strong><\/strong><\/strong><\/h3>\n\n\n\n<p>Stela\u017eo kojos padengtos guminiais dangteliais, kad b\u016bt\u0173 i\u0161vengta grind\u0173 pa\u017eeidim\u0173 ir padidintas stabilumas, tod\u0117l stela\u017eo konstrukcijoje pirmenyb\u0117 teikiama ir funkcionalumui, ir estetikai. Stabilum\u0105 dar labiau u\u017etikrina montavimo \u012f \u017eem\u0119 galimyb\u0117s. I\u0161 apsaugin\u0117s med\u017eiagos pagaminti lop\u0161iai apsaugo \u0161tangos rankenas nuo \u012fskilim\u0173 ir padeda i\u0161laikyti nepriekai\u0161ting\u0105 \u012frangos b\u016bkl\u0119. D\u0117l j\u0173 kampinio dizaino lengva u\u017ed\u0117ti ir nuimti \u0161tang\u0105, taip supaprastinant treniruotes.<\/p>\n<\/div>\n<\/div>\n\n\n\n<div class=\"wp-block-columns alignwide is-layout-flex wp-container-core-columns-is-layout-c45ee707 wp-block-columns-is-layout-flex\" style=\"margin-bottom:var(--wp--preset--spacing--side-padding);padding-top:var(--wp--preset--spacing--side-padding)\">\n<div class=\"wp-block-column is-vertically-aligned-center is-layout-constrained wp-block-column-is-layout-constrained\">\n<h3 class=\"wp-block-heading\" style=\"margin-bottom:var(--wp--preset--spacing--h-3-bottom)\"><strong><strong><strong><strong><strong><strong><strong><strong>Erdv\u0117s po\u017ei\u016briu efektyvi ir organizuota saugykla<\/strong><\/strong><\/strong><\/strong><\/strong><\/strong><\/strong><\/strong><\/h3>\n\n\n\n<p>Kompakti\u0161kas vertikalus &#8222;Evolve Barbell Rack&#8221; stovas ne tik taupo verting\u0105 sporto sal\u0117s erdv\u0119, bet ir leid\u017eia organizuotai ir patogiai dirbti. Jame galima laikyti 10 \u0161tang\u0173, tod\u0117l treniruo\u010di\u0173 erdv\u0117je netr\u016bks netvarkos, o svarmenys visada bus lengvai pasiekiami.<\/p>\n\n\n\n<h3 class=\"wp-block-heading\" style=\"margin-bottom:var(--wp--preset--spacing--h-3-bottom)\"><strong><strong><strong><strong><strong><strong><strong><strong><strong>Pritaikomas taip, kad atspind\u0117t\u0173 j\u016bs\u0173 prek\u0117s \u017eenkl\u0105<\/strong><\/strong><\/strong><\/strong><\/strong><\/strong><\/strong><\/strong><\/strong><\/h3>\n\n\n\n<p>Papildykite savo sporto sal\u0117s estetik\u0105 pritaikydami &#8222;Evolve Rack&#8221;, kad atitikt\u0173 j\u016bs\u0173 prek\u0117s \u017eenklo spalvin\u0119 schem\u0105. \u0160i funkcija leid\u017eia sukurti vientis\u0105 ir vizualiai patraukli\u0105 treniruo\u010di\u0173 aplink\u0105, pritaikyt\u0105 j\u016bs\u0173 unikaliam stiliui.<\/p>\n<\/div>\n\n\n\n<div class=\"wp-block-column is-vertically-aligned-center is-layout-flow wp-block-column-is-layout-flow\">\n<figure class=\"wp-block-image size-large\"><img decoding=\"async\" src=\"https:\/\/evolve-fitness.eu\/wp-content\/uploads\/2023\/11\/A7_08334-683x1024.jpg\" alt=\"\" class=\"wp-image-8772\"\/><\/figure>\n<\/div>\n<\/div>\n\n\n\n<p class=\"has-text-align-center has-medium-2-font-size\" style=\"padding-top:var(--wp--preset--spacing--tb-padding);padding-bottom:var(--wp--preset--spacing--tb-padding)\"><strong>Pagerinkite savo sporto sal\u0119 naudodami &#8222;Evolve&#8221; fiksuot\u0173 svori\u0173 svareli\u0173 stov\u0105 &#8211; ilgaam\u017ei\u0161kumo, funkcionalumo ir stiliaus derin\u012f. U\u017esisakykite dabar ir pajuskite, kaip ji pakeis j\u016bs\u0173 treniruokli\u0173 sal\u0119!<\/strong><\/p>\n<\/section>\n","protected":false},"excerpt":{"rendered":"<p>Pagerinkite savo treniruokli\u0173 erdv\u0119 naudodami &#8222;Evolve&#8221; fiksuoto svorio svareli\u0173 stov\u0105 &#8211; tvirt\u0105 ir stiling\u0105 sporto sal\u0117s \u012frangos organizavimo sprendim\u0105. \u0160is stovas, skirtas laikyti iki 10 fiksuoto svorio \u0161tang\u0173, yra idealus papildymas bet kokiai didelio naudojimo komercinei sporto salei, karinei \u012fstaigai, biuro sporto salei ar net nam\u0173 treniruokli\u0173 salei.<\/p>\n","protected":false},"featured_media":96005,"template":"","meta":{"_acf_changed":false,"inline_featured_image":false},"product_cat":[117,127,153],"product_tag":[],"class_list":{"0":"post-8804","1":"product","2":"type-product","3":"status-publish","4":"has-post-thumbnail","6":"product_cat-pagrindinis-puslapis","7":"product_cat-laisvieji-svarmenys","8":"product_cat-stelazai-ir-saugojimo-sprendimai","10":"first","11":"instock","12":"shipping-taxable","13":"purchasable","14":"product-type-simple"},"acf":[],"_links":{"self":[{"href":"https:\/\/store.evolve-fitness.eu\/lt\/wp-json\/wp\/v2\/product\/8804","targetHints":{"allow":["GET"]}}],"collection":[{"href":"https:\/\/store.evolve-fitness.eu\/lt\/wp-json\/wp\/v2\/product"}],"about":[{"href":"https:\/\/store.evolve-fitness.eu\/lt\/wp-json\/wp\/v2\/types\/product"}],"wp:featuredmedia":[{"embeddable":true,"href":"https:\/\/store.evolve-fitness.eu\/lt\/wp-json\/wp\/v2\/media\/96005"}],"wp:attachment":[{"href":"https:\/\/store.evolve-fitness.eu\/lt\/wp-json\/wp\/v2\/media?parent=8804"}],"wp:term":[{"taxonomy":"product_cat","embeddable":true,"href":"https:\/\/store.evolve-fitness.eu\/lt\/wp-json\/wp\/v2\/product_cat?post=8804"},{"taxonomy":"product_tag","embeddable":true,"href":"https:\/\/store.evolve-fitness.eu\/lt\/wp-json\/wp\/v2\/product_tag?post=8804"}],"curies":[{"name":"wp","href":"https:\/\/api.w.org\/{rel}","templated":true}]}}