{"id":8800,"date":"2023-10-17T10:04:37","date_gmt":"2023-10-17T10:04:37","guid":{"rendered":"https:\/\/store.evolve-fitness.eu\/produktas\/evolve-cerakote-serijos-olimpine-moteru-stanga-201-cm-15-kg\/"},"modified":"2024-10-11T06:35:16","modified_gmt":"2024-10-11T06:35:16","slug":"evolve-cerakote-serijos-olimpine-moteru-stanga-201-cm-15-kg","status":"publish","type":"product","link":"https:\/\/store.evolve-fitness.eu\/lt\/produktas\/evolve-cerakote-serijos-olimpine-moteru-stanga-201-cm-15-kg\/","title":{"rendered":"&#8222;Evolve&#8221; cerakote serijos olimpin\u0117 moter\u0173 \u0161tanga &#8211; 201 cm \/ 15 kg"},"content":{"rendered":"\n<section class=\"wp-block-group alignfull black-content has-white-color has-darkgray-background-color has-text-color has-background is-layout-constrained wp-block-group-is-layout-constrained\" style=\"padding-top:var(--wp--preset--spacing--section-bottom);padding-bottom:var(--wp--preset--spacing--section-bottom)\">\n<section class=\"wp-block-group alignfull black-content has-white-color has-darkgray-background-color has-text-color has-background is-layout-constrained wp-block-group-is-layout-constrained\" style=\"padding-top:var(--wp--preset--spacing--section-bottom);padding-bottom:var(--wp--preset--spacing--section-bottom)\">\n<section class=\"wp-block-group alignfull black-content has-white-color has-darkgray-background-color has-text-color has-background is-layout-constrained wp-block-group-is-layout-constrained\" style=\"padding-top:var(--wp--preset--spacing--section-bottom);padding-bottom:var(--wp--preset--spacing--section-bottom)\">\n<div class=\"wp-block-columns alignwide mobile-reverse is-layout-flex wp-container-core-columns-is-layout-ca64bf2d wp-block-columns-is-layout-flex\" style=\"margin-bottom:var(--wp--preset--spacing--side-padding)\">\n<div class=\"wp-block-column is-vertically-aligned-center is-layout-flow wp-block-column-is-layout-flow\">\n<h3 class=\"wp-block-heading\" style=\"margin-bottom:var(--wp--preset--spacing--h-3-bottom)\">&#8222;Evolve&#8221; cerakote serijos olimpin\u0117 moter\u0173 \u0161tanga &#8211; 201 cm \/ 15 kg<\/h3>\n<\/div>\n\n\n\n<div class=\"wp-block-column is-vertically-aligned-center is-layout-flow wp-block-column-is-layout-flow\">\n<figure class=\"wp-block-image size-large\"><img loading=\"lazy\" decoding=\"async\" width=\"683\" height=\"1024\" src=\"https:\/\/store.evolve-fitness.eu\/wp-content\/uploads\/2024\/07\/A7_06078-683x1024.jpg\" alt=\"\" class=\"wp-image-92188\" srcset=\"https:\/\/store.evolve-fitness.eu\/wp-content\/uploads\/2024\/07\/A7_06078-683x1024.jpg 683w, https:\/\/store.evolve-fitness.eu\/wp-content\/uploads\/2024\/07\/A7_06078-200x300.jpg 200w, https:\/\/store.evolve-fitness.eu\/wp-content\/uploads\/2024\/07\/A7_06078-768x1152.jpg 768w, https:\/\/store.evolve-fitness.eu\/wp-content\/uploads\/2024\/07\/A7_06078-1024x1536.jpg 1024w, https:\/\/store.evolve-fitness.eu\/wp-content\/uploads\/2024\/07\/A7_06078-600x900.jpg 600w, https:\/\/store.evolve-fitness.eu\/wp-content\/uploads\/2024\/07\/A7_06078.jpg 1280w\" sizes=\"auto, (max-width: 683px) 100vw, 683px\" \/><\/figure>\n<\/div>\n<\/div>\n<\/section>\n<\/section>\n<\/section>\n","protected":false},"excerpt":{"rendered":"<p>Atraskite i\u0161skirtin\u0119 &#8222;Evolve Cerakote Olympic Women&#8217;s Grip&#8221; &#8211; auk\u0161\u010diausios klas\u0117s sportinink\u0173 ir fitneso entuziast\u0173 pasirinkim\u0105. \u0160i auk\u0161\u010diausios kokyb\u0117s 201 cm ilgio ir 15 kg svorio \u0161tanga pritaikyta tiek profesionaliam, tiek nam\u0173 naudojimui. Tvirta konstrukcija pasi\u017eymi 900 kg maksimalia apkrova, tod\u0117l idealiai tinka intensyvioms treniruot\u0117ms. Strype yra 8 adatiniai guoliai ir 2 varin\u0117s \u012fvor\u0117s, u\u017etikrinan\u010dios skland\u0173 sukim\u0105si ir neprilygstam\u0105 ilgaam\u017ei\u0161kum\u0105. Jos \u00d850 mm skersmens \u012fvor\u0117 puikiai tinka standartiniams svoriams, o chromuota rankenos pavir\u0161iaus ir \u012fvor\u0117s (320 mm ilgio) apdaila suteikia eleganti\u0161kumo. \u00d825 mm vidinis strypo skersmuo ir 1,5 mm gylio grifo nelygumai kartu su IMF tipo nelygumais u\u017etikrina saug\u0173 sukibim\u0105 ir pagerina treniruo\u010di\u0173 patirt\u012f. &#8222;Evolve Cerakote Olympic Women&#8217;s Grip&#8221; (gaminio kodas: EV-OB-CK-201), kuriam suteikiama 2 met\u0173 garantija, yra patikimas ir auk\u0161tos kokyb\u0117s priedas prie bet kokio treniruo\u010di\u0173 re\u017eimo.<\/p>\n<p>\n","protected":false},"featured_media":92433,"template":"","meta":{"_acf_changed":false,"inline_featured_image":false},"product_cat":[2405,127,158],"product_tag":[],"class_list":{"0":"post-8800","1":"product","2":"type-product","3":"status-publish","4":"has-post-thumbnail","6":"product_cat-hyrox-gear","7":"product_cat-laisvieji-svarmenys","8":"product_cat-barai-ir-priedai","10":"first","11":"instock","12":"shipping-taxable","13":"purchasable","14":"product-type-simple"},"acf":[],"_links":{"self":[{"href":"https:\/\/store.evolve-fitness.eu\/lt\/wp-json\/wp\/v2\/product\/8800","targetHints":{"allow":["GET"]}}],"collection":[{"href":"https:\/\/store.evolve-fitness.eu\/lt\/wp-json\/wp\/v2\/product"}],"about":[{"href":"https:\/\/store.evolve-fitness.eu\/lt\/wp-json\/wp\/v2\/types\/product"}],"wp:featuredmedia":[{"embeddable":true,"href":"https:\/\/store.evolve-fitness.eu\/lt\/wp-json\/wp\/v2\/media\/92433"}],"wp:attachment":[{"href":"https:\/\/store.evolve-fitness.eu\/lt\/wp-json\/wp\/v2\/media?parent=8800"}],"wp:term":[{"taxonomy":"product_cat","embeddable":true,"href":"https:\/\/store.evolve-fitness.eu\/lt\/wp-json\/wp\/v2\/product_cat?post=8800"},{"taxonomy":"product_tag","embeddable":true,"href":"https:\/\/store.evolve-fitness.eu\/lt\/wp-json\/wp\/v2\/product_tag?post=8800"}],"curies":[{"name":"wp","href":"https:\/\/api.w.org\/{rel}","templated":true}]}}