{"id":8794,"date":"2023-10-16T10:33:10","date_gmt":"2023-10-16T10:33:10","guid":{"rendered":"https:\/\/store.evolve-fitness.eu\/produktas\/evolve-pritupimu-baras-220-cm\/"},"modified":"2024-07-16T08:43:50","modified_gmt":"2024-07-16T08:43:50","slug":"evolve-pritupimu-baras-220-cm","status":"publish","type":"product","link":"https:\/\/store.evolve-fitness.eu\/lt\/produktas\/evolve-pritupimu-baras-220-cm\/","title":{"rendered":"&#8222;Evolve&#8221; prit\u016bpim\u0173 baras &#8211; 220 cm"},"content":{"rendered":"","protected":false},"excerpt":{"rendered":"<p>Maksimaliai padidinkite savo j\u0117gos treniruotes su &#8222;Evolve&#8221; olimpiniu apsauginiu prit\u016bpim\u0173 strypu (gaminio kodas: EV-OB-SQ-220) &#8211; tvirtu ir naujovi\u0161ku treniruo\u010di\u0173 arsenalo papildymu. \u0160is auk\u0161\u010diausios kokyb\u0117s prit\u016bpim\u0173 strypas yra meistri\u0161kai sukurtas sportininkams ir fitneso entuziastams, o jo 24 kg svoris yra didelis, kad treniruot\u0117s b\u016bt\u0173 sud\u0117tingos. Strypas pasi\u017eymi didele maksimalia 350 kg apkrova, tod\u0117l idealiai tinka sunkiaatle\u010diams. 2200 mm bendro ilgio ir 1390 mm ilgio vidin\u0117s pir\u0161t\u0173 gyslos dalis u\u017etikrina patog\u0173 ir saug\u0173 grojim\u0105 \u012fvairi\u0173 tip\u0173 korpusams. D\u0117l 30 mm skersmens vidin\u0117s skardos dalies ir 51 mm skersmens \u012fvor\u0117s svarmenims galima naudoti standartinius olimpinius svarmenis, o tai padidina jos universalum\u0105. Vieneri\u0173 met\u0173 garantija pabr\u0117\u017eia, kad u\u017etikrinama kokyb\u0117 ir ilgaam\u017ei\u0161kumas. Nesvarbu, ar norite padidinti j\u0117g\u0105, pagerinti laikysen\u0105, ar u\u017esiauginti raumenis, &#8222;Evolve&#8221; olimpinis apsauginis prit\u016bpim\u0173 strypas yra j\u016bs\u0173 tinkamiausia \u012franga fitneso tikslams pasiekti.<\/p>\n","protected":false},"featured_media":92380,"template":"","meta":{"_acf_changed":false,"inline_featured_image":false},"product_cat":[2405,127,158],"product_tag":[],"class_list":{"0":"post-8794","1":"product","2":"type-product","3":"status-publish","4":"has-post-thumbnail","6":"product_cat-hyrox-gear","7":"product_cat-laisvieji-svarmenys","8":"product_cat-barai-ir-priedai","10":"first","11":"instock","12":"shipping-taxable","13":"purchasable","14":"product-type-simple"},"acf":[],"_links":{"self":[{"href":"https:\/\/store.evolve-fitness.eu\/lt\/wp-json\/wp\/v2\/product\/8794","targetHints":{"allow":["GET"]}}],"collection":[{"href":"https:\/\/store.evolve-fitness.eu\/lt\/wp-json\/wp\/v2\/product"}],"about":[{"href":"https:\/\/store.evolve-fitness.eu\/lt\/wp-json\/wp\/v2\/types\/product"}],"wp:featuredmedia":[{"embeddable":true,"href":"https:\/\/store.evolve-fitness.eu\/lt\/wp-json\/wp\/v2\/media\/92380"}],"wp:attachment":[{"href":"https:\/\/store.evolve-fitness.eu\/lt\/wp-json\/wp\/v2\/media?parent=8794"}],"wp:term":[{"taxonomy":"product_cat","embeddable":true,"href":"https:\/\/store.evolve-fitness.eu\/lt\/wp-json\/wp\/v2\/product_cat?post=8794"},{"taxonomy":"product_tag","embeddable":true,"href":"https:\/\/store.evolve-fitness.eu\/lt\/wp-json\/wp\/v2\/product_tag?post=8794"}],"curies":[{"name":"wp","href":"https:\/\/api.w.org\/{rel}","templated":true}]}}