{"id":8769,"date":"2023-10-12T07:00:54","date_gmt":"2023-10-12T07:00:54","guid":{"rendered":"https:\/\/store.evolve-fitness.eu\/produktas\/evolve-studio-hanteliu-stovas\/"},"modified":"2026-03-11T12:00:30","modified_gmt":"2026-03-11T12:00:30","slug":"evolve-studio-hanteliu-stovas","status":"publish","type":"product","link":"https:\/\/store.evolve-fitness.eu\/lt\/produktas\/evolve-studio-hanteliu-stovas\/","title":{"rendered":"&#8222;Evolve studio&#8221; hanteli\u0173 stovas"},"content":{"rendered":"\n<section class=\"wp-block-group alignfull black-content has-white-color has-darkgray-background-color has-text-color has-background is-layout-constrained wp-block-group-is-layout-constrained\" style=\"padding-top:var(--wp--preset--spacing--section-bottom);padding-bottom:var(--wp--preset--spacing--section-bottom)\">\n<p class=\"has-text-align-center has-medium-2-font-size\" style=\"padding-top:var(--wp--preset--spacing--tb-padding);padding-bottom:var(--wp--preset--spacing--tb-padding)\"><strong>Padidinkite savo treniruokli\u0173 erdv\u0119 su &#8222;Evolve Studio&#8221; aerobikos hanteli\u0173 stovu<\/strong><\/p>\n\n\n\n<p>Pakeiskite savo treniruokli\u0173 studij\u0105 ar nam\u0173 sporto sal\u0119 naudodami &#8221; <strong>Evolve Aerobic Dumbbell Rack&#8221;<\/strong>, kuris yra puikiai suprojektuotas taip, kad pagerint\u0173 organizuotum\u0105 ir prieinamum\u0105. M\u016bs\u0173 stovo vertikali konstrukcija, kurioje u\u017eima nedaug vietos, idealiai tinka treniruokli\u0173 studijoms, sveikatingumo centrams ir nam\u0173 treniruo\u010di\u0173 erdv\u0117ms, nes joje telpa \u012fvair\u016bs aerobikos ir viniliniai hanteliai.<\/p>\n\n\n\n<div class=\"wp-block-columns alignwide mobile-reverse is-layout-flex wp-container-core-columns-is-layout-ca64bf2d wp-block-columns-is-layout-flex\" style=\"margin-bottom:var(--wp--preset--spacing--side-padding)\">\n<div class=\"wp-block-column is-vertically-aligned-center is-layout-flow wp-block-column-is-layout-flow\">\n<h3 class=\"wp-block-heading\" style=\"margin-bottom:var(--wp--preset--spacing--h-3-bottom)\"><strong><strong><strong><strong><strong><strong><strong><strong><strong><strong>Pagrindin\u0117s funkcijos<\/strong><\/strong><\/strong><\/strong><\/strong><\/strong><\/strong><\/strong><\/strong><\/strong>:<\/h3>\n\n\n\n<ul class=\"wp-block-list\">\n<li><strong>Erdv\u0119 taupantis dizainas:<\/strong> &#8222;Evolve&#8221; hanteli\u0173 stovo vertikali konstrukcija leid\u017eia maksimaliai saugoti neaukojant grind\u0173 ploto, puikiai tinka kompakti\u0161kiems plotams.<\/li>\n\n\n\n<li><strong>Lengvas mobilumas:<\/strong> \u0160\u012f stela\u017e\u0105, turint\u012f keturis tvirtus ratus su saugiais stabd\u017eiais, galima lengvai perstumti ir pastatyti, tod\u0117l jis yra nepaprastai patogus.<\/li>\n\n\n\n<li><strong>Patvari konstrukcija:<\/strong> Stovas pasi\u017eymi milteliniu b\u016bdu dengtu r\u0117mu, u\u017etikrinan\u010diu ilgaam\u017ei\u0161kum\u0105 ir atsparum\u0105 nusid\u0117v\u0117jimui.<\/li>\n\n\n\n<li><strong>Stabilus ir kompakti\u0161kas:<\/strong> Tvirtas r\u0117mas u\u017etikrina saug\u0173 laikym\u0105, tod\u0117l treniruo\u010di\u0173 erdv\u0117 yra tvarkinga ir organizuota.<\/li>\n<\/ul>\n<\/div>\n\n\n\n<div class=\"wp-block-column is-vertically-aligned-center is-layout-flow wp-block-column-is-layout-flow\">\n<figure class=\"wp-block-video\"><video autoplay=\"\" controls=\"\" loop=\"\" muted=\"\" src=\"https:\/\/evolve-fitness.eu\/wp-content\/uploads\/2023\/12\/1-2.mp4\"><\/video><\/figure>\n<\/div>\n<\/div>\n\n\n\n<div class=\"wp-block-columns alignwide is-layout-flex wp-container-core-columns-is-layout-c45ee707 wp-block-columns-is-layout-flex\" style=\"margin-bottom:var(--wp--preset--spacing--side-padding);padding-top:var(--wp--preset--spacing--side-padding)\">\n<div class=\"wp-block-column is-vertically-aligned-center is-layout-flow wp-block-column-is-layout-flow\">\n<figure class=\"wp-block-video\"><video height=\"1080\" style=\"aspect-ratio: 1920 \/ 1080;\" width=\"1920\" autoplay=\"\" controls=\"\" loop=\"\" muted=\"\" src=\"https:\/\/evolve-fitness.eu\/wp-content\/uploads\/2023\/12\/2-2.mp4\"><\/video><\/figure>\n<\/div>\n\n\n\n<div class=\"wp-block-column is-vertically-aligned-center is-layout-constrained wp-block-column-is-layout-constrained\">\n<h3 class=\"wp-block-heading\" style=\"margin-bottom:var(--wp--preset--spacing--h-3-bottom)\"><strong><strong><strong><strong><strong><strong><strong><strong><strong><strong>Kod\u0117l verta rinktis &#8222;Evolve Aerobic Dumbbell Rack&#8221;?<\/strong><\/strong><\/strong><\/strong><\/strong><\/strong><\/strong><\/strong><\/strong><\/strong><\/h3>\n\n\n\n<p>\u0160is stovas &#8211; tai ne tik laikymo sprendimas, bet ir j\u016bs\u0173 sveikatingumo kelion\u0117s patobulinimas. Nesvarbu, ar tai b\u016bt\u0173 profesionalus fitneso centras, ar asmenin\u0117 sporto sal\u0117, m\u016bs\u0173 stovas u\u017etikrina, kad hanteliai visada b\u016bt\u0173 pasiekiami, tvarkingi ir saugiai laikomi. D\u0117l eleganti\u0161ko dizaino ir lengvo mobilumo jis yra geriausias pasirinkimas tiek fitneso entuziastams, tiek profesionalams.<\/p>\n<\/div>\n<\/div>\n\n\n\n<p class=\"has-text-align-center has-medium-2-font-size\">Investuokite \u012f &#8221; <strong>Evolve Studio&#8221; hanteli\u0173 stov\u0105<\/strong> ir patirkite puik\u0173 funkcionalumo, patvarumo ir stiliaus derin\u012f. U\u017esisakykite dabar ir pagerinkite savo sporto erdv\u0119!<\/p>\n<\/section>\n","protected":false},"excerpt":{"rendered":"<p>Padidinkite savo treniruokli\u0173 erdv\u0119, naudodami &#8222;Evolve&#8221; aerobini\u0173 hanteli\u0173 stov\u0105 (EV-RS-SD-500) &#8211; erdv\u0119 taupant\u012f ir mobil\u0173 sprendim\u0105 aerobiniams ir viniliniams hanteliams tvarkyti. D\u0117l vertikalios, kompakti\u0161kos konstrukcijos ir milteliniu b\u016bdu dengto r\u0117mo jis idealiai tinka treniruokli\u0173 studijoms ir nam\u0173 sporto sal\u0117ms, o 34 kg svoris u\u017etikrina stabilum\u0105. \u0160is stovas su transportavimo ratukais ir dvej\u0173 met\u0173 garantija yra puikus funkcionalumo ir patvarumo derinys fitneso entuziastams, siekiantiems tvarkingos ir prieinamos treniruo\u010di\u0173 aplinkos.<\/p>\n","protected":false},"featured_media":3531,"template":"","meta":{"_acf_changed":false,"inline_featured_image":false},"product_cat":[117,127,153],"product_tag":[],"class_list":{"0":"post-8769","1":"product","2":"type-product","3":"status-publish","4":"has-post-thumbnail","6":"product_cat-pagrindinis-puslapis","7":"product_cat-laisvieji-svarmenys","8":"product_cat-stelazai-ir-saugojimo-sprendimai","10":"first","11":"instock","12":"shipping-taxable","13":"purchasable","14":"product-type-simple"},"acf":[],"_links":{"self":[{"href":"https:\/\/store.evolve-fitness.eu\/lt\/wp-json\/wp\/v2\/product\/8769","targetHints":{"allow":["GET"]}}],"collection":[{"href":"https:\/\/store.evolve-fitness.eu\/lt\/wp-json\/wp\/v2\/product"}],"about":[{"href":"https:\/\/store.evolve-fitness.eu\/lt\/wp-json\/wp\/v2\/types\/product"}],"wp:featuredmedia":[{"embeddable":true,"href":"https:\/\/store.evolve-fitness.eu\/lt\/wp-json\/wp\/v2\/media\/3531"}],"wp:attachment":[{"href":"https:\/\/store.evolve-fitness.eu\/lt\/wp-json\/wp\/v2\/media?parent=8769"}],"wp:term":[{"taxonomy":"product_cat","embeddable":true,"href":"https:\/\/store.evolve-fitness.eu\/lt\/wp-json\/wp\/v2\/product_cat?post=8769"},{"taxonomy":"product_tag","embeddable":true,"href":"https:\/\/store.evolve-fitness.eu\/lt\/wp-json\/wp\/v2\/product_tag?post=8769"}],"curies":[{"name":"wp","href":"https:\/\/api.w.org\/{rel}","templated":true}]}}