{"id":8752,"date":"2023-10-17T14:04:39","date_gmt":"2023-10-17T14:04:39","guid":{"rendered":"https:\/\/store.evolve-fitness.eu\/produktas\/evolve-olimpines-bar-apykakles\/"},"modified":"2024-07-16T11:24:43","modified_gmt":"2024-07-16T11:24:43","slug":"evolve-olimpines-bar-apykakles","status":"publish","type":"product","link":"https:\/\/store.evolve-fitness.eu\/lt\/produktas\/evolve-olimpines-bar-apykakles\/","title":{"rendered":"&#8222;Evolve&#8221; olimpin\u0117s &#8222;Bar&#8221; apykakl\u0117s"},"content":{"rendered":"\n<section class=\"wp-block-group alignfull black-content has-white-color has-darkgray-background-color has-text-color has-background is-layout-constrained wp-block-group-is-layout-constrained\" style=\"padding-top:var(--wp--preset--spacing--section-bottom);padding-bottom:var(--wp--preset--spacing--section-bottom)\">\n<div class=\"wp-block-columns alignwide mobile-reverse is-layout-flex wp-container-core-columns-is-layout-ca64bf2d wp-block-columns-is-layout-flex\" style=\"margin-bottom:var(--wp--preset--spacing--side-padding)\">\n<div class=\"wp-block-column is-vertically-aligned-center is-layout-flow wp-block-column-is-layout-flow\">\n<h3 class=\"wp-block-heading\" style=\"margin-bottom:var(--wp--preset--spacing--h-3-bottom)\"><strong>standartini\u0173 olimpini\u0173 \u0161tang\u0173 montavimas  <\/strong><\/h3>\n\n\n\n<p><strong><em><strong><em><strong><em><strong>Su 50 mm skersmens rakto skyle<\/strong><\/em><\/strong><\/em><\/strong><\/em><\/strong><\/p>\n\n\n\n<p>&#8222;Evolve&#8221; olimpini\u0173 \u0161tang\u0173 antrankiai skirti saugiai ir efektyviai kilnoti svorius. Juos lengva valdyti viena ranka, jie pagaminti i\u0161 patvaraus nailoninio r\u0117mo ir elastomerini\u0173 pagalv\u0117li\u0173 \u012frangai apsaugoti. Vos 0,4 kg sveriantys ir prie standartini\u0173 olimpini\u0173 \u0161tang\u0173 su 50 mm skersmens rakto skylute tinkantys apvadai idealiai tinka tiek nam\u0173, tiek komercin\u0117ms treniruokli\u0173 sal\u0117ms.<\/p>\n<\/div>\n\n\n\n<div class=\"wp-block-column is-vertically-aligned-center is-layout-flow wp-block-column-is-layout-flow\">\n<figure class=\"wp-block-video\"><video autoplay=\"\" controls=\"\" loop=\"\" muted=\"\" src=\"https:\/\/evolve-fitness.eu\/wp-content\/uploads\/2024\/01\/EV-OC-CC-02.mp4\"><\/video><\/figure>\n<\/div>\n<\/div>\n\n\n\n<div class=\"wp-block-columns alignwide is-layout-flex wp-container-core-columns-is-layout-c45ee707 wp-block-columns-is-layout-flex\" style=\"margin-bottom:var(--wp--preset--spacing--side-padding);padding-top:var(--wp--preset--spacing--side-padding)\">\n<div class=\"wp-block-column is-vertically-aligned-center is-layout-flow wp-block-column-is-layout-flow\">\n<figure class=\"wp-block-video\"><video height=\"1536\" style=\"aspect-ratio: 2048 \/ 1536;\" width=\"2048\" autoplay=\"\" controls=\"\" loop=\"\" muted=\"\" src=\"https:\/\/evolve-fitness.eu\/wp-content\/uploads\/2023\/11\/EV-OC-CC-02-2.mp4\"><\/video><\/figure>\n<\/div>\n\n\n\n<div class=\"wp-block-column is-vertically-aligned-center is-layout-flow wp-block-column-is-layout-flow\">\n<h3 class=\"wp-block-heading\" style=\"margin-bottom:var(--wp--preset--spacing--h-3-bottom)\"><strong><strong>magnetini\u0173 jung\u010di\u0173 ta\u0161kai<\/strong><\/strong><\/h3>\n\n\n\n<p><strong><em>Funkcija, kuri pagerina j\u0173 funkcionalum\u0105 ir palengvina saugojim\u0105<\/em><\/strong><\/p>\n\n\n\n<p>\u0160ie magnetai leid\u017eia patogiai pritvirtinti antkakl\u012f prie bet kokio metalinio pavir\u0161iaus, pvz., stovo ar \u012frenginio, ir taip u\u017etikrinti, kad jis visada b\u016bt\u0173 pasiekiamas ir neb\u016bt\u0173 pamestas. D\u0117l \u0161io naujovi\u0161ko dizaino aspekto apykakl\u0117s ypa\u010d patogios ir veiksmingos sunkiaatle\u010diams ir sporto entuziastams.<\/p>\n<\/div>\n<\/div>\n<\/section>\n","protected":false},"excerpt":{"rendered":"<p>Pagerinkite savo treniruot\u0119 su &#8222;Evolve&#8221; spaud\u017eiamaisiais olimpiniais fiksatoriais (EV-OC-CC-04) &#8211; puikiu naujovi\u0173 ir kokyb\u0117s deriniu. \u0160ie spaustuvai sukurti taip, kad juos b\u016bt\u0173 lengva naudoti viena ranka, jie apsaugo \u012frang\u0105 elastomerin\u0117mis pagalv\u0117l\u0117mis ir patvariu nailoniniu r\u0117mu. Idealiai tinka tiek nam\u0173, tiek komercin\u0117ms treniruokli\u0173 sal\u0117ms, tinka standartiniams olimpiniams strypams su 50 mm skersmens skylute ir sveria vos 0,4 kg. \u012esigykite \u0161iandien, kad padidintum\u0117te treniruo\u010di\u0173 efektyvum\u0105 ir u\u017edirbtum\u0117te lojalumo ta\u0161k\u0173 su &#8222;Evolve&#8221;.<\/p>\n","protected":false},"featured_media":92738,"template":"","meta":{"_acf_changed":false,"inline_featured_image":false},"product_cat":[127,158],"product_tag":[],"class_list":{"0":"post-8752","1":"product","2":"type-product","3":"status-publish","4":"has-post-thumbnail","6":"product_cat-laisvieji-svarmenys","7":"product_cat-barai-ir-priedai","9":"first","10":"outofstock","11":"shipping-taxable","12":"purchasable","13":"product-type-simple"},"acf":[],"_links":{"self":[{"href":"https:\/\/store.evolve-fitness.eu\/lt\/wp-json\/wp\/v2\/product\/8752","targetHints":{"allow":["GET"]}}],"collection":[{"href":"https:\/\/store.evolve-fitness.eu\/lt\/wp-json\/wp\/v2\/product"}],"about":[{"href":"https:\/\/store.evolve-fitness.eu\/lt\/wp-json\/wp\/v2\/types\/product"}],"wp:featuredmedia":[{"embeddable":true,"href":"https:\/\/store.evolve-fitness.eu\/lt\/wp-json\/wp\/v2\/media\/92738"}],"wp:attachment":[{"href":"https:\/\/store.evolve-fitness.eu\/lt\/wp-json\/wp\/v2\/media?parent=8752"}],"wp:term":[{"taxonomy":"product_cat","embeddable":true,"href":"https:\/\/store.evolve-fitness.eu\/lt\/wp-json\/wp\/v2\/product_cat?post=8752"},{"taxonomy":"product_tag","embeddable":true,"href":"https:\/\/store.evolve-fitness.eu\/lt\/wp-json\/wp\/v2\/product_tag?post=8752"}],"curies":[{"name":"wp","href":"https:\/\/api.w.org\/{rel}","templated":true}]}}