{"id":8750,"date":"2023-10-16T07:19:20","date_gmt":"2023-10-16T07:19:20","guid":{"rendered":"https:\/\/store.evolve-fitness.eu\/produktas\/evolve-olimpinis-strypas-150-cm\/"},"modified":"2024-10-11T06:34:21","modified_gmt":"2024-10-11T06:34:21","slug":"evolve-olimpinis-strypas-150-cm","status":"publish","type":"product","link":"https:\/\/store.evolve-fitness.eu\/lt\/produktas\/evolve-olimpinis-strypas-150-cm\/","title":{"rendered":"&#8222;Evolve&#8221; olimpinis strypas &#8211; 150 cm"},"content":{"rendered":"\n<section class=\"wp-block-group alignfull black-content has-white-color has-darkgray-background-color has-text-color has-background is-layout-constrained wp-block-group-is-layout-constrained\" style=\"padding-top:var(--wp--preset--spacing--section-bottom);padding-bottom:var(--wp--preset--spacing--section-bottom)\">\n<section class=\"wp-block-group alignfull black-content has-white-color has-darkgray-background-color has-text-color has-background is-layout-constrained wp-block-group-is-layout-constrained\" style=\"padding-top:var(--wp--preset--spacing--section-bottom);padding-bottom:var(--wp--preset--spacing--section-bottom)\">\n<section class=\"wp-block-group alignfull black-content has-white-color has-darkgray-background-color has-text-color has-background is-layout-constrained wp-block-group-is-layout-constrained\" style=\"padding-top:var(--wp--preset--spacing--section-bottom);padding-bottom:var(--wp--preset--spacing--section-bottom)\">\n<div class=\"wp-block-columns alignwide mobile-reverse is-layout-flex wp-container-core-columns-is-layout-ca64bf2d wp-block-columns-is-layout-flex\" style=\"margin-bottom:var(--wp--preset--spacing--side-padding)\">\n<div class=\"wp-block-column is-vertically-aligned-center is-layout-flow wp-block-column-is-layout-flow\">\n<h3 class=\"wp-block-heading\" style=\"margin-bottom:var(--wp--preset--spacing--h-3-bottom)\">&#8222;Evolve Olymic Bar&#8221; &#8211; 150 cm<\/h3>\n\n\n\n<p><strong><em><strong><em>150 cm<\/em><\/strong><\/em><\/strong><\/p>\n\n\n\n<p style=\"margin-bottom:var(--wp--preset--spacing--tb-section-padding)\">Pagerinkite savo treniruotes naudodami &#8222;Evolve&#8221; olimpin\u0119 \u0161tang\u0105 &#8211; auk\u0161\u010diausios kokyb\u0117s 150 cm ilgio \u0161tang\u0105, sukurt\u0105 taip, kad ji b\u016bt\u0173 itin veiksminga ir ilgaam\u017e\u0117.  <\/p>\n<\/div>\n\n\n\n<div class=\"wp-block-column is-vertically-aligned-center is-layout-flow wp-block-column-is-layout-flow\">\n<figure class=\"wp-block-image size-large\"><img loading=\"lazy\" decoding=\"async\" width=\"683\" height=\"1024\" src=\"https:\/\/store.evolve-fitness.eu\/wp-content\/uploads\/2024\/07\/A7_06078-683x1024.jpg\" alt=\"\" class=\"wp-image-92188\" srcset=\"https:\/\/store.evolve-fitness.eu\/wp-content\/uploads\/2024\/07\/A7_06078-683x1024.jpg 683w, https:\/\/store.evolve-fitness.eu\/wp-content\/uploads\/2024\/07\/A7_06078-200x300.jpg 200w, https:\/\/store.evolve-fitness.eu\/wp-content\/uploads\/2024\/07\/A7_06078-768x1152.jpg 768w, https:\/\/store.evolve-fitness.eu\/wp-content\/uploads\/2024\/07\/A7_06078-1024x1536.jpg 1024w, https:\/\/store.evolve-fitness.eu\/wp-content\/uploads\/2024\/07\/A7_06078-600x900.jpg 600w, https:\/\/store.evolve-fitness.eu\/wp-content\/uploads\/2024\/07\/A7_06078.jpg 1280w\" sizes=\"auto, (max-width: 683px) 100vw, 683px\" \/><\/figure>\n<\/div>\n<\/div>\n<\/section>\n<\/section>\n<\/section>\n","protected":false},"excerpt":{"rendered":"<p>Pagerinkite savo treniruotes naudodami &#8222;Evolve&#8221; olimpin\u0119 \u0161tang\u0105 &#8211; auk\u0161\u010diausios kokyb\u0117s 150 cm ilgio \u0161tang\u0105, sukurt\u0105 taip, kad ji b\u016bt\u0173 itin veiksminga ir ilgaam\u017e\u0117. \u0160i 12 kg sverianti ir did\u017eiausi\u0105 320 kg apkrov\u0105 galinti u\u017etikrinti \u0161tanga puikiai tinka ir pradedantiesiems, ir patyrusiems sportininkams. Jos \u00d8 50 mm skersmens svori\u0173 plok\u0161t\u0117s \u012fvor\u0117 pritaikyta standartiniams olimpiniams svoriams, o \u00d8 30 mm skersmens vidinis strypas u\u017etikrina patog\u0173 laikym\u0105. Strypas turi auk\u0161tos kokyb\u0117s \u012fvores, u\u017etikrinan\u010dias skland\u0173 sukim\u0105si, chromuot\u0105 vidin\u012f pavir\u0161i\u0173 ir svori\u0173 \u012fvor\u0119, kad b\u016bt\u0173 patvaresnis, ir 250 mm ilgio \u012fvor\u0119, skirt\u0105 svori\u0173 plok\u0161tel\u0117ms. &#8222;Evolve&#8221; olimpinis strypas yra 1 mm gylio, IWF standartinio tipo ir vidutinio a\u0161trumo, tod\u0117l &#8222;Evolve&#8221; olimpinis strypas u\u017etikrina optimal\u0173 sukibim\u0105 ir suma\u017eina slydimo rizik\u0105 atliekant sunkius pratimus. \u0160iam strypui suteikiama 2 met\u0173 garantija, tod\u0117l jis patikimai papildys bet kuri\u0105 sporto sal\u0119 ar nam\u0173 treniruo\u010di\u0173 erdv\u0119.<\/p>\n<p>\n","protected":false},"featured_media":3573,"template":"","meta":{"_acf_changed":false,"inline_featured_image":false},"product_cat":[2405,127,158],"product_tag":[],"class_list":{"0":"post-8750","1":"product","2":"type-product","3":"status-publish","4":"has-post-thumbnail","6":"product_cat-hyrox-gear","7":"product_cat-laisvieji-svarmenys","8":"product_cat-barai-ir-priedai","10":"first","11":"instock","12":"shipping-taxable","13":"purchasable","14":"product-type-simple"},"acf":[],"_links":{"self":[{"href":"https:\/\/store.evolve-fitness.eu\/lt\/wp-json\/wp\/v2\/product\/8750","targetHints":{"allow":["GET"]}}],"collection":[{"href":"https:\/\/store.evolve-fitness.eu\/lt\/wp-json\/wp\/v2\/product"}],"about":[{"href":"https:\/\/store.evolve-fitness.eu\/lt\/wp-json\/wp\/v2\/types\/product"}],"wp:featuredmedia":[{"embeddable":true,"href":"https:\/\/store.evolve-fitness.eu\/lt\/wp-json\/wp\/v2\/media\/3573"}],"wp:attachment":[{"href":"https:\/\/store.evolve-fitness.eu\/lt\/wp-json\/wp\/v2\/media?parent=8750"}],"wp:term":[{"taxonomy":"product_cat","embeddable":true,"href":"https:\/\/store.evolve-fitness.eu\/lt\/wp-json\/wp\/v2\/product_cat?post=8750"},{"taxonomy":"product_tag","embeddable":true,"href":"https:\/\/store.evolve-fitness.eu\/lt\/wp-json\/wp\/v2\/product_tag?post=8750"}],"curies":[{"name":"wp","href":"https:\/\/api.w.org\/{rel}","templated":true}]}}