{"id":8733,"date":"2023-10-17T10:15:34","date_gmt":"2023-10-17T10:15:34","guid":{"rendered":"https:\/\/store.evolve-fitness.eu\/produktas\/evolve-prime-serijos-olimpine-stanga-201-cm-15-kg\/"},"modified":"2024-10-11T06:36:07","modified_gmt":"2024-10-11T06:36:07","slug":"evolve-prime-serijos-olimpine-stanga-201-cm-15-kg","status":"publish","type":"product","link":"https:\/\/store.evolve-fitness.eu\/lt\/produktas\/evolve-prime-serijos-olimpine-stanga-201-cm-15-kg\/","title":{"rendered":"&#8222;Evolve Prime&#8221; serijos olimpin\u0117 \u0161tanga &#8211; 201 cm \/ 15 kg"},"content":{"rendered":"\n<section class=\"wp-block-group alignfull black-content has-white-color has-darkgray-background-color has-text-color has-background is-layout-constrained wp-block-group-is-layout-constrained\" style=\"padding-top:var(--wp--preset--spacing--section-bottom);padding-bottom:var(--wp--preset--spacing--section-bottom)\">\n<div class=\"wp-block-columns alignwide mobile-reverse is-layout-flex wp-container-core-columns-is-layout-ca64bf2d wp-block-columns-is-layout-flex\" style=\"margin-bottom:var(--wp--preset--spacing--side-padding)\">\n<div class=\"wp-block-column is-vertically-aligned-center is-layout-flow wp-block-column-is-layout-flow\">\n<h3 class=\"wp-block-heading\" style=\"margin-bottom:var(--wp--preset--spacing--h-3-bottom)\"><strong>Naujovi\u0161kas kampinis dizainas<\/strong><\/h3>\n\n\n\n<p><strong><em>Auk\u0161tos kokyb\u0117s baras<\/em><\/strong><\/p>\n\n\n\n<p style=\"margin-bottom:var(--wp--preset--spacing--tb-section-padding)\">&#8222;Evolve Prime&#8221; serijos olimpin\u0117 \u0161tanga moterims skirta didelio intensyvumo treniruot\u0117ms ir komerciniam naudojimui. Jis idealiai tinka tokiems pratimams, kaip pritraukimai, valymai ir pak\u0117limai, ir yra tvirtos konstrukcijos. \u0160i \u0161tanga puikiai tinka tiek profesionaliems sportininkams, tiek fitneso entuziastams, nes patikimai ir tiksliai pagerina j\u0117gos treniruo\u010di\u0173 rutin\u0105.<\/p>\n<\/div>\n\n\n\n<div class=\"wp-block-column is-vertically-aligned-center is-layout-flow wp-block-column-is-layout-flow\">\n<figure class=\"wp-block-video\"><video height=\"450\" style=\"aspect-ratio: 600 \/ 450;\" width=\"600\" autoplay=\"\" controls=\"\" loop=\"\" muted=\"\" src=\"https:\/\/evolve-fitness.eu\/wp-content\/uploads\/2024\/07\/women-bar.mp4\"><\/video><\/figure>\n<\/div>\n<\/div>\n<\/section>\n","protected":false},"excerpt":{"rendered":"<p>201 cm ilgio ir 15 kg sverianti &#8222;Evolve Prime Series&#8221; olimpin\u0117 moter\u0173 \u0161tanga yra j\u0117gos treniruo\u010di\u0173 \u012frangos \u0161edevras. \u0160i \u0161tanga, specialiai sukurta tiek didelio intensyvumo treniruot\u0117ms namuose, tiek grie\u017etam komerciniam naudojimui, i\u0161siskiria tvirta konstrukcija su 6 adatiniais ir 2 rutuliniais guoliais, suporuotais su varin\u0117mis \u012fvor\u0117mis. Tokia konstrukcija u\u017etikrina i\u0161skirtin\u012f patvarum\u0105 ir tolyg\u0173 sukim\u0105si, o did\u017eiausia apkrova gali b\u016bti iki 900 kg. 50 mm skersmens svori\u0173 plok\u0161t\u0117s \u012fvor\u0117, a\u0161trus IWF standarto i\u0161lenkimas, u\u017etikrinantis saug\u0173 sukibim\u0105, ir eleganti\u0161ka chromuota vidin\u0117s juostos ir svori\u0173 \u012fvor\u0117s pavir\u0161iaus apdaila &#8211; idealus pasirinkimas rimtiems sunkum\u0173 kilnotojams. Be to, \u0161tangai suteikiama u\u017etikrinanti 2 met\u0173 garantija. Nesvarbu, ar esate profesionalus sportininkas, ar fitneso entuziastas, &#8222;Evolve Prime&#8221; serijos olimpin\u0117s moter\u0173 \u0161tangos sukurtos taip, kad patenkint\u0173 visus j\u016bs\u0173 poreikius.<\/p>\n","protected":false},"featured_media":92610,"template":"","meta":{"_acf_changed":false,"inline_featured_image":false},"product_cat":[2405,127,158],"product_tag":[],"class_list":{"0":"post-8733","1":"product","2":"type-product","3":"status-publish","4":"has-post-thumbnail","6":"product_cat-hyrox-gear","7":"product_cat-laisvieji-svarmenys","8":"product_cat-barai-ir-priedai","10":"first","11":"instock","12":"shipping-taxable","13":"purchasable","14":"product-type-simple"},"acf":[],"_links":{"self":[{"href":"https:\/\/store.evolve-fitness.eu\/lt\/wp-json\/wp\/v2\/product\/8733","targetHints":{"allow":["GET"]}}],"collection":[{"href":"https:\/\/store.evolve-fitness.eu\/lt\/wp-json\/wp\/v2\/product"}],"about":[{"href":"https:\/\/store.evolve-fitness.eu\/lt\/wp-json\/wp\/v2\/types\/product"}],"wp:featuredmedia":[{"embeddable":true,"href":"https:\/\/store.evolve-fitness.eu\/lt\/wp-json\/wp\/v2\/media\/92610"}],"wp:attachment":[{"href":"https:\/\/store.evolve-fitness.eu\/lt\/wp-json\/wp\/v2\/media?parent=8733"}],"wp:term":[{"taxonomy":"product_cat","embeddable":true,"href":"https:\/\/store.evolve-fitness.eu\/lt\/wp-json\/wp\/v2\/product_cat?post=8733"},{"taxonomy":"product_tag","embeddable":true,"href":"https:\/\/store.evolve-fitness.eu\/lt\/wp-json\/wp\/v2\/product_tag?post=8733"}],"curies":[{"name":"wp","href":"https:\/\/api.w.org\/{rel}","templated":true}]}}