{"id":8723,"date":"2023-10-12T06:45:47","date_gmt":"2023-10-12T06:45:47","guid":{"rendered":"https:\/\/store.evolve-fitness.eu\/produktas\/evolve-svorio-ploksteliu-medis\/"},"modified":"2026-03-17T12:00:25","modified_gmt":"2026-03-17T12:00:25","slug":"evolve-svorio-ploksteliu-medis","status":"publish","type":"product","link":"https:\/\/store.evolve-fitness.eu\/lt\/produktas\/evolve-svorio-ploksteliu-medis\/","title":{"rendered":"&#8222;Evolve&#8221; Svorio plok\u0161teli\u0173 medis"},"content":{"rendered":"\n<section class=\"wp-block-group alignfull black-content has-white-color has-darkgray-background-color has-text-color has-background is-layout-constrained wp-block-group-is-layout-constrained\" style=\"padding-top:var(--wp--preset--spacing--section-bottom);padding-bottom:var(--wp--preset--spacing--section-bottom)\">\n<p class=\"has-text-align-center has-medium-2-font-size\"><strong>Maksimaliai padidinkite savo sporto sal\u0117s erdv\u0119<\/strong> &#8211; <strong>geriausias saugojimo sprendimas<\/strong><\/p>\n\n\n\n<p class=\"has-text-align-center has-medium-font-size\">Sveiki atvyk\u0119 \u012f efektyvaus ir organizuoto svori\u0173 kilnojimo pasaul\u012f su &#8222;Evolve Weight Plate Tree&#8221;. \u0160is vertikalus r\u0117mas, skirtas olimpin\u0117ms svorio plok\u0161t\u0117ms, ne tik taupo viet\u0105, bet ir yra ilgaam\u017ei\u0161kumo bei saugumo \u012frodymas.<\/p>\n\n\n\n<div class=\"wp-block-columns alignwide mobile-reverse is-layout-flex wp-container-core-columns-is-layout-ca64bf2d wp-block-columns-is-layout-flex\" style=\"margin-bottom:var(--wp--preset--spacing--side-padding)\">\n<div class=\"wp-block-column is-vertically-aligned-center is-layout-flow wp-block-column-is-layout-flow\">\n<h3 class=\"wp-block-heading\" style=\"margin-bottom:var(--wp--preset--spacing--h-3-bottom)\"><strong><strong><strong><strong><strong><strong><strong><strong><strong>Patvari ir ilgaam\u017e\u0117 konstrukcija<\/strong><\/strong><\/strong><\/strong><\/strong><\/strong><\/strong><\/strong><\/strong><\/h3>\n\n\n\n<p>Ilgaam\u017eis &#8222;Evolve Weight Plate Tree&#8221; medis turi tvirt\u0105 suvirint\u0105 r\u0117m\u0105, kur\u012f sudaro \u230076 x 2,5 mm apval\u016bs ir 50 x 100 x 3 mm sta\u010diakampiai vamzd\u017eiai. Ner\u016bdijan\u010dio plieno ver\u017el\u0117s ir var\u017etai sustiprina stabilum\u0105, tod\u0117l idealiai tinka didelio eismo intensyvumo komercin\u0117ms sporto sal\u0117ms, karin\u0117ms \u012fstaigoms, biur\u0173 sporto centrams ir SPA centrams. Milteliais dengta apdaila suteikia dr\u0105sios estetikos ir apsaugo nuo \u012fbr\u0117\u017eim\u0173 bei r\u016bd\u017ei\u0173.<\/p>\n<\/div>\n\n\n\n<div class=\"wp-block-column is-vertically-aligned-center is-layout-flow wp-block-column-is-layout-flow\">\n<figure class=\"wp-block-image alignright size-full is-resized is-style-rounded\"><img decoding=\"async\" src=\"https:\/\/evolve-fitness.eu\/wp-content\/uploads\/2023\/11\/Evolve-Weight-Plates-Tree.png\" alt=\"\" class=\"wp-image-5994\" style=\"object-fit:cover;width:680px;height:600px\"\/><\/figure>\n<\/div>\n<\/div>\n\n\n\n<div class=\"wp-block-columns alignwide is-layout-flex wp-container-core-columns-is-layout-c45ee707 wp-block-columns-is-layout-flex\" style=\"margin-bottom:var(--wp--preset--spacing--side-padding);padding-top:var(--wp--preset--spacing--side-padding)\">\n<div class=\"wp-block-column is-vertically-aligned-center is-layout-flow wp-block-column-is-layout-flow\">\n<figure class=\"wp-block-image size-full is-resized is-style-rounded\"><img decoding=\"async\" src=\"https:\/\/evolve-fitness.eu\/wp-content\/uploads\/2023\/11\/Evolve-Weight-Plates-Tree1.png\" alt=\"\" class=\"wp-image-5990\" style=\"object-fit:cover;width:680px;height:600px\"\/><\/figure>\n<\/div>\n\n\n\n<div class=\"wp-block-column is-vertically-aligned-center is-layout-constrained wp-block-column-is-layout-constrained\">\n<h3 class=\"wp-block-heading\" style=\"margin-bottom:var(--wp--preset--spacing--h-3-bottom)\"><strong><strong><strong><strong><strong><strong><strong><strong><strong>Patogus ir viet\u0105 taupantis dizainas<\/strong><\/strong><\/strong><\/strong><\/strong><\/strong><\/strong><\/strong><\/strong><\/h3>\n\n\n\n<p>\u0160i kompakti\u0161ka vertikali konstrukcija ne tik taupo viet\u0105, bet ir yra organizatoriaus svajon\u0117. Lengvai pasiekiamas ir tvarkingai i\u0161d\u0117stytas stovas palengvina svori\u0173 pasirinkim\u0105. Tai puikus priedas prie bet kurios nam\u0173 sporto sal\u0117s ar komercin\u0117s patalpos, u\u017etikrinantis, kad treniruo\u010di\u0173 zonoje neb\u016bt\u0173 netvarkos.<\/p>\n<\/div>\n<\/div>\n\n\n\n<div class=\"wp-block-columns alignwide is-layout-flex wp-container-core-columns-is-layout-c45ee707 wp-block-columns-is-layout-flex\" style=\"margin-bottom:var(--wp--preset--spacing--side-padding);padding-top:var(--wp--preset--spacing--side-padding)\">\n<div class=\"wp-block-column is-vertically-aligned-center is-layout-constrained wp-block-column-is-layout-constrained\">\n<h3 class=\"wp-block-heading\" style=\"margin-bottom:var(--wp--preset--spacing--h-3-bottom)\"><strong><strong><strong><strong><strong><strong><strong><strong><strong><strong>Nekompromisinis saugumas ir stabilumas<\/strong><\/strong><\/strong><\/strong><\/strong><\/strong><\/strong><\/strong><\/strong><\/strong><\/h3>\n\n\n\n<p>Pirmenyb\u0117 teikiama j\u016bs\u0173 saugumui, tod\u0117l svorio plok\u0161t\u0117s strypai yra aptraukti didelio atsparumo dilimui med\u017eiaga, atitinkan\u010dia GB 17498-2008 ir ES EN2057 standartus. Tur\u0117dami ROSH ir REACH sertifikatus, galite b\u016bti tikri d\u0117l jo kokyb\u0117s. Mink\u0161ti PVC p\u0117d\u0173 dangteliai apsaugo grindis ir u\u017etikrina stabilum\u0105 intensyvi\u0173 treniruo\u010di\u0173 metu.<\/p>\n<\/div>\n\n\n\n<div class=\"wp-block-column is-vertically-aligned-center is-layout-flow wp-block-column-is-layout-flow\">\n<figure class=\"wp-block-image size-full is-resized is-style-rounded\"><img decoding=\"async\" src=\"https:\/\/evolve-fitness.eu\/wp-content\/uploads\/2023\/11\/Dizainas-be-pavadinimo-hgh-edited-1.png\" alt=\"\" class=\"wp-image-6002\" style=\"object-fit:cover;width:680px;height:600px\"\/><\/figure>\n<\/div>\n<\/div>\n<\/section>\n","protected":false},"excerpt":{"rendered":"<p>Pristatome &#8222;Evolve Weight Plate Tree&#8221; &#8211; sporto sal\u0117s organizavimo ir patvarumo vir\u0161\u016bn\u0119. \u0160is vertikalus sand\u0117liavimo stebuklas, sukurtas specialiai olimpin\u0117ms svarmen\u0173 plok\u0161t\u0117ms, pasi\u017eymi tvirtu r\u0117mu, meistri\u0161kai suvirintu i\u0161 didelio atsparumo med\u017eiag\u0173 ir padengtu eleganti\u0161ka, \u012fbr\u0117\u017eimams atsparia milteline danga. Idealiai tinka tiek \u0161urmuliuojan\u010dioms komercin\u0117ms sporto sal\u0117ms, tiek nam\u0173 sporto entuziastams, nes yra saugus d\u0117l nusid\u0117v\u0117jimui atspari\u0173 apsaugini\u0173 stryp\u0173 ir grindims pritaikyt\u0173 PVC kojeli\u0173. Kompakti\u0161kas dizainas ne tik taupo viet\u0105, bet ir u\u017etikrina, kad svarmenys b\u016bt\u0173 tvarkingai sud\u0117ti ir lengvai pasiekiami. &#8222;Evolve Weight Plate Tree&#8221;, kurio did\u017eiausia apkrova yra 600 kg ir kuriam suteikiama tvirta dvej\u0173 met\u0173 garantija, yra b\u016btinas bet kurios treniruokli\u0173 sal\u0117s priedas, u\u017etikrinantis neprilygstam\u0105 stabilum\u0105 ir netvarking\u0105 aplink\u0105. Padidinkite savo treniruo\u010di\u0173 erdv\u0119 naudodami \u0161\u012f stiling\u0105, efektyv\u0173 ir ilgaam\u017e\u012f sprendim\u0105.<\/p>\n","protected":false},"featured_media":96158,"template":"","meta":{"_acf_changed":false,"inline_featured_image":false},"product_cat":[117,127,153],"product_tag":[],"class_list":{"0":"post-8723","1":"product","2":"type-product","3":"status-publish","4":"has-post-thumbnail","6":"product_cat-pagrindinis-puslapis","7":"product_cat-laisvieji-svarmenys","8":"product_cat-stelazai-ir-saugojimo-sprendimai","10":"first","11":"instock","12":"shipping-taxable","13":"purchasable","14":"product-type-simple"},"acf":[],"_links":{"self":[{"href":"https:\/\/store.evolve-fitness.eu\/lt\/wp-json\/wp\/v2\/product\/8723","targetHints":{"allow":["GET"]}}],"collection":[{"href":"https:\/\/store.evolve-fitness.eu\/lt\/wp-json\/wp\/v2\/product"}],"about":[{"href":"https:\/\/store.evolve-fitness.eu\/lt\/wp-json\/wp\/v2\/types\/product"}],"wp:featuredmedia":[{"embeddable":true,"href":"https:\/\/store.evolve-fitness.eu\/lt\/wp-json\/wp\/v2\/media\/96158"}],"wp:attachment":[{"href":"https:\/\/store.evolve-fitness.eu\/lt\/wp-json\/wp\/v2\/media?parent=8723"}],"wp:term":[{"taxonomy":"product_cat","embeddable":true,"href":"https:\/\/store.evolve-fitness.eu\/lt\/wp-json\/wp\/v2\/product_cat?post=8723"},{"taxonomy":"product_tag","embeddable":true,"href":"https:\/\/store.evolve-fitness.eu\/lt\/wp-json\/wp\/v2\/product_tag?post=8723"}],"curies":[{"name":"wp","href":"https:\/\/api.w.org\/{rel}","templated":true}]}}