{"id":8721,"date":"2023-10-16T10:21:10","date_gmt":"2023-10-16T10:21:10","guid":{"rendered":"https:\/\/store.evolve-fitness.eu\/produktas\/evolve-olimpinis-sesiakampis-strypas-150-cm\/"},"modified":"2024-07-16T08:35:03","modified_gmt":"2024-07-16T08:35:03","slug":"evolve-olimpinis-sesiakampis-strypas-150-cm","status":"publish","type":"product","link":"https:\/\/store.evolve-fitness.eu\/lt\/produktas\/evolve-olimpinis-sesiakampis-strypas-150-cm\/","title":{"rendered":"&#8222;Evolve&#8221; olimpinis \u0161e\u0161iakampis strypas &#8211; 150 cm"},"content":{"rendered":"","protected":false},"excerpt":{"rendered":"<p>&#8222;Evolve&#8221; olimpinis \u0161e\u0161iakampis strypas suteikia galimyb\u0119 atlikti daugiau pratim\u0173 i\u0161laikant tinkam\u0105 form\u0105. \u0160is strypas su \u012fvor\u0117mis u\u017etikrina skland\u0173 sukim\u0105si ir ilgaam\u017ei\u0161kum\u0105. \u0160is strypas gali atlaikyti nepertraukiam\u0105 naudojim\u0105, kai maksimali apkrova siekia 500 kg.<\/p>\n","protected":false},"featured_media":92229,"template":"","meta":{"_acf_changed":false,"inline_featured_image":false},"product_cat":[2405,127,158],"product_tag":[],"class_list":{"0":"post-8721","1":"product","2":"type-product","3":"status-publish","4":"has-post-thumbnail","6":"product_cat-hyrox-gear","7":"product_cat-laisvieji-svarmenys","8":"product_cat-barai-ir-priedai","10":"first","11":"instock","12":"shipping-taxable","13":"purchasable","14":"product-type-simple"},"acf":[],"_links":{"self":[{"href":"https:\/\/store.evolve-fitness.eu\/lt\/wp-json\/wp\/v2\/product\/8721","targetHints":{"allow":["GET"]}}],"collection":[{"href":"https:\/\/store.evolve-fitness.eu\/lt\/wp-json\/wp\/v2\/product"}],"about":[{"href":"https:\/\/store.evolve-fitness.eu\/lt\/wp-json\/wp\/v2\/types\/product"}],"wp:featuredmedia":[{"embeddable":true,"href":"https:\/\/store.evolve-fitness.eu\/lt\/wp-json\/wp\/v2\/media\/92229"}],"wp:attachment":[{"href":"https:\/\/store.evolve-fitness.eu\/lt\/wp-json\/wp\/v2\/media?parent=8721"}],"wp:term":[{"taxonomy":"product_cat","embeddable":true,"href":"https:\/\/store.evolve-fitness.eu\/lt\/wp-json\/wp\/v2\/product_cat?post=8721"},{"taxonomy":"product_tag","embeddable":true,"href":"https:\/\/store.evolve-fitness.eu\/lt\/wp-json\/wp\/v2\/product_tag?post=8721"}],"curies":[{"name":"wp","href":"https:\/\/api.w.org\/{rel}","templated":true}]}}