{"id":8699,"date":"2023-10-16T06:59:28","date_gmt":"2023-10-16T06:59:28","guid":{"rendered":"https:\/\/store.evolve-fitness.eu\/produktas\/evolve-olimpinis-tricepsas\/"},"modified":"2024-07-16T08:11:23","modified_gmt":"2024-07-16T08:11:23","slug":"evolve-olimpinis-tricepsas","status":"publish","type":"product","link":"https:\/\/store.evolve-fitness.eu\/lt\/produktas\/evolve-olimpinis-tricepsas\/","title":{"rendered":"&#8222;Evolve&#8221; olimpinis tricepsas"},"content":{"rendered":"\n<p><\/p>\n\n<section class=\"wp-block-group alignfull black-content has-white-color has-darkgray-background-color has-text-color has-background is-layout-constrained wp-block-group-is-layout-constrained\" style=\"padding-top:var(--wp--preset--spacing--section-bottom);padding-bottom:var(--wp--preset--spacing--section-bottom)\">\n<div class=\"wp-block-columns alignwide mobile-reverse is-layout-flex wp-container-core-columns-is-layout-ca64bf2d wp-block-columns-is-layout-flex\" style=\"margin-bottom:var(--wp--preset--spacing--side-padding)\">\n<div class=\"wp-block-column is-vertically-aligned-center is-layout-flow wp-block-column-is-layout-flow\">\n<h3 class=\"wp-block-heading\" style=\"margin-bottom:var(--wp--preset--spacing--h-3-bottom)\">&#8222;Evolve Triceps Bar<\/h3>\n\n\n\n<p><strong><em><strong><em>860 mm \/ 10 kg \/ 50 mm<\/em><\/strong><\/em><\/strong><\/p>\n\n\n\n<p style=\"margin-bottom:var(--wp--preset--spacing--tb-section-padding)\">Sukurta siekiant auk\u0161\u010diausio na\u0161umo, \u0161i tricepso juosta ne tik efektyviai veikia tricepso raumenis, bet ir u\u017etikrina patog\u0173 su\u0117mim\u0105, tod\u0117l vartotojai gali dr\u0105siai didinti keliam\u0105 svor\u012f.<\/p>\n<\/div>\n\n\n\n<div class=\"wp-block-column is-vertically-aligned-center is-layout-flow wp-block-column-is-layout-flow\">\n<figure class=\"wp-block-image size-large\"><img loading=\"lazy\" decoding=\"async\" width=\"683\" height=\"1024\" src=\"https:\/\/store.evolve-fitness.eu\/wp-content\/uploads\/2024\/07\/A7_06078-683x1024.jpg\" alt=\"\" class=\"wp-image-92188\" srcset=\"https:\/\/store.evolve-fitness.eu\/wp-content\/uploads\/2024\/07\/A7_06078-683x1024.jpg 683w, https:\/\/store.evolve-fitness.eu\/wp-content\/uploads\/2024\/07\/A7_06078-200x300.jpg 200w, https:\/\/store.evolve-fitness.eu\/wp-content\/uploads\/2024\/07\/A7_06078-768x1152.jpg 768w, https:\/\/store.evolve-fitness.eu\/wp-content\/uploads\/2024\/07\/A7_06078-1024x1536.jpg 1024w, https:\/\/store.evolve-fitness.eu\/wp-content\/uploads\/2024\/07\/A7_06078-600x900.jpg 600w, https:\/\/store.evolve-fitness.eu\/wp-content\/uploads\/2024\/07\/A7_06078.jpg 1280w\" sizes=\"auto, (max-width: 683px) 100vw, 683px\" \/><\/figure>\n<\/div>\n<\/div>\n<\/section>\n","protected":false},"excerpt":{"rendered":"<p>&#8222;Evolve&#8221; olimpinis tricepso strypas yra auk\u0161tos kokyb\u0117s treniruoklis, skirtas tricepsams ir vir\u0161utin\u0117s k\u016bno dalies raumenims treniruoti. D\u0117l sklandaus sukimosi ir patogios rankenos jis pagerina j\u016bs\u0173 sunkiosios atletikos patirt\u012f ir kartu u\u017etikrina saugum\u0105. D\u0117l did\u017eiausios 200 kg apkrovos jis tinka vis\u0173 lygi\u0173 naudotojams &#8211; nuo pradedan\u010di\u0173j\u0173 iki fitneso profesional\u0173. Unikali konstrukcija ir chromuotas pavir\u0161ius ne tik apsaugo nuo r\u016bd\u017ei\u0173, bet ir padeda izoliuoti raumen\u0173 grupes ir suma\u017einti traum\u0173 rizik\u0105. Pagerinkite savo treniruotes naudodami \u0161\u012f patvar\u0173 ir funkcional\u0173 olimpin\u012f tricepso stryp\u0105, kur\u012f b\u016btina tur\u0117ti norint pasiekti savo fitneso tiksl\u0173.<\/p>\n","protected":false},"featured_media":92151,"template":"","meta":{"_acf_changed":false,"inline_featured_image":false},"product_cat":[2405,127,158],"product_tag":[],"class_list":{"0":"post-8699","1":"product","2":"type-product","3":"status-publish","4":"has-post-thumbnail","6":"product_cat-hyrox-gear","7":"product_cat-laisvieji-svarmenys","8":"product_cat-barai-ir-priedai","10":"first","11":"instock","12":"shipping-taxable","13":"purchasable","14":"product-type-simple"},"acf":[],"_links":{"self":[{"href":"https:\/\/store.evolve-fitness.eu\/lt\/wp-json\/wp\/v2\/product\/8699","targetHints":{"allow":["GET"]}}],"collection":[{"href":"https:\/\/store.evolve-fitness.eu\/lt\/wp-json\/wp\/v2\/product"}],"about":[{"href":"https:\/\/store.evolve-fitness.eu\/lt\/wp-json\/wp\/v2\/types\/product"}],"wp:featuredmedia":[{"embeddable":true,"href":"https:\/\/store.evolve-fitness.eu\/lt\/wp-json\/wp\/v2\/media\/92151"}],"wp:attachment":[{"href":"https:\/\/store.evolve-fitness.eu\/lt\/wp-json\/wp\/v2\/media?parent=8699"}],"wp:term":[{"taxonomy":"product_cat","embeddable":true,"href":"https:\/\/store.evolve-fitness.eu\/lt\/wp-json\/wp\/v2\/product_cat?post=8699"},{"taxonomy":"product_tag","embeddable":true,"href":"https:\/\/store.evolve-fitness.eu\/lt\/wp-json\/wp\/v2\/product_tag?post=8699"}],"curies":[{"name":"wp","href":"https:\/\/api.w.org\/{rel}","templated":true}]}}