{"id":8696,"date":"2023-10-11T11:11:55","date_gmt":"2023-10-11T11:11:55","guid":{"rendered":"https:\/\/store.evolve-fitness.eu\/produktas\/evolve-horizontalus-hanteliu-stovas-10-poru\/"},"modified":"2026-03-07T12:00:17","modified_gmt":"2026-03-07T12:00:17","slug":"evolve-horizontalus-hanteliu-stovas-10-poru","status":"publish","type":"product","link":"https:\/\/store.evolve-fitness.eu\/lt\/produktas\/evolve-horizontalus-hanteliu-stovas-10-poru\/","title":{"rendered":"&#8222;Evolve&#8221; horizontalus hanteli\u0173 stovas, 10 por\u0173"},"content":{"rendered":"\n<section class=\"wp-block-group alignfull black-content has-white-color has-darkgray-background-color has-text-color has-background is-layout-constrained wp-block-group-is-layout-constrained\" style=\"padding-top:var(--wp--preset--spacing--section-bottom);padding-bottom:var(--wp--preset--spacing--section-bottom)\">\n<div class=\"wp-block-columns alignwide mobile-reverse is-layout-flex wp-container-core-columns-is-layout-ca64bf2d wp-block-columns-is-layout-flex\" style=\"margin-bottom:var(--wp--preset--spacing--side-padding)\">\n<div class=\"wp-block-column is-vertically-aligned-center is-layout-flow wp-block-column-is-layout-flow\">\n<h3 class=\"wp-block-heading\" style=\"margin-bottom:var(--wp--preset--spacing--h-3-bottom)\"><strong><strong><strong><strong>Patvari ir tvirta konstrukcija:<\/strong><\/strong><\/strong><\/strong><\/h3>\n\n\n\n<p>&#8222;Evolve&#8221; horizontalusis hanteli\u0173 stovas, pagamintas i\u0161 didelio atsparumo metalo, u\u017etikrina ilgaam\u017ei\u0161kum\u0105 ir atsparum\u0105. Auk\u0161\u010diausios kokyb\u0117s miltelinio da\u017eymo technologija ne tik suteikia dr\u0105sos, bet ir apsaugo nuo \u012fbr\u0117\u017eim\u0173 bei r\u016bd\u017ei\u0173. Stovas sukurtas taip, kad atlaikyt\u0173 didelio intensyvumo komercin\u0117s sporto sal\u0117s reikalavimus, tod\u0117l jis yra patikimas pasirinkimas bet kurioje fitneso aplinkoje.<\/p>\n<\/div>\n\n\n\n<div class=\"wp-block-column is-vertically-aligned-center is-layout-flow wp-block-column-is-layout-flow\">\n<figure class=\"wp-block-video\"><video height=\"72\" style=\"aspect-ratio: 49 \/ 72;\" width=\"49\" autoplay=\"\" controls=\"\" loop=\"\" muted=\"\" src=\"https:\/\/evolve-fitness.eu\/wp-content\/uploads\/2023\/11\/EV-RS-DR-100-video.mp4\"><\/video><\/figure>\n<\/div>\n<\/div>\n\n\n\n<div class=\"wp-block-columns alignwide is-layout-flex wp-container-core-columns-is-layout-c45ee707 wp-block-columns-is-layout-flex\" style=\"margin-bottom:var(--wp--preset--spacing--side-padding);padding-top:var(--wp--preset--spacing--side-padding)\">\n<div class=\"wp-block-column is-vertically-aligned-center is-layout-flow wp-block-column-is-layout-flow\">\n<figure class=\"wp-block-video\"><video height=\"1536\" style=\"aspect-ratio: 2048 \/ 1536;\" width=\"2048\" autoplay=\"\" controls=\"\" loop=\"\" muted=\"\" src=\"https:\/\/evolve-fitness.eu\/wp-content\/uploads\/2023\/11\/EV-RS-DR-100-weights.mp4\"><\/video><\/figure>\n<\/div>\n\n\n\n<div class=\"wp-block-column is-vertically-aligned-center is-layout-constrained wp-block-column-is-layout-constrained\">\n<h3 class=\"wp-block-heading\" style=\"margin-bottom:var(--wp--preset--spacing--h-3-bottom)\"><strong><strong><strong>Funkcionalus ir patogus dizainas:<\/strong><\/strong><\/strong><\/h3>\n\n\n\n<p>Stela\u017eo kojel\u0117s padengtos guminiais dangteliais, kad neb\u016bt\u0173 pa\u017eeistos grindys ir b\u016bt\u0173 u\u017etikrintas maksimalus stabilumas. Kad b\u016bt\u0173 u\u017etikrintas didesnis saugumas, kojeles galima pritvirtinti prie \u017eem\u0117s. I\u0161 apsaugin\u0117s med\u017eiagos pagaminti lop\u0161iai padeda i\u0161vengti hanteli\u0173 ranken\u0173 \u012fskilim\u0173 ir suma\u017eina \u012fbr\u0117\u017eim\u0173 rizik\u0105. D\u0117l j\u0173 kampinio dizaino lengviau u\u017ed\u0117ti ir nuimti hantelius ir taip padidinti treniruo\u010di\u0173 efektyvum\u0105.<\/p>\n<\/div>\n<\/div>\n\n\n\n<div class=\"wp-block-columns alignwide is-layout-flex wp-container-core-columns-is-layout-c45ee707 wp-block-columns-is-layout-flex\" style=\"margin-bottom:var(--wp--preset--spacing--side-padding);padding-top:var(--wp--preset--spacing--side-padding)\">\n<div class=\"wp-block-column is-vertically-aligned-center is-layout-constrained wp-block-column-is-layout-constrained\">\n<h3 class=\"wp-block-heading\" style=\"margin-bottom:var(--wp--preset--spacing--h-3-bottom)\"><strong><strong><strong><strong>Patogus saugojimo sprendimas:<\/strong><\/strong><\/strong><\/strong><\/h3>\n\n\n\n<p>Dviej\u0173 lygi\u0173 &#8222;Evolve Rack&#8221; konstrukcija ne tik taupo brangi\u0105 grind\u0173 erdv\u0119, bet ir padeda tvarkingai sutvarkyti hantelius. Toks i\u0161d\u0117stymas u\u017etikrina, kad \u012franga b\u016bt\u0173 lengvai pasiekiama ir j\u0105 b\u016bt\u0173 galima suskirstyti pagal svor\u012f, taip supaprastinant naudotoj\u0173 pasirinkimo proces\u0105. Be to, d\u0117l montuojamos stela\u017eo konstrukcijos sporto sali\u0173 savininkai gali sukurti individual\u0173 modulin\u012f sand\u0117liavimo sprendim\u0105, pritaikyt\u0105 prie konkre\u010dios erdv\u0117s reikalavim\u0173.<\/p>\n<\/div>\n\n\n\n<div class=\"wp-block-column is-vertically-aligned-center is-layout-flow wp-block-column-is-layout-flow\">\n<figure class=\"wp-block-video\"><video height=\"600\" style=\"aspect-ratio: 680 \/ 600;\" width=\"680\" autoplay=\"\" controls=\"\" loop=\"\" muted=\"\" src=\"https:\/\/evolve-fitness.eu\/wp-content\/uploads\/2023\/11\/Evolve-Horizontal-Dumbbell-Rack-.mp4\"><\/video><\/figure>\n<\/div>\n<\/div>\n<\/section>\n","protected":false},"excerpt":{"rendered":"<p>&#8222;Evolve&#8221; horizontalusis hanteli\u0173 stovas yra daugiau nei tik saugojimo sprendimas; tai investicija \u012f j\u016bs\u0173 sporto sal\u0117s ilgaam\u017ei\u0161kum\u0105 ir funkcionalum\u0105. D\u0117l tvirto r\u0117mo, patogaus dizaino ir patogios laikymo talpos jis yra idealus pasirinkimas bet kuriai sporto \u012fstaigai, norin\u010diai maksimaliai padidinti erdv\u0119 ir efektyvum\u0105. Nesvarbu, ar tai b\u016bt\u0173 nam\u0173 sporto sal\u0117, ar komercin\u0117 patalpa, &#8222;Evolve Rack&#8221; \u017eada b\u016bti ilgalaikis ir vertingas j\u016bs\u0173 treniruokli\u0173 \u012frangos priedas.<\/p>\n","protected":false},"featured_media":104684,"template":"","meta":{"_acf_changed":false,"inline_featured_image":false},"product_cat":[117,127,153],"product_tag":[],"class_list":{"0":"post-8696","1":"product","2":"type-product","3":"status-publish","4":"has-post-thumbnail","6":"product_cat-pagrindinis-puslapis","7":"product_cat-laisvieji-svarmenys","8":"product_cat-stelazai-ir-saugojimo-sprendimai","10":"first","11":"instock","12":"shipping-taxable","13":"purchasable","14":"product-type-simple"},"acf":[],"_links":{"self":[{"href":"https:\/\/store.evolve-fitness.eu\/lt\/wp-json\/wp\/v2\/product\/8696","targetHints":{"allow":["GET"]}}],"collection":[{"href":"https:\/\/store.evolve-fitness.eu\/lt\/wp-json\/wp\/v2\/product"}],"about":[{"href":"https:\/\/store.evolve-fitness.eu\/lt\/wp-json\/wp\/v2\/types\/product"}],"wp:featuredmedia":[{"embeddable":true,"href":"https:\/\/store.evolve-fitness.eu\/lt\/wp-json\/wp\/v2\/media\/104684"}],"wp:attachment":[{"href":"https:\/\/store.evolve-fitness.eu\/lt\/wp-json\/wp\/v2\/media?parent=8696"}],"wp:term":[{"taxonomy":"product_cat","embeddable":true,"href":"https:\/\/store.evolve-fitness.eu\/lt\/wp-json\/wp\/v2\/product_cat?post=8696"},{"taxonomy":"product_tag","embeddable":true,"href":"https:\/\/store.evolve-fitness.eu\/lt\/wp-json\/wp\/v2\/product_tag?post=8696"}],"curies":[{"name":"wp","href":"https:\/\/api.w.org\/{rel}","templated":true}]}}