{"id":8695,"date":"2023-10-12T07:54:55","date_gmt":"2023-10-12T07:54:55","guid":{"rendered":"https:\/\/store.evolve-fitness.eu\/produktas\/evolve-kettlebell-stovas\/"},"modified":"2026-02-02T12:00:31","modified_gmt":"2026-02-02T12:00:31","slug":"evolve-kettlebell-stovas","status":"publish","type":"product","link":"https:\/\/store.evolve-fitness.eu\/lt\/produktas\/evolve-kettlebell-stovas\/","title":{"rendered":"&#8222;Evolve Kettlebell&#8221; stovas"},"content":{"rendered":"","protected":false},"excerpt":{"rendered":"<p>&#8222;Evolve Kettlebell Rack&#8221;, pasi\u017eymintis efektyvia dviej\u0173 lygi\u0173 konstrukcija ir 1500 x 590 x 760 mm matmenimis, yra idealus kettlebell laikymo sprendimas. Tvirtas r\u0117mas pagamintas i\u0161 ovalo formos vamzd\u017ei\u0173 (40 x 80 x 2 mm) ir padengtas patvaria milteline danga. \u0160is stovas ne tik maksimaliai padidina laikymo erdv\u0119, bet ir u\u017etikrina j\u016bs\u0173 \u012frangos saugum\u0105, nes jo d\u0117kl\u0173 \u012fd\u0117klai yra sukurti taip, kad apsaugot\u0173 nuo \u012fbr\u0117\u017eim\u0173 ir girn\u0173 pa\u017eeidim\u0173. &#8222;Evolve Kettlebell Rack&#8221; puikiai tinka tiek nam\u0173 sporto sal\u0117ms, tiek profesionalams, nes tai puikus pasirinkimas norint palaikyti tvark\u0105 treniruo\u010di\u0173 erdv\u0117je ir nepriekai\u0161ting\u0105 svarmen\u0173 b\u016bkl\u0119.<\/p>\n","protected":false},"featured_media":3538,"template":"","meta":{"_acf_changed":false,"inline_featured_image":false},"product_cat":[117,127,153],"product_tag":[],"class_list":{"0":"post-8695","1":"product","2":"type-product","3":"status-publish","4":"has-post-thumbnail","6":"product_cat-pagrindinis-puslapis","7":"product_cat-laisvieji-svarmenys","8":"product_cat-stelazai-ir-saugojimo-sprendimai","10":"first","11":"instock","12":"shipping-taxable","13":"purchasable","14":"product-type-simple"},"acf":[],"_links":{"self":[{"href":"https:\/\/store.evolve-fitness.eu\/lt\/wp-json\/wp\/v2\/product\/8695","targetHints":{"allow":["GET"]}}],"collection":[{"href":"https:\/\/store.evolve-fitness.eu\/lt\/wp-json\/wp\/v2\/product"}],"about":[{"href":"https:\/\/store.evolve-fitness.eu\/lt\/wp-json\/wp\/v2\/types\/product"}],"wp:featuredmedia":[{"embeddable":true,"href":"https:\/\/store.evolve-fitness.eu\/lt\/wp-json\/wp\/v2\/media\/3538"}],"wp:attachment":[{"href":"https:\/\/store.evolve-fitness.eu\/lt\/wp-json\/wp\/v2\/media?parent=8695"}],"wp:term":[{"taxonomy":"product_cat","embeddable":true,"href":"https:\/\/store.evolve-fitness.eu\/lt\/wp-json\/wp\/v2\/product_cat?post=8695"},{"taxonomy":"product_tag","embeddable":true,"href":"https:\/\/store.evolve-fitness.eu\/lt\/wp-json\/wp\/v2\/product_tag?post=8695"}],"curies":[{"name":"wp","href":"https:\/\/api.w.org\/{rel}","templated":true}]}}