{"id":8688,"date":"2023-10-11T06:51:37","date_gmt":"2023-10-11T06:51:37","guid":{"rendered":"https:\/\/store.evolve-fitness.eu\/produktas\/evolve-sukomplektuotas-maitinimo-stovas-230-270-cm\/"},"modified":"2025-11-07T11:43:29","modified_gmt":"2025-11-07T11:43:29","slug":"evolve-sukomplektuotas-maitinimo-stovas-230-270-cm","status":"publish","type":"product","link":"https:\/\/store.evolve-fitness.eu\/lt\/produktas\/evolve-sukomplektuotas-maitinimo-stovas-230-270-cm\/","title":{"rendered":"&#8222;Evolve Complete Power Rack&#8221; 230 &#8211; 270 cm"},"content":{"rendered":"\n<section class=\"wp-block-group alignfull black-content has-white-color has-darkgray-background-color has-text-color has-background is-layout-constrained wp-block-group-is-layout-constrained\" style=\"padding-top:var(--wp--preset--spacing--section-bottom);padding-bottom:var(--wp--preset--spacing--section-bottom)\">\n<div class=\"wp-block-columns alignwide mobile-reverse is-layout-flex wp-container-core-columns-is-layout-ca64bf2d wp-block-columns-is-layout-flex\" style=\"margin-bottom:var(--wp--preset--spacing--side-padding)\">\n<div class=\"wp-block-column is-vertically-aligned-center is-layout-flow wp-block-column-is-layout-flow\">\n<h3 class=\"wp-block-heading\" style=\"margin-bottom:var(--wp--preset--spacing--h-3-bottom)\"><strong><strong><strong><strong><strong><strong><strong>tvirta ir universali konstrukcija<\/strong><\/strong><\/strong><\/strong><\/strong><\/strong><\/strong><\/h3>\n\n\n\n<p>&#8222;Evolve PR-01 Complete Power Rack 230-270 cm&#8221; yra tvirta ir universali j\u0117gos treniruokli\u0173 \u012franga, idealiai tinkanti naudoti komercin\u0117se sporto sal\u0117se. D\u0117l \u0161i\u0173 savybi\u0173 jis yra puikus pasirinkimas \u012fvairiems j\u0117gos pratimams atlikti, nes padeda atlikti \u012fvairias treniruotes ir kartu u\u017etikrina ilgalaik\u012f patikimum\u0105. &#8222;Evolve PR-01 Half Rack&#8221; yra skirtas \u012fvairiems j\u0117gos treniruo\u010di\u0173 pratimams atlikti. Reguliuojamos funkcijos, \u012fskaitant J formos kablius ir apsauginius strypus, suteikia universalumo atliekant tokius pratimus, kaip prit\u016bpimai, atsispaudimai ant suoliuko ir \u012ft\u016bpstai.<\/p>\n<\/div>\n\n\n\n<div class=\"wp-block-column is-vertically-aligned-center is-layout-flow wp-block-column-is-layout-flow\">\n<figure class=\"wp-block-image size-large\"><img decoding=\"async\" src=\"https:\/\/evolve-fitness.eu\/wp-content\/uploads\/2023\/12\/EV-CR-PR-01-2-1024x683.jpg\" alt=\"EV-CR-PR-01\" class=\"wp-image-10941\"\/><\/figure>\n<\/div>\n<\/div>\n\n\n\n<div class=\"wp-block-columns alignwide is-layout-flex wp-container-core-columns-is-layout-c45ee707 wp-block-columns-is-layout-flex\" style=\"margin-bottom:var(--wp--preset--spacing--side-padding);padding-top:var(--wp--preset--spacing--side-padding)\">\n<div class=\"wp-block-column is-vertically-aligned-center is-layout-flow wp-block-column-is-layout-flow\">\n<figure class=\"wp-block-image size-large\"><img decoding=\"async\" src=\"https:\/\/evolve-fitness.eu\/wp-content\/uploads\/2023\/12\/Evolve-Power-Rack-EV-CR-PR-01-1-1024x683.jpg\" alt=\"EV-CR-PR-01\" class=\"wp-image-10939\"\/><\/figure>\n<\/div>\n\n\n\n<div class=\"wp-block-column is-vertically-aligned-center is-layout-constrained wp-block-column-is-layout-constrained\">\n<h3 class=\"wp-block-heading\" style=\"margin-bottom:var(--wp--preset--spacing--h-3-bottom)\"><strong><strong><strong><strong><strong><strong><strong><strong>COMPACT <\/strong><\/strong><\/strong><\/strong><\/strong><\/strong><\/strong><\/strong>IR stabilus dizainas<\/h3>\n\n\n\n<p>Jis turi tvirt\u0105 3 mm storio milteliniu b\u016bdu dengt\u0105 r\u0117m\u0105, galint\u012f i\u0161laikyti iki 1000 kg svor\u012f, tod\u0117l yra patvarus ir saugus. D\u0117l kompakti\u0161kos konstrukcijos jis tinka naudoti ma\u017eesn\u0117se patalpose, ta\u010diau kartu yra pakankamai tvirtas, kad b\u016bt\u0173 galima kelti sunkius krovinius. Stovo konstrukcija yra optimizuota stabilumui u\u017etikrinti, tod\u0117l jis i\u0161lieka saugus intensyvi\u0173 treniruo\u010di\u0173 metu. D\u0117l to jis yra saugus ir patikimas pasirinkimas tiek pradedantiesiems, tiek patyrusiems sunkum\u0173 kilnotojams, o tai padeda sukurti veiksming\u0105 ir efektyvi\u0105 treniruo\u010di\u0173 aplink\u0105. Integruota svori\u0173 laikymo sistema padeda palaikyti tvark\u0105 ir saugum\u0105 treniruo\u010di\u0173 zonoje.<\/p>\n<\/div>\n<\/div>\n\n\n\n<div class=\"wp-block-columns alignwide is-layout-flex wp-container-core-columns-is-layout-c45ee707 wp-block-columns-is-layout-flex\" style=\"margin-bottom:var(--wp--preset--spacing--side-padding);padding-top:var(--wp--preset--spacing--side-padding)\">\n<div class=\"wp-block-column is-vertically-aligned-center is-layout-constrained wp-block-column-is-layout-constrained\">\n<h3 class=\"wp-block-heading\" style=\"margin-bottom:var(--wp--preset--spacing--h-3-bottom)\"><strong><strong><strong><strong><strong><strong><strong>tikslumas ir funkcionalumas<\/strong><\/strong><\/strong><\/strong><\/strong><\/strong><\/strong><\/h3>\n\n\n\n<p>Tiksliai lazeriu i\u0161pjautos skyl\u0117s ir numeriai ant &#8222;Evolve HR-208 Half Rack&#8221; padidina jo funkcionalum\u0105 ir patogum\u0105 naudoti. \u0160ios funkcijos leid\u017eia greitai ir tiksliai sureguliuoti J-kablius ir apsauginius strypus, taip u\u017etikrinant veiksming\u0105 \u012fvairi\u0173 pratim\u0173 atlikim\u0105. Ai\u0161kiai pa\u017eym\u0117ti numeriai taip pat padeda u\u017etikrinti simetri\u0161k\u0105 \u0161tangos i\u0161d\u0117stym\u0105, kuris yra labai svarbus subalansuotai treniruotei ir traum\u0173 prevencijai.<\/p>\n<\/div>\n\n\n\n<div class=\"wp-block-column is-vertically-aligned-center is-layout-flow wp-block-column-is-layout-flow\">\n<figure class=\"wp-block-video\"><video height=\"1080\" style=\"aspect-ratio: 1920 \/ 1080;\" width=\"1920\" autoplay=\"\" controls=\"\" loop=\"\" muted=\"\" src=\"https:\/\/evolve-fitness.eu\/wp-content\/uploads\/2023\/12\/2-6.mp4\"><\/video><\/figure>\n<\/div>\n<\/div>\n<\/section>\n","protected":false},"excerpt":{"rendered":"<p>Su &#8222;Evolve Complete Power Rack&#8221; 230-270 cm stoveliu pakyl\u0117kite savo j\u0117gos treniruotes \u012f naujas auk\u0161tumas. \u0160is galios stovas pagamintas i\u0161 tvirto 3 mm metalinio r\u0117mo ir padengtas r\u016bdims atsparia milteline danga, tod\u0117l yra ilgaam\u017eis ir stabilus. Jo universali konstrukcija apima reguliuojamus J-taurelius, apsaugines steb\u0117jimo rankenas ir keli\u0173 ranken\u0173 prisitraukimo stryp\u0105, tod\u0117l tinka vis\u0173 fizinio pasirengimo lygi\u0173 naudotojams. Funkcionaliame i\u0161d\u0117styme yra \u012fmontuot\u0173 laikymo kabliuk\u0173 ir baro laikymo vietos, kad b\u016bt\u0173 galima efektyviai organizuoti darb\u0105. Idealiai tinka tiek nam\u0173, tiek profesionalioms treniruokli\u0173 sal\u0117ms, nes \u0161is j\u0117gos stovas gali atlaikyti did\u017eiausi\u0105 1000 kg apkrov\u0105, tod\u0117l jis yra tvirtas pasirinkimas siekiant ir vir\u0161ijant savo fitneso tikslus.<\/p>\n","protected":false},"featured_media":97156,"template":"","meta":{"_acf_changed":false,"inline_featured_image":false},"product_cat":[117,119,213],"product_tag":[],"class_list":{"0":"post-8688","1":"product","2":"type-product","3":"status-publish","4":"has-post-thumbnail","6":"product_cat-pagrindinis-puslapis","7":"product_cat-kryzminis-ir-funkcinis","8":"product_cat-jegos-narvai","10":"first","11":"instock","12":"shipping-taxable","13":"purchasable","14":"product-type-variable"},"acf":[],"_links":{"self":[{"href":"https:\/\/store.evolve-fitness.eu\/lt\/wp-json\/wp\/v2\/product\/8688","targetHints":{"allow":["GET"]}}],"collection":[{"href":"https:\/\/store.evolve-fitness.eu\/lt\/wp-json\/wp\/v2\/product"}],"about":[{"href":"https:\/\/store.evolve-fitness.eu\/lt\/wp-json\/wp\/v2\/types\/product"}],"wp:featuredmedia":[{"embeddable":true,"href":"https:\/\/store.evolve-fitness.eu\/lt\/wp-json\/wp\/v2\/media\/97156"}],"wp:attachment":[{"href":"https:\/\/store.evolve-fitness.eu\/lt\/wp-json\/wp\/v2\/media?parent=8688"}],"wp:term":[{"taxonomy":"product_cat","embeddable":true,"href":"https:\/\/store.evolve-fitness.eu\/lt\/wp-json\/wp\/v2\/product_cat?post=8688"},{"taxonomy":"product_tag","embeddable":true,"href":"https:\/\/store.evolve-fitness.eu\/lt\/wp-json\/wp\/v2\/product_tag?post=8688"}],"curies":[{"name":"wp","href":"https:\/\/api.w.org\/{rel}","templated":true}]}}