{"id":8673,"date":"2023-10-05T14:42:22","date_gmt":"2023-10-05T14:42:22","guid":{"rendered":"https:\/\/store.evolve-fitness.eu\/produktas\/evolve-vertikalios-juostos-laikiklis\/"},"modified":"2026-01-19T12:00:09","modified_gmt":"2026-01-19T12:00:09","slug":"evolve-vertikalios-juostos-laikiklis","status":"publish","type":"product","link":"https:\/\/store.evolve-fitness.eu\/lt\/produktas\/evolve-vertikalios-juostos-laikiklis\/","title":{"rendered":"&#8222;Evolve&#8221; vertikalios juostos laikiklis"},"content":{"rendered":"","protected":false},"excerpt":{"rendered":"<p>Pagerinkite savo treniruotes naudodami &#8222;Evolve&#8221; vertikal\u0173 stryp\u0173 laikikl\u012f &#8211; svarb\u0173 &#8222;Evolve&#8221; treniruokli\u0173 sistemos pried\u0105. \u0160is modulinis laikiklis skirtas funkcin\u0117ms, CrossFit, grupin\u0117ms ar individualioms treniruot\u0117ms pagerinti. Jo universalumas suteikia galimyb\u0119 pritaikyti savo \u012frengin\u012f ir prijungti daugyb\u0119 pried\u0173, kad jis b\u016bt\u0173 kuo funkcionalesnis. Pakeiskite savo treniruo\u010di\u0173 rutin\u0105 ir pasiekite nauj\u0173 auk\u0161tum\u0173 naudodami \u0161\u012f svarb\u0173 \u012frank\u012f. Kaina u\u017e vienet\u0105.<\/p>\n","protected":false},"featured_media":5882,"template":"","meta":{"_acf_changed":false,"inline_featured_image":false},"product_cat":[117,119,143,144],"product_tag":[],"class_list":{"0":"post-8673","1":"product","2":"type-product","3":"status-publish","4":"has-post-thumbnail","6":"product_cat-pagrindinis-puslapis","7":"product_cat-kryzminis-ir-funkcinis","8":"product_cat-irangos-komponentai","9":"product_cat-priedai","11":"first","12":"instock","13":"shipping-taxable","14":"purchasable","15":"product-type-simple"},"acf":[],"_links":{"self":[{"href":"https:\/\/store.evolve-fitness.eu\/lt\/wp-json\/wp\/v2\/product\/8673","targetHints":{"allow":["GET"]}}],"collection":[{"href":"https:\/\/store.evolve-fitness.eu\/lt\/wp-json\/wp\/v2\/product"}],"about":[{"href":"https:\/\/store.evolve-fitness.eu\/lt\/wp-json\/wp\/v2\/types\/product"}],"wp:featuredmedia":[{"embeddable":true,"href":"https:\/\/store.evolve-fitness.eu\/lt\/wp-json\/wp\/v2\/media\/5882"}],"wp:attachment":[{"href":"https:\/\/store.evolve-fitness.eu\/lt\/wp-json\/wp\/v2\/media?parent=8673"}],"wp:term":[{"taxonomy":"product_cat","embeddable":true,"href":"https:\/\/store.evolve-fitness.eu\/lt\/wp-json\/wp\/v2\/product_cat?post=8673"},{"taxonomy":"product_tag","embeddable":true,"href":"https:\/\/store.evolve-fitness.eu\/lt\/wp-json\/wp\/v2\/product_tag?post=8673"}],"curies":[{"name":"wp","href":"https:\/\/api.w.org\/{rel}","templated":true}]}}