{"id":8664,"date":"2023-10-04T10:39:24","date_gmt":"2023-10-04T10:39:24","guid":{"rendered":"https:\/\/store.evolve-fitness.eu\/produktas\/evolve-jammer-arms\/"},"modified":"2023-10-04T10:39:24","modified_gmt":"2023-10-04T10:39:24","slug":"evolve-jammer-arms","status":"publish","type":"product","link":"https:\/\/store.evolve-fitness.eu\/lt\/produktas\/evolve-jammer-arms\/","title":{"rendered":"&#8222;Evolve Jammer arms"},"content":{"rendered":"","protected":false},"excerpt":{"rendered":"<p>Padidinkite savo treniruo\u010di\u0173 universalum\u0105 su &#8222;Evolve Jammer Arms&#8221;. \u0160ie moduliniai priedai, skirti naudoti su &#8222;Evolve&#8221; treniruokliais, atveria duris \u012fvairioms treniruo\u010di\u0173 galimyb\u0117ms, nesvarbu, ar u\u017esiimate funkciniu fitnesu, crossfitu, grupiniais u\u017esi\u0117mimais, ar individualiomis treniruot\u0117mis. Pritaikykite \u012frengin\u012f pagal savo poreikius ir i\u0161pl\u0117skite jo galimybes skland\u017eiai prijungdami \u012fvairius priedus. Su \u0161ia svarbia \u012franga gal\u0117site naudotis geresn\u0117mis mokymo galimyb\u0117mis ir supaprastintomis funkcijomis. Kaina u\u017e por\u0105.<\/p>\n","protected":false},"featured_media":147996,"template":"","meta":{"_acf_changed":false,"inline_featured_image":false},"product_cat":[117,119,143,144],"product_tag":[],"class_list":{"0":"post-8664","1":"product","2":"type-product","3":"status-publish","4":"has-post-thumbnail","6":"product_cat-pagrindinis-puslapis","7":"product_cat-kryzminis-ir-funkcinis","8":"product_cat-irangos-komponentai","9":"product_cat-priedai","11":"first","12":"outofstock","13":"shipping-taxable","14":"purchasable","15":"product-type-simple"},"acf":[],"_links":{"self":[{"href":"https:\/\/store.evolve-fitness.eu\/lt\/wp-json\/wp\/v2\/product\/8664","targetHints":{"allow":["GET"]}}],"collection":[{"href":"https:\/\/store.evolve-fitness.eu\/lt\/wp-json\/wp\/v2\/product"}],"about":[{"href":"https:\/\/store.evolve-fitness.eu\/lt\/wp-json\/wp\/v2\/types\/product"}],"wp:featuredmedia":[{"embeddable":true,"href":"https:\/\/store.evolve-fitness.eu\/lt\/wp-json\/wp\/v2\/media\/147996"}],"wp:attachment":[{"href":"https:\/\/store.evolve-fitness.eu\/lt\/wp-json\/wp\/v2\/media?parent=8664"}],"wp:term":[{"taxonomy":"product_cat","embeddable":true,"href":"https:\/\/store.evolve-fitness.eu\/lt\/wp-json\/wp\/v2\/product_cat?post=8664"},{"taxonomy":"product_tag","embeddable":true,"href":"https:\/\/store.evolve-fitness.eu\/lt\/wp-json\/wp\/v2\/product_tag?post=8664"}],"curies":[{"name":"wp","href":"https:\/\/api.w.org\/{rel}","templated":true}]}}