{"id":8657,"date":"2023-10-04T06:13:04","date_gmt":"2023-10-04T06:13:04","guid":{"rendered":"https:\/\/store.evolve-fitness.eu\/produktas\/evolve-sienine-kamuoliu-ir-buferio-ploksciu-saugykla-1100-1800-mm\/"},"modified":"2026-03-13T12:02:22","modified_gmt":"2026-03-13T12:02:22","slug":"evolve-sienine-kamuoliu-ir-buferio-ploksciu-saugykla-1100-1800-mm","status":"publish","type":"product","link":"https:\/\/store.evolve-fitness.eu\/lt\/produktas\/evolve-sienine-kamuoliu-ir-buferio-ploksciu-saugykla-1100-1800-mm\/","title":{"rendered":"&#8222;Evolve&#8221; sienin\u0117 kamuolio ir bamperio plok\u0161t\u0117s saugykla &#8211; 1100 \/ 1800 mm"},"content":{"rendered":"","protected":false},"excerpt":{"rendered":"<p>Patobulinkite savo treniruokli\u0173 sal\u0119 naudodami universal\u0173 &#8222;Evolve&#8221; sienin\u012f kamuoli\u0173 ir plok\u0161\u010di\u0173 laikymo sprendim\u0105, kur\u012f galima \u012fsigyti dviej\u0173 patogi\u0173 ilgi\u0173: 1100 mm ir 1800 mm. \u0160iuos modulinius treniruoklius, skirtus funkciniams, crossfit, grupiniams ar individualiems mokymams, galima pritaikyti pagal konkre\u010dius poreikius. Tur\u0117dami galimyb\u0119 prijungti daugyb\u0119 pried\u0173, galite be vargo pagerinti savo treniruo\u010di\u0173 patirt\u012f. Investuokite \u012f tvarkingesn\u0119 ir efektyvesn\u0119 treniruo\u010di\u0173 erdv\u0119, naudodami \u0161i\u0105 svarbi\u0105 \u012frang\u0105, kuri pad\u0117s u\u017etikrinti, kad j\u016bs\u0173 erdv\u0117je nelikt\u0173 netvarkos, o treniruot\u0117s b\u016bt\u0173 tikslingos.<\/p>\n","protected":false},"featured_media":5940,"template":"","meta":{"_acf_changed":false,"inline_featured_image":false},"product_cat":[117,119,143,152],"product_tag":[],"class_list":{"0":"post-8657","1":"product","2":"type-product","3":"status-publish","4":"has-post-thumbnail","6":"product_cat-pagrindinis-puslapis","7":"product_cat-kryzminis-ir-funkcinis","8":"product_cat-irangos-komponentai","9":"product_cat-saugykla","11":"first","12":"instock","13":"shipping-taxable","14":"purchasable","15":"product-type-variable"},"acf":[],"_links":{"self":[{"href":"https:\/\/store.evolve-fitness.eu\/lt\/wp-json\/wp\/v2\/product\/8657","targetHints":{"allow":["GET"]}}],"collection":[{"href":"https:\/\/store.evolve-fitness.eu\/lt\/wp-json\/wp\/v2\/product"}],"about":[{"href":"https:\/\/store.evolve-fitness.eu\/lt\/wp-json\/wp\/v2\/types\/product"}],"wp:featuredmedia":[{"embeddable":true,"href":"https:\/\/store.evolve-fitness.eu\/lt\/wp-json\/wp\/v2\/media\/5940"}],"wp:attachment":[{"href":"https:\/\/store.evolve-fitness.eu\/lt\/wp-json\/wp\/v2\/media?parent=8657"}],"wp:term":[{"taxonomy":"product_cat","embeddable":true,"href":"https:\/\/store.evolve-fitness.eu\/lt\/wp-json\/wp\/v2\/product_cat?post=8657"},{"taxonomy":"product_tag","embeddable":true,"href":"https:\/\/store.evolve-fitness.eu\/lt\/wp-json\/wp\/v2\/product_tag?post=8657"}],"curies":[{"name":"wp","href":"https:\/\/api.w.org\/{rel}","templated":true}]}}