{"id":8649,"date":"2023-10-04T13:18:22","date_gmt":"2023-10-04T13:18:22","guid":{"rendered":"https:\/\/store.evolve-fitness.eu\/produktas\/evolve-saugos-dirzai-110-cm\/"},"modified":"2023-10-04T13:18:22","modified_gmt":"2023-10-04T13:18:22","slug":"evolve-saugos-dirzai-110-cm","status":"publish","type":"product","link":"https:\/\/store.evolve-fitness.eu\/lt\/produktas\/evolve-saugos-dirzai-110-cm\/","title":{"rendered":"&#8222;Evolve&#8221; saugos dir\u017eai &#8211; 110 cm"},"content":{"rendered":"","protected":false},"excerpt":{"rendered":"<p>Su &#8222;Evolve&#8221; saugos dir\u017eais padidinsite treniruo\u010di\u0173 saugum\u0105 ir universalum\u0105. \u0160ie itin svarb\u016bs priedai, skirti naudoti su &#8222;Evolve&#8221; treniruokliais, pagerina j\u016bs\u0173 funkcin\u012f fitnes\u0105, crossfit\u0105, grupines treniruotes ar individualias treniruotes. Modulin\u0117s konstrukcijos \u012frenginiai lengvai pritaikomi konkretiems poreikiams ir i\u0161ple\u010diamos j\u0173 galimyb\u0117s prijungiant \u012fvairius priedus. Teikite pirmenyb\u0119 saugai ir pagerinkite savo treniruo\u010di\u0173 patirt\u012f naudodami \u0161iuos saugos dir\u017eus u\u017e patraukli\u0105 kain\u0105.<\/p>\n","protected":false},"featured_media":5902,"template":"","meta":{"_acf_changed":false,"inline_featured_image":false},"product_cat":[117,119,143,144],"product_tag":[],"class_list":{"0":"post-8649","1":"product","2":"type-product","3":"status-publish","4":"has-post-thumbnail","6":"product_cat-pagrindinis-puslapis","7":"product_cat-kryzminis-ir-funkcinis","8":"product_cat-irangos-komponentai","9":"product_cat-priedai","11":"first","12":"instock","13":"shipping-taxable","14":"purchasable","15":"product-type-simple"},"acf":[],"_links":{"self":[{"href":"https:\/\/store.evolve-fitness.eu\/lt\/wp-json\/wp\/v2\/product\/8649","targetHints":{"allow":["GET"]}}],"collection":[{"href":"https:\/\/store.evolve-fitness.eu\/lt\/wp-json\/wp\/v2\/product"}],"about":[{"href":"https:\/\/store.evolve-fitness.eu\/lt\/wp-json\/wp\/v2\/types\/product"}],"wp:featuredmedia":[{"embeddable":true,"href":"https:\/\/store.evolve-fitness.eu\/lt\/wp-json\/wp\/v2\/media\/5902"}],"wp:attachment":[{"href":"https:\/\/store.evolve-fitness.eu\/lt\/wp-json\/wp\/v2\/media?parent=8649"}],"wp:term":[{"taxonomy":"product_cat","embeddable":true,"href":"https:\/\/store.evolve-fitness.eu\/lt\/wp-json\/wp\/v2\/product_cat?post=8649"},{"taxonomy":"product_tag","embeddable":true,"href":"https:\/\/store.evolve-fitness.eu\/lt\/wp-json\/wp\/v2\/product_tag?post=8649"}],"curies":[{"name":"wp","href":"https:\/\/api.w.org\/{rel}","templated":true}]}}