{"id":8646,"date":"2023-10-11T11:03:53","date_gmt":"2023-10-11T11:03:53","guid":{"rendered":"https:\/\/store.evolve-fitness.eu\/produktas\/evolve-sesiakampis-hanteliu-stovas\/"},"modified":"2025-09-25T18:10:01","modified_gmt":"2025-09-25T18:10:01","slug":"evolve-sesiakampis-hanteliu-stovas","status":"publish","type":"product","link":"https:\/\/store.evolve-fitness.eu\/lt\/produktas\/evolve-sesiakampis-hanteliu-stovas\/","title":{"rendered":"&#8222;Evolve&#8221; \u0161e\u0161iakampis hanteli\u0173 stovas"},"content":{"rendered":"\n<section class=\"wp-block-group alignfull black-content has-white-color has-darkgray-background-color has-text-color has-background is-layout-constrained wp-block-group-is-layout-constrained\" style=\"padding-top:var(--wp--preset--spacing--section-bottom);padding-bottom:var(--wp--preset--spacing--section-bottom)\">\n<div class=\"wp-block-columns alignwide mobile-reverse is-layout-flex wp-container-core-columns-is-layout-ca64bf2d wp-block-columns-is-layout-flex\" style=\"margin-bottom:var(--wp--preset--spacing--side-padding)\">\n<div class=\"wp-block-column is-vertically-aligned-center is-layout-flow wp-block-column-is-layout-flow\">\n<h3 class=\"wp-block-heading\" style=\"margin-bottom:var(--wp--preset--spacing--h-3-bottom)\"><strong><strong><strong>Patvari konstrukcija ilgalaikiam naudojimui<\/strong><\/strong><\/strong><\/h3>\n\n\n\n<p>&#8222;Evolve&#8221; \u0161e\u0161iakampi\u0173 hanteli\u0173 stovas pagamintas i\u0161 didelio atsparumo metalo, tod\u0117l jis gali atlaikyti didelio naudojimo sporto sal\u0117s aplink\u0105. Stela\u017eo r\u0117mas padengtas milteliniu b\u016bdu, tod\u0117l jo spalva yra ry\u0161ki ir patvari, atspari \u012fbr\u0117\u017eimams ir r\u016bdims. Tokia tvirta konstrukcija u\u017etikrina ilg\u0105 tarnavimo laik\u0105 net ir sud\u0117tingiausiomis s\u0105lygomis.  <\/p>\n<\/div>\n\n\n\n<div class=\"wp-block-column is-vertically-aligned-center is-layout-flow wp-block-column-is-layout-flow\">\n<figure class=\"wp-block-image alignright size-full is-resized is-style-rounded\"><img decoding=\"async\" src=\"https:\/\/evolve-fitness.eu\/wp-content\/uploads\/2023\/11\/Evolve-Hexagon-Dumbbell-Rack.-.EV-RS-HR-100.png\" alt=\"\" class=\"wp-image-5936\" style=\"object-fit:cover;width:680px;height:600px\"\/><\/figure>\n<\/div>\n<\/div>\n\n\n\n<div class=\"wp-block-columns alignwide is-layout-flex wp-container-core-columns-is-layout-c45ee707 wp-block-columns-is-layout-flex\" style=\"margin-bottom:var(--wp--preset--spacing--side-padding);padding-top:var(--wp--preset--spacing--side-padding)\">\n<div class=\"wp-block-column is-vertically-aligned-center is-layout-flow wp-block-column-is-layout-flow\">\n<figure class=\"wp-block-image size-full is-resized\"><img decoding=\"async\" src=\"https:\/\/evolve-fitness.eu\/wp-content\/uploads\/2023\/11\/Evolve-hex-dumbbells-4-1.png\" alt=\"\" class=\"wp-image-5354\" style=\"object-fit:cover;width:680px;height:600px\"\/><\/figure>\n<\/div>\n\n\n\n<div class=\"wp-block-column is-vertically-aligned-center is-layout-constrained wp-block-column-is-layout-constrained\">\n<h3 class=\"wp-block-heading\" style=\"margin-bottom:var(--wp--preset--spacing--h-3-bottom)\"><strong><strong>Kompakti\u0161kas ir efektyviai i\u0161naudojantis erdv\u0119<\/strong><\/strong><\/h3>\n\n\n\n<p>&#8222;Evolve&#8221; \u0161e\u0161iakampio hanteli\u0173 stovo trij\u0173 pakop\u0173 konstrukcija leid\u017eia laikyti iki 10 por\u0173 hanteli\u0173, taupant verting\u0105 grind\u0173 plot\u0105. \u0160i kompakti\u0161ka strukt\u016bra u\u017etikrina, kad hanteliai b\u016bt\u0173 tvarkingai i\u0161d\u0117styti ir lengvai pasiekiami, tod\u0117l naudotojams lengviau rasti ir pasirinkti reikiamus svarmenis. <\/p>\n<\/div>\n<\/div>\n\n\n\n<div class=\"wp-block-columns alignwide is-layout-flex wp-container-core-columns-is-layout-c45ee707 wp-block-columns-is-layout-flex\" style=\"margin-bottom:var(--wp--preset--spacing--side-padding);padding-top:var(--wp--preset--spacing--side-padding)\">\n<div class=\"wp-block-column is-vertically-aligned-center is-layout-constrained wp-block-column-is-layout-constrained\">\n<h3 class=\"wp-block-heading\" style=\"margin-bottom:var(--wp--preset--spacing--h-3-bottom)\"><strong><strong><strong>Funkcionalus ir patogus dizainas<\/strong><\/strong><\/strong><\/h3>\n\n\n\n<p>\u0160io hanteli\u0173 stovo pagrindas &#8211; funkcionalumas. Jo kojel\u0117s padengtos gumin\u0117mis dangomis, kad b\u016bt\u0173 i\u0161vengta grind\u0173 pa\u017eeidim\u0173 ir u\u017etikrintas stabilumas. Pad\u0117klai yra pakreipti kampu, kad b\u016bt\u0173 lengva \u012fd\u0117ti ir i\u0161imti hantelius, ir padengti apsaugine med\u017eiaga, kad nesusidurt\u0173 ir nesubrai\u017eyt\u0173. \u0160i konstrukcija ne tik apsaugo hantelius, bet ir palengvina greit\u0105 ir lengv\u0105 svorio keitim\u0105 treniruo\u010di\u0173 metu.   <\/p>\n<\/div>\n\n\n\n<div class=\"wp-block-column is-vertically-aligned-center is-layout-flow wp-block-column-is-layout-flow\">\n<figure class=\"wp-block-image size-full is-style-rounded\"><img decoding=\"async\" src=\"https:\/\/evolve-fitness.eu\/wp-content\/uploads\/2023\/11\/Evolve-Hexagon-Dumbbell-Rack.png\" alt=\"\" class=\"wp-image-5938\"\/><\/figure>\n<\/div>\n<\/div>\n\n\n\n<p class=\"has-text-align-center has-montserrat-font-family has-medium-2-font-size\"><strong>Investuokite \u012f &#8222;Evolve&#8221; \u0161e\u0161iakamp\u012f hanteli\u0173 stov\u0105, kad palaikytum\u0117te tvark\u0105 savo sporto sal\u0117je, apsaugotum\u0117te \u012frang\u0105 ir pagerintum\u0117te bendr\u0105 treniruo\u010di\u0173 patirt\u012f. D\u0117l patvarumo, funkcionalaus dizaino ir kompakti\u0161ko dyd\u017eio \u0161is treniruoklis yra b\u016btinas bet kurios treniruokli\u0173 sal\u0117s priedas. <\/strong><\/p>\n<\/section>\n","protected":false},"excerpt":{"rendered":"<p>Jei norite sutvarkyti ir padidinti savo sporto sal\u0117s erdv\u0119, &#8222;Evolve&#8221; \u0161e\u0161iakampis hanteli\u0173 stovas yra puikus patvarumo, funkcionalumo ir kompakti\u0161ko dizaino derinys. Nesvarbu, ar tai b\u016bt\u0173 komercin\u0117 sporto sal\u0117, karin\u0117 baz\u0117, \u012fmoni\u0173 sveikatingumo centras, ar nam\u0173 sporto sal\u0117, \u0161is stovas yra tvarkingas ir efektyvus hanteli\u0173 laikymo sprendimas. \u0160tai kod\u0117l j\u012f privalo tur\u0117ti kiekvienas fitneso entuziastas ar sporto sal\u0117s savininkas.<\/p>\n","protected":false},"featured_media":3481,"template":"","meta":{"_acf_changed":false,"inline_featured_image":false},"product_cat":[117,127,153],"product_tag":[],"class_list":{"0":"post-8646","1":"product","2":"type-product","3":"status-publish","4":"has-post-thumbnail","6":"product_cat-pagrindinis-puslapis","7":"product_cat-laisvieji-svarmenys","8":"product_cat-stelazai-ir-saugojimo-sprendimai","10":"first","11":"instock","12":"shipping-taxable","13":"purchasable","14":"product-type-simple"},"acf":[],"_links":{"self":[{"href":"https:\/\/store.evolve-fitness.eu\/lt\/wp-json\/wp\/v2\/product\/8646","targetHints":{"allow":["GET"]}}],"collection":[{"href":"https:\/\/store.evolve-fitness.eu\/lt\/wp-json\/wp\/v2\/product"}],"about":[{"href":"https:\/\/store.evolve-fitness.eu\/lt\/wp-json\/wp\/v2\/types\/product"}],"wp:featuredmedia":[{"embeddable":true,"href":"https:\/\/store.evolve-fitness.eu\/lt\/wp-json\/wp\/v2\/media\/3481"}],"wp:attachment":[{"href":"https:\/\/store.evolve-fitness.eu\/lt\/wp-json\/wp\/v2\/media?parent=8646"}],"wp:term":[{"taxonomy":"product_cat","embeddable":true,"href":"https:\/\/store.evolve-fitness.eu\/lt\/wp-json\/wp\/v2\/product_cat?post=8646"},{"taxonomy":"product_tag","embeddable":true,"href":"https:\/\/store.evolve-fitness.eu\/lt\/wp-json\/wp\/v2\/product_tag?post=8646"}],"curies":[{"name":"wp","href":"https:\/\/api.w.org\/{rel}","templated":true}]}}