{"id":8634,"date":"2023-10-04T10:11:40","date_gmt":"2023-10-04T10:11:40","guid":{"rendered":"https:\/\/store.evolve-fitness.eu\/produktas\/evolve-bamperio-plokstes-bloko-dalis\/"},"modified":"2024-08-06T11:17:17","modified_gmt":"2024-08-06T11:17:17","slug":"evolve-bamperio-plokstes-bloko-dalis","status":"publish","type":"product","link":"https:\/\/store.evolve-fitness.eu\/lt\/produktas\/evolve-bamperio-plokstes-bloko-dalis\/","title":{"rendered":"&#8222;Evolve&#8221; bamperio plok\u0161t\u0117s bloko dalis"},"content":{"rendered":"","protected":false},"excerpt":{"rendered":"<p>Su &#8222;Evolve Bumper Plate Block Part&#8221; padidinsite treniruo\u010di\u0173 universalum\u0105. \u0160is modulinis priedas, skirtas papildyti &#8222;Evolve&#8221; treniruoklius, yra j\u016bs\u0173 raktas \u012f pritaikomas funkcines, crossfit, grupines ar individualias treniruotes. Pritaikykite savo \u012frengin\u012f pagal savo poreikius ir padidinkite jo funkcionalum\u0105 prid\u0117dami daugyb\u0119 pried\u0173. Naudodami \u0161\u012f svarb\u0173 komponent\u0105 maksimaliai i\u0161naudokite savo treniruokli\u0173 sal\u0119. Kaina u\u017e vienet\u0105.  <\/p>\n","protected":false},"featured_media":5936,"template":"","meta":{"_acf_changed":false,"inline_featured_image":false},"product_cat":[117,119,143,152],"product_tag":[],"class_list":{"0":"post-8634","1":"product","2":"type-product","3":"status-publish","4":"has-post-thumbnail","6":"product_cat-pagrindinis-puslapis","7":"product_cat-kryzminis-ir-funkcinis","8":"product_cat-irangos-komponentai","9":"product_cat-saugykla","11":"first","12":"instock","13":"shipping-taxable","14":"purchasable","15":"product-type-simple"},"acf":[],"_links":{"self":[{"href":"https:\/\/store.evolve-fitness.eu\/lt\/wp-json\/wp\/v2\/product\/8634","targetHints":{"allow":["GET"]}}],"collection":[{"href":"https:\/\/store.evolve-fitness.eu\/lt\/wp-json\/wp\/v2\/product"}],"about":[{"href":"https:\/\/store.evolve-fitness.eu\/lt\/wp-json\/wp\/v2\/types\/product"}],"wp:featuredmedia":[{"embeddable":true,"href":"https:\/\/store.evolve-fitness.eu\/lt\/wp-json\/wp\/v2\/media\/5936"}],"wp:attachment":[{"href":"https:\/\/store.evolve-fitness.eu\/lt\/wp-json\/wp\/v2\/media?parent=8634"}],"wp:term":[{"taxonomy":"product_cat","embeddable":true,"href":"https:\/\/store.evolve-fitness.eu\/lt\/wp-json\/wp\/v2\/product_cat?post=8634"},{"taxonomy":"product_tag","embeddable":true,"href":"https:\/\/store.evolve-fitness.eu\/lt\/wp-json\/wp\/v2\/product_tag?post=8634"}],"curies":[{"name":"wp","href":"https:\/\/api.w.org\/{rel}","templated":true}]}}