{"id":8617,"date":"2023-10-04T13:45:54","date_gmt":"2023-10-04T13:45:54","guid":{"rendered":"https:\/\/store.evolve-fitness.eu\/produktas\/evoliucionuoti-sausumos-mina\/"},"modified":"2023-10-04T13:45:54","modified_gmt":"2023-10-04T13:45:54","slug":"evoliucionuoti-sausumos-mina","status":"publish","type":"product","link":"https:\/\/store.evolve-fitness.eu\/lt\/produktas\/evoliucionuoti-sausumos-mina\/","title":{"rendered":"Evoliucionuoti sausumos mina"},"content":{"rendered":"","protected":false},"excerpt":{"rendered":"<p>I\u0161pl\u0117skite savo treniruo\u010di\u0173 galimybes naudodami &#8222;Evolve Land Mine&#8221; pried\u0105. \u0160is universalus priedas, sukurtas skland\u017eiai integruoti su &#8222;Evolve&#8221; \u012frenginiais, pagerina funkcin\u012f fitnes\u0105, crossfit\u0105, grupines treniruotes ar individualius mokymus. Modulin\u0117 konstrukcija suteikia galimyb\u0119 pritaikyti \u012frengin\u012f prie konkre\u010di\u0173 poreiki\u0173 ir be vargo prijungti \u012fvairius priedus. Pagerinkite savo treniruo\u010di\u0173 patirt\u012f su &#8222;Evolve Land Mine&#8221;, kuri\u0105 galima \u012fsigyti u\u017e patraukli\u0105 kain\u0105 u\u017e vienet\u0105.<\/p>\n","protected":false},"featured_media":5897,"template":"","meta":{"_acf_changed":false,"inline_featured_image":false},"product_cat":[117,119,143,144],"product_tag":[],"class_list":{"0":"post-8617","1":"product","2":"type-product","3":"status-publish","4":"has-post-thumbnail","6":"product_cat-pagrindinis-puslapis","7":"product_cat-kryzminis-ir-funkcinis","8":"product_cat-irangos-komponentai","9":"product_cat-priedai","11":"first","12":"instock","13":"shipping-taxable","14":"purchasable","15":"product-type-simple"},"acf":[],"_links":{"self":[{"href":"https:\/\/store.evolve-fitness.eu\/lt\/wp-json\/wp\/v2\/product\/8617","targetHints":{"allow":["GET"]}}],"collection":[{"href":"https:\/\/store.evolve-fitness.eu\/lt\/wp-json\/wp\/v2\/product"}],"about":[{"href":"https:\/\/store.evolve-fitness.eu\/lt\/wp-json\/wp\/v2\/types\/product"}],"wp:featuredmedia":[{"embeddable":true,"href":"https:\/\/store.evolve-fitness.eu\/lt\/wp-json\/wp\/v2\/media\/5897"}],"wp:attachment":[{"href":"https:\/\/store.evolve-fitness.eu\/lt\/wp-json\/wp\/v2\/media?parent=8617"}],"wp:term":[{"taxonomy":"product_cat","embeddable":true,"href":"https:\/\/store.evolve-fitness.eu\/lt\/wp-json\/wp\/v2\/product_cat?post=8617"},{"taxonomy":"product_tag","embeddable":true,"href":"https:\/\/store.evolve-fitness.eu\/lt\/wp-json\/wp\/v2\/product_tag?post=8617"}],"curies":[{"name":"wp","href":"https:\/\/api.w.org\/{rel}","templated":true}]}}