{"id":8615,"date":"2023-10-05T14:26:57","date_gmt":"2023-10-05T14:26:57","guid":{"rendered":"https:\/\/store.evolve-fitness.eu\/produktas\/evolve-virves-dirzo-laikiklis\/"},"modified":"2023-10-05T14:26:57","modified_gmt":"2023-10-05T14:26:57","slug":"evolve-virves-dirzo-laikiklis","status":"publish","type":"product","link":"https:\/\/store.evolve-fitness.eu\/lt\/produktas\/evolve-virves-dirzo-laikiklis\/","title":{"rendered":"&#8222;Evolve&#8221; virv\u0117s \/ dir\u017eo laikiklis"},"content":{"rendered":"","protected":false},"excerpt":{"rendered":"<p>I\u0161laisvinkite savo treniruo\u010di\u0173 potencial\u0105 naudodami &#8222;Evolve&#8221; virv\u0117s \/ dir\u017eo laikikl\u012f &#8211; pagrindin\u0119 &#8222;Evolve&#8221; treniruokli\u0173 sistemos sudedam\u0105j\u0105 dal\u012f. \u0160is modulinis laikiklis, sukurtas universaliai, lengvai integruojamas \u012f funkcines, CrossFit, grupines ar individualias treniruotes. Jos pritaikomumas suteikia jums galimyb\u0119 susikurti asmenin\u012f treniruokl\u012f, padidinant\u012f j\u016bs\u0173 treniruo\u010di\u0173 galimybes ir funkcionalum\u0105. Pagerinkite savo sveikatingumo kelion\u0119 su \u0161iuo privalomu aksesuaru. Kaina u\u017e vienet\u0105.<\/p>\n","protected":false},"featured_media":5884,"template":"","meta":{"_acf_changed":false,"inline_featured_image":false},"product_cat":[117,119,143,144],"product_tag":[],"class_list":{"0":"post-8615","1":"product","2":"type-product","3":"status-publish","4":"has-post-thumbnail","6":"product_cat-pagrindinis-puslapis","7":"product_cat-kryzminis-ir-funkcinis","8":"product_cat-irangos-komponentai","9":"product_cat-priedai","11":"first","12":"instock","13":"shipping-taxable","14":"purchasable","15":"product-type-simple"},"acf":[],"_links":{"self":[{"href":"https:\/\/store.evolve-fitness.eu\/lt\/wp-json\/wp\/v2\/product\/8615","targetHints":{"allow":["GET"]}}],"collection":[{"href":"https:\/\/store.evolve-fitness.eu\/lt\/wp-json\/wp\/v2\/product"}],"about":[{"href":"https:\/\/store.evolve-fitness.eu\/lt\/wp-json\/wp\/v2\/types\/product"}],"wp:featuredmedia":[{"embeddable":true,"href":"https:\/\/store.evolve-fitness.eu\/lt\/wp-json\/wp\/v2\/media\/5884"}],"wp:attachment":[{"href":"https:\/\/store.evolve-fitness.eu\/lt\/wp-json\/wp\/v2\/media?parent=8615"}],"wp:term":[{"taxonomy":"product_cat","embeddable":true,"href":"https:\/\/store.evolve-fitness.eu\/lt\/wp-json\/wp\/v2\/product_cat?post=8615"},{"taxonomy":"product_tag","embeddable":true,"href":"https:\/\/store.evolve-fitness.eu\/lt\/wp-json\/wp\/v2\/product_tag?post=8615"}],"curies":[{"name":"wp","href":"https:\/\/api.w.org\/{rel}","templated":true}]}}