{"id":8611,"date":"2023-10-06T13:43:11","date_gmt":"2023-10-06T13:43:11","guid":{"rendered":"https:\/\/store.evolve-fitness.eu\/produktas\/evolve-lenkimo-kaisciai-4-pakuotes\/"},"modified":"2026-03-18T12:00:19","modified_gmt":"2026-03-18T12:00:19","slug":"evolve-lenkimo-kaisciai-4-pakuotes","status":"publish","type":"product","link":"https:\/\/store.evolve-fitness.eu\/lt\/produktas\/evolve-lenkimo-kaisciai-4-pakuotes\/","title":{"rendered":"&#8222;Evolve&#8221; lenkimo kai\u0161\u010diai &#8211; 4 pakuot\u0117s"},"content":{"rendered":"","protected":false},"excerpt":{"rendered":"<p>Patobulinkite savo &#8222;Evolve&#8221; treniruokl\u012f naudodami &#8222;Evolve Bend Pegs&#8221; &#8211; keturi\u0173 b\u016btin\u0173 pried\u0173 rinkin\u012f, atveriant\u012f treniruo\u010di\u0173 galimybi\u0173 pasaul\u012f. \u0160ie universal\u016bs lenkimo kai\u0161\u010diai sukurti taip, kad juos b\u016bt\u0173 galima lengvai integruoti \u012f modulin\u0119 treniruoklio \u012frang\u0105 ir pritaikyti prie savo unikali\u0173 fitneso tiksl\u0173. Pagerinkite savo funkcines, CrossFit, grupines ar individualias treniruotes prid\u0117dami \u0161iuos lenkimo kai\u0161\u010dius prie savo treniruokli\u0173 \u012frangos. Atraskite nauj\u0105 treniruo\u010di\u0173 universalumo ir funkcionalumo lyg\u012f su \u0161iuo patogiu 4 vnt. rinkiniu.  <\/p>\n","protected":false},"featured_media":97912,"template":"","meta":{"_acf_changed":false,"inline_featured_image":false},"product_cat":[117,119,143,144],"product_tag":[],"class_list":{"0":"post-8611","1":"product","2":"type-product","3":"status-publish","4":"has-post-thumbnail","6":"product_cat-pagrindinis-puslapis","7":"product_cat-kryzminis-ir-funkcinis","8":"product_cat-irangos-komponentai","9":"product_cat-priedai","11":"first","12":"outofstock","13":"shipping-taxable","14":"purchasable","15":"product-type-simple"},"acf":[],"_links":{"self":[{"href":"https:\/\/store.evolve-fitness.eu\/lt\/wp-json\/wp\/v2\/product\/8611","targetHints":{"allow":["GET"]}}],"collection":[{"href":"https:\/\/store.evolve-fitness.eu\/lt\/wp-json\/wp\/v2\/product"}],"about":[{"href":"https:\/\/store.evolve-fitness.eu\/lt\/wp-json\/wp\/v2\/types\/product"}],"wp:featuredmedia":[{"embeddable":true,"href":"https:\/\/store.evolve-fitness.eu\/lt\/wp-json\/wp\/v2\/media\/97912"}],"wp:attachment":[{"href":"https:\/\/store.evolve-fitness.eu\/lt\/wp-json\/wp\/v2\/media?parent=8611"}],"wp:term":[{"taxonomy":"product_cat","embeddable":true,"href":"https:\/\/store.evolve-fitness.eu\/lt\/wp-json\/wp\/v2\/product_cat?post=8611"},{"taxonomy":"product_tag","embeddable":true,"href":"https:\/\/store.evolve-fitness.eu\/lt\/wp-json\/wp\/v2\/product_tag?post=8611"}],"curies":[{"name":"wp","href":"https:\/\/api.w.org\/{rel}","templated":true}]}}