{"id":8609,"date":"2023-10-04T11:10:53","date_gmt":"2023-10-04T11:10:53","guid":{"rendered":"https:\/\/store.evolve-fitness.eu\/produktas\/evolve-spotter-arms\/"},"modified":"2023-10-04T11:10:53","modified_gmt":"2023-10-04T11:10:53","slug":"evolve-spotter-arms","status":"publish","type":"product","link":"https:\/\/store.evolve-fitness.eu\/lt\/produktas\/evolve-spotter-arms\/","title":{"rendered":"&#8222;Evolve Spotter arms"},"content":{"rendered":"","protected":false},"excerpt":{"rendered":"<p>Su &#8222;Evolve Spotter Arms&#8221; padidinsite treniruo\u010di\u0173 saugum\u0105 ir universalum\u0105. \u0160ie pagrindiniai priedai, suderinami su &#8222;Evolve&#8221; treniruokliais, skirti treniruot\u0117ms pagerinti. Su \u0161ia pora lengvai pritaikykite savo \u012frengin\u012f ir teikite pirmenyb\u0119 saugumui &#8211; visa tai u\u017e patraukli\u0105 kain\u0105.<\/p>\n","protected":false},"featured_media":5908,"template":"","meta":{"_acf_changed":false,"inline_featured_image":false},"product_cat":[117,119,143,144],"product_tag":[],"class_list":{"0":"post-8609","1":"product","2":"type-product","3":"status-publish","4":"has-post-thumbnail","6":"product_cat-pagrindinis-puslapis","7":"product_cat-kryzminis-ir-funkcinis","8":"product_cat-irangos-komponentai","9":"product_cat-priedai","11":"first","12":"instock","13":"shipping-taxable","14":"purchasable","15":"product-type-simple"},"acf":[],"_links":{"self":[{"href":"https:\/\/store.evolve-fitness.eu\/lt\/wp-json\/wp\/v2\/product\/8609","targetHints":{"allow":["GET"]}}],"collection":[{"href":"https:\/\/store.evolve-fitness.eu\/lt\/wp-json\/wp\/v2\/product"}],"about":[{"href":"https:\/\/store.evolve-fitness.eu\/lt\/wp-json\/wp\/v2\/types\/product"}],"wp:featuredmedia":[{"embeddable":true,"href":"https:\/\/store.evolve-fitness.eu\/lt\/wp-json\/wp\/v2\/media\/5908"}],"wp:attachment":[{"href":"https:\/\/store.evolve-fitness.eu\/lt\/wp-json\/wp\/v2\/media?parent=8609"}],"wp:term":[{"taxonomy":"product_cat","embeddable":true,"href":"https:\/\/store.evolve-fitness.eu\/lt\/wp-json\/wp\/v2\/product_cat?post=8609"},{"taxonomy":"product_tag","embeddable":true,"href":"https:\/\/store.evolve-fitness.eu\/lt\/wp-json\/wp\/v2\/product_tag?post=8609"}],"curies":[{"name":"wp","href":"https:\/\/api.w.org\/{rel}","templated":true}]}}