{"id":8598,"date":"2023-10-03T11:38:23","date_gmt":"2023-10-03T11:38:23","guid":{"rendered":"https:\/\/store.evolve-fitness.eu\/produktas\/evolve-multi-pull-up-bar-1100-mm\/"},"modified":"2023-10-03T11:38:23","modified_gmt":"2023-10-03T11:38:23","slug":"evolve-multi-pull-up-bar-1100-mm","status":"publish","type":"product","link":"https:\/\/store.evolve-fitness.eu\/lt\/produktas\/evolve-multi-pull-up-bar-1100-mm\/","title":{"rendered":"&#8222;Evolve Multi pull up bar&#8221; &#8211; 1100 mm"},"content":{"rendered":"","protected":false},"excerpt":{"rendered":"<p>Pagerinkite savo treniruotes su &#8222;Evolve Multi Pull Up Bar&#8221; &#8211; universaliu 1100 mm ilgio &#8222;Evolve&#8221; treniruokliu. \u0160is universalus strypas, skirtas funkcin\u0117ms, crossfit, grupin\u0117ms ar individualioms treniruot\u0117ms pagerinti, turi modulin\u0119 konstrukcij\u0105, kad b\u016bt\u0173 galima pritaikyti individualius nustatymus ir suderinamum\u0105 su priedais. Kaina u\u017e vienet\u0105. Pakeiskite savo treniruo\u010di\u0173 rutin\u0105 naudodami &#8222;Evolve Multi Pull Up Bar&#8221; ir atverkite treniruo\u010di\u0173 galimybi\u0173 pasaul\u012f.<\/p>\n","protected":false},"featured_media":5910,"template":"","meta":{"_acf_changed":false,"inline_featured_image":false},"product_cat":[117,119,143,215],"product_tag":[],"class_list":{"0":"post-8598","1":"product","2":"type-product","3":"status-publish","4":"has-post-thumbnail","6":"product_cat-pagrindinis-puslapis","7":"product_cat-kryzminis-ir-funkcinis","8":"product_cat-irangos-komponentai","9":"product_cat-pagrindines-dalys","11":"first","12":"instock","13":"shipping-taxable","14":"purchasable","15":"product-type-simple"},"acf":[],"_links":{"self":[{"href":"https:\/\/store.evolve-fitness.eu\/lt\/wp-json\/wp\/v2\/product\/8598","targetHints":{"allow":["GET"]}}],"collection":[{"href":"https:\/\/store.evolve-fitness.eu\/lt\/wp-json\/wp\/v2\/product"}],"about":[{"href":"https:\/\/store.evolve-fitness.eu\/lt\/wp-json\/wp\/v2\/types\/product"}],"wp:featuredmedia":[{"embeddable":true,"href":"https:\/\/store.evolve-fitness.eu\/lt\/wp-json\/wp\/v2\/media\/5910"}],"wp:attachment":[{"href":"https:\/\/store.evolve-fitness.eu\/lt\/wp-json\/wp\/v2\/media?parent=8598"}],"wp:term":[{"taxonomy":"product_cat","embeddable":true,"href":"https:\/\/store.evolve-fitness.eu\/lt\/wp-json\/wp\/v2\/product_cat?post=8598"},{"taxonomy":"product_tag","embeddable":true,"href":"https:\/\/store.evolve-fitness.eu\/lt\/wp-json\/wp\/v2\/product_tag?post=8598"}],"curies":[{"name":"wp","href":"https:\/\/api.w.org\/{rel}","templated":true}]}}