{"id":8588,"date":"2023-10-04T13:09:56","date_gmt":"2023-10-04T13:09:56","guid":{"rendered":"https:\/\/store.evolve-fitness.eu\/produktas\/evolve-monolift-priedas\/"},"modified":"2023-10-04T13:09:56","modified_gmt":"2023-10-04T13:09:56","slug":"evolve-monolift-priedas","status":"publish","type":"product","link":"https:\/\/store.evolve-fitness.eu\/lt\/produktas\/evolve-monolift-priedas\/","title":{"rendered":"&#8222;Evolve Monolift&#8221; priedas"},"content":{"rendered":"","protected":false},"excerpt":{"rendered":"<p>Su &#8222;Evolve Monolift&#8221; tvirtinimo \u012ftaisu pakelkite treniruotes \u012f auk\u0161tesn\u012f lyg\u012f. \u0160ie universal\u016bs priedai, skirti papildyti &#8222;Evolve&#8221; treniruoklius, pagerina funkcin\u012f fitnes\u0105, crossfit\u0105, grupines treniruotes ar individualias treniruotes. D\u0117l modulin\u0117s konstrukcijos galite lengvai pritaikyti savo \u012frengin\u012f ir i\u0161pl\u0117sti jo galimybes prijungdami \u012fvairius priedus. Patobulinkite savo treniruo\u010di\u0173 patirt\u012f naudodami \u0161i\u0105 monolift\u0173 pried\u0173 por\u0105, kuri\u0105 galima \u012fsigyti u\u017e patraukli\u0105 kain\u0105.<\/p>\n","protected":false},"featured_media":5904,"template":"","meta":{"_acf_changed":false,"inline_featured_image":false},"product_cat":[117,119,143,144],"product_tag":[],"class_list":{"0":"post-8588","1":"product","2":"type-product","3":"status-publish","4":"has-post-thumbnail","6":"product_cat-pagrindinis-puslapis","7":"product_cat-kryzminis-ir-funkcinis","8":"product_cat-irangos-komponentai","9":"product_cat-priedai","11":"first","12":"instock","13":"shipping-taxable","14":"purchasable","15":"product-type-simple"},"acf":[],"_links":{"self":[{"href":"https:\/\/store.evolve-fitness.eu\/lt\/wp-json\/wp\/v2\/product\/8588","targetHints":{"allow":["GET"]}}],"collection":[{"href":"https:\/\/store.evolve-fitness.eu\/lt\/wp-json\/wp\/v2\/product"}],"about":[{"href":"https:\/\/store.evolve-fitness.eu\/lt\/wp-json\/wp\/v2\/types\/product"}],"wp:featuredmedia":[{"embeddable":true,"href":"https:\/\/store.evolve-fitness.eu\/lt\/wp-json\/wp\/v2\/media\/5904"}],"wp:attachment":[{"href":"https:\/\/store.evolve-fitness.eu\/lt\/wp-json\/wp\/v2\/media?parent=8588"}],"wp:term":[{"taxonomy":"product_cat","embeddable":true,"href":"https:\/\/store.evolve-fitness.eu\/lt\/wp-json\/wp\/v2\/product_cat?post=8588"},{"taxonomy":"product_tag","embeddable":true,"href":"https:\/\/store.evolve-fitness.eu\/lt\/wp-json\/wp\/v2\/product_tag?post=8588"}],"curies":[{"name":"wp","href":"https:\/\/api.w.org\/{rel}","templated":true}]}}