{"id":8571,"date":"2023-10-11T10:45:27","date_gmt":"2023-10-11T10:45:27","guid":{"rendered":"https:\/\/store.evolve-fitness.eu\/produktas\/evolve-vertikalus-hanteliu-stovas-10-poru\/"},"modified":"2026-03-07T12:00:15","modified_gmt":"2026-03-07T12:00:15","slug":"evolve-vertikalus-hanteliu-stovas-10-poru","status":"publish","type":"product","link":"https:\/\/store.evolve-fitness.eu\/lt\/produktas\/evolve-vertikalus-hanteliu-stovas-10-poru\/","title":{"rendered":"&#8222;Evolve&#8221; vertikalus hanteli\u0173 stovas &#8211; 10 por\u0173"},"content":{"rendered":"\n<section class=\"wp-block-group alignfull black-content has-white-color has-darkgray-background-color has-text-color has-background is-layout-constrained wp-block-group-is-layout-constrained\" style=\"padding-top:var(--wp--preset--spacing--section-bottom);padding-bottom:var(--wp--preset--spacing--section-bottom)\">\n<div class=\"wp-block-columns alignwide mobile-reverse is-layout-flex wp-container-core-columns-is-layout-ca64bf2d wp-block-columns-is-layout-flex\" style=\"margin-bottom:var(--wp--preset--spacing--side-padding)\">\n<div class=\"wp-block-column is-vertically-aligned-center is-layout-flow wp-block-column-is-layout-flow\">\n<h3 class=\"wp-block-heading\" style=\"margin-bottom:var(--wp--preset--spacing--h-3-bottom)\"><strong><strong>Erdv\u0119 taupantis vertikalus dizainas<\/strong><\/strong><\/h3>\n\n\n\n<p style=\"margin-bottom:var(--wp--preset--spacing--tb-section-padding)\">M\u016bs\u0173 &#8222;Evolve&#8221; vertikalusis hanteli\u0173 stovas i\u0161siskiria kompakti\u0161ku ir vertikaliu r\u0117mu. D\u0117l \u0161ios erdv\u0119 taupan\u010dios konstrukcijos jis puikiai tinka sporto sal\u0117ms, kuriose yra ma\u017eai vietos. Jame galima tvarkingai ir \u0161variai rodyti \u012fvairius hanteli\u0173 svorius, tod\u0117l j\u012f b\u016btina tur\u0117ti fitneso entuziastams ir treniruokli\u0173 sali\u0173 savininkams.<\/p>\n\n\n\n<h3 class=\"wp-block-heading\" style=\"margin-bottom:var(--wp--preset--spacing--h-3-bottom)\"><strong><strong>Ilgaam\u017ei\u0161kumas ir tvirtumas<\/strong><\/strong><\/h3>\n\n\n\n<p style=\"margin-bottom:var(--wp--preset--spacing--tb-section-padding)\">&#8222;Evolve&#8221; vertikalusis hanteli\u0173 stovas pagamintas i\u0161 didelio atsparumo metalo ir suvirintas, kad b\u016bt\u0173 tvirtesnis. Jis padengtas milteliniu b\u016bdu, kuris yra atsparus \u012fbr\u0117\u017eimams ir r\u016bdims, tod\u0117l ilgus metus i\u0161laiko profesionali\u0105 i\u0161vaizd\u0105. D\u0117l \u0161ios patvarios konstrukcijos jis tinka didelio eismo intensyvumo komercin\u0117ms sporto sal\u0117ms, karin\u0117ms \u012fstaigoms, biur\u0173 sveikatingumo zonoms ir SPA centrams.<\/p>\n<\/div>\n\n\n\n<div class=\"wp-block-column is-vertically-aligned-center is-layout-flow wp-block-column-is-layout-flow\">\n<figure class=\"wp-block-video\"><video height=\"1089\" style=\"aspect-ratio: 1401 \/ 1089;\" width=\"1401\" autoplay=\"\" controls=\"\" loop=\"\" muted=\"\" src=\"https:\/\/evolve-fitness.eu\/wp-content\/uploads\/2023\/12\/2-4.mp4\"><\/video><\/figure>\n<\/div>\n<\/div>\n\n\n\n<div class=\"wp-block-columns alignwide is-layout-flex wp-container-core-columns-is-layout-c45ee707 wp-block-columns-is-layout-flex\" style=\"margin-bottom:var(--wp--preset--spacing--side-padding);padding-top:var(--wp--preset--spacing--side-padding)\">\n<div class=\"wp-block-column is-vertically-aligned-center is-layout-flow wp-block-column-is-layout-flow\">\n<figure class=\"wp-block-image size-full is-resized\"><img decoding=\"async\" src=\"https:\/\/evolve-fitness.eu\/wp-content\/uploads\/2023\/11\/Chrome-Dumbbells-whole-2.png\" alt=\"\" class=\"wp-image-4893\" style=\"object-fit:cover;width:680px;height:600px\"\/><\/figure>\n<\/div>\n\n\n\n<div class=\"wp-block-column is-vertically-aligned-center is-layout-constrained wp-block-column-is-layout-constrained\">\n<h3 class=\"wp-block-heading\" style=\"margin-bottom:var(--wp--preset--spacing--h-3-bottom)\"><strong>Funkcinis ir apsauginis dizainas<\/strong><\/h3>\n\n\n\n<p style=\"margin-bottom:var(--wp--preset--spacing--tb-section-padding)\">Stovo lop\u0161iai padengti apsaugine med\u017eiaga, kuri apsaugo hanteli\u0173 rankenas nuo \u012fskilim\u0173 ir \u012fbr\u0117\u017eim\u0173. D\u0117l patogumo \u0161ie lop\u0161iai yra pakreipti kampu, tod\u0117l ant j\u0173 lengva u\u017ed\u0117ti ir nuimti hantelius, o tai palengvina greit\u0105 svorio keitim\u0105 treniruo\u010di\u0173 metu.<\/p>\n\n\n\n<h3 class=\"wp-block-heading\" style=\"margin-bottom:var(--wp--preset--spacing--h-3-bottom)\"><strong><strong>Kompakti\u0161kas ir patogus<\/strong><\/strong><\/h3>\n\n\n\n<p style=\"margin-bottom:var(--wp--preset--spacing--tb-section-padding)\">Nepaisant to, kad stove galima laikyti iki 10 por\u0173 hanteli\u0173, jo matmenys (790 x 490 x 1500 mm) u\u017etikrina, kad jis neu\u017eims daug vietos. \u0160is kompakti\u0161kas dydis idealiai tinka norint palaikyti tvark\u0105 sporto sal\u0117je ir u\u017etikrinti, kad hanteliai b\u016bt\u0173 pasiekiami.<\/p>\n<\/div>\n<\/div>\n\n\n\n<p class=\"has-text-align-center has-montserrat-font-family has-medium-2-font-size\"><strong>&#8222;Evolve&#8221; vertikalusis hanteli\u0173 stovas yra puikus sprendimas sporto sal\u0117ms, ie\u0161kan\u010dioms patvaraus, vietos taupan\u010dio ir funkcionalaus \u012frangos laikymo varianto. D\u0117l tvirtos konstrukcijos, apsaugini\u0173 savybi\u0173 ir kompakti\u0161ko dizaino jis puikiai tinka bet kuriai sporto salei.<\/strong><\/p>\n<\/section>\n","protected":false},"excerpt":{"rendered":"<p>Maksimaliai padidinkite savo sporto sal\u0117s erdv\u0119 ir palaikykite tvark\u0105 treniruo\u010di\u0173 zonoje su &#8222;Evolve&#8221; vertikaliu hanteli\u0173 stovu. \u0160is stovas, skirtas laikyti iki 10 por\u0173 hanteli\u0173, puikiai tinka tiek komercin\u0117ms, tiek nam\u0173 sporto sal\u0117ms.<\/p>\n","protected":false},"featured_media":95979,"template":"","meta":{"_acf_changed":false,"inline_featured_image":false},"product_cat":[117,127,153],"product_tag":[],"class_list":{"0":"post-8571","1":"product","2":"type-product","3":"status-publish","4":"has-post-thumbnail","6":"product_cat-pagrindinis-puslapis","7":"product_cat-laisvieji-svarmenys","8":"product_cat-stelazai-ir-saugojimo-sprendimai","10":"first","11":"instock","12":"shipping-taxable","13":"purchasable","14":"product-type-simple"},"acf":[],"_links":{"self":[{"href":"https:\/\/store.evolve-fitness.eu\/lt\/wp-json\/wp\/v2\/product\/8571","targetHints":{"allow":["GET"]}}],"collection":[{"href":"https:\/\/store.evolve-fitness.eu\/lt\/wp-json\/wp\/v2\/product"}],"about":[{"href":"https:\/\/store.evolve-fitness.eu\/lt\/wp-json\/wp\/v2\/types\/product"}],"wp:featuredmedia":[{"embeddable":true,"href":"https:\/\/store.evolve-fitness.eu\/lt\/wp-json\/wp\/v2\/media\/95979"}],"wp:attachment":[{"href":"https:\/\/store.evolve-fitness.eu\/lt\/wp-json\/wp\/v2\/media?parent=8571"}],"wp:term":[{"taxonomy":"product_cat","embeddable":true,"href":"https:\/\/store.evolve-fitness.eu\/lt\/wp-json\/wp\/v2\/product_cat?post=8571"},{"taxonomy":"product_tag","embeddable":true,"href":"https:\/\/store.evolve-fitness.eu\/lt\/wp-json\/wp\/v2\/product_tag?post=8571"}],"curies":[{"name":"wp","href":"https:\/\/api.w.org\/{rel}","templated":true}]}}