{"id":8569,"date":"2023-10-04T10:05:10","date_gmt":"2023-10-04T10:05:10","guid":{"rendered":"https:\/\/store.evolve-fitness.eu\/produktas\/evolve-hanteliu-saugykla-1100-1800-mm\/"},"modified":"2026-03-13T12:02:23","modified_gmt":"2026-03-13T12:02:23","slug":"evolve-hanteliu-saugykla-1100-1800-mm","status":"publish","type":"product","link":"https:\/\/store.evolve-fitness.eu\/lt\/produktas\/evolve-hanteliu-saugykla-1100-1800-mm\/","title":{"rendered":"&#8222;Evolve&#8221; hanteli\u0173 saugykla &#8211; 1100 \/ 1800 mm"},"content":{"rendered":"","protected":false},"excerpt":{"rendered":"<p>Optimizuokite savo sporto sal\u0119 naudodami &#8222;Evolve&#8221; hanteli\u0173 saugykl\u0105, kuri\u0105 galima \u012fsigyti 1100 mm ir 1800 mm ilgio. \u0160ios modulin\u0117s treniruokli\u0173 platformos puikiai tinka funkciniams, crossfit, grupiniams ar individualiems mokymams. Pritaikykite savo s\u0105rank\u0105 ir prid\u0117kite pried\u0173, kad pasiektum\u0117te did\u017eiausi\u0105 efektyvum\u0105. Susitvarkykite ir pagerinkite savo sveikatingumo patirt\u012f jau \u0161iandien.    Kaina u\u017e vienet\u0105.<\/p>\n<p>\n","protected":false},"featured_media":5938,"template":"","meta":{"_acf_changed":false,"inline_featured_image":false},"product_cat":[117,119,143,152],"product_tag":[],"class_list":{"0":"post-8569","1":"product","2":"type-product","3":"status-publish","4":"has-post-thumbnail","6":"product_cat-pagrindinis-puslapis","7":"product_cat-kryzminis-ir-funkcinis","8":"product_cat-irangos-komponentai","9":"product_cat-saugykla","11":"first","12":"instock","13":"shipping-taxable","14":"purchasable","15":"product-type-variable"},"acf":[],"_links":{"self":[{"href":"https:\/\/store.evolve-fitness.eu\/lt\/wp-json\/wp\/v2\/product\/8569","targetHints":{"allow":["GET"]}}],"collection":[{"href":"https:\/\/store.evolve-fitness.eu\/lt\/wp-json\/wp\/v2\/product"}],"about":[{"href":"https:\/\/store.evolve-fitness.eu\/lt\/wp-json\/wp\/v2\/types\/product"}],"wp:featuredmedia":[{"embeddable":true,"href":"https:\/\/store.evolve-fitness.eu\/lt\/wp-json\/wp\/v2\/media\/5938"}],"wp:attachment":[{"href":"https:\/\/store.evolve-fitness.eu\/lt\/wp-json\/wp\/v2\/media?parent=8569"}],"wp:term":[{"taxonomy":"product_cat","embeddable":true,"href":"https:\/\/store.evolve-fitness.eu\/lt\/wp-json\/wp\/v2\/product_cat?post=8569"},{"taxonomy":"product_tag","embeddable":true,"href":"https:\/\/store.evolve-fitness.eu\/lt\/wp-json\/wp\/v2\/product_tag?post=8569"}],"curies":[{"name":"wp","href":"https:\/\/api.w.org\/{rel}","templated":true}]}}