{"id":8568,"date":"2023-10-05T14:52:39","date_gmt":"2023-10-05T14:52:39","guid":{"rendered":"https:\/\/store.evolve-fitness.eu\/produktas\/evolve-sieninio-kamuolio-taikinys\/"},"modified":"2023-10-05T14:52:39","modified_gmt":"2023-10-05T14:52:39","slug":"evolve-sieninio-kamuolio-taikinys","status":"publish","type":"product","link":"https:\/\/store.evolve-fitness.eu\/lt\/produktas\/evolve-sieninio-kamuolio-taikinys\/","title":{"rendered":"&#8222;Evolve&#8221; sieninio kamuolio taikinys"},"content":{"rendered":"","protected":false},"excerpt":{"rendered":"<p>&#8222;Evolve Wall Ball Target &#8211; Long Attachment&#8221; yra privalomas daiktas, kad prapl\u0117stum\u0117te savo fitneso akirat\u012f. \u0160is modulinis priedas, suderinamas su universaliais &#8222;Evolve&#8221; treniruokliais, atveria naujas galimybes funkciniams mokymams, CrossFit, grupin\u0117ms treniruot\u0117ms ar individualioms sesijoms. D\u0117l patogios konstrukcijos galite lengvai pritaikyti savo \u012frengin\u012f ir prijungti \u012fvairius priedus, taip padidindami jo funkcionalum\u0105. Su \u0161iuo svarbiu \u012frankiu pagerinsite savo fitneso patirt\u012f ir sieksite auk\u0161tesni\u0173 tiksl\u0173. Kaina u\u017e vienet\u0105.<\/p>\n","protected":false},"featured_media":5877,"template":"","meta":{"_acf_changed":false,"inline_featured_image":false},"product_cat":[119,143,144],"product_tag":[],"class_list":{"0":"post-8568","1":"product","2":"type-product","3":"status-publish","4":"has-post-thumbnail","6":"product_cat-kryzminis-ir-funkcinis","7":"product_cat-irangos-komponentai","8":"product_cat-priedai","10":"first","11":"instock","12":"shipping-taxable","13":"purchasable","14":"product-type-simple"},"acf":[],"_links":{"self":[{"href":"https:\/\/store.evolve-fitness.eu\/lt\/wp-json\/wp\/v2\/product\/8568","targetHints":{"allow":["GET"]}}],"collection":[{"href":"https:\/\/store.evolve-fitness.eu\/lt\/wp-json\/wp\/v2\/product"}],"about":[{"href":"https:\/\/store.evolve-fitness.eu\/lt\/wp-json\/wp\/v2\/types\/product"}],"wp:featuredmedia":[{"embeddable":true,"href":"https:\/\/store.evolve-fitness.eu\/lt\/wp-json\/wp\/v2\/media\/5877"}],"wp:attachment":[{"href":"https:\/\/store.evolve-fitness.eu\/lt\/wp-json\/wp\/v2\/media?parent=8568"}],"wp:term":[{"taxonomy":"product_cat","embeddable":true,"href":"https:\/\/store.evolve-fitness.eu\/lt\/wp-json\/wp\/v2\/product_cat?post=8568"},{"taxonomy":"product_tag","embeddable":true,"href":"https:\/\/store.evolve-fitness.eu\/lt\/wp-json\/wp\/v2\/product_tag?post=8568"}],"curies":[{"name":"wp","href":"https:\/\/api.w.org\/{rel}","templated":true}]}}