{"id":8564,"date":"2023-10-04T13:39:05","date_gmt":"2023-10-04T13:39:05","guid":{"rendered":"https:\/\/store.evolve-fitness.eu\/produktas\/evolve-virvinis-inkaras\/"},"modified":"2023-10-04T13:39:05","modified_gmt":"2023-10-04T13:39:05","slug":"evolve-virvinis-inkaras","status":"publish","type":"product","link":"https:\/\/store.evolve-fitness.eu\/lt\/produktas\/evolve-virvinis-inkaras\/","title":{"rendered":"&#8222;Evolve&#8221; virvinis inkaras"},"content":{"rendered":"","protected":false},"excerpt":{"rendered":"<p>Padidinkite savo treniruo\u010di\u0173 universalum\u0105 naudodami &#8222;Evolve Rope Anchor&#8221;. Sukurtas skland\u017eiai integruoti su &#8222;Evolve&#8221; treniruokliais, \u0161is b\u016btinas priedas i\u0161ple\u010dia j\u016bs\u0173 galimybes funkcinio fitneso, crossfito, grupini\u0173 u\u017esi\u0117mim\u0173 ar individuali\u0173 treniruo\u010di\u0173 metu. D\u0117l modulin\u0117s konstrukcijos galite pritaikyti \u012frengin\u012f pagal savo poreikius ir lengvai prijungti \u012fvairius priedus. Pagerinkite savo treniruo\u010di\u0173 patirt\u012f naudodami \u0161\u012f virv\u0117s inkar\u0105, kur\u012f galima \u012fsigyti u\u017e patraukli\u0105 kain\u0105 u\u017e vienet\u0105.<\/p>\n","protected":false},"featured_media":5899,"template":"","meta":{"_acf_changed":false,"inline_featured_image":false},"product_cat":[117,119,143,144],"product_tag":[],"class_list":{"0":"post-8564","1":"product","2":"type-product","3":"status-publish","4":"has-post-thumbnail","6":"product_cat-pagrindinis-puslapis","7":"product_cat-kryzminis-ir-funkcinis","8":"product_cat-irangos-komponentai","9":"product_cat-priedai","11":"first","12":"instock","13":"shipping-taxable","14":"purchasable","15":"product-type-simple"},"acf":[],"_links":{"self":[{"href":"https:\/\/store.evolve-fitness.eu\/lt\/wp-json\/wp\/v2\/product\/8564","targetHints":{"allow":["GET"]}}],"collection":[{"href":"https:\/\/store.evolve-fitness.eu\/lt\/wp-json\/wp\/v2\/product"}],"about":[{"href":"https:\/\/store.evolve-fitness.eu\/lt\/wp-json\/wp\/v2\/types\/product"}],"wp:featuredmedia":[{"embeddable":true,"href":"https:\/\/store.evolve-fitness.eu\/lt\/wp-json\/wp\/v2\/media\/5899"}],"wp:attachment":[{"href":"https:\/\/store.evolve-fitness.eu\/lt\/wp-json\/wp\/v2\/media?parent=8564"}],"wp:term":[{"taxonomy":"product_cat","embeddable":true,"href":"https:\/\/store.evolve-fitness.eu\/lt\/wp-json\/wp\/v2\/product_cat?post=8564"},{"taxonomy":"product_tag","embeddable":true,"href":"https:\/\/store.evolve-fitness.eu\/lt\/wp-json\/wp\/v2\/product_tag?post=8564"}],"curies":[{"name":"wp","href":"https:\/\/api.w.org\/{rel}","templated":true}]}}