{"id":8551,"date":"2023-10-04T10:47:22","date_gmt":"2023-10-04T10:47:22","guid":{"rendered":"https:\/\/store.evolve-fitness.eu\/produktas\/evolve-premium-puodelis\/"},"modified":"2024-02-27T13:24:47","modified_gmt":"2024-02-27T13:24:47","slug":"evolve-premium-puodelis","status":"publish","type":"product","link":"https:\/\/store.evolve-fitness.eu\/lt\/produktas\/evolve-premium-puodelis\/","title":{"rendered":"&#8222;Evolve Premium&#8221; puodelis"},"content":{"rendered":"\n<section class=\"wp-block-group alignfull black-content has-white-color has-darkgray-background-color has-text-color has-background is-layout-constrained wp-block-group-is-layout-constrained\" style=\"padding-top:var(--wp--preset--spacing--section-bottom);padding-bottom:var(--wp--preset--spacing--section-bottom)\">\n<div class=\"wp-block-columns alignwide mobile-reverse is-layout-flex wp-container-core-columns-is-layout-ca64bf2d wp-block-columns-is-layout-flex\" style=\"margin-bottom:var(--wp--preset--spacing--side-padding)\">\n<div class=\"wp-block-column is-vertically-aligned-center is-layout-flow wp-block-column-is-layout-flow\">\n<h3 class=\"wp-block-heading\" style=\"margin-bottom:var(--wp--preset--spacing--h-3-bottom)\">funkcinis tvirtinimas<\/h3>\n\n\n\n<p><strong><em>Sukurta &#8222;Evolve&#8221; platformoms<\/em><\/strong><\/p>\n\n\n\n<p style=\"margin-bottom:var(--wp--preset--spacing--tb-section-padding)\">Tinka funkcinio fitneso, CrossFit, grupini\u0173 ir individuali\u0173 treniruo\u010di\u0173 pratimams pagerinti. D\u0117l lengvo pritaikymo funkcijos jis yra universalus bet kurios treniruo\u010di\u0173 \u012frangos priedas.<\/p>\n<\/div>\n\n\n\n<div class=\"wp-block-column is-vertically-aligned-center is-layout-flow wp-block-column-is-layout-flow\">\n<figure class=\"wp-block-image size-large\"><img decoding=\"async\" src=\"https:\/\/evolve-fitness.eu\/wp-content\/uploads\/2023\/11\/A7_08277-683x1024.jpg\" alt=\"\" class=\"wp-image-9128\"\/><\/figure>\n<\/div>\n<\/div>\n\n\n\n<div class=\"wp-block-columns alignwide is-layout-flex wp-container-core-columns-is-layout-c45ee707 wp-block-columns-is-layout-flex\" style=\"margin-bottom:var(--wp--preset--spacing--side-padding);padding-top:var(--wp--preset--spacing--side-padding)\">\n<div class=\"wp-block-column is-vertically-aligned-center is-layout-flow wp-block-column-is-layout-flow\">\n<figure class=\"wp-block-image size-large\"><img decoding=\"async\" src=\"https:\/\/evolve-fitness.eu\/wp-content\/uploads\/2023\/11\/A7_08282-1024x683.jpg\" alt=\"\" class=\"wp-image-9130\"\/><\/figure>\n<\/div>\n\n\n\n<div class=\"wp-block-column is-vertically-aligned-center is-layout-flow wp-block-column-is-layout-flow\">\n<h3 class=\"wp-block-heading\" style=\"margin-bottom:var(--wp--preset--spacing--h-3-bottom)\"><strong><strong><strong>tvirta konstrukcija<\/strong><\/strong><\/strong><\/h3>\n\n\n\n<p><strong><em>U\u017etikrina stabilum\u0105 ir saugum\u0105 keliant sunkius krovinius<\/em><\/strong><\/p>\n\n\n\n<p style=\"margin-bottom:var(--wp--preset--spacing--tb-section-padding)\">Svarbus &#8222;Evolve&#8221; treniruokli\u0173 priedas, pirmiausia naudojamas j\u0117gos trikov\u0117s ir olimpinio k\u0117limo pratybose. \u0160is \u012frenginys pagamintas i\u0161 auk\u0161tos kokyb\u0117s med\u017eiag\u0173, kad atlaikyt\u0173 intensyvi\u0173 treniruo\u010di\u0173 reikalavimus.<\/p>\n<\/div>\n<\/div>\n<\/section>\n","protected":false},"excerpt":{"rendered":"<p>Pagerinkite savo treniruo\u010di\u0173 patirt\u012f su &#8222;Evolve Premium Jay Cup&#8221;. Sukurtas &#8222;Evolve&#8221; treniruokliams, jis pagerina funkcinio fitneso, crossfit, grupini\u0173 ar individuali\u0173 treniruo\u010di\u0173 funkcionalum\u0105. Su \u0161ia pora lengvai pritaikysite savo \u012frang\u0105 ir padidinsite universalum\u0105 u\u017e patraukli\u0105 kain\u0105.&#8221;<\/p>\n","protected":false},"featured_media":5856,"template":"","meta":{"_acf_changed":false,"inline_featured_image":false},"product_cat":[117,119,143,144],"product_tag":[],"class_list":{"0":"post-8551","1":"product","2":"type-product","3":"status-publish","4":"has-post-thumbnail","6":"product_cat-pagrindinis-puslapis","7":"product_cat-kryzminis-ir-funkcinis","8":"product_cat-irangos-komponentai","9":"product_cat-priedai","11":"first","12":"instock","13":"shipping-taxable","14":"purchasable","15":"product-type-simple"},"acf":[],"_links":{"self":[{"href":"https:\/\/store.evolve-fitness.eu\/lt\/wp-json\/wp\/v2\/product\/8551","targetHints":{"allow":["GET"]}}],"collection":[{"href":"https:\/\/store.evolve-fitness.eu\/lt\/wp-json\/wp\/v2\/product"}],"about":[{"href":"https:\/\/store.evolve-fitness.eu\/lt\/wp-json\/wp\/v2\/types\/product"}],"wp:featuredmedia":[{"embeddable":true,"href":"https:\/\/store.evolve-fitness.eu\/lt\/wp-json\/wp\/v2\/media\/5856"}],"wp:attachment":[{"href":"https:\/\/store.evolve-fitness.eu\/lt\/wp-json\/wp\/v2\/media?parent=8551"}],"wp:term":[{"taxonomy":"product_cat","embeddable":true,"href":"https:\/\/store.evolve-fitness.eu\/lt\/wp-json\/wp\/v2\/product_cat?post=8551"},{"taxonomy":"product_tag","embeddable":true,"href":"https:\/\/store.evolve-fitness.eu\/lt\/wp-json\/wp\/v2\/product_tag?post=8551"}],"curies":[{"name":"wp","href":"https:\/\/api.w.org\/{rel}","templated":true}]}}